{"id":50,"date":"2019-05-07T15:42:39","date_gmt":"2019-05-07T13:42:39","guid":{"rendered":"http:\/\/www.ull.es\/eventos\/fondo-antiguo\/?page_id=50"},"modified":"2025-06-12T15:46:22","modified_gmt":"2025-06-12T13:46:22","slug":"exposiciones","status":"publish","type":"page","link":"https:\/\/www.ull.es\/eventos\/fondo-antiguo\/exposiciones\/","title":{"rendered":"Exposiciones"},"content":{"rendered":"<p>[vc_row full_width=\u00bbstretch_row\u00bb css=\u00bb.vc_custom_1651234828295{background-position: center !important;background-repeat: no-repeat !important;background-size: cover !important;}\u00bb][vc_column][vc_empty_space][vc_single_image image=\u00bb791&#8243; img_size=\u00bbfull\u00bb][vc_empty_space height=\u00bb64px\u00bb][vc_raw_html]JTNDaDElMjBjbGFzcyUzRCUyMnRpdHVsby1wYWdpbmElMjIlM0VFeHBvc2ljaW9uZXMlM0MlMkZoMSUzRQ==[\/vc_raw_html][\/vc_column][\/vc_row][vc_row equal_height=\u00bbyes\u00bb][vc_column width=\u00bb2\/3&#8243;][vc_column_text]<\/p>\n<div id=\"content\" class=\"site-content\">\n<div id=\"primary\" class=\"content-area\">\n<article id=\"post-26\" class=\"post-26 page type-page status-publish hentry\" target=\"_blank\" rel=\"noopener\">\n<div class=\"entry-content\">\n<p><b>2025<\/b> <a href=\"https:\/\/www.ull.es\/eventos\/de-cocina-a-libros\" target=\"_blank\" rel=\"noopener\" target=\"_blank\" rel=\"noopener\"><em>De la cocina a los libros: alimentos que cuentan nuestra historia<\/em><\/a><\/p>\n<hr \/>\n<p><b>2025<\/b> <a href=\"https:\/\/www.ull.es\/eventos\/agua-y-vida\" target=\"_blank\" rel=\"noopener\" target=\"_blank\" rel=\"noopener\"><em>Agua y vida en el pasado, presente y futuro de Tenerife<\/em><\/a><\/p>\n<hr \/>\n<p><b>2023<\/b> <a href=\"https:\/\/www.ull.es\/eventos\/de-libros-y-otras-hierbas\/\" target=\"_blank\" rel=\"noopener\" target=\"_blank\" rel=\"noopener\"><i>De libros y otras yerbas. Estudios sobre bot\u00e1nica en Canarias.<\/i><\/a><\/p>\n<hr \/>\n<p><strong><b>2022 <\/b><\/strong><a href=\"https:\/\/www.ull.es\/eventos\/lasendadelnilo\/\" target=\"_blank\" rel=\"noopener\" target=\"_blank\" rel=\"noopener\"><i>En la senda del Nilo. La<\/i><\/a><a href=\"https:\/\/www.ull.es\/eventos\/lasendadelnilo\/\" target=\"_blank\" rel=\"noopener\" target=\"_blank\" rel=\"noopener\"><i> mirada<\/i><\/a><i><\/i><a href=\"https:\/\/www.ull.es\/eventos\/lasendadelnilo\/\" target=\"_blank\" rel=\"noopener\" target=\"_blank\" rel=\"noopener\"><i> de Occidente a Egipto y su pasado<\/i><\/a><\/p>\n<hr \/>\n<p><strong>2016<\/strong>\u00a0<a href=\"https:\/\/www.ull.es\/eventos\/aristoteles\/\" target=\"_blank\" rel=\"noopener\" target=\"_blank\" rel=\"noopener\"><em>Arist\u00f3teles: el deseo de saber<\/em><\/a><\/p>\n<hr \/>\n<p><strong>2016<\/strong>\u00a0<a href=\"https:\/\/www.ull.es\/eventos\/alvarez-rixo\/\" target=\"_blank\" rel=\"noopener\" target=\"_blank\" rel=\"noopener\"><em>Jos\u00e9 Agust\u00edn \u00c1lvarez Rixo: escribir para no olvidar.<\/em><\/a><\/p>\n<hr \/>\n<p><b>2014 <\/b><a href=\"https:\/\/www.ull.es\/eventos\/estreno\/\" target=\"_blank\" rel=\"noopener\" target=\"_blank\" rel=\"noopener\"><i>Pr\u00f3ximo estreno. Colecci\u00f3n de Programas de mano de la familia Quintero Hern\u00e1ndez.<\/i><\/a><\/p>\n<hr \/>\n<p><strong>2011<\/strong>\u00a0<i><a title=\"Volcanes de papel\" href=\"https:\/\/www.ull.es\/eventos\/volcanes-de-papel\/\" target=\"_blank\" rel=\"noopener\" target=\"_blank\" rel=\"noopener\">Volcanes de papel.<\/a><\/i><\/p>\n<hr \/>\n<p><strong>2008<\/strong>\u00a0<i>Humboldt en los fondos bibliogr\u00e1ficos insulares.<\/i><\/p>\n<hr \/>\n<p><strong>2005<\/strong>\u00a0<i>Literatura y viaje<\/i>: organizada con ocasi\u00f3n del Coloquio Internacional Escrituras y reescrituras del viaje.<\/p>\n<hr \/>\n<p><strong>2004<\/strong>\u00a0\u00a0<i>Fuentes inglesas en la Universidad de La Laguna [siglos XVII, XVIII y XIX].<\/i><\/p>\n<hr \/>\n<p><strong>2003<\/strong>\u00a0\u00a0<i>Huellas de una ciencia creativa: La Qu\u00edmica en el Fondo Hist\u00f3rico de la Biblioteca de la Universidad de La Laguna.\u00a0<a title=\"Huellas de una ciencia creativa\" href=\"http:\/\/www.gobiernodecanarias.org\/educacion\/3\/Usrn\/fundoro\/web_fcohc\/005_publicaciones\/huellas.html#Titulo\" target=\"_blank\" rel=\"noopener\" target=\"_blank\" rel=\"noopener\">[Acceder al PDF]<\/a><\/i><\/p>\n<hr \/>\n<p><strong>2002<\/strong>\u00a0\u00a0<i>Ars Medica: Ciencia y Medicina en la Biblioteca de la Universidad de La Laguna<\/i>\u00a0(1494-1794).<\/p>\n<hr \/>\n<p><i><strong>2002<\/strong> La imprenta belga en el S.XVI en los fondos de la Universidad de La Laguna<\/i>, patrocinada por el Cabildo de Santa Cruz de Tenerife, dentro del proyecto cultural Carlos de Gante, rey de Canaria. Encuentro Hispano-Belga en el centenario del nacimiento del Emperador.<\/p>\n<hr \/>\n<p><strong>2000<\/strong>\u00a0<a title=\"Exposci\u00f3n Libros antiguos de matem\u00e1ticas en la ULL\" href=\"http:\/\/www.bbtk.ull.es\/Private\/folder\/institucional\/bbtk\/ftp\/Informacion\/exposiciones\/expomat\/Index.htm\" target=\"_blank\" rel=\"noopener\" target=\"_blank\" rel=\"noopener\">\u00a0<i>L<\/i><\/a><a title=\"Exposci\u00f3n Libros antiguos de matem\u00e1ticas en la ULL\" href=\"http:\/\/www.bbtk.ull.es\/Private\/folder\/institucional\/bbtk\/ftp\/Informacion\/exposiciones\/expomat\/Index.htm\" target=\"_blank\" rel=\"noopener\" target=\"_blank\" rel=\"noopener\"><i>ibros antiguos de matem\u00e1ticas en la ULL.<\/i><\/a><\/p>\n<hr \/>\n<h3><\/h3>\n<h3>En colaboraci\u00f3n con REBIUN<\/h3>\n<p>&nbsp;<\/p>\n<p><strong><i>2022 <\/i><\/strong><a href=\"https:\/\/colecciones.rebiun.org\/s\/exp-malheridos\/page\/presentacion\" target=\"_blank\" rel=\"noopener\" target=\"_blank\" rel=\"noopener\"><i>Malheridos: la huella del tiempo en la Bibliotecas Rebiun<\/i><\/a><\/p>\n<hr \/>\n<p><strong>2010<\/strong>\u00a0<a title=\"Am\u00e9rica escrita\" href=\"http:\/\/expobus.us.es\/omeka\/exhibits\/show\/america-escrita\" target=\"_blank\" rel=\"noopener\" target=\"_blank\" rel=\"noopener\"><i>Am\u00e9rica escrita: fondos americanistas en Bibliotecas Universitarias Espa\u00f1ola.<\/i><\/a><\/p>\n<hr \/>\n<p><strong>2005<\/strong>\u00a0<i>El Quijote en las Bibliotecas Universitarias Espa\u00f1olas<\/i>\u00a0(Ciudad Real).<\/p>\n<hr \/>\n<p><strong>2000<\/strong>\u00a0<i>Ex libris Universitatis: El Patrimonio de las Bibliotecas Universitarias Espa\u00f1olas<\/i>(Santiago de Compostela).<\/p>\n<\/div>\n<\/article>\n<\/div>\n<\/div>\n<footer id=\"colophon\" class=\"site-footer\" role=\"contentinfo\">\n<section class=\"pie footer-left-widget\"><\/section>\n<section class=\"pie footer-center-widget\"><\/section>\n<section class=\"pie footer-right-widget\"><\/section>\n<\/footer>\n<p>[\/vc_column_text][\/vc_column][vc_column width=\u00bb1\/3&#8243;][\/vc_column][\/vc_row]<\/p>\n","protected":false},"excerpt":{"rendered":"<p>[vc_row full_width=\u00bbstretch_row\u00bb css=\u00bb.vc_custom_1651234828295{background-position: center !important;background-repeat: no-repeat !important;background-size: cover !important;}\u00bb][vc_column][vc_empty_space][vc_single_image image=\u00bb791&#8243; img_size=\u00bbfull\u00bb][vc_empty_space height=\u00bb64px\u00bb][vc_raw_html]JTNDaDElMjBjbGFzcyUzRCUyMnRpdHVsby1wYWdpbmElMjIlM0VFeHBvc2ljaW9uZXMlM0MlMkZoMSUzRQ==[\/vc_raw_html][\/vc_column][\/vc_row][vc_row equal_height=\u00bbyes\u00bb][vc_column width=\u00bb2\/3&#8243;][vc_column_text] 2025 De la cocina a los libros: alimentos que cuentan nuestra historia 2025 Agua y vida en el pasado, presente y futuro de Tenerife 2023 De libros y otras yerbas. Estudios sobre bot\u00e1nica en Canarias. 2022 En la senda del Nilo&#8230;.<\/p>\n","protected":false},"author":8,"featured_media":0,"parent":0,"menu_order":0,"comment_status":"closed","ping_status":"closed","template":"templates\/template-no-title.php","meta":{"footnotes":""},"class_list":["post-50","page","type-page","status-publish","hentry"],"_links":{"self":[{"href":"https:\/\/www.ull.es\/eventos\/fondo-antiguo\/wp-json\/wp\/v2\/pages\/50"}],"collection":[{"href":"https:\/\/www.ull.es\/eventos\/fondo-antiguo\/wp-json\/wp\/v2\/pages"}],"about":[{"href":"https:\/\/www.ull.es\/eventos\/fondo-antiguo\/wp-json\/wp\/v2\/types\/page"}],"author":[{"embeddable":true,"href":"https:\/\/www.ull.es\/eventos\/fondo-antiguo\/wp-json\/wp\/v2\/users\/8"}],"replies":[{"embeddable":true,"href":"https:\/\/www.ull.es\/eventos\/fondo-antiguo\/wp-json\/wp\/v2\/comments?post=50"}],"version-history":[{"count":15,"href":"https:\/\/www.ull.es\/eventos\/fondo-antiguo\/wp-json\/wp\/v2\/pages\/50\/revisions"}],"predecessor-version":[{"id":1024,"href":"https:\/\/www.ull.es\/eventos\/fondo-antiguo\/wp-json\/wp\/v2\/pages\/50\/revisions\/1024"}],"wp:attachment":[{"href":"https:\/\/www.ull.es\/eventos\/fondo-antiguo\/wp-json\/wp\/v2\/media?parent=50"}],"curies":[{"name":"wp","href":"https:\/\/api.w.org\/{rel}","templated":true}]}}