{"id":652,"date":"2023-06-02T11:29:07","date_gmt":"2023-06-02T09:29:07","guid":{"rendered":"https:\/\/www.ull.es\/eventos\/fondo-antiguo\/?page_id=652"},"modified":"2023-06-26T12:29:36","modified_gmt":"2023-06-26T10:29:36","slug":"catalogos-colectivos-nacionales-europeos","status":"publish","type":"page","link":"https:\/\/www.ull.es\/eventos\/fondo-antiguo\/catalogos-colectivos-nacionales-europeos\/","title":{"rendered":"Cat\u00e1logos colectivos nacionales europeos"},"content":{"rendered":"<p>[vc_row][vc_column][vc_empty_space][vc_single_image image=\u00bb791&#8243; img_size=\u00bbfull\u00bb onclick=\u00bbcustom_link\u00bb link=\u00bbhttps:\/\/www.ull.es\/eventos\/fondo-antiguo\u00bb][vc_empty_space height=\u00bb64px\u00bb][vc_raw_html]JTNDaDElMjBjbGFzcyUzRCUyMnRpdHVsby1wYWdpbmElMjIlM0VDYXQlQzMlQTFsb2dvcyUyMGNvbGVjdGl2b3MlMjBuYWNpb25hbGVzJTIwZXVyb3Blb3MlM0MlMkZoMSUzRQ==[\/vc_raw_html][\/vc_column][\/vc_row][vc_row][vc_column width=\u00bb2\/3&#8243;][vc_column_text]<\/p>\n<div class=\"entry-content\">\n<h4>B\u00e9lgica<\/h4>\n<ul>\n<li><a href=\"https:\/\/lib.uliege.be\/\" target=\"_blank\" rel=\"noopener\" target=\"_blank\" rel=\"noopener\">LIBIS<\/a>.<\/li>\n<\/ul>\n<h4>Espa\u00f1a<\/h4>\n<ul>\n<li><a href=\"http:\/\/ccpb_opac.mcu.es\/cgi-brs\/CCPB\/abnetopac\/O9199\/ID2ef313a5\/NT1?ACC=101\" target=\"_blank\" rel=\"noopener\" target=\"_blank\" rel=\"noopener\">CCPB (Cat\u00e1logo Colectivo del Patrimonio Bibliogr\u00e1fico Espa\u00f1ol).<\/a><\/li>\n<li><a href=\"http:\/\/rebiun.baratz.es\/rebiun\/\" target=\"_blank\" rel=\"noopener\" target=\"_blank\" rel=\"noopener\">REBIUN (Cat\u00e1logo de la Red de Bibliotecas Universitarias de Espa\u00f1a)<\/a>.<\/li>\n<\/ul>\n<h4>Francia<\/h4>\n<ul>\n<li><a href=\"http:\/\/ccfr.bnf.fr\/portailccfr\/jsp\/index.jsp\" target=\"_blank\" rel=\"noopener\" target=\"_blank\" rel=\"noopener\">CCFR (Catalogue Collectif de France)<\/a><\/li>\n<\/ul>\n<ul>\n<li><a href=\"http:\/\/www.sudoc.abes.fr\/DB=2.1\/LNG=FR\/START_WELCOME\" target=\"_blank\" rel=\"noopener\" target=\"_blank\" rel=\"noopener\">SUDOC<\/a><\/li>\n<\/ul>\n<h4>Italia<\/h4>\n<ul>\n<li><a href=\"http:\/\/opac.sbn.it\/opacsbn\/opac\/iccu\/antico.jsp\" target=\"_blank\" rel=\"noopener\" target=\"_blank\" rel=\"noopener\">ICCU (Istituto Centrale per il Catalogo Unico delle Biblioteche Italiane e per le Informazioni Bibliografiche)<\/a>.<\/li>\n<\/ul>\n<ul>\n<li><a href=\"http:\/\/www.iris-firenze.org\/\" target=\"_blank\" rel=\"noopener\" target=\"_blank\" rel=\"noopener\">IRIS<\/a>.<\/li>\n<\/ul>\n<h4>Portugal<\/h4>\n<ul>\n<li><a href=\"http:\/\/porbase.bnportugal.pt\/\" target=\"_blank\" rel=\"noopener\" target=\"_blank\" rel=\"noopener\">PORBASE<\/a><\/li>\n<\/ul>\n<h4>Reino Unido<\/h4>\n<ul>\n<li>\u00a0<a href=\"https:\/\/discover.libraryhub.jisc.ac.uk\/\" target=\"_blank\" rel=\"noopener\">JISC Library Hub Discover (Cat\u00e1logo Colectivo de las Bibliotecas del Reino Unido)<\/a><\/li>\n<\/ul>\n<h4>Suecia<\/h4>\n<ul>\n<li><a href=\"http:\/\/libris.kb.se\/?language=en\" target=\"_blank\" rel=\"noopener\" target=\"_blank\" rel=\"noopener\">LIBRIS<\/a><\/li>\n<\/ul>\n<\/div>\n<p>[\/vc_column_text][vc_empty_space][vc_btn title=\u00bbVolver a Recursos en l\u00ednea\u00bb link=\u00bburl:https%3A%2F%2Fwww.ull.es%2Feventos%2Ffondo-antiguo%2Frecursos-online%2F\u00bb][vc_empty_space][\/vc_column][vc_column width=\u00bb1\/3&#8243;][\/vc_column][\/vc_row]<\/p>\n","protected":false},"excerpt":{"rendered":"<p>[vc_row][vc_column][vc_empty_space][vc_single_image image=\u00bb791&#8243; img_size=\u00bbfull\u00bb onclick=\u00bbcustom_link\u00bb link=\u00bbhttps:\/\/www.ull.es\/eventos\/fondo-antiguo\u00bb][vc_empty_space height=\u00bb64px\u00bb][vc_raw_html]JTNDaDElMjBjbGFzcyUzRCUyMnRpdHVsby1wYWdpbmElMjIlM0VDYXQlQzMlQTFsb2dvcyUyMGNvbGVjdGl2b3MlMjBuYWNpb25hbGVzJTIwZXVyb3Blb3MlM0MlMkZoMSUzRQ==[\/vc_raw_html][\/vc_column][\/vc_row][vc_row][vc_column width=\u00bb2\/3&#8243;][vc_column_text] B\u00e9lgica LIBIS. Espa\u00f1a CCPB (Cat\u00e1logo Colectivo del Patrimonio Bibliogr\u00e1fico Espa\u00f1ol). REBIUN (Cat\u00e1logo de la Red de Bibliotecas Universitarias de Espa\u00f1a). Francia CCFR (Catalogue Collectif de France) SUDOC Italia ICCU (Istituto Centrale per il Catalogo Unico delle Biblioteche Italiane e per le Informazioni Bibliografiche). IRIS. Portugal PORBASE Reino Unido&#8230;<\/p>\n","protected":false},"author":14,"featured_media":0,"parent":0,"menu_order":0,"comment_status":"closed","ping_status":"closed","template":"templates\/template-frontpage.php","meta":{"footnotes":""},"class_list":["post-652","page","type-page","status-publish","hentry"],"_links":{"self":[{"href":"https:\/\/www.ull.es\/eventos\/fondo-antiguo\/wp-json\/wp\/v2\/pages\/652"}],"collection":[{"href":"https:\/\/www.ull.es\/eventos\/fondo-antiguo\/wp-json\/wp\/v2\/pages"}],"about":[{"href":"https:\/\/www.ull.es\/eventos\/fondo-antiguo\/wp-json\/wp\/v2\/types\/page"}],"author":[{"embeddable":true,"href":"https:\/\/www.ull.es\/eventos\/fondo-antiguo\/wp-json\/wp\/v2\/users\/14"}],"replies":[{"embeddable":true,"href":"https:\/\/www.ull.es\/eventos\/fondo-antiguo\/wp-json\/wp\/v2\/comments?post=652"}],"version-history":[{"count":7,"href":"https:\/\/www.ull.es\/eventos\/fondo-antiguo\/wp-json\/wp\/v2\/pages\/652\/revisions"}],"predecessor-version":[{"id":717,"href":"https:\/\/www.ull.es\/eventos\/fondo-antiguo\/wp-json\/wp\/v2\/pages\/652\/revisions\/717"}],"wp:attachment":[{"href":"https:\/\/www.ull.es\/eventos\/fondo-antiguo\/wp-json\/wp\/v2\/media?parent=652"}],"curies":[{"name":"wp","href":"https:\/\/api.w.org\/{rel}","templated":true}]}}