{"id":657,"date":"2023-06-02T11:32:19","date_gmt":"2023-06-02T09:32:19","guid":{"rendered":"https:\/\/www.ull.es\/eventos\/fondo-antiguo\/?page_id=657"},"modified":"2023-06-26T12:20:59","modified_gmt":"2023-06-26T10:20:59","slug":"bibliotecas-digitales-espanolas","status":"publish","type":"page","link":"https:\/\/www.ull.es\/eventos\/fondo-antiguo\/bibliotecas-digitales-espanolas\/","title":{"rendered":"Bibliotecas digitales espa\u00f1olas"},"content":{"rendered":"<p>[vc_row][vc_column][vc_empty_space][vc_single_image image=\u00bb791&#8243; img_size=\u00bbfull\u00bb onclick=\u00bbcustom_link\u00bb link=\u00bbhttps:\/\/www.ull.es\/eventos\/fondo-antiguo\u00bb][vc_empty_space height=\u00bb64px\u00bb][vc_raw_html]JTNDaDElMjBjbGFzcyUzRCUyMnRpdHVsby1wYWdpbmElMjIlM0VCaWJsaW90ZWNhcyUyMGRpZ2l0YWxlcyUyMGVzcGElQzMlQjFvbGFzJTNDJTJGaDElM0U=[\/vc_raw_html][\/vc_column][\/vc_row][vc_row][vc_column width=\u00bb2\/3&#8243;][vc_column_text]<\/p>\n<div class=\"entry-content\">\n<ul>\n<li><a href=\"http:\/\/roai.mcu.es\/es\/consulta\/busqueda.cmd\" target=\"_blank\" rel=\"noopener\" target=\"_blank\" rel=\"noopener\">Hispana<\/a><\/li>\n<\/ul>\n<ul>\n<li><a href=\"http:\/\/bdh.bne.es\/bnesearch\/\" target=\"_blank\" rel=\"noopener\" target=\"_blank\" rel=\"noopener\">Biblioteca\u00a0Digital Hisp\u00e1nica<\/a><\/li>\n<\/ul>\n<ul>\n<li><a href=\"http:\/\/bv2.gva.es\/es\/cms\/elemento.cmd?id=estaticos\/paginas\/presentacion.html\" target=\"_blank\" rel=\"noopener\" target=\"_blank\" rel=\"noopener\">Biblioteca Valenciana Digital<\/a>\u00a0(BIVALDI)<\/li>\n<\/ul>\n<ul>\n<li><a href=\"http:\/\/www.cervantesvirtual.com\/index.jsp\" target=\"_blank\" rel=\"noopener\" target=\"_blank\" rel=\"noopener\">Biblioteca Virtual Cervantes<\/a><\/li>\n<li><a href=\"http:\/\/bvpb.mcu.es\/es\/estaticos\/contenido.cmd?pagina=estaticos\/presentacion\" target=\"_blank\" rel=\"noopener\" target=\"_blank\" rel=\"noopener\">Biblioteca Virtual Patrimonio Bibliogr\u00e1fico<\/a><\/li>\n<\/ul>\n<ul>\n<li><a href=\"http:\/\/www.ucm.es\/BUCM\/atencion\/5761.php\" target=\"_blank\" rel=\"noopener\" target=\"_blank\" rel=\"noopener\">Colecci\u00f3n Digital Complutense<\/a> (CDC).<\/li>\n<\/ul>\n<ul>\n<li aria-level=\"1\"><a href=\"https:\/\/crai.ub.edu\/es\/recursos-de-informacion\/patrimonio-bibliografico\/colecciones-digitales\" target=\"_blank\" rel=\"noopener\">Colecci\u00f3n Digital Universidad de Barcelona<\/a><\/li>\n<\/ul>\n<ul>\n<li><a href=\"https:\/\/archive.org\/details\/bibliotecauniversitariadesevilla\" target=\"_blank\" rel=\"noopener\">Colecci\u00f3n Digital Universidad de Sevilla<\/a><\/li>\n<\/ul>\n<ul>\n<li><a href=\"http:\/\/digital.csic.es\/\" target=\"_blank\" rel=\"noopener\" target=\"_blank\" rel=\"noopener\">Digital CSIC<\/a><\/li>\n<li><a href=\"http:\/\/digibug.ugr.es\/handle\/10481\/163\" target=\"_blank\" rel=\"noopener\" target=\"_blank\" rel=\"noopener\">DIGIBUG<\/a> (Universidad de Granada)<\/li>\n<li><a href=\"http:\/\/gredos.usal.es\/jspui\/handle\/10366\/1\" target=\"_blank\" rel=\"noopener\" target=\"_blank\" rel=\"noopener\">Gredos<\/a> (Universidad de Salamanca)<\/li>\n<\/ul>\n<ul>\n<li aria-level=\"1\"><a href=\"https:\/\/jable.ulpgc.es\/\" target=\"_blank\" rel=\"noopener\">Jable: Archivo de prensa digital canaria<\/a> (Universidad de Las Palmas de Gran Canaria)<\/li>\n<li aria-level=\"1\"><a href=\"https:\/\/mdc.ulpgc.es\/s\/mdc\/page\/inicio\" target=\"_blank\" rel=\"noopener\">Memoria Digital de Canarias<\/a> (Universidad de Las Palmas de Gran Canaria)<\/li>\n<\/ul>\n<ul>\n<li><a href=\"https:\/\/memoriadelanzarote.com\/\" target=\"_blank\" rel=\"noopener\">Memoria Digital de Lanzarote<\/a><\/li>\n<\/ul>\n<ul>\n<li><a href=\"https:\/\/fundacionorotava.org\/proyectos\/\" target=\"_blank\" rel=\"noopener\">Proyectos (Fundaci\u00f3n Canaria Orotava de Historia de la Ciencia)<\/a><\/li>\n<\/ul>\n<ul>\n<li><a href=\"http:\/\/www.singularis.es\/\" target=\"_blank\" rel=\"noopener\" target=\"_blank\" rel=\"noopener\">Singularis<\/a> (Consorcio Madro\u00f1o)<\/li>\n<\/ul>\n<ul>\n<li><a href=\"http:\/\/zaguan.unizar.es\/\" target=\"_blank\" rel=\"noopener\" target=\"_blank\" rel=\"noopener\">Zagu\u00e1n<\/a> (Universidad de Zaragoza)<\/li>\n<\/ul>\n<\/div>\n<p>[\/vc_column_text][vc_empty_space][vc_empty_space][vc_btn title=\u00bbVolver a Recursos on line\u00bb link=\u00bburl:https%3A%2F%2Fwww.ull.es%2Feventos%2Ffondo-antiguo%2Frecursos-online%2F\u00bb][\/vc_column][vc_column width=\u00bb1\/3&#8243;][\/vc_column][\/vc_row]<\/p>\n","protected":false},"excerpt":{"rendered":"<p>[vc_row][vc_column][vc_empty_space][vc_single_image image=\u00bb791&#8243; img_size=\u00bbfull\u00bb onclick=\u00bbcustom_link\u00bb link=\u00bbhttps:\/\/www.ull.es\/eventos\/fondo-antiguo\u00bb][vc_empty_space height=\u00bb64px\u00bb][vc_raw_html]JTNDaDElMjBjbGFzcyUzRCUyMnRpdHVsby1wYWdpbmElMjIlM0VCaWJsaW90ZWNhcyUyMGRpZ2l0YWxlcyUyMGVzcGElQzMlQjFvbGFzJTNDJTJGaDElM0U=[\/vc_raw_html][\/vc_column][\/vc_row][vc_row][vc_column width=\u00bb2\/3&#8243;][vc_column_text] Hispana Biblioteca\u00a0Digital Hisp\u00e1nica Biblioteca Valenciana Digital\u00a0(BIVALDI) Biblioteca Virtual Cervantes Biblioteca Virtual Patrimonio Bibliogr\u00e1fico Colecci\u00f3n Digital Complutense (CDC). Colecci\u00f3n Digital Universidad de Barcelona Colecci\u00f3n Digital Universidad de Sevilla Digital CSIC DIGIBUG (Universidad de Granada) Gredos (Universidad de Salamanca) Jable: Archivo de prensa digital canaria (Universidad de Las Palmas de&#8230;<\/p>\n","protected":false},"author":14,"featured_media":0,"parent":0,"menu_order":0,"comment_status":"closed","ping_status":"closed","template":"templates\/template-frontpage.php","meta":{"footnotes":""},"class_list":["post-657","page","type-page","status-publish","hentry"],"_links":{"self":[{"href":"https:\/\/www.ull.es\/eventos\/fondo-antiguo\/wp-json\/wp\/v2\/pages\/657"}],"collection":[{"href":"https:\/\/www.ull.es\/eventos\/fondo-antiguo\/wp-json\/wp\/v2\/pages"}],"about":[{"href":"https:\/\/www.ull.es\/eventos\/fondo-antiguo\/wp-json\/wp\/v2\/types\/page"}],"author":[{"embeddable":true,"href":"https:\/\/www.ull.es\/eventos\/fondo-antiguo\/wp-json\/wp\/v2\/users\/14"}],"replies":[{"embeddable":true,"href":"https:\/\/www.ull.es\/eventos\/fondo-antiguo\/wp-json\/wp\/v2\/comments?post=657"}],"version-history":[{"count":6,"href":"https:\/\/www.ull.es\/eventos\/fondo-antiguo\/wp-json\/wp\/v2\/pages\/657\/revisions"}],"predecessor-version":[{"id":802,"href":"https:\/\/www.ull.es\/eventos\/fondo-antiguo\/wp-json\/wp\/v2\/pages\/657\/revisions\/802"}],"wp:attachment":[{"href":"https:\/\/www.ull.es\/eventos\/fondo-antiguo\/wp-json\/wp\/v2\/media?parent=657"}],"curies":[{"name":"wp","href":"https:\/\/api.w.org\/{rel}","templated":true}]}}