{"id":677,"date":"2023-06-02T11:53:44","date_gmt":"2023-06-02T09:53:44","guid":{"rendered":"https:\/\/www.ull.es\/eventos\/fondo-antiguo\/?page_id=677"},"modified":"2023-06-26T13:16:09","modified_gmt":"2023-06-26T11:16:09","slug":"otras-bibliotecas-con-fondo-antiguo","status":"publish","type":"page","link":"https:\/\/www.ull.es\/eventos\/fondo-antiguo\/otras-bibliotecas-con-fondo-antiguo\/","title":{"rendered":"Otras Bibliotecas con Fondo Antiguo"},"content":{"rendered":"<p>[vc_row][vc_column][vc_empty_space][vc_single_image image=\u00bb791&#8243; img_size=\u00bbfull\u00bb onclick=\u00bbcustom_link\u00bb link=\u00bbhttps:\/\/www.ull.es\/eventos\/fondo-antiguo\u00bb][vc_empty_space height=\u00bb64px\u00bb][vc_raw_html]JTNDaDElMjBjbGFzcyUzRCUyMnRpdHVsby1wYWdpbmElMjIlM0VPdHJhcyUyMEJpYmxpb3RlY2FzJTIwY29uJTIwRm9uZG8lMjBBbnRpZ3VvJTNDJTJGaDElM0U=[\/vc_raw_html][\/vc_column][\/vc_row][vc_row][vc_column width=\u00bb2\/3&#8243;][vc_column_text]<\/p>\n<div class=\"entry-content\">\n<ul>\n<li><a href=\"http:\/\/numelyo.bm-lyon.fr\/\" target=\"_blank\" rel=\"noopener\" target=\"_blank\" rel=\"noopener\">Biblioth\u00e9que Municipale de Lyon<\/a><\/li>\n<li><a href=\"http:\/\/library.columbia.edu\/indiv\/rbml.html\" target=\"_blank\" rel=\"noopener\" target=\"_blank\" rel=\"noopener\">Columbia University<\/a><\/li>\n<li><a href=\"http:\/\/library.harvard.edu\/archives-and-special-collections-harvard\" target=\"_blank\" rel=\"noopener\" target=\"_blank\" rel=\"noopener\">Harvard Library<\/a><\/li>\n<li><a href=\"http:\/\/www.bibliotheque-mazarine.fr\/\" target=\"_blank\" rel=\"noopener\" target=\"_blank\" rel=\"noopener\">Biblioth\u00e9que Mazarine<\/a><\/li>\n<li><a href=\"http:\/\/rbme.patrimonionacional.es\/\" target=\"_blank\" rel=\"noopener\" target=\"_blank\" rel=\"noopener\">Monasterio de El Escorial<\/a><\/li>\n<li><a href=\"http:\/\/www.strahovskyklaster.cz\/library\" target=\"_blank\" rel=\"noopener\" target=\"_blank\" rel=\"noopener\">Monasterio de Strahov (Praga) <\/a><\/li>\n<li><a href=\"http:\/\/www.themorgan.org\/collections\/defaultSplash.asp\" target=\"_blank\" rel=\"noopener\" target=\"_blank\" rel=\"noopener\">Morgan Library<\/a><\/li>\n<li><a href=\"http:\/\/www.realbiblioteca.es\/\" target=\"_blank\" rel=\"noopener\" target=\"_blank\" rel=\"noopener\">Real Biblioteca de Espa\u00f1a<\/a><\/li>\n<li aria-level=\"1\"><a href=\"https:\/\/www.tcd.ie\/library\/collections\/\" target=\"_blank\" rel=\"noopener\">Trinity College<\/a><\/li>\n<\/ul>\n<\/div>\n<p>[\/vc_column_text][vc_empty_space][vc_btn title=\u00bbVolver a Recursos en linea\u00bb link=\u00bburl:https%3A%2F%2Fwww.ull.es%2Feventos%2Ffondo-antiguo%2Frecursos-online%2F\u00bb][vc_empty_space][\/vc_column][vc_column width=\u00bb1\/3&#8243;][\/vc_column][\/vc_row]<\/p>\n","protected":false},"excerpt":{"rendered":"<p>[vc_row][vc_column][vc_empty_space][vc_single_image image=\u00bb791&#8243; img_size=\u00bbfull\u00bb onclick=\u00bbcustom_link\u00bb link=\u00bbhttps:\/\/www.ull.es\/eventos\/fondo-antiguo\u00bb][vc_empty_space height=\u00bb64px\u00bb][vc_raw_html]JTNDaDElMjBjbGFzcyUzRCUyMnRpdHVsby1wYWdpbmElMjIlM0VPdHJhcyUyMEJpYmxpb3RlY2FzJTIwY29uJTIwRm9uZG8lMjBBbnRpZ3VvJTNDJTJGaDElM0U=[\/vc_raw_html][\/vc_column][\/vc_row][vc_row][vc_column width=\u00bb2\/3&#8243;][vc_column_text] Biblioth\u00e9que Municipale de Lyon Columbia University Harvard Library Biblioth\u00e9que Mazarine Monasterio de El Escorial Monasterio de Strahov (Praga) Morgan Library Real Biblioteca de Espa\u00f1a Trinity College [\/vc_column_text][vc_empty_space][vc_btn title=\u00bbVolver a Recursos en linea\u00bb link=\u00bburl:https%3A%2F%2Fwww.ull.es%2Feventos%2Ffondo-antiguo%2Frecursos-online%2F\u00bb][vc_empty_space][\/vc_column][vc_column width=\u00bb1\/3&#8243;][\/vc_column][\/vc_row]<\/p>\n","protected":false},"author":14,"featured_media":0,"parent":0,"menu_order":0,"comment_status":"closed","ping_status":"closed","template":"templates\/template-frontpage.php","meta":{"footnotes":""},"class_list":["post-677","page","type-page","status-publish","hentry"],"_links":{"self":[{"href":"https:\/\/www.ull.es\/eventos\/fondo-antiguo\/wp-json\/wp\/v2\/pages\/677"}],"collection":[{"href":"https:\/\/www.ull.es\/eventos\/fondo-antiguo\/wp-json\/wp\/v2\/pages"}],"about":[{"href":"https:\/\/www.ull.es\/eventos\/fondo-antiguo\/wp-json\/wp\/v2\/types\/page"}],"author":[{"embeddable":true,"href":"https:\/\/www.ull.es\/eventos\/fondo-antiguo\/wp-json\/wp\/v2\/users\/14"}],"replies":[{"embeddable":true,"href":"https:\/\/www.ull.es\/eventos\/fondo-antiguo\/wp-json\/wp\/v2\/comments?post=677"}],"version-history":[{"count":6,"href":"https:\/\/www.ull.es\/eventos\/fondo-antiguo\/wp-json\/wp\/v2\/pages\/677\/revisions"}],"predecessor-version":[{"id":836,"href":"https:\/\/www.ull.es\/eventos\/fondo-antiguo\/wp-json\/wp\/v2\/pages\/677\/revisions\/836"}],"wp:attachment":[{"href":"https:\/\/www.ull.es\/eventos\/fondo-antiguo\/wp-json\/wp\/v2\/media?parent=677"}],"curies":[{"name":"wp","href":"https:\/\/api.w.org\/{rel}","templated":true}]}}