{"id":77,"date":"2019-05-09T12:23:52","date_gmt":"2019-05-09T10:23:52","guid":{"rendered":"http:\/\/www.ull.es\/eventos\/fondo-antiguo\/?page_id=77"},"modified":"2023-06-02T09:30:51","modified_gmt":"2023-06-02T07:30:51","slug":"bibliografia-sobre-los-fondos-personales","status":"publish","type":"page","link":"https:\/\/www.ull.es\/eventos\/fondo-antiguo\/bibliografia-sobre-los-fondos-personales\/","title":{"rendered":"Bibliograf\u00eda sobre los Fondos personales"},"content":{"rendered":"<p>[vc_row css=\u00bb.vc_custom_1644579814645{background-position: center !important;background-repeat: no-repeat !important;background-size: cover !important;}\u00bb][vc_column][vc_empty_space][vc_single_image image=\u00bb387&#8243; img_size=\u00bbfull\u00bb onclick=\u00bbcustom_link\u00bb link=\u00bbhttps:\/\/www.ull.es\/eventos\/fondo-antiguo\u00bb][vc_raw_html]JTNDaDElMjBjbGFzcyUzRCUyMnRpdHVsby1wYWdpbmElMjIlM0VCaWJsaW9ncmFmJUMzJUFEYSUyMHNvYnJlJTIwbG9zJTIwRm9uZG9zJTIwcGVyc29uYWxlcyUzQyUyRmgxJTNF[\/vc_raw_html][vc_empty_space][\/vc_column][\/vc_row][vc_row][vc_column width=\u00bb2\/3&#8243;][vc_column_text]<i>Jos\u00e9 Agust\u00edn <\/i><a href=\"http:\/\/bbtk.exposicion.ull.es\/alvarezrixo\/estudios-sobre-el-autor\/\" target=\"_blank\" rel=\"noopener\"><i>\u00c1lvarez Rixo<\/i><\/a> [en l\u00ednea] [consulta enero 2023]. Disponible en: \u00a0<a href=\"https:\/\/www.ull.es\/eventos\/jose-agustin-alvarez-rixo\/\" target=\"_blank\" rel=\"noopener\">https:\/\/www.ull.es\/eventos\/jose-agustin-alvarez-rixo\/<\/a><\/p>\n<hr \/>\n<p><i>Enrique Rumeu de Armas<\/i> [en l\u00ednea] [consulta enero 2023]. Disponible en: <a href=\"https:\/\/www.ull.es\/eventos\/enrique-rumeu-armas\/\" target=\"_blank\" rel=\"noopener\">https:\/\/www.ull.es\/eventos\/enrique-rumeu-armas\/<\/a><\/p>\n<hr \/>\n<p align=\"left\"><em>Felipe Gonz\u00e1lez Vic\u00e9n (1908-1991): un maestro del pensamiento en el exilio interior<\/em>. La Laguna: Universidad, Biblioteca General y de Humanidades, 2001.<b><\/b><\/p>\n<hr \/>\n<p align=\"left\"><a href=\"http:\/\/www.bbtk.ull.es\/webs\/categories\/view.rails?Id=24\" target=\"_blank\" rel=\"noopener\" target=\"_blank\" rel=\"noopener\">Fondo Gonz\u00e1lez Vic\u00e9n\u00a0<\/a>[En l\u00ednea] [Fecha de consulta 14 de febrero 2014]<\/p>\n<hr \/>\n<p align=\"left\">GONZ\u00c1LEZ VIC\u00c9N, Felipe.\u00a0<em>Felipe Gonz\u00e1lez Vic\u00e9n: escritos (1931-1949): (con ocasi\u00f3n de su centenario)<\/em>\u00a0edici\u00f3n, traducci\u00f3n y notas, Carlos Marz\u00e1n Trujillo y Jos\u00e9 M. Garc\u00eda G\u00f3mez del Valle. La Laguna: Servicio de Publicaciones, Universidad de La Laguna, 2009.<\/p>\n<hr \/>\n<p align=\"left\"><em>Juan Antonio Padr\u00f3n Albornoz: cr\u00f3nicas mar\u00edtimas de un isle\u00f1o<\/em>, coordinadora Dolores Alberto Bethencourt, colaboradora Desir\u00e9e Nozal.\u00a0 La Laguna: Universidad, Servicio de Publicaciones, 2009.<\/p>\n<hr \/>\n<p align=\"left\"><em>Legado bibliogr\u00e1fico de D. Juan \u00c1lvarez Delgado a la Universidad de la Laguna.\u00a0<\/em>La Laguna: Universidad, Secretariado de Publicaciones, D.L. 1989.<\/p>\n<hr \/>\n<p align=\"left\"><em><a href=\"http:\/\/www.bbtk.ull.es\/webs\/categories\/view.rails?Id=8\" target=\"_blank\" rel=\"noopener\" target=\"_blank\" rel=\"noopener\">Legado Padr\u00f3n Albornoz<\/a><\/em>\u00a0[En l\u00ednea] [Fecha de la consulta 14 febrero 2014]<\/p>\n<hr \/>\n<p align=\"left\"><em>Memoria de Antonio Dorta, un intelectual de la II Rep\u00fablica: el Legado de Mariana y Antonio Dorta<\/em><i>,\u00a0<\/i>coordinaci\u00f3n Bel\u00e9n Castro Morales, Marta Ouvi\u00f1a Navarro. La Laguna: Universidad, Servicio de Publicaciones, 2010.<\/p>\n<p>[\/vc_column_text][\/vc_column][vc_column width=\u00bb1\/3&#8243;][\/vc_column][\/vc_row]<\/p>\n","protected":false},"excerpt":{"rendered":"<p>[vc_row css=\u00bb.vc_custom_1644579814645{background-position: center !important;background-repeat: no-repeat !important;background-size: cover !important;}\u00bb][vc_column][vc_empty_space][vc_single_image image=\u00bb387&#8243; img_size=\u00bbfull\u00bb onclick=\u00bbcustom_link\u00bb link=\u00bbhttps:\/\/www.ull.es\/eventos\/fondo-antiguo\u00bb][vc_raw_html]JTNDaDElMjBjbGFzcyUzRCUyMnRpdHVsby1wYWdpbmElMjIlM0VCaWJsaW9ncmFmJUMzJUFEYSUyMHNvYnJlJTIwbG9zJTIwRm9uZG9zJTIwcGVyc29uYWxlcyUzQyUyRmgxJTNF[\/vc_raw_html][vc_empty_space][\/vc_column][\/vc_row][vc_row][vc_column width=\u00bb2\/3&#8243;][vc_column_text]Jos\u00e9 Agust\u00edn \u00c1lvarez Rixo [en l\u00ednea] [consulta enero 2023]. Disponible en: \u00a0https:\/\/www.ull.es\/eventos\/jose-agustin-alvarez-rixo\/ Enrique Rumeu de Armas [en l\u00ednea] [consulta enero 2023]. Disponible en: https:\/\/www.ull.es\/eventos\/enrique-rumeu-armas\/ Felipe Gonz\u00e1lez Vic\u00e9n (1908-1991): un maestro del pensamiento en el exilio interior. La Laguna: Universidad, Biblioteca General y de&#8230;<\/p>\n","protected":false},"author":8,"featured_media":0,"parent":0,"menu_order":0,"comment_status":"closed","ping_status":"closed","template":"templates\/template-no-title.php","meta":{"footnotes":""},"class_list":["post-77","page","type-page","status-publish","hentry"],"_links":{"self":[{"href":"https:\/\/www.ull.es\/eventos\/fondo-antiguo\/wp-json\/wp\/v2\/pages\/77"}],"collection":[{"href":"https:\/\/www.ull.es\/eventos\/fondo-antiguo\/wp-json\/wp\/v2\/pages"}],"about":[{"href":"https:\/\/www.ull.es\/eventos\/fondo-antiguo\/wp-json\/wp\/v2\/types\/page"}],"author":[{"embeddable":true,"href":"https:\/\/www.ull.es\/eventos\/fondo-antiguo\/wp-json\/wp\/v2\/users\/8"}],"replies":[{"embeddable":true,"href":"https:\/\/www.ull.es\/eventos\/fondo-antiguo\/wp-json\/wp\/v2\/comments?post=77"}],"version-history":[{"count":12,"href":"https:\/\/www.ull.es\/eventos\/fondo-antiguo\/wp-json\/wp\/v2\/pages\/77\/revisions"}],"predecessor-version":[{"id":475,"href":"https:\/\/www.ull.es\/eventos\/fondo-antiguo\/wp-json\/wp\/v2\/pages\/77\/revisions\/475"}],"wp:attachment":[{"href":"https:\/\/www.ull.es\/eventos\/fondo-antiguo\/wp-json\/wp\/v2\/media?parent=77"}],"curies":[{"name":"wp","href":"https:\/\/api.w.org\/{rel}","templated":true}]}}