{"id":86,"date":"2019-05-09T12:32:28","date_gmt":"2019-05-09T10:32:28","guid":{"rendered":"http:\/\/www.ull.es\/eventos\/fondo-antiguo\/?page_id=86"},"modified":"2023-06-26T12:14:36","modified_gmt":"2023-06-26T10:14:36","slug":"bibliografia-sobre-exposiciones","status":"publish","type":"page","link":"https:\/\/www.ull.es\/eventos\/fondo-antiguo\/bibliografia-sobre-exposiciones\/","title":{"rendered":"Bibliograf\u00eda sobre exposiciones"},"content":{"rendered":"<p>[vc_row][vc_column][vc_empty_space][vc_single_image image=\u00bb791&#8243; img_size=\u00bbfull\u00bb onclick=\u00bbcustom_link\u00bb link=\u00bbhttps:\/\/www.ull.es\/eventos\/fondo-antiguo\u00bb][vc_empty_space height=\u00bb64px\u00bb][vc_raw_html]JTNDaDElMjBjbGFzcyUzRCUyMnRpdHVsby1wYWdpbmElMjIlM0VCaWJsaW9ncmFmJUMzJUFEYSUyMHNvYnJlJTIwZXhwb3NpY2lvbmVzJTNDJTJGaDElM0U=[\/vc_raw_html][\/vc_column][\/vc_row][vc_row][vc_column width=\u00bb2\/3&#8243;][vc_tta_accordion style=\u00bbmodern\u00bb color=\u00bbwhite\u00bb active_section=\u00bb0&#8243; no_fill=\u00bbtrue\u00bb collapsible_all=\u00bbtrue\u00bb][vc_tta_section title=\u00bbOrganizadas en la Biblioteca\u00bb tab_id=\u00bb1644578736978-5d5cef50-cf4e\u00bb][vc_column_text]<i>En la senda del Nilo<\/i>: [exposici\u00f3n d\u00eda del Libro abril 2022] [en l\u00ednea] [consulta enero 2023]. Disponible en: <a href=\"https:\/\/www.ull.es\/eventos\/lasendadelnilo\/\" target=\"_blank\" rel=\"noopener\">https:\/\/www.ull.es\/eventos\/lasendadelnilo\/<\/a><\/p>\n<hr \/>\n<p>Invisibles: mujeres y conocimiento: [exposici\u00f3n D\u00eda del Libro abril 2019] [en l\u00ednea] [consulta enero 2023]. Disponible en: <a href=\"https:\/\/www.ull.es\/eventos\/exposicion-dia-libro\/\" target=\"_blank\" rel=\"noopener\">https:\/\/www.ull.es\/eventos\/exposicion-dia-libro\/<\/a><\/p>\n<hr \/>\n<p>Arist\u00f3teles, el deseo del saber: [exposici\u00f3n noviembre 2016] [en l\u00ednea] [consulta enero 2023]. Disponible en: <a href=\"https:\/\/www.ull.es\/eventos\/aristoteles\/\" target=\"_blank\" rel=\"noopener\">https:\/\/www.ull.es\/eventos\/aristoteles\/<\/a><\/p>\n<hr \/>\n<p>Jos\u00e9 Agust\u00edn \u00c1lvarez Rixo, escribir para no olvidar: [exposici\u00f3n D\u00eda del Libro abril 2016] [en l\u00ednea] [consulta enero 2023]. Disponible en:<a href=\"https:\/\/www.ull.es\/eventos\/alvarez-rixo\/\" target=\"_blank\" rel=\"noopener\"> https:\/\/www.ull.es\/eventos\/alvarez-rixo\/<\/a><\/p>\n<hr \/>\n<p align=\"left\">CASTILLO, Francisco Javier y FERN\u00c1NDEZ PALOMEQUE, Paz.\u00a0<em>Humboldt en los fondos bibliogr\u00e1ficos insulares<\/em>. La Laguna: Servicio de Publicaciones, Universidad de La Laguna, 2008.<\/p>\n<hr \/>\n<p align=\"left\"><em>Ciencia y medicina en la Biblioteca de la Universidad de La Laguna (1494-1794): exposici\u00f3n bibliogr\u00e1fica, 23 abril \u2013 3 mayo 2002, celebrada en el Hospital Universitario de Canarias, Aula 25 aniversario. \u00a0<\/em>La Laguna: Biblioteca Universitaria, 2002.<\/p>\n<hr \/>\n<p align=\"left\"><em>Fuentes inglesas en la Universidad de La Laguna (siglos XVII, XVIII Y XIX)<\/em>. La Laguna: Universidad, Biblioteca General y de Humanidades: Departamento de Filolog\u00eda Inglesa y Alemana, 2004.<\/p>\n<hr \/>\n<p align=\"left\"><em>Huellas de una ciencia creativa: la qu\u00edmica en el Fondo Hist\u00f3rico de la Biblioteca de la Universidad de La Laguna. \u00a0<\/em>La Laguna: Biblioteca Universitaria; La Orotava: Fundaci\u00f3n Canaria Orotava de Historia de la Ciencia, 2003.<\/p>\n<hr \/>\n<p align=\"left\"><em>Isla abierta: im\u00e1genes de la cultura francesa en Canarias: exposici\u00f3n bibliogr\u00e1fica, 23 de abril \u2013 4 de mayo 2001<\/em>. La Laguna: Universidad, Biblioteca General y de Humanidades, 2001.<\/p>\n<hr \/>\n<p align=\"left\"><em><a href=\"http:\/\/www.bbtk.ull.es\/Private\/folder\/institucional\/bbtk\/ftp\/Informacion\/exposiciones\/expomat\/Index.htm\" target=\"_blank\" rel=\"noopener\" target=\"_blank\" rel=\"noopener\">Libros antiguos de matem\u00e1ticas en la ULL<\/a><\/em>\u00a0[en l\u00ednea]. [Fecha de consulta 20 de octubre del 2011].<\/p>\n<hr \/>\n<p align=\"left\"><em>Literatura y viaje: cat\u00e1logo de la exposici\u00f3n bibliogr\u00e1fica: organizada con ocasi\u00f3n del Coloquio Internacional Escrituras y Reescrituras del Viaje (del 2 al 5 de marzo de 2005)<\/em>[edici\u00f3n, textos y selecci\u00f3n de fuentes, Francisco Javier Castillo]. La Laguna: Biblioteca General y de Humanidades, Universidad de La Laguna, 2005.<\/p>\n<hr \/>\n<p align=\"left\"><em><a href=\"http:\/\/www.bbtk.ull.es\/Private\/folder\/institucional\/bbtk\/volcanesdepapel\/volcanesdepapel.html\" target=\"_blank\" rel=\"noopener\" target=\"_blank\" rel=\"noopener\">Volcanes de papel: exposici\u00f3n bibliogr\u00e1fica<\/a>: [D\u00eda del Libro, 23 de abril de 2011, Biblioteca General y de Humanidades de la Universidad de La Laguna].<\/em>\u00a0La Laguna: Servicio de Publicaciones, Universidad de La Laguna, 2011 [en l\u00ednea]. [Fecha de la consulta 20 de octubre del 2011].\u00a0<b><br \/>\n<\/b><\/p>\n<p>[\/vc_column_text][\/vc_tta_section][vc_tta_section title=\u00bbOrganizadas en colaboraci\u00f3n con otras instituciones\u00bb tab_id=\u00bb1644578736999-75fc4aa3-21c0&#8243;][vc_column_text]<i>Viera y Clavijo: de isla en continente [cat\u00e1logo de la exposici\u00f3n, Sala Hip\u00f3stila de la Biblioteca Nacional de Espa\u00f1a, Madrid 25 de enero &#8211; 5 de mayo de 2019]<\/i>. Rafael Padr\u00f3n Fern\u00e1ndez (ed.). Canarias : Viceconsejer\u00eda de Cultura y Deportes, Gobierno de Canarias, 2019.<\/p>\n<hr \/>\n<p><i>Malheridos: la huella del tiempo en las bibliotecas Rebiun<\/i> [en l\u00ednea] [consulta enero 2023]. Disponible en: <a href=\"https:\/\/colecciones.rebiun.org\/s\/exp-malheridos\/page\/presentacion\" target=\"_blank\" rel=\"noopener\">https:\/\/colecciones.rebiun.org\/s\/exp-malheridos\/page\/presentacion<\/a><\/p>\n<hr \/>\n<p align=\"left\"><em><a href=\"http:\/\/expobus.us.es\/america\" target=\"_blank\" rel=\"noopener\" target=\"_blank\" rel=\"noopener\">Am\u00e9rica escrita: fondos americanistas en bibliotecas universitarias espa\u00f1olas<\/a>: exposici\u00f3n bibliogr\u00e1fica conmemorativa de los bicentenarios de las independencias de las rep\u00fablicas iberoamericanas.<\/em>\u00a0[En l\u00ednea] [Fecha de la consulta 20 de octubre del 2011].<\/p>\n<hr \/>\n<p align=\"left\"><em>La Biblia: cultura y vida: exposici\u00f3n de ejemplares impresos y facs\u00edmiles: [San Crist\u00f3bal de La Laguna, septiembre 8-28]<\/em>\u00a0\u00a0[textos, Jos\u00e9 Gonz\u00e1lez Luis y Jos\u00e9 Manuel D\u00edaz Yanes; organiza, Cabildo Catedral de la Di\u00f3cesis de Tenerife, Concejal\u00eda de Cultura del Ayuntamiento de La Laguna. San Crist\u00f3bal de La Laguna: [s.n.], 2008.<\/p>\n<hr \/>\n<p align=\"left\"><em>Canarias, otra mirada: viajeros, exploradores y naturalistas: cuaderno de actividades\u00a0<\/em>[exposici\u00f3n celebrada en el Instituto Canarias Cabrera Pinto de La Laguna, del 6 de marzo al 20 de abril de 2008] Miguel Hern\u00e1ndez (ed.). La Orotava [Tenerife]: Fundaci\u00f3n Canaria Orotava de Historia de la Ciencia, 2007.<\/p>\n<hr \/>\n<p align=\"left\"><em>\u00a0Ex-libris universitatis: El patrimonio de las bibliotecas universitarias espa\u00f1olas.\u00a0<\/em>Santiago de Compostela: CRUE, 2000.<\/p>\n<hr \/>\n<p align=\"left\"><em>El Quijote en las bibliotecas universitarias espa\u00f1olas<\/em>: [cat\u00e1logo de exposici\u00f3n coordinadores, Francisco Al\u00eda Miranda, Antonio Gal\u00e1n Gall, Ram\u00f3n Rodr\u00edguez \u00c1lvarez; organiza Empresa P\u00fablica \u00abDon Quijote de la Mancha 2005 S.A.\u00bb, Universidad de Castilla-La Mancha, Red de Bibliotecas Universitarias Espa\u00f1olas]. Ciudad Real: Empresa P\u00fablica \u00abDon Quijote de la Mancha 2005\u00bb, 2005.<b><\/b><\/p>\n<hr \/>\n<p align=\"left\"><em>\u00a0Luj\u00e1n P\u00e9rez y su tiempo: [exposici\u00f3n]<\/em>\u00a0[comisaria, Mar\u00eda de los Reyes Hern\u00e1ndez Socorro; autores de los textos, Mar\u00eda de los Reyes Hern\u00e1ndez Socorro\u2026 [Islas Canarias]: Gobierno de Canarias, 2007.<\/p>\n<hr \/>\n<p align=\"left\"><em>Lumen Canariense: El Cristo de La Laguna y su tiempo: [estudio y cat\u00e1logo de la exposici\u00f3n celebrada en] Instituto de Canarias \u00abCabrera Pinto\u00bb, Santuario del Sant\u00edsimo Cristo de La Laguna, Ermita de San Miguel Arc\u00e1ngel, Salas de Arte de CajaCanarias del 4 de noviembre de 2003 al 15 de enero de 2004<\/em>\u00a0[Direcci\u00f3n Francisco Galante G\u00f3mez]. La Laguna: Ayuntamiento, 2003.<\/p>\n<hr \/>\n<p align=\"left\"><em>Res gloriam decorant: RGD: arte sacro en la Laguna.\u00a0<\/em>La Laguna: Ayuntamiento de la<em>Laguna, 1998.<\/em><\/p>\n<hr \/>\n<p align=\"left\"><em>Tras la huella de Antonio de Viana: [exposici\u00f3n celebrada en el Antiguo Convento de Santo Domingo, San Crist\u00f3bal de La Laguna, del 1 al 25 de marzo de 2007]<\/em>, organiza Direcci\u00f3n General del Libro, Archivos y Bibliotecas, Gobierno de Canarias; comisario, Juan Manuel Garc\u00eda-Ramos. Canarias: Gobierno de Canarias, 2007.<\/p>\n<hr \/>\n<p align=\"left\"><em>Vestida de sol: iconograf\u00eda y memoria de Nuestra Se\u00f1ora de Candelaria: [exposici\u00f3n, Sala de Arte Juan Cas, Sala de Arte Mar\u00eda Rosa Alonso, San Crist\u00f3bal de La Laguna, del 11 de mayo al 31 de julio de 2009]<\/em>, comisario, Carlos Rodr\u00edguez Morales. San Crist\u00f3bal de La Laguna: Obra Social de CajaCanarias, 2009.<\/p>\n<p>[\/vc_column_text][\/vc_tta_section][\/vc_tta_accordion][\/vc_column][vc_column width=\u00bb1\/3&#8243;][\/vc_column][\/vc_row]<\/p>\n","protected":false},"excerpt":{"rendered":"<p>[vc_row][vc_column][vc_empty_space][vc_single_image image=\u00bb791&#8243; img_size=\u00bbfull\u00bb onclick=\u00bbcustom_link\u00bb link=\u00bbhttps:\/\/www.ull.es\/eventos\/fondo-antiguo\u00bb][vc_empty_space height=\u00bb64px\u00bb][vc_raw_html]JTNDaDElMjBjbGFzcyUzRCUyMnRpdHVsby1wYWdpbmElMjIlM0VCaWJsaW9ncmFmJUMzJUFEYSUyMHNvYnJlJTIwZXhwb3NpY2lvbmVzJTNDJTJGaDElM0U=[\/vc_raw_html][\/vc_column][\/vc_row][vc_row][vc_column width=\u00bb2\/3&#8243;][vc_tta_accordion style=\u00bbmodern\u00bb color=\u00bbwhite\u00bb active_section=\u00bb0&#8243; no_fill=\u00bbtrue\u00bb collapsible_all=\u00bbtrue\u00bb][vc_tta_section title=\u00bbOrganizadas en la Biblioteca\u00bb tab_id=\u00bb1644578736978-5d5cef50-cf4e\u00bb][vc_column_text]En la senda del Nilo: [exposici\u00f3n d\u00eda del Libro abril 2022] [en l\u00ednea] [consulta enero 2023]. Disponible en: https:\/\/www.ull.es\/eventos\/lasendadelnilo\/ Invisibles: mujeres y conocimiento: [exposici\u00f3n D\u00eda del Libro abril 2019] [en l\u00ednea] [consulta enero 2023]. Disponible en: https:\/\/www.ull.es\/eventos\/exposicion-dia-libro\/ Arist\u00f3teles, el&#8230;<\/p>\n","protected":false},"author":8,"featured_media":0,"parent":0,"menu_order":0,"comment_status":"closed","ping_status":"closed","template":"templates\/template-no-title.php","meta":{"footnotes":""},"class_list":["post-86","page","type-page","status-publish","hentry"],"_links":{"self":[{"href":"https:\/\/www.ull.es\/eventos\/fondo-antiguo\/wp-json\/wp\/v2\/pages\/86"}],"collection":[{"href":"https:\/\/www.ull.es\/eventos\/fondo-antiguo\/wp-json\/wp\/v2\/pages"}],"about":[{"href":"https:\/\/www.ull.es\/eventos\/fondo-antiguo\/wp-json\/wp\/v2\/types\/page"}],"author":[{"embeddable":true,"href":"https:\/\/www.ull.es\/eventos\/fondo-antiguo\/wp-json\/wp\/v2\/users\/8"}],"replies":[{"embeddable":true,"href":"https:\/\/www.ull.es\/eventos\/fondo-antiguo\/wp-json\/wp\/v2\/comments?post=86"}],"version-history":[{"count":15,"href":"https:\/\/www.ull.es\/eventos\/fondo-antiguo\/wp-json\/wp\/v2\/pages\/86\/revisions"}],"predecessor-version":[{"id":629,"href":"https:\/\/www.ull.es\/eventos\/fondo-antiguo\/wp-json\/wp\/v2\/pages\/86\/revisions\/629"}],"wp:attachment":[{"href":"https:\/\/www.ull.es\/eventos\/fondo-antiguo\/wp-json\/wp\/v2\/media?parent=86"}],"curies":[{"name":"wp","href":"https:\/\/api.w.org\/{rel}","templated":true}]}}