{"id":90,"date":"2019-05-09T12:34:32","date_gmt":"2019-05-09T10:34:32","guid":{"rendered":"http:\/\/www.ull.es\/eventos\/fondo-antiguo\/?page_id=90"},"modified":"2023-06-26T12:15:18","modified_gmt":"2023-06-26T10:15:18","slug":"bibliografia-sobre-impresos","status":"publish","type":"page","link":"https:\/\/www.ull.es\/eventos\/fondo-antiguo\/bibliografia-sobre-impresos\/","title":{"rendered":"Bibliograf\u00eda sobre impresos"},"content":{"rendered":"<p>[vc_row][vc_column][vc_empty_space][vc_single_image image=\u00bb791&#8243; img_size=\u00bbfull\u00bb onclick=\u00bbcustom_link\u00bb link=\u00bbhttps:\/\/www.ull.es\/eventos\/fondo-antiguo\u00bb][vc_empty_space height=\u00bb64px\u00bb][vc_raw_html]JTNDaDElMjBjbGFzcyUzRCUyMnRpdHVsby1wYWdpbmElMjIlM0VCaWJsaW9ncmFmJUMzJUFEYSUyMHNvYnJlJTIwaW1wcmVzb3MlM0MlMkZoMSUzRQ==[\/vc_raw_html][\/vc_column][\/vc_row][vc_row][vc_column width=\u00bb2\/3&#8243;][vc_tta_accordion color=\u00bbwhite\u00bb active_section=\u00bb0&#8243; no_fill=\u00bbtrue\u00bb collapsible_all=\u00bbtrue\u00bb][vc_tta_section title=\u00bbCat\u00e1logos\u00bb tab_id=\u00bb1644578144447-015e702b-7caa\u00bb][vc_column_text]<i>Incunabula universitatis: los incunables de las bibliotecas universitarias espa\u00f1olas<\/i> . Edici\u00f3n a cargo de Ram\u00f3n Rodr\u00edguez \u00c1lvarez. Oviedo : Ediciones de la Universidad de Oviedo, 2015<\/p>\n<hr \/>\n<p>UNIVERSIDAD DE LA LAGUNA. Biblioteca.\u00a0<em>Cat\u00e1logo de Biblias de la Biblioteca Universitaria.<\/em><i>\u00a0\u00a0<\/i>La Laguna: Universidad, Secretariado de Publicaciones, Intercambio Cient\u00edfico y Extensi\u00f3n Universitaria, 1964.<\/p>\n<hr \/>\n<p>UNIVERSIDAD DE LA LAGUNA. Biblioteca.<b>\u00a0<\/b><em>Cat\u00e1logo de los libros del S. XVI impresos en B\u00e9lgica de la Biblioteca Universitaria de La Laguna.\u00a0<\/em>Santa Cruz de Tenerife: Cabildo Insular,<em>2000.<\/em><\/p>\n<hr \/>\n<p>UNIVERSIDAD DE LA LAGUNA. Biblioteca.\u00a0<em>Cat\u00e1logo de obras centenarias existentes en la Biblioteca de la Universidad.\u00a0<\/em>La Laguna: Universidad, 1962.<\/p>\n<hr \/>\n<p>[\/vc_column_text][\/vc_tta_section][vc_tta_section title=\u00bbEstudios monogr\u00e1ficos sobre impresos\u00bb tab_id=\u00bb1644578144468-a5718f37-f62d\u00bb][vc_column_text]\u00c1LVAREZ DELGADO, J. Las Biblias de la Biblioteca Universidad de La Laguna.\u00a0<em>Revista de Historia Canaria<\/em>,\u00a0 1963-64, n\u00ba 141-148, p. 86-87.<\/p>\n<hr \/>\n<p>\u00c1LVAREZ DELGADO, J.\u00a0<a href=\"http:\/\/mdc.ulpgc.es\/cdm\/ref\/collection\/revhiscan\/id\/134\" target=\"_blank\" rel=\"noopener\" target=\"_blank\" rel=\"noopener\">Un ignorado\u00a0<em>De Viris Illustribus de Varron<\/em>\u00a0en nuestra Biblioteca Universitaria<\/a>.\u00a0<i>Revista de Historia<\/i>, 1965, n\u00ba 30, p. 3-18.<\/p>\n<hr \/>\n<p>CASTILLO, Francisco Javier.<a href=\"http:\/\/dialnet.unirioja.es\/buscar\/documentos?querysDismax.DOCUMENTAL_TODO=Las+Canarias+Orientales+en+George+Glas&amp;querysDismax.DOCUMENTAL_ENTIDAD=&amp;querysDismax.DOCUMENTAL_TITULOS=&amp;querysDismax.DOCUMENTAL_RESUMENES=&amp;rango.DOCUMENTAL_ANYO_PUBLICACION=&amp;rango.DOCUMENTAL_ANYO_PUBLICACION=&amp;querysDismax.DOCUMENTAL_AUTORES=\" target=\"_blank\" rel=\"noopener\" target=\"_blank\" rel=\"noopener\">\u00a0Las Canarias Orientales en George Glas<\/a>.\u00a0<em>Tebeto: Anuario del Archivo Hist\u00f3rico Insular de Fuerteventura<\/em>, 2006, n\u00ba 19, p. 47-106.<\/p>\n<hr \/>\n<p>CASTILLO, Francisco Javier. George Glas y su obra \u00abA description of the Canary Islands: notas al cap\u00edtulo IX\u00bb.\u00a0<em>Revista de Estudios Generales de la Isla de La Palma<\/em>, 2006, n\u00ba 2 p. 493-524.<\/p>\n<hr \/>\n<p>CASTILLO, Francisco Javier.\u00a0<a href=\"http:\/\/publica.webs.ull.es\/upload\/REV%20FILOLOGIA\/22-2004\/03%20(Francisco%20Javier%20Castillo).pdf\" target=\"_blank\" rel=\"noopener\" target=\"_blank\" rel=\"noopener\">Humboldt en las Miscel\u00e1neas de Sabin Berthelot<\/a>.\u00a0<em>Revista de Filolog\u00eda de la Universidad de La Laguna<\/em>, 2004, n\u00ba 22, p. 37-46.<\/p>\n<hr \/>\n<p>CASTRO BRUNETTO, Carlos. Revisi\u00f3n del libro impreso como fuente para el arte barroco en Canarias. En\u00a0<em>XII Coloquio de Historia Canario-Americana<\/em>. Las Palmas de Gran Canaria: Cabildo Insular, 1996, p. 187-202.<\/p>\n<hr \/>\n<p>CURELL AGUILA, Clara. Algunas consideraciones en torno a las \u00abImpressions et observations Dans un voyage a Tenerife\u00bb de Jean Mascart. En\u00a0<a href=\"http:\/\/dialnet.unirioja.es\/servlet\/articulo?codigo=1420721\" target=\"_blank\" rel=\"noopener\" target=\"_blank\" rel=\"noopener\"><em>Isla abierta: estudios franceses en memoria de Alejandro Cioranescu<\/em>,<\/a>\u00a02004, vol. 1, p. 429-442.<\/p>\n<hr \/>\n<p>D\u00cdAZ ARMAS, Jes\u00fas.\u00a0<em>Vida de San Francisco<\/em>. La Laguna: Instituto de Estudios Canarios, 2000.<\/p>\n<hr \/>\n<p>FRAGA GONZ\u00c1LEZ, Mar\u00eda del Carmen.\u00a0<a href=\"http:\/\/sfx.greendata.es\/ull?url_ver=Z39.88-2004&amp;rft_val_fmt=info%3Aofi%2Ffmt%3Akev%3Amtx%3Aarticle&amp;genre=article&amp;spage=123&amp;atitle=Grabados+de+Mart%C3%ADn+de+\" target=\"_blank\" rel=\"noopener\">Grabados de Mart\u00edn de Vos en la Universidad de La Laguna<\/a>.\u00a0<em>Revista de Historia Canaria<\/em>, 1978, n\u00ba 171, p. 123-138.<\/p>\n<hr \/>\n<p>GONZ\u00c1LEZ MARRERO, Jos\u00e9 Antonio, \u00a0MART\u00cdNEZ BENAVIDES, Mar\u00eda Jos\u00e9 y FERN\u00c1NDEZ PALOMEQUE, Paz. \u00ab<a href=\"http:\/\/dialnet.unirioja.es\/servlet\/articulo?codigo=2264588\" target=\"_blank\" rel=\"noopener\" target=\"_blank\" rel=\"noopener\">De urinis et pulsibus\u00bb de Gilles de Corbeil y \u00abDe urinis\u00bb de Pierleone da Spoleto, un raro de 1514 conservado en la Biblioteca de La Laguna.<\/a>\u00a0<em>Cuadernos de Filolog\u00eda Cl\u00e1sica: estudios latinos<\/em>, 2006, vol. 26, n\u00ba 2, p. 183-192.<\/p>\n<hr \/>\n<p>HERN\u00c1NDEZ, Justo.\u00a0<a href=\"http:\/\/anuariosatlanticos.casadecolon.com\/index.php\/aea\/article\/view\/777\" target=\"_blank\" rel=\"noopener\" target=\"_blank\" rel=\"noopener\">Canarias en el Liber de Arte Medendi (1564) de Crist\u00f3bal de Vega (1510-1573)<\/a>.\u00a0<em>Anuario de Estudios Atl\u00e1nticos<\/em>, 2000, n\u00ba 46, p. 407-415.<\/p>\n<hr \/>\n<p>L\u00d3PEZ PLASENCIA, J.C. Una desconocida joya bibliogr\u00e1fica en la Biblioteca de la Universidad de La Laguna.<em>El D\u00eda\u00a0<\/em>15\/11\/2008.<\/p>\n<hr \/>\n<p>PIZARROSO, Carlos. Algunos incunables de la Biblioteca Provincial de Canarias.\u00a0<em>Revista de Canarias<\/em><i>,\u00a0<\/i>1878-79, vol. 1, p. 307-310.<\/p>\n<hr \/>\n<p>PIZARROSO, Carlos. La Biblioteca de La Laguna: algo de c\u00f3dices.\u00a0<em>Revista de Canarias<\/em><i>,\u00a0<\/i>1878-79, vol. 1, p. 259-261.<\/p>\n<hr \/>\n<p>PIZARROSO, Carlos: Nuevas curiosidades de la Biblioteca de La Laguna.\u00a0<em>Revista de Canarias<\/em><i>,\u00a0<\/i>1880, p. 216-218.<\/p>\n<hr \/>\n<p>RABAD\u00c9 NAVARRO, M.A.\u00a0<a href=\"http:\/\/dialnet.unirioja.es\/servlet\/articulo?codigo=163927\" target=\"_blank\" rel=\"noopener\" target=\"_blank\" rel=\"noopener\">El Fondo Antiguo de la Biblioteca Universitaria de La Laguna (BULL): obras human\u00edsticas latinas del S. XVI: ret\u00f3rica y oratorias sagradas.\u00a0<\/a><em>Fortunatae: Revista Canaria de Filolog\u00eda, Cultura y Humanidades Cl\u00e1sicas,<\/em>\u00a01996, n\u00ba 8, p. 379-387.<\/p>\n<hr \/>\n<p>REAL TORRES, Carolina y SALAS SALGADO, Francisco. La obra ret\u00f3rica de Cicer\u00f3n en el Fondo Antiguo de la Biblioteca de la Universidad de La Laguna: ediciones y comentarios. En\u00a0<em>Pectora mulcet: estudios de ret\u00f3rica y oratoria latinas<\/em>, 2009, vol. 1, p. 489-498.<\/p>\n<hr \/>\n<p>RODR\u00cdGUEZ MORALES, Carlos.<a href=\"http:\/\/dialnet.unirioja.es\/servlet\/articulo?codigo=3361104\" target=\"_blank\" rel=\"noopener\" target=\"_blank\" rel=\"noopener\">\u00a0El \u00abDevoto traductor\u00bb Fray Francisco de Torres Guirola y la edici\u00f3n de la Vida y Novena de Santa Rita (1754)<\/a>.\u00a0<em>Cartas Diferentes<\/em>, 2009, n\u00ba 5, p. 223-232.<\/p>\n<hr \/>\n<p>SALAS SALGADO, Francisco. Epitafios latinos al \u00abDe\u00e1n Bencomo\u00bb.\u00a0<em>Fortunatae: Revista Canaria de Filolog\u00eda, Cultura y Humanidades Cl\u00e1sicas<\/em>, 1996, n\u00ba 8, p. 267-282.<\/p>\n<hr \/>\n<p>SALAS SALGADO, Francisco y REAL TORRES, Carolina. Obras ret\u00f3rica latina en Canarias en el S.XVI: el Fondo Antiguo de la Biblioteca de la Universidad de La Laguna. En\u00a0<em>Pectora mulcet: estudios de ret\u00f3rica y oratoria latinas<\/em>, 2009, vol. 1, p. 499-512.[\/vc_column_text][\/vc_tta_section][vc_tta_section title=\u00bbEdiciones facsimilares\u00bb tab_id=\u00bb1644578241812-ac6872fb-8305&#8243;][vc_column_text]<\/p>\n<div class=\"hero-content col-md-12 ull-content\" role=\"main\">\n<div id=\"main_content\" class=\"ull-body-copy\">\n<div class=\"vc_row wpb_row vc_row-fluid\">\n<div class=\"wpb_column vc_column_container vc_col-sm-8\">\n<div class=\"vc_column-inner\">\n<div class=\"wpb_wrapper\">\n<div class=\"wpb_text_column wpb_content_element \">\n<div class=\"wpb_wrapper\">\n<div id=\"content\" class=\"site-content\">\n<div id=\"primary\" class=\"content-area\">\n<article id=\"post-213\" class=\"post-213 page type-page status-publish hentry\" target=\"_blank\" rel=\"noopener\">\n<div class=\"entry-content\">\n<p align=\"left\">ABREU GALINDO, Andr\u00e9s.\u00a0<em>Vida\u00a0del venerable siervo\u00a0de\u00a0Dios Fr.\u00a0Juan de Jes\u00fas\u00a0religioso lego\u00a0de\u00a0la orden\u00a0de\u00a0N. P. S. Francisco\u00a0de\u00a0la provincia\u00a0de\u00a0San Diego\u00a0de\u00a0Canarias<\/em>. Eds. Domingo Mart\u00ednez\u00a0de\u00a0La Pe\u00f1a Gonz\u00e1lez, Mar\u00eda Laura Izquierdo Guzm\u00e1n, Miguel \u00c1ngel Hern\u00e1ndez Gonz\u00e1lez. La Laguna: Instituto\u00a0de\u00a0Estudios Canarios, 2013<\/p>\n<hr \/>\n<p align=\"left\">N\u00da\u00d1EZ DE LA PE\u00d1A, Juan<i>.\u00a0<\/i><em>Conquista y antig\u00fcedades de las Islas de la Gran Canaria y\u00a0su descripci\u00f3n<\/em>. Las Palmas de Gran Canaria: Universidad de Las Palmas de Gran Canaria, 1994.<\/p>\n<hr \/>\n<p align=\"left\">\u00a0VIANA, Antonio de. \u00a0<em>Antig\u00fcedades de las Islas Afortunadas<\/em>. La Laguna: Ayuntamiento, 1996.<\/p>\n<\/div>\n<\/article>\n<\/div>\n<\/div>\n<footer id=\"colophon\" class=\"site-footer\" role=\"contentinfo\">\n<section class=\"pie footer-left-widget\"><\/section>\n<section class=\"pie footer-center-widget\"><\/section>\n<section class=\"pie footer-right-widget\"><\/section>\n<\/footer>\n<\/div>\n<\/div>\n<\/div>\n<\/div>\n<\/div>\n<div class=\"wpb_column vc_column_container vc_col-sm-4\">\n<div class=\"vc_column-inner\">\n<div class=\"wpb_wrapper\"><\/div>\n<\/div>\n<\/div>\n<\/div>\n<\/div>\n<\/div>\n<p>[\/vc_column_text][\/vc_tta_section][\/vc_tta_accordion][\/vc_column][vc_column width=\u00bb1\/3&#8243;][\/vc_column][\/vc_row]<\/p>\n","protected":false},"excerpt":{"rendered":"<p>[vc_row][vc_column][vc_empty_space][vc_single_image image=\u00bb791&#8243; img_size=\u00bbfull\u00bb onclick=\u00bbcustom_link\u00bb link=\u00bbhttps:\/\/www.ull.es\/eventos\/fondo-antiguo\u00bb][vc_empty_space height=\u00bb64px\u00bb][vc_raw_html]JTNDaDElMjBjbGFzcyUzRCUyMnRpdHVsby1wYWdpbmElMjIlM0VCaWJsaW9ncmFmJUMzJUFEYSUyMHNvYnJlJTIwaW1wcmVzb3MlM0MlMkZoMSUzRQ==[\/vc_raw_html][\/vc_column][\/vc_row][vc_row][vc_column width=\u00bb2\/3&#8243;][vc_tta_accordion color=\u00bbwhite\u00bb active_section=\u00bb0&#8243; no_fill=\u00bbtrue\u00bb collapsible_all=\u00bbtrue\u00bb][vc_tta_section title=\u00bbCat\u00e1logos\u00bb tab_id=\u00bb1644578144447-015e702b-7caa\u00bb][vc_column_text]Incunabula universitatis: los incunables de las bibliotecas universitarias espa\u00f1olas . Edici\u00f3n a cargo de Ram\u00f3n Rodr\u00edguez \u00c1lvarez. Oviedo : Ediciones de la Universidad de Oviedo, 2015 UNIVERSIDAD DE LA LAGUNA. Biblioteca.\u00a0Cat\u00e1logo de Biblias de la Biblioteca Universitaria.\u00a0\u00a0La Laguna: Universidad, Secretariado de Publicaciones, Intercambio&#8230;<\/p>\n","protected":false},"author":8,"featured_media":0,"parent":0,"menu_order":0,"comment_status":"closed","ping_status":"closed","template":"templates\/template-frontpage.php","meta":{"footnotes":""},"class_list":["post-90","page","type-page","status-publish","hentry"],"_links":{"self":[{"href":"https:\/\/www.ull.es\/eventos\/fondo-antiguo\/wp-json\/wp\/v2\/pages\/90"}],"collection":[{"href":"https:\/\/www.ull.es\/eventos\/fondo-antiguo\/wp-json\/wp\/v2\/pages"}],"about":[{"href":"https:\/\/www.ull.es\/eventos\/fondo-antiguo\/wp-json\/wp\/v2\/types\/page"}],"author":[{"embeddable":true,"href":"https:\/\/www.ull.es\/eventos\/fondo-antiguo\/wp-json\/wp\/v2\/users\/8"}],"replies":[{"embeddable":true,"href":"https:\/\/www.ull.es\/eventos\/fondo-antiguo\/wp-json\/wp\/v2\/comments?post=90"}],"version-history":[{"count":11,"href":"https:\/\/www.ull.es\/eventos\/fondo-antiguo\/wp-json\/wp\/v2\/pages\/90\/revisions"}],"predecessor-version":[{"id":711,"href":"https:\/\/www.ull.es\/eventos\/fondo-antiguo\/wp-json\/wp\/v2\/pages\/90\/revisions\/711"}],"wp:attachment":[{"href":"https:\/\/www.ull.es\/eventos\/fondo-antiguo\/wp-json\/wp\/v2\/media?parent=90"}],"curies":[{"name":"wp","href":"https:\/\/api.w.org\/{rel}","templated":true}]}}