{"id":93,"date":"2019-05-09T12:36:17","date_gmt":"2019-05-09T10:36:17","guid":{"rendered":"http:\/\/www.ull.es\/eventos\/fondo-antiguo\/?page_id=93"},"modified":"2023-06-26T12:26:31","modified_gmt":"2023-06-26T10:26:31","slug":"bibliografia-sobre-manuscritos","status":"publish","type":"page","link":"https:\/\/www.ull.es\/eventos\/fondo-antiguo\/bibliografia-sobre-manuscritos\/","title":{"rendered":"Bibliograf\u00eda sobre manuscritos"},"content":{"rendered":"<p>[vc_row full_width=\u00bbstretch_row\u00bb css=\u00bb.vc_custom_1651229101635{background-position: center !important;background-repeat: no-repeat !important;background-size: cover !important;}\u00bb][vc_column][vc_empty_space][vc_single_image image=\u00bb791&#8243; img_size=\u00bbfull\u00bb][vc_empty_space height=\u00bb64px\u00bb][vc_raw_html]JTNDaDElMjBjbGFzcyUzRCUyMnRpdHVsby1wYWdpbmElMjIlM0VCaWJsaW9ncmFmJUMzJUFEYSUyMHNvYnJlJTIwbWFudXNjcml0b3MlM0MlMkZoMSUzRQ==[\/vc_raw_html][\/vc_column][\/vc_row][vc_row][vc_column width=\u00bb2\/3&#8243;][vc_tta_accordion style=\u00bbmodern\u00bb color=\u00bbwhite\u00bb active_section=\u00bb0&#8243; no_fill=\u00bbtrue\u00bb collapsible_all=\u00bbtrue\u00bb][vc_tta_section title=\u00bbCat\u00e1logos y gu\u00edas\u00bb tab_id=\u00bb1651230363329-35514ee4-cd74&#8243;][vc_column_text]<\/p>\n<div id=\"content\" class=\"site-content\">\n<div id=\"primary\" class=\"content-area\">\n<article id=\"post-213\" class=\"post-213 page type-page status-publish hentry\" target=\"_blank\" rel=\"noopener\">\n<div class=\"entry-content\">\n<p>UNIVERSIDAD DE LA LAGUNA. Biblioteca.<em><a href=\"http:\/\/www.bbtk.ull.es\/Private\/folder\/institucional\/bbtk\/Recursos\/Otros\/catalogo_de_manuscritos.pdf\" target=\"_blank\" rel=\"noopener\" target=\"_blank\" rel=\"noopener\">Cat\u00e1logo de manuscritos de la Biblioteca Universitaria de La Laguna<\/a><\/em>. La Laguna: Universidad, Secretariado de Publicaciones, 2002.<\/p>\n<hr \/>\n<p><em>Gu\u00eda de manuscritos en las bibliotecas universitarias espa\u00f1olas.<\/em> Grupo de Trabajo de Patrimonio Bibliogr\u00e1fico de REBIUN. Cuenca: Ediciones de la Universidad de Castilla-La Mancha, 2008.<\/p>\n<hr \/>\n<\/div>\n<\/article>\n<\/div>\n<\/div>\n<footer id=\"colophon\" class=\"site-footer\" role=\"contentinfo\">\n<section class=\"pie footer-left-widget\"><\/section>\n<section class=\"pie footer-center-widget\"><\/section>\n<section class=\"pie footer-right-widget\"><\/section>\n<\/footer>\n<p>[\/vc_column_text][\/vc_tta_section][vc_tta_section title=\u00bbEstudios monogr\u00e1ficos sobre manuscritos\u00bb tab_id=\u00bb1651230363342-b9f6a340-1a34&#8243;][vc_column_text]<\/p>\n<div id=\"content\" class=\"site-content\">\n<div id=\"primary\" class=\"content-area\">\n<article id=\"post-213\" class=\"post-213 page type-page status-publish hentry\" target=\"_blank\" rel=\"noopener\">\n<div class=\"entry-content\">\n<p align=\"left\"><strong>Estudios monogr\u00e1ficos sobre manuscritos:<\/strong><\/p>\n<p>ANCHIETA Y ALARC\u00d3N, Jos\u00e9 Antonio.\u00a0<em>Diario<\/em>\u00a0[ed. de] Daniel Garc\u00eda Pulido. Santa Cruz de Tenerife: Idea, 2011.<\/p>\n<hr \/>\n<p>ANT\u00d3N MART\u00cdNEZ, B. y MART\u00cdNEZ ORTEGA, R.\u00a0<a href=\"http:\/\/dialnet.unirioja.es\/servlet\/articulo?codigo=163879\" target=\"_blank\" rel=\"noopener\" target=\"_blank\" rel=\"noopener\">Los vocablos para traducir a Salustio de Jos\u00e9 de Acosta<\/a>.\u00a0<em>Fortunatae: Revista Canaria de Filolog\u00eda, Cultura y Humanidades Cl\u00e1sicas<\/em>, 1993, n\u00ba 5, p. 185-192.<\/p>\n<hr \/>\n<p align=\"left\">BARRIOS GARC\u00cdA, Jos\u00e9. Sobre las l\u00edneas de transmisi\u00f3n textual del Le Canarien: manuscritos, copias y ediciones.\u00a0En\u00a0<em>V Jornadas de Estudios sobre Fuerteventura y Lanzarote.\u00a0<\/em>Lanzarote: Cabildo Insular, 1993, p. 417-429.<\/p>\n<hr \/>\n<p align=\"left\">B\u00c9THENCOURT ALFONSO, J.\u00a0<em>Historia del pueblo guanche<\/em>. La Laguna: Lemus, 1992-1997.<\/p>\n<hr \/>\n<p align=\"left\">BONNET Y REVER\u00d3N, Buenaventura.\u00a0<em>Del Diario del regidor Anchieta y Alarc\u00f3n<\/em>. Santa Cruz de Tenerife: La Prensa, 1940.<\/p>\n<hr \/>\n<p align=\"left\">BONNET Y REVER\u00d3N, Buenaventura. El Diario del Regidor Anchieta y Alarc\u00f3n.\u00a0<em>El D\u00eda<\/em>(Santa Cruz de Tenerife), 7-12\/1\/1950.<\/p>\n<hr \/>\n<p align=\"left\">BONNET Y REVER\u00d3N, Buenaventura. La isla de San Borond\u00f3n.\u00a0<em>Revista de Historia Canaria<\/em>, 1927,<a href=\"http:\/\/mdc.ulpgc.es\/cdm\/singleitem\/collection\/revhistoria\/id\/208\/rec\/2\" target=\"_blank\" rel=\"noopener\" target=\"_blank\" rel=\"noopener\">\u00a0n\u00ba16<\/a>, p. 227-235, 1928,\u00a0<a href=\"http:\/\/mdc.ulpgc.es\/cdm\/singleitem\/collection\/revhistoria\/id\/132\/rec\/2\" target=\"_blank\" rel=\"noopener\" target=\"_blank\" rel=\"noopener\">n\u00ba 17<\/a>, p. 3-11, 1929,\u00a0<a href=\"http:\/\/mdc.ulpgc.es\/cdm\/singleitem\/collection\/revhistoria\/id\/248\/rec\/2\" target=\"_blank\" rel=\"noopener\" target=\"_blank\" rel=\"noopener\">n\u00ba 21<\/a>, p. 129-133, 1929,<a href=\"http:\/\/mdc.ulpgc.es\/cdm\/singleitem\/collection\/revhistoria\/id\/294\/rec\/1\" target=\"_blank\" rel=\"noopener\" target=\"_blank\" rel=\"noopener\">\u00a0n\u00ba 22<\/a>, p. 187-189, 1929,\u00a0<a href=\"http:\/\/mdc.ulpgc.es\/cdm\/singleitem\/collection\/revhistoria\/id\/412\/rec\/2\" target=\"_blank\" rel=\"noopener\" target=\"_blank\" rel=\"noopener\">n\u00ba 23<\/a>, p. 197-204, 1929,\u00a0<a href=\"http:\/\/mdc.ulpgc.es\/cdm\/singleitem\/collection\/revhistoria\/id\/128\/rec\/2\" target=\"_blank\" rel=\"noopener\" target=\"_blank\" rel=\"noopener\">n\u00ba 24<\/a>, p. 227-230.<\/p>\n<hr \/>\n<p align=\"left\">BONNET Y REVER\u00d3N, Buenaventura.\u00a0<a href=\"http:\/\/dialnet.unirioja.es\/servlet\/articulo?codigo=2277046\" target=\"_blank\" rel=\"noopener\" target=\"_blank\" rel=\"noopener\">La perla de nuestra Biblioteca Provincial: un c\u00f3dice de la Edad Media.<\/a>\u00a0<em>Revista de Historia Canaria<\/em>, 1926, n\u00ba\u00a011, p. 74-76.<\/p>\n<hr \/>\n<p>CASTILLO, Pedro Agust\u00edn del.\u00a0<em>Descripci\u00f3n hist\u00f3rica y geogr\u00e1fica de las Islas Canarias acabada en 1737<\/em>. Las Palmas de Gran Canaria: Gabinete Literario, 1948-1960.<\/p>\n<hr \/>\n<p>CAVANILLES, Jos\u00e9.\u00a0<em>Cartas a Jos\u00e9 Viera y Clavijo<\/em>. Santa Cruz de Tenerife: Aula de Cultura de Tenerife, 1981.<\/p>\n<hr \/>\n<p><em>Conquista de la isla de Gran Canaria: cr\u00f3nica an\u00f3nima conservada en un manuscrito en la Biblioteca Provincial de La Laguna.\u00a0<\/em>La Laguna: Instituto de Estudios Canarios, 1933<em>.<\/em><\/p>\n<hr \/>\n<p align=\"left\"><em>Conquista de la Isla de Gran Canaria: (Cr\u00f3nica lacunense)<\/em>. Las Palmas de Gran Canaria: El Museo Canario, 1976.<\/p>\n<hr \/>\n<p align=\"left\">CORBELLA D\u00cdAZ, Dolores y CORRALES, Crist\u00f3bal. El manuscrito voces de La Palma de J.M. Hern\u00e1ndez de las Casas.\u00a0<em>Estudios Canarios<\/em>, 2003, n\u00ba 48, p. 113-140.<\/p>\n<hr \/>\n<p align=\"left\">FRAGA GONZ\u00c1LEZ, Carmen.\u00a0<a href=\"http:\/\/dialnet.unirioja.es\/servlet\/articulo?codigo=2234109\" target=\"_blank\" rel=\"noopener\" target=\"_blank\" rel=\"noopener\">Apuntes sobre Fuerteventura en 1837.<\/a>\u00a0<em>Tebeto: Anuario del Archivo Hist\u00f3rico Insular de Fuerteventura<\/em>, 1991, n\u00ba 4, p. 253-261.<\/p>\n<hr \/>\n<p align=\"left\">GONZ\u00c1LEZ MARRERO, J. A. La Carta Apolog\u00e9tica de M. Fern\u00e1ndez Sidr\u00f3n de 1735: una versi\u00f3n castellana del\u00a0texto de J. Colgan de Eggressione familiae Sancti Brendani.\u00a0<em>Revista de Filolog\u00eda de la Universidad de La Laguna<\/em>,\u00a01997, n\u00ba 15, p. 71-85.<\/p>\n<hr \/>\n<p align=\"left\">HERN\u00c1NDEZ PERERA, J. Arte en Canarias. En\u00a0<em>Canarias<\/em>.\u00a0Madrid: Fundaci\u00f3n Juan March,\u00a01984, p. 205-206.<\/p>\n<hr \/>\n<p align=\"left\">HERN\u00c1NDEZ PERERA, J. Miniaturas del \u00abLibro de Horas\u00bb de la Universidad de La Laguna.\u00a0<em>Estudios Canarios<\/em>, 1965, n\u00ba10, p. 24-27.<\/p>\n<hr \/>\n<p align=\"left\">HERN\u00c1NDEZ PERERA, J. Tabern\u00e1culos neocl\u00e1sicos de Tenerife y Gran Canaria.\u00a0<em>Estudios Canarios<\/em>, 1968, n\u00ba 11-13, p. 44-50.<\/p>\n<hr \/>\n<p>IZQUIERDO IZQUIERDO, J. A. y MART\u00cdNEZ ORTEGA, R.\u00a0<a href=\"http:\/\/dialnet.unirioja.es\/servlet\/articulo?codigo=163859\" target=\"_blank\" rel=\"noopener\" target=\"_blank\" rel=\"noopener\">Comentario del poema Ad Bacchum de Jos\u00e9 de Acosta.<\/a>\u00a0<em>Fortunatae: Revista Canaria de Filolog\u00eda, Cultura y Humanidades Cl\u00e1sicas,<\/em>\u00a01992, n\u00ba 4, p. 279-289.<\/p>\n<hr \/>\n<p><em>Libro de Horas de la Universidad de La Laguna<\/em>\u00a0[carpeta de 13 l\u00e1minas]. La Laguna: Universidad, 1998.<\/p>\n<hr \/>\n<p align=\"left\">MART\u00cdNEZ ORTEGA, Ricardo.\u00a0<a href=\"http:\/\/dialnet.unirioja.es\/servlet\/articulo?codigo=163809\" target=\"_blank\" rel=\"noopener\" target=\"_blank\" rel=\"noopener\">Exposici\u00f3n de los \u00abAsuntos de latinidad\u00bb de Jos\u00e9 de Acosta.<\/a>\u00a0<em>Fortunatae: Revista Canaria de Filolog\u00eda, Cultura y Humanidades Cl\u00e1sicas<\/em>, 1991, n\u00ba 1, p. 241-244.<\/p>\n<hr \/>\n<p align=\"left\">MART\u00cdNEZ ORTEGA, Ricardo.\u00a0<em>Una ret\u00f3rica latina del siglo XIX en Canarias<\/em>. Tesis doctoral in\u00e9dita. Universidad de La Laguna, 1993, p. 66-83.<\/p>\n<hr \/>\n<p align=\"left\">MILLARES CARLO, Agust\u00edn.\u00a0<a href=\"http:\/\/dialnet.unirioja.es\/servlet\/articulo?codigo=2545555\" target=\"_blank\" rel=\"noopener\" target=\"_blank\" rel=\"noopener\">Una cr\u00f3nica primitiva de la conquista de Gran Canaria<\/a>.\u00a0<em>El Museo Canario<\/em>, 1935, vol. III, n\u00ba 5, p. 35-90.<\/p>\n<p align=\"left\"><em>Noticias de la Isla de San Borond\u00f3n<\/em>. La Laguna: Instituto de Estudios Canarios, 1997.<\/p>\n<hr \/>\n<p align=\"left\"><em>Patrimonio e historia de la antigua Catedral de La\u00a0Laguna<\/em>. Textos Rosario \u00c1lvarez Mart\u00ednez\u2026 (et al.); coord. Juan Alejandro Lorenzo Lima. La Laguna: Di\u00f3cesis, 2013.<\/p>\n<hr \/>\n<p align=\"left\">PERAZA DE AYALA, Jos\u00e9.\u00a0<a href=\"http:\/\/mdc.ulpgc.es\/cdm\/singleitem\/collection\/revhiscan\/id\/265\/rec\/11\" target=\"_blank\" rel=\"noopener\" target=\"_blank\" rel=\"noopener\">El abecedario o \u00edndice onom\u00e1stico de genealog\u00edas de Nu\u00f1ez de la Pe\u00f1a<\/a>.\u00a0<em>Revista de Historia Canaria<\/em>, 1957, n\u00ba 117-118, p. 89-91.<\/p>\n<hr \/>\n<p align=\"left\">PIZARROSO, Carlos.\u00a0Aut\u00f3grafos de Viera.\u00a0<em>Revista de Canarias<\/em>, 1878, vol. I, n\u00ba 26, p. 402-405.<\/p>\n<hr \/>\n<p align=\"left\">PIZARROSO, Carlos. Biblioteca de La Laguna: algo de c\u00f3dices.\u00a0<em>Revista de Canarias<\/em>, 1878, vol. I, n\u00ba 17, p. 259-261.<\/p>\n<hr \/>\n<p align=\"left\">PIZARROSO, Carlos.\u00a0Nuevas curiosidades de la Biblioteca de La Laguna.\u00a0<em>Revista de Canarias<\/em>, 1880, vol. II, n\u00ba 40, p. 216-218.<\/p>\n<hr \/>\n<p align=\"left\">R\u00c9GULO P\u00c9REZ, Juan.\u00a0<a href=\"http:\/\/mdc.ulpgc.es\/cdm\/singleitem\/collection\/revhiscan\/id\/191\/rec\/3\" target=\"_blank\" rel=\"noopener\" target=\"_blank\" rel=\"noopener\">Notas acerca del habla de la Isla de La Palma<\/a>.\u00a0<em>Revista de Historia Canaria<\/em>, 1968-69, n\u00ba\u00a0157-164,\u00a0 p. 12-174.<\/p>\n<hr \/>\n<p align=\"left\">REYES MART\u00cdN, J.\u00a0<em>Serie de barbarismos, solecismos, aldeanismos y provincialismos que se refieren especialmente al vulgo tinerfe\u00f1o<\/em>. G\u00e1ldar: Tip. del Norte, 1957.<\/p>\n<hr \/>\n<p align=\"left\">ROCA ALAMA, Mar\u00eda Jos\u00e9.\u00a0Aproximaci\u00f3n al Stadium Solis de Fray Andr\u00e9s de Abreu. En\u00a0<em>Strenae Emmanuelae Marrero Oblatae<\/em>. La Laguna: Universidad, 1993, p. 368-374.<\/p>\n<hr \/>\n<p align=\"left\">ROCA ALAMA, Mar\u00eda Jos\u00e9.\u00a0<a href=\"http:\/\/dialnet.unirioja.es\/servlet\/articulo?codigo=163828\" target=\"_blank\" rel=\"noopener\" target=\"_blank\" rel=\"noopener\">Plinio el Joven en los preliminares al Stadium Solis de Fray Andr\u00e9s de Abreu.<\/a>\u00a0<i>Fortunatae:\u00a0<\/i><em>Revista Canaria de Filolog\u00eda, Cultura y Humanidades Cl\u00e1sicas<\/em>, 1991, n\u00ba 2, p. 287-296.<\/p>\n<hr \/>\n<p align=\"left\">SALAS SALGADO, Francisco.\u00a0<a href=\"http:\/\/publica.webs.ull.es\/upload\/REV%20FORTUNATAE\/18%20-%202007\/TEXTOS%20COMPLETOS%20CORRECTOS\/13%20(Francisco%20Salas%20Salgado).pdf\" target=\"_blank\" rel=\"noopener\" target=\"_blank\" rel=\"noopener\">La Carta Apolog\u00e9tica (1735) de Manuel Fern\u00e1ndez Sidr\u00f3n y la cultura latina de su tiempo.<\/a>\u00a0<em>Fortunatae: Revista Canaria de Filolog\u00eda, Cultura y Humanidades Cl\u00e1sicas<\/em>, 2007, n\u00ba 18, p. 183-201.<\/p>\n<hr \/>\n<p align=\"left\">SALAS SALGADO, Francisco.\u00a0<a href=\"http:\/\/publica.webs.ull.es\/upload\/REV%20FILOLOGIA\/25%20-%202007\/53%20Salas.pdf\" target=\"_blank\" rel=\"noopener\" target=\"_blank\" rel=\"noopener\">Poemas latinos en la Carta Apolog\u00e9tica de Manuel Fern\u00e1ndez Sidr\u00f3n<\/a>.\u00a0<em>Revista de Filolog\u00eda de la Universidad de La Laguna<\/em>, 2007, n\u00ba 25, p. 549-558.<\/p>\n<hr \/>\n<p align=\"left\">SALAS SALGADO, Francisco.\u00a0<a href=\"http:\/\/hispaniasacra.revistas.csic.es\/index.php\/hispaniasacra\/article\/view\/100\/98\" target=\"_blank\" rel=\"noopener\" target=\"_blank\" rel=\"noopener\">Sobre los marginalia en la Carta Apolog\u00e9tica (1735) de Manuel Fern\u00e1ndez Sidr\u00f3n<\/a>: lecturas en lat\u00edn y vern\u00e1culo de un franciscano canario.\u00a0<em>Hispana Sacra<\/em>, 2009, vol. 61, n\u00ba 124, p. 621-647.<\/p>\n<hr \/>\n<p align=\"left\">SAMSO, J.<a href=\"http:\/\/mdc.ulpgc.es\/cdm\/singleitem\/collection\/revhiscan\/id\/58\/rec\/5\" target=\"_blank\" rel=\"noopener\" target=\"_blank\" rel=\"noopener\">\u00a0Un calendario perpetuo en \u00abEl Libro de Horas\u00bb conservado en la Biblioteca de la Universidad de La Laguna.<\/a>\u00a0<em>Revista de Historia Canaria<\/em>, 1973-76, n\u00ba 170, p. 125-132.<\/p>\n<hr \/>\n<p align=\"left\">\u00a0SANTIAGO, M. Windom en La Gomera, La Palma y Gran Canaria en mayo junio de 1743.\u00a0<em>Revista de Historia Canaria<\/em>, 1943,\u00a0<a href=\"http:\/\/mdc.ulpgc.es\/cdm\/singleitem\/collection\/revhistoria\/id\/454\/rec\/5\" target=\"_blank\" rel=\"noopener\" target=\"_blank\" rel=\"noopener\">n\u00ba. 63, p. 205-215<\/a>; 1943,\u00a0<a href=\"http:\/\/mdc.ulpgc.es\/cdm\/singleitem\/collection\/revhistoria\/id\/423\/rec\/9\" target=\"_blank\" rel=\"noopener\" target=\"_blank\" rel=\"noopener\">n\u00ba. 64, p. 321-330.<\/a><\/p>\n<hr \/>\n<p align=\"left\">SANTIAGO, M.<a href=\"http:\/\/mdc.ulpgc.es\/cdm\/singleitem\/collection\/revhistoria\/id\/648\/rec\/6\" target=\"_blank\" rel=\"noopener\" target=\"_blank\" rel=\"noopener\">\u00a0Woodes Rogers en Canarias<\/a>.\u00a0<em>Revista de Historia Canaria<\/em>, 1944, n\u00ba. 66, p. 156-172.<\/p>\n<hr \/>\n<p align=\"left\">STEFFEN, M.\u00a0<a href=\"http:\/\/mdc.ulpgc.es\/cdm\/ref\/collection\/revhistoria\/id\/684\" target=\"_blank\" rel=\"noopener\" target=\"_blank\" rel=\"noopener\">Lexicograf\u00eda canaria<\/a>.\u00a0<em>Revista de Historia Canaria<\/em>, 1948, n\u00ba. 84, p. 416.<\/p>\n<hr \/>\n<\/div>\n<\/article>\n<\/div>\n<\/div>\n<footer id=\"colophon\" class=\"site-footer\" role=\"contentinfo\">\n<section class=\"pie footer-left-widget\"><\/section>\n<section class=\"pie footer-center-widget\"><\/section>\n<section class=\"pie footer-right-widget\"><\/section>\n<\/footer>\n<p>[\/vc_column_text][\/vc_tta_section][vc_tta_section title=\u00bbEdiciones facsimilares\u00bb tab_id=\u00bb1651230608102-30cc96cc-748f\u00bb][vc_column_text]<\/p>\n<div id=\"content\" class=\"site-content\">\n<div id=\"primary\" class=\"content-area\">\n<article id=\"post-213\" class=\"post-213 page type-page status-publish hentry\" target=\"_blank\" rel=\"noopener\">\n<div class=\"entry-content\">\n<p align=\"left\"><b>Ediciones facsimilares:<\/b><\/p>\n<p align=\"left\">PEREIRA PACHECO Y RUIZ, Antonio.\u00a0<em>Escudos de armas<\/em>. La Laguna: Ayuntamiento, 1998.<\/p>\n<hr \/>\n<p align=\"left\">VIERA Y CLAVIJO, Jos\u00e9 de.\u00a0<em>Constelaci\u00f3n canaria<\/em>. Santa Cruz de Tenerife: Consejer\u00eda de Cultura y Deportes, 1985.<\/p>\n<\/div>\n<\/article>\n<\/div>\n<\/div>\n<footer id=\"colophon\" class=\"site-footer\" role=\"contentinfo\">\n<section class=\"pie footer-left-widget\"><\/section>\n<section class=\"pie footer-center-widget\"><\/section>\n<section class=\"pie footer-right-widget\"><\/section>\n<\/footer>\n<p>[\/vc_column_text][\/vc_tta_section][\/vc_tta_accordion][\/vc_column][vc_column width=\u00bb1\/3&#8243;][\/vc_column][\/vc_row]<\/p>\n","protected":false},"excerpt":{"rendered":"<p>[vc_row full_width=\u00bbstretch_row\u00bb css=\u00bb.vc_custom_1651229101635{background-position: center !important;background-repeat: no-repeat !important;background-size: cover !important;}\u00bb][vc_column][vc_empty_space][vc_single_image image=\u00bb791&#8243; img_size=\u00bbfull\u00bb][vc_empty_space height=\u00bb64px\u00bb][vc_raw_html]JTNDaDElMjBjbGFzcyUzRCUyMnRpdHVsby1wYWdpbmElMjIlM0VCaWJsaW9ncmFmJUMzJUFEYSUyMHNvYnJlJTIwbWFudXNjcml0b3MlM0MlMkZoMSUzRQ==[\/vc_raw_html][\/vc_column][\/vc_row][vc_row][vc_column width=\u00bb2\/3&#8243;][vc_tta_accordion style=\u00bbmodern\u00bb color=\u00bbwhite\u00bb active_section=\u00bb0&#8243; no_fill=\u00bbtrue\u00bb collapsible_all=\u00bbtrue\u00bb][vc_tta_section title=\u00bbCat\u00e1logos y gu\u00edas\u00bb tab_id=\u00bb1651230363329-35514ee4-cd74&#8243;][vc_column_text] UNIVERSIDAD DE LA LAGUNA. Biblioteca.Cat\u00e1logo de manuscritos de la Biblioteca Universitaria de La Laguna. La Laguna: Universidad, Secretariado de Publicaciones, 2002. Gu\u00eda de manuscritos en las bibliotecas universitarias espa\u00f1olas. Grupo de Trabajo de&#8230;<\/p>\n","protected":false},"author":8,"featured_media":0,"parent":0,"menu_order":0,"comment_status":"closed","ping_status":"closed","template":"templates\/template-no-title.php","meta":{"footnotes":""},"class_list":["post-93","page","type-page","status-publish","hentry"],"_links":{"self":[{"href":"https:\/\/www.ull.es\/eventos\/fondo-antiguo\/wp-json\/wp\/v2\/pages\/93"}],"collection":[{"href":"https:\/\/www.ull.es\/eventos\/fondo-antiguo\/wp-json\/wp\/v2\/pages"}],"about":[{"href":"https:\/\/www.ull.es\/eventos\/fondo-antiguo\/wp-json\/wp\/v2\/types\/page"}],"author":[{"embeddable":true,"href":"https:\/\/www.ull.es\/eventos\/fondo-antiguo\/wp-json\/wp\/v2\/users\/8"}],"replies":[{"embeddable":true,"href":"https:\/\/www.ull.es\/eventos\/fondo-antiguo\/wp-json\/wp\/v2\/comments?post=93"}],"version-history":[{"count":12,"href":"https:\/\/www.ull.es\/eventos\/fondo-antiguo\/wp-json\/wp\/v2\/pages\/93\/revisions"}],"predecessor-version":[{"id":468,"href":"https:\/\/www.ull.es\/eventos\/fondo-antiguo\/wp-json\/wp\/v2\/pages\/93\/revisions\/468"}],"wp:attachment":[{"href":"https:\/\/www.ull.es\/eventos\/fondo-antiguo\/wp-json\/wp\/v2\/media?parent=93"}],"curies":[{"name":"wp","href":"https:\/\/api.w.org\/{rel}","templated":true}]}}