{"id":52,"date":"2022-09-01T12:19:03","date_gmt":"2022-09-01T12:19:03","guid":{"rendered":"https:\/\/www.ull.es\/eventos\/fondo-transicion-democratica\/?page_id=52"},"modified":"2023-09-28T11:04:47","modified_gmt":"2023-09-28T11:04:47","slug":"informacion","status":"publish","type":"page","link":"https:\/\/www.ull.es\/eventos\/fondo-transicion-democratica\/informacion\/","title":{"rendered":"Archivo"},"content":{"rendered":"<p>[vc_row el_class=\u00bbcabecera\u00bb][vc_column width=\u00bb1\/4&#8243;][vc_empty_space height=\u00bb48px\u00bb][vc_single_image image=\u00bb26&#8243; img_size=\u00bbfull\u00bb el_class=\u00bblogo-atdc\u00bb][vc_empty_space height=\u00bb72px\u00bb][\/vc_column][vc_column width=\u00bb3\/4&#8243;][\/vc_column][\/vc_row][vc_row][vc_column width=\u00bb1\/4&#8243;][vc_separator][vc_empty_space][vc_single_image image=\u00bb48&#8243; img_size=\u00bbfull\u00bb onclick=\u00bbimg_link_large\u00bb el_class=\u00bbilustracion_atdc\u00bb][vc_single_image image=\u00bb44&#8243; img_size=\u00bbfull\u00bb][vc_single_image image=\u00bb42&#8243; img_size=\u00bbfull\u00bb][\/vc_column][vc_column width=\u00bb3\/4&#8243;][vc_row_inner equal_height=\u00bbyes\u00bb][vc_column_inner][vc_separator][vc_empty_space][vc_column_text]<\/p>\n<h2>\u00bfQu\u00e9 es el archivo hist\u00f3rico de la transici\u00f3n?<\/h2>\n<p>El Archivo de la Transici\u00f3n Democr\u00e1tica en Canarias, es una iniciativa del Departamento de Historia y la Biblioteca Universitaria de La Laguna para la recopilaci\u00f3n, organizaci\u00f3n, preservaci\u00f3n y difusi\u00f3n de la documentaci\u00f3n pol\u00edtica producida por las organizaciones pol\u00edticas, sindicales y sociales durante el franquismo, la transici\u00f3n y la consolidaci\u00f3n de la democracia.<\/p>\n<p>El per\u00edodo de la Transici\u00f3n Democr\u00e1tica en Canarias fue un per\u00edodo hist\u00f3rico de gran actividad pol\u00edtica, social, sindical y cultural.\u00a0 Durante esos a\u00f1os nacieron y desplegaron su actividad numerosas organizaciones, muchas de las cuales han desaparecido como tales.\u00a0 Como consecuencia de esa proliferaci\u00f3n de organizaciones y de la enorme intensidad alcanzada por la actividad pol\u00edtica y social, durante esos a\u00f1os se produjo una cantidad enorme de documentaci\u00f3n escrita: publicaciones peri\u00f3dicas, manifiestos, panfletos, octavillas, documentos de trabajo internos, resoluciones, etc.<\/p>\n<p>El tiempo y la desaparici\u00f3n de muchas de las organizaciones que la produjeron, teniendo en cuenta adem\u00e1s que parte de la documentaci\u00f3n desapareci\u00f3 o se destruy\u00f3 como consecuencia del intento de golpe de estado del 23 de febrero de 1981, hizo que buena parte de esa documentaci\u00f3n haya desaparecido, est\u00e9 en trance de hacerlo o corre un riesgo real de desaparecer, a pesar del desvelo entusiasta de muchos de los protagonistas de los acontecimientos que la produjeron.<\/p>\n<p>&nbsp;<\/p>\n<h2>Objetivos<\/h2>\n<p>Ante esta situaci\u00f3n, la Biblioteca Universitaria y el Departamento de Geograf\u00eda e Historia de la Universidad de La Laguna han decidido promover la creaci\u00f3n de un \u00abArchivo Hist\u00f3rico de la Transici\u00f3n Democr\u00e1tica en Canarias\u00bb con un doble fin.\u00a0 En primer lugar, el de tratar de preservar la documentaci\u00f3n de todo tipo producida durante el franquismo, la transici\u00f3n y la consolidaci\u00f3n de la democracia.<\/p>\n<p>Dado que buena parte de esa documentaci\u00f3n pertenece a organizaciones de oposici\u00f3n al franquismo, que con frecuencia operaron en una situaci\u00f3n de clandestinidad o semiclandestinidad, y que, por tanto, se encuentra mayoritariamente en manos particulares, en una primera etapa se ha decidido orientar el mayor esfuerzo a recuperar la documentaci\u00f3n perteneciente a dichas organizaciones (partidos, sindicatos, movimientos sociales, etc.)<\/p>\n<p>El segundo objetivo es el de garantizar la conservaci\u00f3n de dicha documentaci\u00f3n en las mejores condiciones posibles, para lo cual la Biblioteca pondr\u00e1 a disposici\u00f3n sus instalaciones y medios t\u00e9cnicos.\u00a0 Se pretende facilitar el acceso y consulta a la misma mediante los instrumentos de descripci\u00f3n necesarios para ello y su digitalizaci\u00f3n.\u00a0 De este modo se evitar\u00e1\u00a0que ocurra lo mismo que con otros per\u00edodos de la historia de Canarias, en que la desaparici\u00f3n de buena parte de las fuentes nos impide alcanzar un conocimiento m\u00e1s profundo de los acontecimientos y cambios experimentados por la sociedad canaria.<\/p>\n<p>Con la creaci\u00f3n de este Archivo, por tanto, no s\u00f3lo garantizaremos la preservaci\u00f3n y conservaci\u00f3n de una documentaci\u00f3n hist\u00f3rica de vital importancia, sino que pondremos a disposici\u00f3n del personal investigador y de la sociedad en general unas fuentes que, en caso contrario, probablemente acabar\u00edan por desaparecer.\u00a0 Lo que implicar\u00eda, entre otras cosas, que aquella parte de la realidad social y de la actividad p\u00fablica de que esa documentaci\u00f3n es expresi\u00f3n ser\u00eda casi imposible de reconstruir, as\u00ed como ser\u00eda imposible conocer los puntos de vista y las motivaciones de las personas que la vivieron y la encarnaron.<\/p>\n<p>Debido a ello, continuaremos solicitando la colaboraci\u00f3n de todas aquellas personas y organizaciones de todo el espectro pol\u00edtico y social de la \u00e9poca, que tengan en su poder documentaci\u00f3n de inter\u00e9s hist\u00f3rico del per\u00edodo de la Transici\u00f3n Democr\u00e1tica para la realizaci\u00f3n de este Proyecto de Archivo.[\/vc_column_text][\/vc_column_inner][\/vc_row_inner][vc_row_inner equal_height=\u00bbyes\u00bb][vc_column_inner][vc_separator][\/vc_column_inner][\/vc_row_inner][vc_row_inner disable_element=\u00bbyes\u00bb][vc_column_inner][vc_basic_grid post_type=\u00bblistado-legados\u00bb max_items=\u00bb-1&#8243; item=\u00bb9140&#8243; grid_id=\u00bbvc_gid:1666078415007-df561ec8-cca2-0&#8243;][\/vc_column_inner][\/vc_row_inner][\/vc_column][\/vc_row]<\/p>\n","protected":false},"excerpt":{"rendered":"<p>[vc_row el_class=\u00bbcabecera\u00bb][vc_column width=\u00bb1\/4&#8243;][vc_empty_space height=\u00bb48px\u00bb][vc_single_image image=\u00bb26&#8243; img_size=\u00bbfull\u00bb el_class=\u00bblogo-atdc\u00bb][vc_empty_space height=\u00bb72px\u00bb][\/vc_column][vc_column width=\u00bb3\/4&#8243;][\/vc_column][\/vc_row][vc_row][vc_column width=\u00bb1\/4&#8243;][vc_separator][vc_empty_space][vc_single_image image=\u00bb48&#8243; img_size=\u00bbfull\u00bb onclick=\u00bbimg_link_large\u00bb el_class=\u00bbilustracion_atdc\u00bb][vc_single_image image=\u00bb44&#8243; img_size=\u00bbfull\u00bb][vc_single_image image=\u00bb42&#8243; img_size=\u00bbfull\u00bb][\/vc_column][vc_column width=\u00bb3\/4&#8243;][vc_row_inner equal_height=\u00bbyes\u00bb][vc_column_inner][vc_separator][vc_empty_space][vc_column_text] \u00bfQu\u00e9 es el archivo hist\u00f3rico de la transici\u00f3n? El Archivo de la Transici\u00f3n Democr\u00e1tica en Canarias, es una iniciativa del Departamento de Historia y la Biblioteca Universitaria de La Laguna para la recopilaci\u00f3n, organizaci\u00f3n, preservaci\u00f3n&#8230;<\/p>\n","protected":false},"author":14,"featured_media":0,"parent":0,"menu_order":0,"comment_status":"closed","ping_status":"closed","template":"","meta":{"footnotes":""},"class_list":["post-52","page","type-page","status-publish","hentry"],"_links":{"self":[{"href":"https:\/\/www.ull.es\/eventos\/fondo-transicion-democratica\/wp-json\/wp\/v2\/pages\/52"}],"collection":[{"href":"https:\/\/www.ull.es\/eventos\/fondo-transicion-democratica\/wp-json\/wp\/v2\/pages"}],"about":[{"href":"https:\/\/www.ull.es\/eventos\/fondo-transicion-democratica\/wp-json\/wp\/v2\/types\/page"}],"author":[{"embeddable":true,"href":"https:\/\/www.ull.es\/eventos\/fondo-transicion-democratica\/wp-json\/wp\/v2\/users\/14"}],"replies":[{"embeddable":true,"href":"https:\/\/www.ull.es\/eventos\/fondo-transicion-democratica\/wp-json\/wp\/v2\/comments?post=52"}],"version-history":[{"count":10,"href":"https:\/\/www.ull.es\/eventos\/fondo-transicion-democratica\/wp-json\/wp\/v2\/pages\/52\/revisions"}],"predecessor-version":[{"id":126,"href":"https:\/\/www.ull.es\/eventos\/fondo-transicion-democratica\/wp-json\/wp\/v2\/pages\/52\/revisions\/126"}],"wp:attachment":[{"href":"https:\/\/www.ull.es\/eventos\/fondo-transicion-democratica\/wp-json\/wp\/v2\/media?parent=52"}],"curies":[{"name":"wp","href":"https:\/\/api.w.org\/{rel}","templated":true}]}}