{"id":69,"date":"2022-09-02T10:39:10","date_gmt":"2022-09-02T10:39:10","guid":{"rendered":"https:\/\/www.ull.es\/eventos\/fondo-transicion-democratica\/?page_id=69"},"modified":"2022-09-02T10:41:15","modified_gmt":"2022-09-02T10:41:15","slug":"preguntas-frecuentes","status":"publish","type":"page","link":"https:\/\/www.ull.es\/eventos\/fondo-transicion-democratica\/preguntas-frecuentes\/","title":{"rendered":"Preguntas Frecuentes"},"content":{"rendered":"<p>[vc_row el_class=\u00bbcabecera\u00bb][vc_column width=\u00bb1\/4&#8243;][vc_empty_space height=\u00bb48px\u00bb][vc_single_image image=\u00bb26&#8243; img_size=\u00bbfull\u00bb el_class=\u00bblogo-atdc\u00bb][vc_empty_space height=\u00bb72px\u00bb][\/vc_column][vc_column width=\u00bb3\/4&#8243;][\/vc_column][\/vc_row][vc_row][vc_column width=\u00bb1\/4&#8243;][vc_separator][vc_empty_space][\/vc_column][vc_column width=\u00bb3\/4&#8243;][vc_row_inner equal_height=\u00bbyes\u00bb][vc_column_inner][vc_separator][vc_empty_space][vc_column_text]<\/p>\n<h2>Preguntas frecuentes<\/h2>\n<p>Si entre las preguntas que se formulan a continuaci\u00f3n no encuentra las respuestas a sus dudas, puede rellenar el siguiente <a href=\"https:\/\/docs.google.com\/a\/ull.edu.es\/spreadsheet\/viewform?usp=drive_web&amp;authkey=CKTknusG&amp;authkey=CKTknusG&amp;formkey=dDFYNFE5NTNTQnl2MHcxeVowU2I0c1E6MQ#gid=0\" target=\"_blank\" rel=\"noopener\">formulario<\/a>.[\/vc_column_text][vc_separator][vc_empty_space][vc_toggle title=\u00bb\u00bfQu\u00e9 horario tiene el Archivo de la Transici\u00f3n?\u00bb]De lunes a viernes de 8:00 a 14:45 horas de la tarde.[\/vc_toggle][vc_toggle title=\u00bb\u00bfD\u00f3nde se consulta el Archivo de la Transici\u00f3n?\u00bb]En la planta 1\u00aa de la Biblioteca General y de Humanidades del Campus de Guajara.[\/vc_toggle][vc_toggle title=\u00bb\u00bfQu\u00e9 documentos se necesitan para poder consultar el Archivo de la Transici\u00f3n?\u00bb]Para la comunidad universitaria y Alumni ULL,\u00a0 s\u00f3lo la tarjeta universitaria.<\/p>\n<p>Los investigadores externos necesitan tener un carnet de lector, para ello deben presentar una solicitud impresa, una fotocopia del DNI, una fotograf\u00eda y un aval de un PDI o PAS que le acredite.<\/p>\n<p>La solicitud impresa se recoger\u00e1 y entregar\u00e1, con los dem\u00e1s documentos, en el mostrador de la planta 0 de la Biblioteca General y de Humanidades del Campus de Guajara.[\/vc_toggle][vc_toggle title=\u00bb\u00bfSe prestan los documentos del Archivo de la Transici\u00f3n?\u00bb]Estos documentos, por razones de conservaci\u00f3n y preservaci\u00f3n, est\u00e1n excluidas del pr\u00e9stamo.[\/vc_toggle][vc_toggle title=\u00bb\u00bfEst\u00e1n incluidas todos los documentos del Archivo de la Transici\u00f3n en el cat\u00e1logo en l\u00ednea?\u00bb]En la actualidad est\u00e1n incluidos en el cat\u00e1logo unos mil registros.[\/vc_toggle][vc_toggle title=\u00bb\u00bfSi no localiz\u00f3 un documento en el cat\u00e1logo, significa qu\u00e9 no est\u00e1 en la Biblioteca?\u00bb]No, puede estar en nuestros fondos, pero en proceso de catalogaci\u00f3n. Debe consultar el<a href=\"https:\/\/docs.google.com\/spreadsheets\/d\/1q9Ix9b8HgScBFeCpKEdKINV7TRfEQk8kpqsXzeVpv44\/edit?usp=sharing\" target=\"_blank\" rel=\"noopener\"> inventario<\/a>, o bien, solicitar informaci\u00f3n a la responsable del Fondo.[\/vc_toggle][vc_toggle title=\u00bb\u00bfC\u00f3mo puedo obtener informaci\u00f3n bibliogr\u00e1fica sobre el Archivo de la Transici\u00f3n?\u00bb]Puede dirigirse a la responsable del Fondo en la planta tercera de la Biblioteca General y de Humanidades , o bien por <a href=\"atdc@ull.edu.es\" target=\"_blank\" rel=\"noopener\">correo electr\u00f3nico<\/a>.[\/vc_toggle][vc_toggle title=\u00bb\u00bfSe puede fotocopiar o reproducir por alg\u00fan procedimiento el Archivo de la Transici\u00f3n?\u00bb]Por sus caracter\u00edsticas estos fondos no se pueden fotocopiar. Si necesita una reproducci\u00f3n digital debe cumplimentar los impresos que le facilitar\u00e1n en el mostrador de la planta primera.[\/vc_toggle][vc_toggle title=\u00bb\u00bfEst\u00e1n todos los fondos digitalizados?\u00bb]No, hay un proyecto para la digitalizaci\u00f3n, pero est\u00e1 en una fase inicial.[\/vc_toggle][vc_toggle title=\u00bb\u00bfC\u00f3mo puedo saber si una obra est\u00e1 digitalizada?\u00bb]Si una obra est\u00e1 digitalizada, dentro del registro de nuestro cat\u00e1logo en l\u00ednea aparecer\u00e1 la frase <em>Acceso a la obra<\/em>, pinchado sobre ella acceder\u00e1 a la digitalizaci\u00f3n.[\/vc_toggle][vc_toggle title=\u00bb\u00bfSe puede realizar una visita guiada al Archivo de la Transici\u00f3n?\u00bb]En general, las visitas al Archivo de la Transici\u00f3n se realizan a petici\u00f3n del personal docente para el alumnado o miembros de la comunidad universitaria;\u00a0 a petici\u00f3n de alguna instituci\u00f3n externa para grupos. No se atienden solicitudes individuales.[\/vc_toggle][\/vc_column_inner][\/vc_row_inner][vc_row_inner equal_height=\u00bbyes\u00bb][vc_column_inner][vc_separator][\/vc_column_inner][\/vc_row_inner][vc_row_inner disable_element=\u00bbyes\u00bb][vc_column_inner][vc_basic_grid post_type=\u00bblistado-legados\u00bb max_items=\u00bb-1&#8243; item=\u00bb9140&#8243; grid_id=\u00bbvc_gid:1662115224068-24d9455d-2fc1-7&#8243;][\/vc_column_inner][\/vc_row_inner][\/vc_column][\/vc_row]<\/p>\n","protected":false},"excerpt":{"rendered":"<p>[vc_row el_class=\u00bbcabecera\u00bb][vc_column width=\u00bb1\/4&#8243;][vc_empty_space height=\u00bb48px\u00bb][vc_single_image image=\u00bb26&#8243; img_size=\u00bbfull\u00bb el_class=\u00bblogo-atdc\u00bb][vc_empty_space height=\u00bb72px\u00bb][\/vc_column][vc_column width=\u00bb3\/4&#8243;][\/vc_column][\/vc_row][vc_row][vc_column width=\u00bb1\/4&#8243;][vc_separator][vc_empty_space][\/vc_column][vc_column width=\u00bb3\/4&#8243;][vc_row_inner equal_height=\u00bbyes\u00bb][vc_column_inner][vc_separator][vc_empty_space][vc_column_text] Preguntas frecuentes Si entre las preguntas que se formulan a continuaci\u00f3n no encuentra las respuestas a sus dudas, puede rellenar el siguiente formulario.[\/vc_column_text][vc_separator][vc_empty_space][vc_toggle title=\u00bb\u00bfQu\u00e9 horario tiene el Archivo de la Transici\u00f3n?\u00bb]De lunes a viernes de 8:00 a 14:45 horas de la tarde.[\/vc_toggle][vc_toggle title=\u00bb\u00bfD\u00f3nde&#8230;<\/p>\n","protected":false},"author":14,"featured_media":0,"parent":0,"menu_order":0,"comment_status":"closed","ping_status":"closed","template":"","meta":{"footnotes":""},"class_list":["post-69","page","type-page","status-publish","hentry"],"_links":{"self":[{"href":"https:\/\/www.ull.es\/eventos\/fondo-transicion-democratica\/wp-json\/wp\/v2\/pages\/69"}],"collection":[{"href":"https:\/\/www.ull.es\/eventos\/fondo-transicion-democratica\/wp-json\/wp\/v2\/pages"}],"about":[{"href":"https:\/\/www.ull.es\/eventos\/fondo-transicion-democratica\/wp-json\/wp\/v2\/types\/page"}],"author":[{"embeddable":true,"href":"https:\/\/www.ull.es\/eventos\/fondo-transicion-democratica\/wp-json\/wp\/v2\/users\/14"}],"replies":[{"embeddable":true,"href":"https:\/\/www.ull.es\/eventos\/fondo-transicion-democratica\/wp-json\/wp\/v2\/comments?post=69"}],"version-history":[{"count":5,"href":"https:\/\/www.ull.es\/eventos\/fondo-transicion-democratica\/wp-json\/wp\/v2\/pages\/69\/revisions"}],"predecessor-version":[{"id":75,"href":"https:\/\/www.ull.es\/eventos\/fondo-transicion-democratica\/wp-json\/wp\/v2\/pages\/69\/revisions\/75"}],"wp:attachment":[{"href":"https:\/\/www.ull.es\/eventos\/fondo-transicion-democratica\/wp-json\/wp\/v2\/media?parent=69"}],"curies":[{"name":"wp","href":"https:\/\/api.w.org\/{rel}","templated":true}]}}