{"id":101,"date":"2018-10-17T07:15:55","date_gmt":"2018-10-17T07:15:55","guid":{"rendered":"http:\/\/bbtk.exposicion.ull.es\/frankenstein200\/?page_id=101"},"modified":"2019-06-12T13:46:18","modified_gmt":"2019-06-12T11:46:18","slug":"bibliografia","status":"publish","type":"page","link":"https:\/\/www.ull.es\/eventos\/frankenstein200\/bibliografia\/","title":{"rendered":"Obras"},"content":{"rendered":"<p>[vc_row][vc_column width=\u00bb1\/6&#8243;][\/vc_column][vc_column width=\u00bb2\/3&#8243;][vc_column_text]<\/p>\n<h1>Obras<\/h1>\n<p>[\/vc_column_text][vc_column_text]<\/p>\n<ul>\n<li><a href=\"http:\/\/absysnetweb.bbtk.ull.es\/cgi-bin\/abnetopac?ACC=DOSEARCH&amp;xsqf99=(Mary).null.\" target=\"_blank\" rel=\"noopener\" target=\"_blank\" rel=\"noopener\">Mary Shelley<\/a><\/li>\n<li><a href=\"http:\/\/absysnetweb.bbtk.ull.es\/cgi-bin\/abnetopac?ACC=DOSEARCH&amp;xsqf99=(literario).null.\" target=\"_blank\" rel=\"noopener\" target=\"_blank\" rel=\"noopener\">Contexto literario<\/a><\/li>\n<li><a href=\"http:\/\/absysnetweb.bbtk.ull.es\/cgi-bin\/abnetopac?ACC=DOSEARCH&amp;xsqf99=((filosofico).null.)o((cientifico).null.)\" target=\"_blank\" rel=\"noopener\" target=\"_blank\" rel=\"noopener\">Contexto filos\u00f3fico-cient\u00edfico<\/a><\/li>\n<li><a href=\"http:\/\/absysnetweb.bbtk.ull.es\/cgi-bin\/abnetopac?ACC=DOSEARCH&amp;xsqf99=(artistico).null.\" target=\"_blank\" rel=\"noopener\" target=\"_blank\" rel=\"noopener\">Contexto art\u00edstico<\/a><\/li>\n<li><a href=\"http:\/\/absysnetweb.bbtk.ull.es\/cgi-bin\/abnetopac?ACC=DOSEARCH&amp;xsqf99=(Monstruo).null.\" target=\"_blank\" rel=\"noopener\" target=\"_blank\" rel=\"noopener\">Monstruosos libros de monstruos<\/a><\/li>\n<li><a href=\"http:\/\/absysnetweb.bbtk.ull.es\/cgi-bin\/abnetopac?ACC=DOSEARCH&amp;xsqf99=(Derivaciones).null.\" target=\"_blank\" rel=\"noopener\" target=\"_blank\" rel=\"noopener\">Cine y c\u00f3mic<\/a><\/li>\n<li><a href=\"http:\/\/absysnetweb.bbtk.ull.es\/cgi-bin\/abnetopac?ACC=DOSEARCH&amp;xsqf99=(Debates).null.\" target=\"_blank\" rel=\"noopener\" target=\"_blank\" rel=\"noopener\">Tecnociencia, \u00bfciencia ficci\u00f3n?<\/a><\/li>\n<\/ul>\n<p>[\/vc_column_text][\/vc_column][vc_column width=\u00bb1\/6&#8243;][\/vc_column][\/vc_row]<\/p>\n","protected":false},"excerpt":{"rendered":"<p>[vc_row][vc_column width=\u00bb1\/6&#8243;][\/vc_column][vc_column width=\u00bb2\/3&#8243;][vc_column_text] Obras [\/vc_column_text][vc_column_text] Mary Shelley Contexto literario Contexto filos\u00f3fico-cient\u00edfico Contexto art\u00edstico Monstruosos libros de monstruos Cine y c\u00f3mic Tecnociencia, \u00bfciencia ficci\u00f3n? [\/vc_column_text][\/vc_column][vc_column width=\u00bb1\/6&#8243;][\/vc_column][\/vc_row]<\/p>\n","protected":false},"author":14,"featured_media":0,"parent":0,"menu_order":0,"comment_status":"closed","ping_status":"closed","template":"","meta":{"footnotes":""},"class_list":["post-101","page","type-page","status-publish","hentry"],"_links":{"self":[{"href":"https:\/\/www.ull.es\/eventos\/frankenstein200\/wp-json\/wp\/v2\/pages\/101"}],"collection":[{"href":"https:\/\/www.ull.es\/eventos\/frankenstein200\/wp-json\/wp\/v2\/pages"}],"about":[{"href":"https:\/\/www.ull.es\/eventos\/frankenstein200\/wp-json\/wp\/v2\/types\/page"}],"author":[{"embeddable":true,"href":"https:\/\/www.ull.es\/eventos\/frankenstein200\/wp-json\/wp\/v2\/users\/14"}],"replies":[{"embeddable":true,"href":"https:\/\/www.ull.es\/eventos\/frankenstein200\/wp-json\/wp\/v2\/comments?post=101"}],"version-history":[{"count":11,"href":"https:\/\/www.ull.es\/eventos\/frankenstein200\/wp-json\/wp\/v2\/pages\/101\/revisions"}],"predecessor-version":[{"id":493,"href":"https:\/\/www.ull.es\/eventos\/frankenstein200\/wp-json\/wp\/v2\/pages\/101\/revisions\/493"}],"wp:attachment":[{"href":"https:\/\/www.ull.es\/eventos\/frankenstein200\/wp-json\/wp\/v2\/media?parent=101"}],"curies":[{"name":"wp","href":"https:\/\/api.w.org\/{rel}","templated":true}]}}