{"id":103,"date":"2018-10-16T12:00:27","date_gmt":"2018-10-16T12:00:27","guid":{"rendered":"http:\/\/bbtk.exposicion.ull.es\/frankenstein200\/?page_id=103"},"modified":"2019-06-12T13:40:58","modified_gmt":"2019-06-12T11:40:58","slug":"creditos","status":"publish","type":"page","link":"https:\/\/www.ull.es\/eventos\/frankenstein200\/creditos\/","title":{"rendered":"Cr\u00e9ditos"},"content":{"rendered":"<p>[vc_row][vc_column width=\u00bb1\/6&#8243;][\/vc_column][vc_column width=\u00bb2\/3&#8243;][vc_column_text]<\/p>\n<h1>Cr\u00e9ditos<\/h1>\n<p>[\/vc_column_text][vc_column_text]<strong>Coordinaci\u00f3n acad\u00e9mica\u00a0:<\/strong><\/p>\n<p>Mar\u00eda Inmaculada Perdomo Reyes, Vicedecana de la Facultad de Humanidades (Filosof\u00eda) de la ULL\u00a0|\u00a0\u00a0Gonzalo Mois\u00e9s Pav\u00e9s Borges, Director del Departamento de Historia del Arte y Filosof\u00eda de la ULL<\/p>\n<p><strong>Equipo de trabajo de la Biblioteca :<\/strong><\/p>\n<p><strong>Dise\u00f1o gr\u00e1fico:\u00a0<\/strong>Ismael Garc\u00eda<\/p>\n<p><span id=\"m_8228425582327747104gmail-yui_3_17_2_1_1540826441427_664\">In\u00e9s Diego | Ana Febles | Paz Fern\u00e1ndez Palomeque\u00a0 | Carmir G\u00f3mez-Pablos | Ana Guti\u00e9rrez |\u00a0Carmen Lahuerta | Mar P\u00e9rez | Paqui Rivero |\u00a0 F\u00e1tima Sainz | Nina Vadell\u00a0<\/span><\/p>\n<p><span id=\"m_8228425582327747104gmail-yui_3_17_2_1_1540826441427_664\"><strong>Colaboran:\u00a0<\/strong> <\/span><\/p>\n<p><span id=\"m_8228425582327747104gmail-yui_3_17_2_1_1540826441427_664\">Tom\u00e1s Mart\u00edn |\u00a0 Antonio P\u00e9rez | Jos\u00e9 Ramos\u00a0| Margarita V\u00e1zquez\u00a0| Yoel D\u00edaz Almenara<\/span><\/p>\n<p><strong>Organizan:<\/strong><\/p>\n<p><a href=\"https:\/\/www.ull.es\/servicios\/biblioteca\/\" target=\"_blank\" rel=\"noopener\" target=\"_blank\" rel=\"noopener\">Biblioteca General y de Humanidades<\/a>\u00a0| Secci\u00f3n de Geograf\u00eda e Historia- <a href=\"https:\/\/www.facebook.com\/departamentodehistoriadelarteyfilosofiaull\/\" target=\"_blank\" rel=\"noopener\" target=\"_blank\" rel=\"noopener\">Departamento\u00a0\u00a0de Historia del Arte y Filosof\u00eda de la ULL<\/a> |\u00a0 <a href=\"https:\/\/www.facebook.com\/Secci%C3%B3n-de-Filosof%C3%ADa-de-la-Facultad-de-Humanidades-de-la-ULL-354722727931675\/?ref=br_rs\" target=\"_blank\" rel=\"noopener\" target=\"_blank\" rel=\"noopener\">Secci\u00f3n de Filosof\u00eda<\/a>\u00a0|\u00a0 <a href=\"https:\/\/www.ull.es\/la-universidad\/equipo-gobierno\/vicerrectorado-infraestructuras-servicios-universitarios\/\" target=\"_blank\" rel=\"noopener\" target=\"_blank\" rel=\"noopener\">Vicerrectorado de Infraestructuras y Servicios Universitarios\u00a0<\/a><\/p>\n<p><strong>Colaboran:<\/strong><\/p>\n<p><a href=\"https:\/\/www.facebook.com\/AgrupacionTeatroFilologia\/\" target=\"_blank\" rel=\"noopener\" target=\"_blank\" rel=\"noopener\">Agrupaci\u00f3n de Teatro de Filolog\u00eda\u00a0<\/a>|\u00a0<a href=\"https:\/\/www.facebook.com\/pages\/category\/Community\/Club-de-Lectura-Servicio-de-Biblioteca-de-la-Universidad-de-La-Laguna-166683057931\/\" target=\"_blank\" rel=\"noopener\" target=\"_blank\" rel=\"noopener\">Club de Lectura<\/a>\u00a0|\u00a0<span style=\"color: #000000\"><a style=\"color: #000000\" href=\"https:\/\/www.ull.es\/la-universidad\/facultades-centros-departamentos\/facultad-de-ciencias-de-la-salud\/\" target=\"_blank\" rel=\"noopener\" target=\"_blank\" rel=\"noopener\">Departamento de Enfermer\u00eda<\/a><\/span> |\u00a0<a href=\"http:\/\/museocabrerapinto.es\/blascabrera\/museo-virtual\/\" target=\"_blank\" rel=\"noopener\" target=\"_blank\" rel=\"noopener\">Sala Blas Cabrera Felipe- IES Canarias Cabrera Pinto\u00a0<\/a><\/p>\n<p><strong>Patrocinan:<\/strong><\/p>\n<p><a href=\"https:\/\/www.ull.es\/servicios\/biblioteca\/\" target=\"_blank\" rel=\"noopener\" target=\"_blank\" rel=\"noopener\">Biblioteca General y de Humanidades<\/a>\u00a0|<a href=\"https:\/\/www.ull.es\/servicios\/biblioteca\/\" target=\"_blank\" rel=\"noopener\">\u00a0<\/a><a href=\"https:\/\/www.ull.es\/servicios\/otri\/\" target=\"_blank\" rel=\"noopener\" target=\"_blank\" rel=\"noopener\">C\u00e1tedra Cultural Pedro Garc\u00eda Cabrera\u00a0(<\/a><a href=\"https:\/\/www.ull.es\/la-universidad\/equipo-gobierno\/vicerrectorado-de-relaciones-con-la-sociedad\/\" target=\"_blank\" rel=\"noopener\" target=\"_blank\" rel=\"noopener\">Vicerrectorado de Relaciones con la Sociedad<\/a>)\u00a0|\u00a0<a href=\"https:\/\/www.facebook.com\/departamentodehistoriadelarteyfilosofiaull\/\" target=\"_blank\" rel=\"noopener\" target=\"_blank\" rel=\"noopener\">Departamento\u00a0\u00a0de Historia del Arte y Filosof\u00eda de la ULL<\/a>\u00a0|\u00a0 <a href=\"https:\/\/www.iuem-ull.org\/\" target=\"_blank\" rel=\"noopener\" target=\"_blank\" rel=\"noopener\">Instituto Universitario de Estudios de las Mujeres<\/a>\u00a0(con subvenci\u00f3n ICI) |\u00a0<a href=\"https:\/\/www.facebook.com\/Secci%C3%B3n-de-Filosof%C3%ADa-de-la-Facultad-de-Humanidades-de-la-ULL-354722727931675\/\" target=\"_blank\" rel=\"noopener\" target=\"_blank\" rel=\"noopener\">Secci\u00f3n de Filosof\u00eda<\/a>\u00a0de la ULL\u00a0 |\u00a0\u00a0<a href=\"https:\/\/www.ull.es\/la-universidad\/facultades-centros-departamentos\/geografia-e-historia\/\" target=\"_blank\" rel=\"noopener\" target=\"_blank\" rel=\"noopener\">Secci\u00f3n de Geograf\u00eda e Historia de la\u00a0 ULL\u00a0<\/a>\u00a0|\u00a0<a href=\"https:\/\/www.ull.es\/servicios\/otri\/\" target=\"_blank\" rel=\"noopener\" target=\"_blank\" rel=\"noopener\">OTRI<\/a>\u00a0(Vicerrectorado de Investigaci\u00f3n) | Enmarcaciones artedrago[\/vc_column_text][\/vc_column][vc_column width=\u00bb1\/6&#8243;][\/vc_column][\/vc_row]<\/p>\n","protected":false},"excerpt":{"rendered":"<p>[vc_row][vc_column width=\u00bb1\/6&#8243;][\/vc_column][vc_column width=\u00bb2\/3&#8243;][vc_column_text] Cr\u00e9ditos [\/vc_column_text][vc_column_text]Coordinaci\u00f3n acad\u00e9mica\u00a0: Mar\u00eda Inmaculada Perdomo Reyes, Vicedecana de la Facultad de Humanidades (Filosof\u00eda) de la ULL\u00a0|\u00a0\u00a0Gonzalo Mois\u00e9s Pav\u00e9s Borges, Director del Departamento de Historia del Arte y Filosof\u00eda de la ULL Equipo de trabajo de la Biblioteca : Dise\u00f1o gr\u00e1fico:\u00a0Ismael Garc\u00eda In\u00e9s Diego | Ana Febles | Paz Fern\u00e1ndez Palomeque\u00a0 |&#8230;<\/p>\n","protected":false},"author":14,"featured_media":0,"parent":0,"menu_order":0,"comment_status":"closed","ping_status":"closed","template":"","meta":{"footnotes":""},"class_list":["post-103","page","type-page","status-publish","hentry"],"_links":{"self":[{"href":"https:\/\/www.ull.es\/eventos\/frankenstein200\/wp-json\/wp\/v2\/pages\/103"}],"collection":[{"href":"https:\/\/www.ull.es\/eventos\/frankenstein200\/wp-json\/wp\/v2\/pages"}],"about":[{"href":"https:\/\/www.ull.es\/eventos\/frankenstein200\/wp-json\/wp\/v2\/types\/page"}],"author":[{"embeddable":true,"href":"https:\/\/www.ull.es\/eventos\/frankenstein200\/wp-json\/wp\/v2\/users\/14"}],"replies":[{"embeddable":true,"href":"https:\/\/www.ull.es\/eventos\/frankenstein200\/wp-json\/wp\/v2\/comments?post=103"}],"version-history":[{"count":8,"href":"https:\/\/www.ull.es\/eventos\/frankenstein200\/wp-json\/wp\/v2\/pages\/103\/revisions"}],"predecessor-version":[{"id":485,"href":"https:\/\/www.ull.es\/eventos\/frankenstein200\/wp-json\/wp\/v2\/pages\/103\/revisions\/485"}],"wp:attachment":[{"href":"https:\/\/www.ull.es\/eventos\/frankenstein200\/wp-json\/wp\/v2\/media?parent=103"}],"curies":[{"name":"wp","href":"https:\/\/api.w.org\/{rel}","templated":true}]}}