{"id":121,"date":"2018-10-18T08:38:34","date_gmt":"2018-10-18T08:38:34","guid":{"rendered":"http:\/\/bbtk.exposicion.ull.es\/frankenstein200\/?page_id=121"},"modified":"2019-06-12T13:45:03","modified_gmt":"2019-06-12T11:45:03","slug":"jornadas","status":"publish","type":"page","link":"https:\/\/www.ull.es\/eventos\/frankenstein200\/jornadas\/","title":{"rendered":"Jornadas"},"content":{"rendered":"<p>[vc_row][vc_column width=\u00bb1\/6&#8243;][\/vc_column][vc_column width=\u00bb2\/3&#8243;][vc_column_text]<\/p>\n<h1><a href=\"https:\/\/www.ull.es\/portal\/agenda\/evento\/jornadas-universitarias-frankenstein-200-literatura-filosofia-ciencia-y-arte-2-ects\/\" target=\"_blank\" rel=\"noopener\" target=\"_blank\" rel=\"noopener\">Frankenstein 200.<\/a> <a href=\"https:\/\/www.ull.es\/portal\/agenda\/evento\/jornadas-universitarias-frankenstein-200-literatura-filosofia-ciencia-y-arte-2-ects\/\" target=\"_blank\" rel=\"noopener\" target=\"_blank\" rel=\"noopener\">Literatura, Filosof\u00eda, Ciencia y Arte. Jornadas Universitarias del 19 al 23 de noviembre de 2018<\/a><\/h1>\n<p><strong>Lunes 19 de noviembre<\/strong><br \/>\n11.00-13.00 h.<\/p>\n<ul>\n<li>Inauguraci\u00f3n de la Exposici\u00f3n Frankenstein 200 en la Biblioteca General y de Humanidades.<\/li>\n<li>Proyecci\u00f3n del corto Frankenstein 200<\/li>\n<li>Actuaci\u00f3n del Grupo de Teatro de Filolog\u00eda.<\/li>\n<li>Presentaci\u00f3n de las Jornadas y del libro\u00a0Frankenstein. Un mito literario en di\u00e1logo con la filosof\u00eda, las ciencias y las artes\u00a0(Editorial Berenice, 2018).<\/li>\n<\/ul>\n<p>15.30-18.00 h. Conferencias y debate:<\/p>\n<ul>\n<li>Frankenstein, la novela. Tom\u00e1s Monterrey Rodr\u00edguez (Profesor titular de Filolog\u00eda Inglesa. ULL).<\/li>\n<li>Semblanza de Mary Shelley. Yolanda Peralta Sierra (Ayudante doctora de Historia del Arte. ULL).<\/li>\n<li>Frankenstein y la otredad: lecturas desde el polo norte canadiense. Eva Darias Beautel (Profesora titular de Filolog\u00eda Inglesa. ULL).<\/li>\n<\/ul>\n<p>18.30-21.00 h. Cinef\u00f3rum<\/p>\n<ul>\n<li>\u00a0Presenta: Inmaculada Perdomo<\/li>\n<\/ul>\n<p><strong>Martes 20 de noviembre<\/strong><br \/>\n15.30-18.00 h. Conferencias y debate:<\/p>\n<ul>\n<li>La muerte no existe. Electricidad, ciencia y vida de Frankenstein. Tom\u00e1s Mart\u00edn Hern\u00e1ndez (Profesor de Filosof\u00eda del IES Rafeal Arozarena y FUNDORO).<\/li>\n<li>Las mujeres y el monstruo. Filosof\u00eda, Ciencia y G\u00e9nero en torno a Frankenstein. Inmaculada Perdomo (Profesora titular de L\u00f3gica y Filosof\u00eda de la Ciencia. ULL).<\/li>\n<li>De mec\u00e1nicos, bi\u00f3nicos, invasores, aliados y otras especies. Alfonso Ruiz Rallo (Profesor titular de la Facultad de Bellas Artes. ULL).<\/li>\n<\/ul>\n<p>18.30-21.00 h. Cinef\u00f3rum<\/p>\n<ul>\n<li>Presenta: Alicia Hern\u00e1ndez.<\/li>\n<\/ul>\n<p><strong>Mi\u00e9rcoles 21 de noviembre<\/strong><br \/>\n15.30-18.00 h. Conferencias y debate:<\/p>\n<ul>\n<li>Los espacios geogr\u00e1ficos de la criatura. Constantino Criado Hern\u00e1ndez (Profesor titular de Geograf\u00eda. ULL).<\/li>\n<li>El abismo, la criatura y el espejo. Resonancias de Mary Shelley en Frankenstein. Pompeyo P\u00e9rez D\u00edaz (Profesor titular de Historia de la M\u00fasica. ULL).<\/li>\n<li>Fotograf\u00eda o el moderno Prometeo. Carmelo Vega (Profesor titular de Historia del Arte. ULL).<\/li>\n<\/ul>\n<p>18.30-21.00 h. Cinef\u00f3rum<\/p>\n<ul>\n<li>Presenta: Tom\u00e1s Mart\u00edn.<\/li>\n<\/ul>\n<p><strong>Jueves 22 de noviembre<\/strong><br \/>\n15.30-18.00 h. Conferencias y debate:<\/p>\n<ul>\n<li>Al otro lado del espejo: Victor Frankenstein y su criatura. Alicia Hern\u00e1ndez Vicente (Profesora asociada de Historia del Arte. ULL):<\/li>\n<li>Recuerda que soy tu criatura. El monstruo de Frankenstein entre vi\u00f1etas. Gonzalo M. Pav\u00e9s (Profesor titular de Historia del Arte. ULL):<\/li>\n<li>Sublimes terrores. El ambiente art\u00edstico que engendr\u00f3 a Frankenstein. Francisco Garc\u00eda G\u00f3mez (Profesor titular de Historia del Arte. Universidad de M\u00e1laga).<\/li>\n<\/ul>\n<p>18.30-21.00 h. Cinef\u00f3rum<\/p>\n<ul>\n<li>Presenta: Francisco Garc\u00eda.<\/li>\n<\/ul>\n<p><strong>Viernes 23 de noviembre<\/strong><br \/>\n15.30-18.00 h. Conferencias y debate:<\/p>\n<ul>\n<li>Frankenstein: eslab\u00f3n perdido entre modernidad y postmodernidad. Fernando \u00c1ngel Moreno (Doctor en Teor\u00eda de la Literatura y Literatura Comparada, CD en Universidad Complutense de Madrid).<\/li>\n<li>El s\u00edndrome Galatea. Antonio Di\u00e9guez Lucena (Catedr\u00e1tico de L\u00f3gica y Filosof\u00eda de la Ciencia. Universidad de M\u00e1laga).<\/li>\n<li>\u00bfTecno-personas sin g\u00e9nero? La reaparici\u00f3n del mito de Frankenstein. Javier Echeverr\u00eda Ezponda (Catedr\u00e1tico de L\u00f3gica y Filosof\u00eda de la Ciencia. Universidad del Pa\u00eds Vasco).<\/li>\n<\/ul>\n<p>18.30-21.00 h. Cinef\u00f3rum<\/p>\n<ul>\n<li>Presenta: Gonzalo M. Pav\u00e9s.<\/li>\n<\/ul>\n<p>Clausura del curso<\/p>\n<div id=\"attachment_139\" style=\"width: 710px\" class=\"wp-caption aligncenter\"><img loading=\"lazy\" decoding=\"async\" aria-describedby=\"caption-attachment-139\" class=\"wp-image-139 size-full\" src=\"http:\/\/bbtk.exposicion.ull.es\/frankenstein200\/wp-content\/uploads\/2018\/10\/FRANKESTEIN_Jornadas.png\" alt=\"Frankenstein 200 Jornadas\" width=\"700\" height=\"350\" \/><p id=\"caption-attachment-139\" class=\"wp-caption-text\">Jornadas Frankenstein 200<\/p><\/div>\n<p>[\/vc_column_text][\/vc_column][vc_column width=\u00bb1\/6&#8243;][\/vc_column][\/vc_row]<\/p>\n","protected":false},"excerpt":{"rendered":"<p>[vc_row][vc_column width=\u00bb1\/6&#8243;][\/vc_column][vc_column width=\u00bb2\/3&#8243;][vc_column_text] Frankenstein 200. Literatura, Filosof\u00eda, Ciencia y Arte. Jornadas Universitarias del 19 al 23 de noviembre de 2018 Lunes 19 de noviembre 11.00-13.00 h. Inauguraci\u00f3n de la Exposici\u00f3n Frankenstein 200 en la Biblioteca General y de Humanidades. Proyecci\u00f3n del corto Frankenstein 200 Actuaci\u00f3n del Grupo de Teatro de Filolog\u00eda. Presentaci\u00f3n de las Jornadas&#8230;<\/p>\n","protected":false},"author":14,"featured_media":0,"parent":0,"menu_order":0,"comment_status":"closed","ping_status":"closed","template":"","meta":{"footnotes":""},"class_list":["post-121","page","type-page","status-publish","hentry"],"_links":{"self":[{"href":"https:\/\/www.ull.es\/eventos\/frankenstein200\/wp-json\/wp\/v2\/pages\/121"}],"collection":[{"href":"https:\/\/www.ull.es\/eventos\/frankenstein200\/wp-json\/wp\/v2\/pages"}],"about":[{"href":"https:\/\/www.ull.es\/eventos\/frankenstein200\/wp-json\/wp\/v2\/types\/page"}],"author":[{"embeddable":true,"href":"https:\/\/www.ull.es\/eventos\/frankenstein200\/wp-json\/wp\/v2\/users\/14"}],"replies":[{"embeddable":true,"href":"https:\/\/www.ull.es\/eventos\/frankenstein200\/wp-json\/wp\/v2\/comments?post=121"}],"version-history":[{"count":7,"href":"https:\/\/www.ull.es\/eventos\/frankenstein200\/wp-json\/wp\/v2\/pages\/121\/revisions"}],"predecessor-version":[{"id":489,"href":"https:\/\/www.ull.es\/eventos\/frankenstein200\/wp-json\/wp\/v2\/pages\/121\/revisions\/489"}],"wp:attachment":[{"href":"https:\/\/www.ull.es\/eventos\/frankenstein200\/wp-json\/wp\/v2\/media?parent=121"}],"curies":[{"name":"wp","href":"https:\/\/api.w.org\/{rel}","templated":true}]}}