{"id":208,"date":"2018-11-07T13:52:33","date_gmt":"2018-11-07T13:52:33","guid":{"rendered":"http:\/\/bbtk.exposicion.ull.es\/frankenstein200\/?page_id=208"},"modified":"2019-06-12T13:47:00","modified_gmt":"2019-06-12T11:47:00","slug":"otras-actividades","status":"publish","type":"page","link":"https:\/\/www.ull.es\/eventos\/frankenstein200\/otras-actividades\/","title":{"rendered":"Otras actividades"},"content":{"rendered":"<p>[vc_row][vc_column width=\u00bb1\/6&#8243;][\/vc_column][vc_column width=\u00bb2\/3&#8243;][vc_column_text]<\/p>\n<h1>Otras actividades<\/h1>\n<p>[\/vc_column_text][vc_column_text]<\/p>\n<ul>\n<li><span style=\"font-weight: 400\">El<strong> <a href=\"https:\/\/www.facebook.com\/Club-de-Lectura-Servicio-de-Biblioteca-de-la-Universidad-de-La-Laguna-166683057931\/\" target=\"_blank\" rel=\"noopener\" target=\"_blank\" rel=\"noopener\">Club de Lectura<\/a> de la Biblioteca de la Universidad de La Laguna<\/strong> propone la lectura de\u00a0dos de las m\u00e1s reconocidas adaptaciones a novela gr\u00e1fica de Frankenstein:<\/span><a href=\"http:\/\/absysnetweb.bbtk.ull.es\/cgi-bin\/abnetopac?TITN=577959\" target=\"_blank\" rel=\"noopener\"> <i><span style=\"font-weight: 400\">Mary Shelley: la muerte del monstruo<\/span><\/i><\/a><span style=\"font-weight: 400\"> (Raquel Lagartos, Julio C\u00e9sar Inglesias) y<\/span><a href=\"http:\/\/absysnetweb.bbtk.ull.es\/cgi-bin\/abnetopac?TITN=577999\" target=\"_blank\" rel=\"noopener\"> <i><span style=\"font-weight: 400\">Frankenstein, o, El moderno Prometeo<\/span><\/i><\/a><span style=\"font-weight: 400\"> (Sergio A. Sierra, Meritxell Ribas). <\/span><\/li>\n<\/ul>\n<p><span style=\"font-weight: 400\">Se comentar\u00e1n\u00a0en la sesi\u00f3n\u00a0que tendr\u00e1 lugar el d\u00eda <strong>30 de noviembre\u00a0<\/strong>a las 18:00 h. en la Biblioteca General y de Humanidades.<\/span><\/p>\n<p>&nbsp;<\/p>\n<ul>\n<li><strong>Programa D\u00eda Mundial de la Filosof\u00eda 2018. Frankenstein como excusa. Filosof\u00eda, Ciencia y Literatura.\u00a0<\/strong>Sal\u00f3n de Grados del Edificio Departamental de Filosof\u00eda de la ULL<\/li>\n<\/ul>\n<p><strong>\u00a0<\/strong><strong>Jueves 22 de noviembre<\/strong><\/p>\n<p><strong>\u00a0<\/strong><strong>9.30<\/strong> Sesi\u00f3n 1. Homenaje a Amparo G\u00f3mez<\/p>\n<ul>\n<li>Tom\u00e1s Hern\u00e1ndez, \u201cMis estudios con Amparo G\u00f3mez en torno a la eugenesia\u201d<\/li>\n<li>Thais Rivero, \u201cLa finitud de las flores. Amparo G\u00f3mez y los estudios de ciencia, tecnolog\u00eda y g\u00e9nero\u201d<\/li>\n<li>Laura Garc\u00eda, \u201cLa frontera entre ciencia y pol\u00edtica seg\u00fan Amparo G\u00f3mez\u201d<\/li>\n<li>Abraham Hern\u00e1ndez, \u201cGeneraci\u00f3n de conocimiento en la frontera\u201d<\/li>\n<li>Margarita Santana, \u201cSobre actores y tramoyas\u201d<\/li>\n<\/ul>\n<p><strong>\u00a0<\/strong><strong>11.00<\/strong> Presentaci\u00f3n de resultados del taller \u201cFrankenstein como excusa\u201d y caf\u00e9 y t\u00e9 en el \u201cSal\u00f3n de Mary Shelley\u201d<\/p>\n<p><strong>11.30 <\/strong>Conferencia de Justo Hern\u00e1ndez (Profesor titular de Historia de la medicina), \u201cLa medicina en <em>Frankenstein<\/em> (1818): texto y contexto\u201d<\/p>\n<p><strong>12.15<\/strong> Pausa<\/p>\n<p><strong>\u00a0<\/strong><strong>12.30 <\/strong>Sesi\u00f3n 2 (Alumnado del grado en Filosof\u00eda)<\/p>\n<ul>\n<li>Naim Y\u00e1nez, \u201cFrankenstein y <em>jugar a Dios<\/em>\u201d<\/li>\n<li>Jorge Beautell, \u201cLa l\u00f3gica en la \u00e9poca de Mary Shelley\u201d<\/li>\n<li>Rodr\u00edgo Delgado, \u201cEl C\u00edrculo de Viena. Kuhn y Feyerabend en el <em>Frankenstein<\/em> de Mary Shelley\u201d<\/li>\n<li>Irina Aug\u00e9, \u201cFrankenstein y el transhumanismo\u201d<\/li>\n<\/ul>\n<p><strong>\u00a0<\/strong><strong>Viernes 23 de noviembre<\/strong><\/p>\n<p><strong>\u00a0<\/strong><strong>9.30<\/strong> Sesi\u00f3n 3 (Alumnado de m\u00e1ster y doctorado)<\/p>\n<ul>\n<li>Pablo Vera, \u201cDial\u00e9ctica de la creaci\u00f3n\u201d<\/li>\n<li>Enrico Brugnami, \u201cFilosofar desde la ficci\u00f3n: Una lectura de la educaci\u00f3n del monstruo\u201d<\/li>\n<li>Natividad Garrido, \u201cImplicaciones est\u00e9ticas en la literatura. Lo sublime en Mary Shelley y Kant\u201d<\/li>\n<\/ul>\n<p><strong>10.30<\/strong> Pausa y caf\u00e9<\/p>\n<p><strong>\u00a0<\/strong><strong>11.00<\/strong> \u00c1ngel Moll\u00e1 (Profesor titular jubilado de Est\u00e9tica), \u201cMary Shelley, Jane Austen y la novela g\u00f3tica\u201d<\/p>\n<p><strong>\u00a0<\/strong><strong>12.00<\/strong> Pausa<\/p>\n<p><strong>\u00a0<\/strong><strong>12.15 <\/strong>Sesi\u00f3n especial del Taller de series: Manuel Liz con \u201cThe Frankestein Chronicles\u201d<\/p>\n<div id=\"attachment_236\" style=\"width: 224px\" class=\"wp-caption aligncenter\"><img loading=\"lazy\" decoding=\"async\" aria-describedby=\"caption-attachment-236\" class=\"wp-image-236 size-medium\" src=\"http:\/\/bbtk.exposicion.ull.es\/frankenstein200\/wp-content\/uploads\/2018\/11\/cartel_filosof\u00eda-214x300.jpg\" alt=\"Frankenstein 200\" width=\"214\" height=\"300\" \/><p id=\"caption-attachment-236\" class=\"wp-caption-text\">Frankenstein como excusa<\/p><\/div>\n<p>[\/vc_column_text][\/vc_column][vc_column width=\u00bb1\/6&#8243;][\/vc_column][\/vc_row][vc_row][vc_column][\/vc_column][\/vc_row]<\/p>\n","protected":false},"excerpt":{"rendered":"<p>[vc_row][vc_column width=\u00bb1\/6&#8243;][\/vc_column][vc_column width=\u00bb2\/3&#8243;][vc_column_text] Otras actividades [\/vc_column_text][vc_column_text] El Club de Lectura de la Biblioteca de la Universidad de La Laguna propone la lectura de\u00a0dos de las m\u00e1s reconocidas adaptaciones a novela gr\u00e1fica de Frankenstein: Mary Shelley: la muerte del monstruo (Raquel Lagartos, Julio C\u00e9sar Inglesias) y Frankenstein, o, El moderno Prometeo (Sergio A. Sierra, Meritxell Ribas)&#8230;.<\/p>\n","protected":false},"author":14,"featured_media":0,"parent":0,"menu_order":0,"comment_status":"closed","ping_status":"closed","template":"","meta":{"footnotes":""},"class_list":["post-208","page","type-page","status-publish","hentry"],"_links":{"self":[{"href":"https:\/\/www.ull.es\/eventos\/frankenstein200\/wp-json\/wp\/v2\/pages\/208"}],"collection":[{"href":"https:\/\/www.ull.es\/eventos\/frankenstein200\/wp-json\/wp\/v2\/pages"}],"about":[{"href":"https:\/\/www.ull.es\/eventos\/frankenstein200\/wp-json\/wp\/v2\/types\/page"}],"author":[{"embeddable":true,"href":"https:\/\/www.ull.es\/eventos\/frankenstein200\/wp-json\/wp\/v2\/users\/14"}],"replies":[{"embeddable":true,"href":"https:\/\/www.ull.es\/eventos\/frankenstein200\/wp-json\/wp\/v2\/comments?post=208"}],"version-history":[{"count":4,"href":"https:\/\/www.ull.es\/eventos\/frankenstein200\/wp-json\/wp\/v2\/pages\/208\/revisions"}],"predecessor-version":[{"id":494,"href":"https:\/\/www.ull.es\/eventos\/frankenstein200\/wp-json\/wp\/v2\/pages\/208\/revisions\/494"}],"wp:attachment":[{"href":"https:\/\/www.ull.es\/eventos\/frankenstein200\/wp-json\/wp\/v2\/media?parent=208"}],"curies":[{"name":"wp","href":"https:\/\/api.w.org\/{rel}","templated":true}]}}