{"id":59,"date":"2018-10-16T10:43:29","date_gmt":"2018-10-16T10:43:29","guid":{"rendered":"http:\/\/bbtk.exposicion.ull.es\/frankenstein200\/?page_id=59"},"modified":"2019-06-12T13:45:42","modified_gmt":"2019-06-12T11:45:42","slug":"mary-shelley-1797-1851","status":"publish","type":"page","link":"https:\/\/www.ull.es\/eventos\/frankenstein200\/mary-shelley-1797-1851\/","title":{"rendered":"Mary Shelley (1797-1851)"},"content":{"rendered":"[vc_row full_width=\u00bbstretch_row_content_no_spaces\u00bb][vc_column][vc_media_grid gap=\u00bb0&#8243; item=\u00bbmediaGrid_ScaleInWithIcon\u00bb grid_id=\u00bbvc_gid:1560339928189-b6b62eeb-7cf1-6&#8243; include=\u00bb346,347,345&#8243;][\/vc_column][\/vc_row][vc_row][vc_column width=\u00bb1\/6&#8243;][\/vc_column][vc_column width=\u00bb2\/3&#8243;][vc_column_text]\r\n<h1>Mary Shelley (1797-1851)<\/h1>\r\n[\/vc_column_text][vc_column_text]\r\n\r\nLa obra <em>Frankenstein o el moderno Prometeo<\/em> aparece publicada por primera vez en enero de 1818, de forma an\u00f3nima, con una dedicatoria a W. Godwin y una presentaci\u00f3n de Percy B. Shelley, lo que hizo que muchas personas le atribuyeran a \u00e9l la autor\u00eda. Pero la autora, oculta, no era otra que Mary W. G. Shelley, hija de la fil\u00f3sofa y escritora Mary Wollstonecraft, autora de la <em>Vindicaci\u00f3n de los derechos de las mujeres<\/em> (1792) y del fil\u00f3sofo pol\u00edtico William Godwin.\r\n\r\nPara algunos cr\u00edticos, conocer que la autora de la novela era una mujer solo merec\u00eda un comentario:\r\n\r\n&nbsp;\r\n\r\n\r\n<blockquote class=\"wp-block-quote is-layout-flow wp-block-quote-is-layout-flow\">\u201cEl autor es, tenemos entendido, una mujer; eso supone un agravante de lo que es el mayor error de la novela; pero si la autora puede olvidarse de la delicadeza de su sexo, no hay razones para que nosotros la recordemos; y por tanto despacharemos esta novela sin m\u00e1s comentario\u201d\r\n\r\n<cite>Nota incluida en el <em>British Critic <\/em>bajo el t\u00edtulo \u201cCr\u00edtica de Frankenstein\u201d en 1818.\u00a0 <\/cite><\/blockquote>\r\nMary Shelley creci\u00f3 en Londres, en la casa de la calle Skinner donde su padre ten\u00eda una librer\u00eda visitada por autores como S. T. Coleridge. All\u00ed se encontraban tambi\u00e9n los libros de la madre ausente, que hab\u00eda muerto de fiebres puerperales unos d\u00edas despu\u00e9s del nacimiento de Mary. Rele\u00eda sus p\u00e1ginas una y otra vez, tratando de establecer un di\u00e1logo con ella, como lo hac\u00eda cuando se refugiaba a leer junto su tumba en el cementerio de St. Pancras, y all\u00ed fue dando forma a su imaginaci\u00f3n en sus diarios y primeros escritos. Ella misma relata, cuando presenta la edici\u00f3n de 1831, que cuando era una ni\u00f1a su pasatiempo favorito era escribir historias y que ten\u00eda un placer a\u00fan mayor que ese, y era la formaci\u00f3n de castillos en el aire: recrearse so\u00f1ando despierta, desarrollar tramas que ten\u00edan como \u00fanico objetivo la formaci\u00f3n de sucesiones de incidentes imaginarios.\r\n\r\nLa joven Mary conoce a Percy B. Shelley que hab\u00eda sido expulsado de Oxford por su ate\u00edsmo y por sus ideas pol\u00edticas y filos\u00f3ficas radicales, y empezaba a ser conocido como representante del nuevo movimiento rom\u00e1ntico literario. Inician una vida juntos, una vida n\u00f3mada que les lleva primero a Francia, de nuevo a Inglaterra, a Suiza, donde se gesta <em>Frankenstein<\/em>, y luego, a diversas ciudades italianas. Ambos escriben y comparten su pasi\u00f3n por la literatura y la filosof\u00eda. Percy muere en un naufragio, tan solo ocho a\u00f1os despu\u00e9s de conocerse y antes de cumplir 30 a\u00f1os. Mary se hab\u00eda despedido tambi\u00e9n de tres hijos de corta edad y solo le sobrevive uno, el m\u00e1s peque\u00f1o, con quien regresa a Inglaterra.\r\n\r\n&nbsp;\r\n\r\nDebi\u00f3 ser, la de Mary, una vida plagada de sufrimientos y contradicciones: los anhelos de libertad y reconocimiento como ser racional y aut\u00f3nomo y las imposiciones morales de una sociedad que define claramente, y lo har\u00e1 a\u00fan m\u00e1s a medida que avanza el siglo, el comportamiento \u201cdecente\u201d de las mujeres: cumplir con las obligaciones de buena esposa y madre. Si deseaba lo primero, la sociedad y su propia familia siempre le recordar\u00e1n que lo apropiado era lo segundo.\r\n\r\nPero Mary se convierte en una escritora reconocida. Publica: <em>Valperga<\/em> (1823), <em>El \u00faltimo hombre <\/em>(1826), Lodore (1835), <em>Falkner<\/em> (1837) y <em>Mathilda<\/em> (de 1819, pero publicada p\u00f3stumamente), entre otros trabajos y colaboraciones literarias. Es la editora de la obra completa de Shelley y la autora de la inmortal <em>Frankenstein, o el moderno Prometeo<\/em>.\r\n\r\n[\/vc_column_text][\/vc_column][vc_column width=\u00bb1\/6&#8243;][\/vc_column][\/vc_row]","protected":false},"excerpt":{"rendered":"<p>[vc_row full_width=\u00bbstretch_row_content_no_spaces\u00bb][vc_column][vc_media_grid gap=\u00bb0&#8243; item=\u00bbmediaGrid_ScaleInWithIcon\u00bb grid_id=\u00bbvc_gid:1560339928189-b6b62eeb-7cf1-6&#8243; include=\u00bb346,347,345&#8243;][\/vc_column][\/vc_row][vc_row][vc_column width=\u00bb1\/6&#8243;][\/vc_column][vc_column width=\u00bb2\/3&#8243;][vc_column_text] Mary Shelley (1797-1851) [\/vc_column_text][vc_column_text] La obra Frankenstein o el moderno Prometeo aparece publicada por primera vez en enero de 1818, de forma an\u00f3nima, con una dedicatoria a W. Godwin y una presentaci\u00f3n de Percy B. Shelley, lo que hizo que muchas personas le atribuyeran a \u00e9l la&#8230;<\/p>\n","protected":false},"author":14,"featured_media":0,"parent":0,"menu_order":0,"comment_status":"closed","ping_status":"closed","template":"","meta":{"footnotes":""},"class_list":["post-59","page","type-page","status-publish","hentry"],"_links":{"self":[{"href":"https:\/\/www.ull.es\/eventos\/frankenstein200\/wp-json\/wp\/v2\/pages\/59"}],"collection":[{"href":"https:\/\/www.ull.es\/eventos\/frankenstein200\/wp-json\/wp\/v2\/pages"}],"about":[{"href":"https:\/\/www.ull.es\/eventos\/frankenstein200\/wp-json\/wp\/v2\/types\/page"}],"author":[{"embeddable":true,"href":"https:\/\/www.ull.es\/eventos\/frankenstein200\/wp-json\/wp\/v2\/users\/14"}],"replies":[{"embeddable":true,"href":"https:\/\/www.ull.es\/eventos\/frankenstein200\/wp-json\/wp\/v2\/comments?post=59"}],"version-history":[{"count":6,"href":"https:\/\/www.ull.es\/eventos\/frankenstein200\/wp-json\/wp\/v2\/pages\/59\/revisions"}],"predecessor-version":[{"id":492,"href":"https:\/\/www.ull.es\/eventos\/frankenstein200\/wp-json\/wp\/v2\/pages\/59\/revisions\/492"}],"wp:attachment":[{"href":"https:\/\/www.ull.es\/eventos\/frankenstein200\/wp-json\/wp\/v2\/media?parent=59"}],"curies":[{"name":"wp","href":"https:\/\/api.w.org\/{rel}","templated":true}]}}