{"id":83,"date":"2018-10-16T11:38:26","date_gmt":"2018-10-16T11:38:26","guid":{"rendered":"http:\/\/bbtk.exposicion.ull.es\/frankenstein200\/?page_id=83"},"modified":"2019-06-12T13:45:16","modified_gmt":"2019-06-12T11:45:16","slug":"las-mil-vidas-del-monstruo","status":"publish","type":"page","link":"https:\/\/www.ull.es\/eventos\/frankenstein200\/las-mil-vidas-del-monstruo\/","title":{"rendered":"Las mil vidas del monstruo"},"content":{"rendered":"[vc_row full_width=\u00bbstretch_row_content_no_spaces\u00bb][vc_column][vc_media_grid element_width=\u00bb2&#8243; gap=\u00bb0&#8243; item=\u00bbmediaGrid_ScaleInWithIcon\u00bb grid_id=\u00bbvc_gid:1560339654305-16956820-8b38-2&#8243; include=\u00bb353,351,344,349,348&#8243;][\/vc_column][\/vc_row][vc_row][vc_column width=\u00bb1\/6&#8243;][\/vc_column][vc_column width=\u00bb2\/3&#8243;][vc_column_text]\r\n<h1>Las mil vidas del monstruo<\/h1>\r\n<em>Abyecto y repugnante engendro, cad\u00e1ver demon\u00edaco, horrible ser, repulsiva criatura, vampiro, infame y asqueroso monstruo, miserable demonio, informe masa inmunda<\/em>\u2026 Estos, entre otros apelativos, definen en la literatura a qui\u00e9n termin\u00f3 convirti\u00e9ndose para el ideario colectivo en Frankenstein, sin m\u00e1s: un icono que tom\u00f3, poco a poco y sin querer, el apellido de su creador.\r\n\r\nLa imaginaci\u00f3n de una jovenc\u00edsima Mary Shelley concibi\u00f3 un ser al que le neg\u00f3 un nombre. En su novela <em>Frankenstein o el moderno Prometeo<\/em>, ide\u00f3 una criatura para la que no escatim\u00f3 adjetivos, a cada cual m\u00e1s inquietante, y que fue creada con trozos de cad\u00e1veres por su protagonista, V\u00edctor Frankenstein. Fue dotado de un aspecto repulsivo, lo que le vali\u00f3 el rechazo y el odio de sus \u201csemejantes\u201d, incluido los de su creador, su padre cient\u00edfico, dig\u00e1moslo as\u00ed. Pese a tan funesto destino, la trayectoria de la criatura de Frankenstein ha sido la del reconocimiento y el \u00e9xito. Hoy, doscientos a\u00f1os despu\u00e9s y en pleno siglo XXI, son pocos los que no conocen su historia, y eso lo convierte en un personaje muy popular y en un aut\u00e9ntico mito.\r\n\r\nLa obra de Shelley es una de las piezas literarias m\u00e1s importantes del siglo XIX y com\u00fanmente se la considera parte de la producci\u00f3n del g\u00e9nero g\u00f3tico, aunque no se le niega adem\u00e1s ser una de las iniciadoras del relato de ciencia ficci\u00f3n. Sea como fuere, la obra de Mary Shelley fue trasladada a los escenarios poco tiempo despu\u00e9s de su primera publicaci\u00f3n en 1818, y tras el nacimiento del cinemat\u00f3grafo en 1895 fue pronto adaptada para el nuevo medio. La criatura naci\u00f3 definitivamente para el cine en 1910 de manos del director J. Searle Dawley y el productor estadounidense Thomas Alva Edison.\r\n\r\nEl espaldarazo definitivo a la fama vino de la mano del cineasta ingl\u00e9s James Whale, quien en 1931 dirigi\u00f3 <em>Frankenstein<\/em> para la productora estadounidense Universal. El incuestionable \u00e9xito de la cinta abri\u00f3, no solo un importante episodio de la Historia del Cine, sino tambi\u00e9n un camino de no retorno del monstruo, conocido por todos a partir de ahora como Frankenstein, y cuyo aspecto f\u00edsico m\u00e1s popular es a\u00fan hoy el ofrecido por esta versi\u00f3n.\r\n\r\nManifestaciones art\u00edsticas y creativas tan variadas como la literatura, la pintura, el dibujo, el dise\u00f1o, la m\u00fasica, las artes esc\u00e9nicas, el c\u00f3mic, el cine, la televisi\u00f3n, la moda y la publicidad, se han visto influenciadas directa o indirectamente por este mito literario. A\u00fan hoy, el argumento de la novela de Shelley inspira reflexiones de gran actualidad, y su criatura se ha convertido en un fen\u00f3meno de masas, razones suficientes por las que <em>Frankenstein o el moderno Prometeo<\/em> ha conseguido ocupar un lugar privilegiado en la cultural occidental.\r\n\r\n[\/vc_column_text][\/vc_column][vc_column width=\u00bb1\/6&#8243;][\/vc_column][\/vc_row]","protected":false},"excerpt":{"rendered":"<p>[vc_row full_width=\u00bbstretch_row_content_no_spaces\u00bb][vc_column][vc_media_grid element_width=\u00bb2&#8243; gap=\u00bb0&#8243; item=\u00bbmediaGrid_ScaleInWithIcon\u00bb grid_id=\u00bbvc_gid:1560339654305-16956820-8b38-2&#8243; include=\u00bb353,351,344,349,348&#8243;][\/vc_column][\/vc_row][vc_row][vc_column width=\u00bb1\/6&#8243;][\/vc_column][vc_column width=\u00bb2\/3&#8243;][vc_column_text] Las mil vidas del monstruo Abyecto y repugnante engendro, cad\u00e1ver demon\u00edaco, horrible ser, repulsiva criatura, vampiro, infame y asqueroso monstruo, miserable demonio, informe masa inmunda\u2026 Estos, entre otros apelativos, definen en la literatura a qui\u00e9n termin\u00f3 convirti\u00e9ndose para el ideario colectivo en Frankenstein, sin m\u00e1s: un&#8230;<\/p>\n","protected":false},"author":14,"featured_media":0,"parent":0,"menu_order":0,"comment_status":"closed","ping_status":"closed","template":"","meta":{"footnotes":""},"class_list":["post-83","page","type-page","status-publish","hentry"],"_links":{"self":[{"href":"https:\/\/www.ull.es\/eventos\/frankenstein200\/wp-json\/wp\/v2\/pages\/83"}],"collection":[{"href":"https:\/\/www.ull.es\/eventos\/frankenstein200\/wp-json\/wp\/v2\/pages"}],"about":[{"href":"https:\/\/www.ull.es\/eventos\/frankenstein200\/wp-json\/wp\/v2\/types\/page"}],"author":[{"embeddable":true,"href":"https:\/\/www.ull.es\/eventos\/frankenstein200\/wp-json\/wp\/v2\/users\/14"}],"replies":[{"embeddable":true,"href":"https:\/\/www.ull.es\/eventos\/frankenstein200\/wp-json\/wp\/v2\/comments?post=83"}],"version-history":[{"count":10,"href":"https:\/\/www.ull.es\/eventos\/frankenstein200\/wp-json\/wp\/v2\/pages\/83\/revisions"}],"predecessor-version":[{"id":490,"href":"https:\/\/www.ull.es\/eventos\/frankenstein200\/wp-json\/wp\/v2\/pages\/83\/revisions\/490"}],"wp:attachment":[{"href":"https:\/\/www.ull.es\/eventos\/frankenstein200\/wp-json\/wp\/v2\/media?parent=83"}],"curies":[{"name":"wp","href":"https:\/\/api.w.org\/{rel}","templated":true}]}}