{"id":1834,"date":"2025-08-26T07:48:54","date_gmt":"2025-08-26T07:48:54","guid":{"rendered":"https:\/\/www.ull.es\/eventos\/genealogia-en-canarias\/?page_id=1834"},"modified":"2025-09-17T11:35:23","modified_gmt":"2025-09-17T11:35:23","slug":"genealogia-en-canarias","status":"publish","type":"page","link":"https:\/\/www.ull.es\/eventos\/genealogia-en-canarias\/","title":{"rendered":"Genealog\u00eda en Canarias"},"content":{"rendered":"<p>[vc_row gap=\u00bb35&#8243; equal_height=\u00bbyes\u00bb content_placement=\u00bbbottom\u00bb css=\u00bb.vc_custom_1758108917033{padding-top: 330px !important;background-image: url(http:\/\/www.ull.es\/eventos\/genealogia-en-canarias\/wp-content\/uploads\/sites\/66\/2025\/08\/tw-cabecera.jpg?id=1840) !important;background-position: center !important;background-repeat: no-repeat !important;background-size: contain !important;}\u00bb][vc_column width=\u00bb1\/3&#8243;][\/vc_column][vc_column width=\u00bb2\/3&#8243;][\/vc_column][\/vc_row][vc_row gap=\u00bb35&#8243; content_placement=\u00bbtop\u00bb css=\u00bb.vc_custom_1727692820016{padding-right: 90px !important;padding-left: 90px !important;background-color: #ffffff !important;}\u00bb][vc_column width=\u00bb1\/3&#8243;][vc_separator color=\u00bbcustom\u00bb accent_color=\u00bb#8e8e8e\u00bb][vc_custom_heading text=\u00bbLa savia de la Historia: Genealog\u00eda en Canarias\u00bb font_container=\u00bbtag:h1|font_size:1.8em|text_align:left|color:%23000000|line_height:100%25&#8243; google_fonts=\u00bbfont_family:Roboto%3A100%2C100italic%2C300%2C300italic%2Cregular%2Citalic%2C500%2C500italic%2C700%2C700italic%2C900%2C900italic|font_style:300%20light%20regular%3A300%3Anormal\u00bb][\/vc_column][vc_column width=\u00bb2\/3&#8243;][vc_separator color=\u00bbcustom\u00bb accent_color=\u00bb#8e8e8e\u00bb][vc_column_text]En cada manuscrito, en cada libro, cuidadosamente conservado, late la memoria de generaciones. La genealog\u00eda no es una mera sucesi\u00f3n de nombres, es una red tejida de relaciones, contextos sociales, movimientos, alianzas y afectos. Y es en los fondos documentales de las familias donde esta historia adquiere una dimensi\u00f3n reveladora de vidas.<\/p>\n<p>En los Fondos de la familia Lercaro, de Dacio V. Darias Padr\u00f3n, de Francisco P. Montes de Oca y Garc\u00eda o Rosendo Garc\u00eda-Ramos y Bretillard atesoramos fechas y nombres, que es lo primero que busca un genealogista, pero tambi\u00e9n vidas, recuerdos y v\u00ednculos que nos conectan con los que estuvieron antes.<\/p>\n<div id=\"attachment_1842\" style=\"width: 310px\" class=\"wp-caption alignleft\"><a href=\"http:\/\/www.ull.es\/eventos\/genealogia-en-canarias\/wp-content\/uploads\/sites\/66\/2025\/08\/presentacion.jpg\" target=\"_blank\" rel=\"noopener\"><img loading=\"lazy\" decoding=\"async\" aria-describedby=\"caption-attachment-1842\" class=\"size-medium wp-image-1842\" src=\"http:\/\/www.ull.es\/eventos\/genealogia-en-canarias\/wp-content\/uploads\/sites\/66\/2025\/08\/presentacion-300x223.jpg\" alt=\"\" width=\"300\" height=\"223\" srcset=\"https:\/\/www.ull.es\/eventos\/genealogia-en-canarias\/wp-content\/uploads\/sites\/66\/2025\/08\/presentacion-300x223.jpg 300w, https:\/\/www.ull.es\/eventos\/genealogia-en-canarias\/wp-content\/uploads\/sites\/66\/2025\/08\/presentacion-375x279.jpg 375w, https:\/\/www.ull.es\/eventos\/genealogia-en-canarias\/wp-content\/uploads\/sites\/66\/2025\/08\/presentacion-108x81.jpg 108w, https:\/\/www.ull.es\/eventos\/genealogia-en-canarias\/wp-content\/uploads\/sites\/66\/2025\/08\/presentacion.jpg 700w\" sizes=\"(max-width: 300px) 100vw, 300px\" \/><\/a><p id=\"caption-attachment-1842\" class=\"wp-caption-text\">\u00c1rbol geneal\u00f3gico de las Familias Lercaro y Justiniani<\/p><\/div>\n<p>Estos fondos familiares que tienen aqu\u00ed constituyen una fuente insustituible para el estudio de la historia local, de la evoluci\u00f3n de nuestra Comunidad aut\u00f3noma y de las din\u00e1micas familiares que han dado forma a nuestro presente. Son tambi\u00e9n un testimonio de la vida cotidiana: testamentos, cartas, \u00e1rboles geneal\u00f3gicos, contratos, diarios&#8230;<\/p>\n<p>Cada pieza es un fragmento de nuestra identidad compartida. Por eso, esta exposici\u00f3n no es solo una muestra de patrimonio bibliogr\u00e1fico, es, sobre todo, un acto de reconocimiento a todos, a quienes los han conservado y a quienes los conservan, a quienes los estudiamos y a quienes comprenden que sin memoria no hay futuro.<\/p>\n<p>Se siguen buscando f\u00f3rmulas para visibilizar estos fondos, sacarlos del olvido, digitalizarlos, protegerlos y, sobre todo, compartirlos. Solo as\u00ed podemos garantizar que la historia familiar se incorpore con plenitud a la historia general, es decir, enriqueciendo nuestra comprensi\u00f3n del pasado desde lo m\u00e1s cercano: la vida de las personas.<\/p>\n<h6 style=\"text-align: right;\">Jos\u00e9 Antonio Gonz\u00e1lez Marrero<\/h6>\n<p>[\/vc_column_text][vc_empty_space][vc_single_image image=\u00bb1842&#8243; img_size=\u00bbfull\u00bb add_caption=\u00bbyes\u00bb el_class=\u00bbimagen-portada\u00bb][vc_empty_space][\/vc_column][\/vc_row][vc_row gap=\u00bb30&#8243; css=\u00bb.vc_custom_1727697933407{padding-right: 90px !important;padding-left: 90px !important;background-color: #ffffff !important;}\u00bb][vc_column width=\u00bb1\/3&#8243;][vc_separator color=\u00bbcustom\u00bb accent_color=\u00bb#8e8e8e\u00bb][\/vc_column][vc_column width=\u00bb2\/3&#8243;][vc_separator color=\u00bbcustom\u00bb accent_color=\u00bb#8e8e8e\u00bb][vc_row_inner][vc_column_inner][vc_single_image image=\u00bb2009&#8243;][\/vc_column_inner][\/vc_row_inner][vc_row_inner][vc_column_inner width=\u00bb1\/3&#8243;][vc_single_image image=\u00bb1332&#8243; alignment=\u00bbcenter\u00bb onclick=\u00bbcustom_link\u00bb img_link_target=\u00bb_blank\u00bb link=\u00bbhttps:\/\/www.museosdetenerife.org\/mha-museo-de-historia-y-antropologia\/museo\/presentacion\/\u00bb][\/vc_column_inner][vc_column_inner width=\u00bb1\/3&#8243;][vc_single_image image=\u00bb1320&#8243; alignment=\u00bbcenter\u00bb onclick=\u00bbcustom_link\u00bb img_link_target=\u00bb_blank\u00bb link=\u00bbhttps:\/\/www.casadelamiel.org\/es\u00bb][\/vc_column_inner][vc_column_inner width=\u00bb1\/3&#8243;][vc_single_image image=\u00bb1344&#8243; alignment=\u00bbcenter\u00bb onclick=\u00bbcustom_link\u00bb img_link_target=\u00bb_blank\u00bb link=\u00bbhttp:\/\/gastronomiatlantica.com\/\u00bb][\/vc_column_inner][\/vc_row_inner][\/vc_column][\/vc_row]<\/p>\n","protected":false},"excerpt":{"rendered":"<p>[vc_row gap=\u00bb35&#8243; equal_height=\u00bbyes\u00bb content_placement=\u00bbbottom\u00bb css=\u00bb.vc_custom_1758108917033{padding-top: 330px !important;background-image: url(http:\/\/www.ull.es\/eventos\/genealogia-en-canarias\/wp-content\/uploads\/sites\/66\/2025\/08\/tw-cabecera.jpg?id=1840) !important;background-position: center !important;background-repeat: no-repeat !important;background-size: contain !important;}\u00bb][vc_column width=\u00bb1\/3&#8243;][\/vc_column][vc_column width=\u00bb2\/3&#8243;][\/vc_column][\/vc_row][vc_row gap=\u00bb35&#8243; content_placement=\u00bbtop\u00bb css=\u00bb.vc_custom_1727692820016{padding-right: 90px !important;padding-left: 90px !important;background-color: #ffffff !important;}\u00bb][vc_column width=\u00bb1\/3&#8243;][vc_separator color=\u00bbcustom\u00bb accent_color=\u00bb#8e8e8e\u00bb][vc_custom_heading text=\u00bbLa savia de la Historia: Genealog\u00eda en Canarias\u00bb font_container=\u00bbtag:h1|font_size:1.8em|text_align:left|color:%23000000|line_height:100%25&#8243; google_fonts=\u00bbfont_family:Roboto%3A100%2C100italic%2C300%2C300italic%2Cregular%2Citalic%2C500%2C500italic%2C700%2C700italic%2C900%2C900italic|font_style:300%20light%20regular%3A300%3Anormal\u00bb][\/vc_column][vc_column width=\u00bb2\/3&#8243;][vc_separator color=\u00bbcustom\u00bb accent_color=\u00bb#8e8e8e\u00bb][vc_column_text]En cada manuscrito, en cada libro, cuidadosamente conservado, late la memoria de generaciones. La&#8230;<\/p>\n","protected":false},"author":14,"featured_media":0,"parent":0,"menu_order":0,"comment_status":"closed","ping_status":"closed","template":"templates\/template-no-title.php","meta":{"footnotes":""},"class_list":["post-1834","page","type-page","status-publish","hentry"],"_links":{"self":[{"href":"https:\/\/www.ull.es\/eventos\/genealogia-en-canarias\/wp-json\/wp\/v2\/pages\/1834"}],"collection":[{"href":"https:\/\/www.ull.es\/eventos\/genealogia-en-canarias\/wp-json\/wp\/v2\/pages"}],"about":[{"href":"https:\/\/www.ull.es\/eventos\/genealogia-en-canarias\/wp-json\/wp\/v2\/types\/page"}],"author":[{"embeddable":true,"href":"https:\/\/www.ull.es\/eventos\/genealogia-en-canarias\/wp-json\/wp\/v2\/users\/14"}],"replies":[{"embeddable":true,"href":"https:\/\/www.ull.es\/eventos\/genealogia-en-canarias\/wp-json\/wp\/v2\/comments?post=1834"}],"version-history":[{"count":16,"href":"https:\/\/www.ull.es\/eventos\/genealogia-en-canarias\/wp-json\/wp\/v2\/pages\/1834\/revisions"}],"predecessor-version":[{"id":2006,"href":"https:\/\/www.ull.es\/eventos\/genealogia-en-canarias\/wp-json\/wp\/v2\/pages\/1834\/revisions\/2006"}],"wp:attachment":[{"href":"https:\/\/www.ull.es\/eventos\/genealogia-en-canarias\/wp-json\/wp\/v2\/media?parent=1834"}],"curies":[{"name":"wp","href":"https:\/\/api.w.org\/{rel}","templated":true}]}}