{"id":1960,"date":"2025-09-05T12:36:02","date_gmt":"2025-09-05T12:36:02","guid":{"rendered":"https:\/\/www.ull.es\/eventos\/genealogia-en-canarias\/?page_id=1960"},"modified":"2025-09-16T11:24:24","modified_gmt":"2025-09-16T11:24:24","slug":"la-savia-de-la-historia","status":"publish","type":"page","link":"https:\/\/www.ull.es\/eventos\/genealogia-en-canarias\/la-savia-de-la-historia\/","title":{"rendered":"La savia de la Historia"},"content":{"rendered":"<p>[vc_row gap=\u00bb35&#8243; equal_height=\u00bbyes\u00bb content_placement=\u00bbbottom\u00bb css=\u00bb.vc_custom_1757326224315{background-image: url(http:\/\/www.ull.es\/eventos\/genealogia-en-canarias\/wp-content\/uploads\/sites\/66\/2025\/09\/001_1.png?id=1998) !important;background-position: center !important;background-repeat: no-repeat !important;background-size: contain !important;}\u00bb][vc_column width=\u00bb1\/3&#8243;][\/vc_column][vc_column width=\u00bb2\/3&#8243;][vc_empty_space height=\u00bb500px\u00bb][\/vc_column][\/vc_row][vc_row gap=\u00bb35&#8243; content_placement=\u00bbtop\u00bb css=\u00bb.vc_custom_1727692820016{padding-right: 90px !important;padding-left: 90px !important;background-color: #ffffff !important;}\u00bb][vc_column width=\u00bb1\/3&#8243;][vc_separator][vc_custom_heading source=\u00bbpost_title\u00bb font_container=\u00bbtag:h1|font_size:1.8em|text_align:left|color:%23000000|line_height:100%25&#8243; google_fonts=\u00bbfont_family:Roboto%3A100%2C100italic%2C300%2C300italic%2Cregular%2Citalic%2C500%2C500italic%2C700%2C700italic%2C900%2C900italic|font_style:300%20light%20regular%3A300%3Anormal\u00bb][vc_custom_heading text=\u00bbLa genealog\u00eda en Canarias\u00bb font_container=\u00bbtag:h6|font_size:1em|text_align:left|color:%23000000|line_height:100%25&#8243; google_fonts=\u00bbfont_family:Roboto%3A100%2C100italic%2C300%2C300italic%2Cregular%2Citalic%2C500%2C500italic%2C700%2C700italic%2C900%2C900italic|font_style:300%20light%20regular%3A300%3Anormal\u00bb][\/vc_column][vc_column width=\u00bb2\/3&#8243;][vc_separator][vc_row_inner][vc_column_inner][vc_column_text]Bajo el auspicio del XIV Coloquio Internacional de Genealog\u00eda \u201cGenealog\u00eda e Historia: entre el pasado y el futuro\u201d la exposici\u00f3n se acerca a las ra\u00edces hist\u00f3ricas de las familias canarias explorando en los fondos documentales de la Biblioteca de la Universidad de La Laguna.[\/vc_column_text][\/vc_column_inner][\/vc_row_inner][vc_empty_space height=\u00bb12px\u00bb][vc_separator][\/vc_column][\/vc_row][vc_row gap=\u00bb35&#8243; content_placement=\u00bbtop\u00bb css=\u00bb.vc_custom_1757076008624{padding-right: 90px !important;padding-left: 90px !important;background-color: #ffffff !important;}\u00bb][vc_column][vc_tta_accordion style=\u00bbflat\u00bb active_section=\u00bb\u00bb no_fill=\u00bbtrue\u00bb collapsible_all=\u00bbtrue\u00bb][vc_tta_section title=\u00bbInicios e institucionalizaci\u00f3n de la Genealog\u00eda en Canarias\u00bb tab_id=\u00bb1757315423302-b24e224d-bdc2&#8243;][vc_row_inner][vc_column_inner width=\u00bb1\/3&#8243;][vc_gallery interval=\u00bb3&#8243; images=\u00bb1975,1976,1978,1977&#8243; img_size=\u00bbfull\u00bb css=\u00bb.vc_custom_1757324985720{margin-right: 25px !important;}\u00bb][\/vc_column_inner][vc_column_inner width=\u00bb2\/3&#8243;][vc_custom_heading text=\u00bbJuan N\u00fa\u00f1ez de la Pe\u00f1a\u00bb font_container=\u00bbtag:h2|font_size:1.5%20em|text_align:left|color:%23000000|line_height:100%25&#8243; google_fonts=\u00bbfont_family:Roboto%3A100%2C100italic%2C300%2C300italic%2Cregular%2Citalic%2C500%2C500italic%2C700%2C700italic%2C900%2C900italic|font_style:300%20light%20regular%3A300%3Anormal\u00bb][vc_column_text]<strong>(31 de mayo 1641 \u2013 3 de febrero de 1721)<\/strong><\/p>\n<p>Naci\u00f3 en San Crist\u00f3bal de La Laguna, hijo de Juan N\u00fa\u00f1ez de la Pe\u00f1a, natural de Tenerife, y Mar\u00eda Sol\u00eds, natural de C\u00f3rdoba. Estudi\u00f3 en el colegio de San Agust\u00edn de La Laguna y recibi\u00f3 \u00f3rdenes menores en 1659. Ejerci\u00f3 de escribano p\u00fablico en Toledo, donde vivi\u00f3 durante cierto tiempo. La obra que marc\u00f3 su trayectoria como historiador fue <em>Conquista y antig\u00fcedades de las islas de la Gran Canaria y su descripci\u00f3n, con muchas advertencias de sus privilegios, conquistadores, pobladores y otras particularidades en la muy poderosa isla de Tenerife, dirigido a la milagrosa imagen de Nuestra Se\u00f1ora de Candelaria<\/em>. Su aparici\u00f3n en 1676 constituye una referencia en la historiograf\u00eda canaria. La preparaci\u00f3n de esta obra lo llev\u00f3 a investigar documentos municipales, notariales y eclesi\u00e1sticos, de donde surge su inter\u00e9s por la genealog\u00eda del Archipi\u00e9lago. Realiz\u00f3, incluso, genealog\u00edas por encargo.[\/vc_column_text][vc_empty_space height=\u00bb12px\u00bb][vc_separator][vc_custom_heading text=\u00bbFrancisco Fern\u00e1ndez de Bethencourt\u00bb font_container=\u00bbtag:h2|font_size:1.5%20em|text_align:left|color:%23000000|line_height:100%25&#8243; google_fonts=\u00bbfont_family:Roboto%3A100%2C100italic%2C300%2C300italic%2Cregular%2Citalic%2C500%2C500italic%2C700%2C700italic%2C900%2C900italic|font_style:300%20light%20regular%3A300%3Anormal\u00bb][vc_column_text]<strong>(27 de julio de 1850 \u2013 2 de abril de 1916)<\/strong><\/p>\n<p>Considerado el padre de la Genealog\u00eda moderna en Espa\u00f1a, naci\u00f3 en Lanzarote y estudi\u00f3 durante varios a\u00f1os en el Seminario Conciliar de Canarias en Gran Canaria para ser sacerdote. All\u00ed inici\u00f3 sus primeros contactos con la Genealog\u00eda, la Historia y la Her\u00e1ldica, que fueron parte de su vocaci\u00f3n posterior. Abandon\u00f3 la formaci\u00f3n religiosa para matricularse en la Escuela de Derecho anexa al Instituto de Segunda Ense\u00f1anza de Canarias en La Laguna, ciudad en la que hab\u00edan fijado su residencia sus padres en 1866. A\u00f1os m\u00e1s tarde tambi\u00e9n abandon\u00f3 estos estudios para dedicarse al periodismo, a la pol\u00edtica y a la investigaci\u00f3n hist\u00f3rica. Entre 1878 y 1880, public\u00f3 en Santa Cruz de Tenerife los siete tomos de los que constaba el Nobiliario y Blas\u00f3n de Canarias: <em>Diccionario hist\u00f3rico, biogr\u00e1fico, geneal\u00f3gico y her\u00e1ldico de la Provincia<\/em>.<br \/>\nEl 29 de junio de 1900 ley\u00f3 en la Real Academia de la Historia su discurso de recepci\u00f3n p\u00fablica titulado \u201cLa Genealog\u00eda y la Her\u00e1ldica en la Historia\u201d.[\/vc_column_text][\/vc_column_inner][\/vc_row_inner][\/vc_tta_section][vc_tta_section title=\u00bbLa Genealog\u00eda en la Biblioteca de la Universidad de La Laguna\u00bb tab_id=\u00bb1757315423310-8d0d36c6-cca8&#8243;][vc_row_inner][vc_column_inner width=\u00bb1\/3&#8243;][vc_gallery interval=\u00bb3&#8243; images=\u00bb1980,1981,1982,1983&#8243; img_size=\u00bbfull\u00bb css=\u00bb.vc_custom_1757325439377{margin-right: 25px !important;}\u00bb][\/vc_column_inner][vc_column_inner width=\u00bb2\/3&#8243;][vc_column_text]En la Biblioteca de la Universidad de La Laguna ocupan un lugar destacado los impresos publicados en Canarias y de autor o tema canario y entre ellas se encuentra un n\u00famero importante de fuentes documentales de genealog\u00eda que comprenden fechas que van desde el siglo XVI hasta nuestros d\u00edas.<\/p>\n<p>Entre otras obras se\u00f1alamos el Poema de Viana que incluye el \u00e1rbol de la familia Guerra; los manuscritos de Juan N\u00fa\u00f1ez de la Pe\u00f1a; la Descripcio\u0301n genealo\u0301gica de las Casas de Mesa y Ponte de Antonio Ramos (1792); las numerosas aportaciones geneal\u00f3gicas de Jos\u00e9 Agust\u00edn \u00c1lvarez Rixo; la primera edici\u00f3n del Nobiliario y blas\u00f3n de Canarias de Francisco Fern\u00e1ndez de B\u00e9thencourt, la posterior revisi\u00f3n y actualizaci\u00f3n de Juan R\u00e9gulo; la Historia de las casas de Machado y Monteverde en las Islas Canarias de Jos\u00e9 Peraza de Ayala o Casas y familias laguneras: los linajes y palacios de Nava-Grim\u00f3n y Salazar de Fr\u00edas de Alfonso Soriano.<\/p>\n<p>La colecci\u00f3n, adem\u00e1s, incluye impresos de genealog\u00eda b\u00edblica y estudios sobre los linajes de la realeza y la nobleza espa\u00f1ola y europea.<\/p>\n<p>Puede se\u00f1alarse que como resultado del proyecto presentado en 2024 a los Presupuestos Participativos de la ULL se ha incorporado a la plataforma Mares\u00eda, y puesto a disposici\u00f3n de la comunidad universitaria y la sociedad en general, la digitalizaci\u00f3n de una selecci\u00f3n de documentos geneal\u00f3gicos correspondiente a cuatro archivos personales y familiares custodiados en el Fondo Antiguo y en la Biblioteca de Canarias: el Archivo de la Familia Lercaro-Justiniani, el Archivo personal de Dacio V. Darias Padr\u00f3n (1880-1960), el Archivo personal de Francisco Montes de Oca Garc\u00eda (1877-1964) y el Archivo personal de Rosendo Garc\u00eda-Ramos y Bretillard (1835-1913).[\/vc_column_text][\/vc_column_inner][\/vc_row_inner][\/vc_tta_section][vc_tta_section title=\u00bbLa Genealog\u00eda en Canarias en el siglo XXI: SEGEHECA\u00bb tab_id=\u00bb1757325894690-7c58093a-659f\u00bb][vc_row_inner][vc_column_inner width=\u00bb1\/3&#8243;][vc_gallery interval=\u00bb3&#8243; images=\u00bb1986,1987,1988&#8243; img_size=\u00bbfull\u00bb css=\u00bb.vc_custom_1757325969055{margin-right: 25px !important;}\u00bb][\/vc_column_inner][vc_column_inner width=\u00bb2\/3&#8243;][vc_column_text]Al abrigo de las Jornadas de Genealog\u00eda de Arona 2010 y 2011, el 2 de marzo de 2012 se constituye una asociaci\u00f3n que aspira a aunar, preservar y difundir la investigaci\u00f3n en Genealog\u00eda y Her\u00e1ldica. Se llamar\u00e1 Sociedad de Estudios Geneal\u00f3gicos y Her\u00e1ldicos de Canarias (SEGEHECA). Su presentaci\u00f3n oficial tuvo lugar el 20 de abril del mismo a\u00f1o en el Centro Cultural de Los Cristianos, en Arona.<\/p>\n<p>Este grupo comienza por estimular y dignificar el estudio de estas disciplinas mediante la aplicaci\u00f3n de estrictos criterios cient\u00edficos en el \u00e1mbito del archipi\u00e9lago canario. Se apunta con rapidez a asociar genealog\u00eda la historia familiar, fundamentalmente para evitar la tan tra\u00edda y llevada mala prensa que el t\u00e9rmino hab\u00eda tenido en siglos pasados. Y empiezan a desarrollarse historias familiares paralelas entre descendientes de canarios que emigraron: los nexos geneal\u00f3gicos con personas y pa\u00edses del otro lado del oc\u00e9ano Atl\u00e1ntico no han hecho m\u00e1s que crecer, porque cualquier corriente emigratoria no tiene las mismas caracter\u00edsticas ni motivaciones, pero siempre ratifica el asentamiento y la formaci\u00f3n de nuevas familias. En la actualidad, los descendientes de canarios que se establecieron en los antiguos pa\u00edses receptores de inmigraci\u00f3n generan miles de b\u00fasquedas geneal\u00f3gicas cada a\u00f1o en Canarias, de las que es testigo la SEGEHECA.<\/p>\n<p>De este modo, cada a\u00f1o, la SEGEHECA ha tenido un referente, las Jornadas de Genealog\u00eda de Arona, en la actualidad Jornadas de Genealog\u00eda de Canarias, pero, adem\u00e1s, ha celebrado el I y II Congreso Internacional de Genealog\u00eda e Historia familiar de Canarias y la XXII Reuni\u00f3n Americana de Genealog\u00eda y el XII Congreso Iberoamericano de las Ciencias Geneal\u00f3gica y Her\u00e1ldica, lo que supone un importante reconocimiento al buen hacer de su organizaci\u00f3n.<\/p>\n<p>Por primera vez, gracias a las investigaciones y publicaciones que desarrolla la SEGEHECA, en la genealog\u00eda de las islas Canarias interesa lo mismo la historia familiar de una persona an\u00f3nima, la del ind\u00edgena guanche o la de un noble. La fusi\u00f3n de culturas que vivieron las islas en su repoblamiento tras la conquista es la imagen viva que pretende difundir esta asociaci\u00f3n.[\/vc_column_text][\/vc_column_inner][\/vc_row_inner][\/vc_tta_section][\/vc_tta_accordion][vc_empty_space height=\u00bb21px\u00bb][\/vc_column][\/vc_row][vc_row gap=\u00bb30&#8243; css=\u00bb.vc_custom_1727697933407{padding-right: 90px !important;padding-left: 90px !important;background-color: #ffffff !important;}\u00bb][vc_column width=\u00bb1\/3&#8243;][vc_separator color=\u00bbcustom\u00bb accent_color=\u00bb#8e8e8e\u00bb][\/vc_column][vc_column width=\u00bb2\/3&#8243;][vc_separator color=\u00bbcustom\u00bb accent_color=\u00bb#8e8e8e\u00bb][vc_row_inner][vc_column_inner][vc_single_image image=\u00bb2009&#8243; onclick=\u00bbcustom_link\u00bb img_link_target=\u00bb_blank\u00bb link=\u00bbhttps:\/\/www.ull.es\u00bb][\/vc_column_inner][\/vc_row_inner][vc_row_inner][vc_column_inner width=\u00bb1\/3&#8243;][vc_single_image image=\u00bb1332&#8243; alignment=\u00bbcenter\u00bb onclick=\u00bbcustom_link\u00bb img_link_target=\u00bb_blank\u00bb link=\u00bbhttps:\/\/www.museosdetenerife.org\/mha-museo-de-historia-y-antropologia\/museo\/presentacion\/\u00bb][\/vc_column_inner][vc_column_inner width=\u00bb1\/3&#8243;][vc_single_image image=\u00bb1320&#8243; alignment=\u00bbcenter\u00bb onclick=\u00bbcustom_link\u00bb img_link_target=\u00bb_blank\u00bb link=\u00bbhttps:\/\/www.casadelamiel.org\/es\u00bb][\/vc_column_inner][vc_column_inner width=\u00bb1\/3&#8243;][vc_single_image image=\u00bb1344&#8243; alignment=\u00bbcenter\u00bb onclick=\u00bbcustom_link\u00bb img_link_target=\u00bb_blank\u00bb link=\u00bbhttp:\/\/gastronomiatlantica.com\/\u00bb][\/vc_column_inner][\/vc_row_inner][\/vc_column][\/vc_row]<\/p>\n","protected":false},"excerpt":{"rendered":"<p>[vc_row gap=\u00bb35&#8243; equal_height=\u00bbyes\u00bb content_placement=\u00bbbottom\u00bb css=\u00bb.vc_custom_1757326224315{background-image: url(http:\/\/www.ull.es\/eventos\/genealogia-en-canarias\/wp-content\/uploads\/sites\/66\/2025\/09\/001_1.png?id=1998) !important;background-position: center !important;background-repeat: no-repeat !important;background-size: contain !important;}\u00bb][vc_column width=\u00bb1\/3&#8243;][\/vc_column][vc_column width=\u00bb2\/3&#8243;][vc_empty_space height=\u00bb500px\u00bb][\/vc_column][\/vc_row][vc_row gap=\u00bb35&#8243; content_placement=\u00bbtop\u00bb css=\u00bb.vc_custom_1727692820016{padding-right: 90px !important;padding-left: 90px !important;background-color: #ffffff !important;}\u00bb][vc_column width=\u00bb1\/3&#8243;][vc_separator][vc_custom_heading source=\u00bbpost_title\u00bb font_container=\u00bbtag:h1|font_size:1.8em|text_align:left|color:%23000000|line_height:100%25&#8243; google_fonts=\u00bbfont_family:Roboto%3A100%2C100italic%2C300%2C300italic%2Cregular%2Citalic%2C500%2C500italic%2C700%2C700italic%2C900%2C900italic|font_style:300%20light%20regular%3A300%3Anormal\u00bb][vc_custom_heading text=\u00bbLa genealog\u00eda en Canarias\u00bb font_container=\u00bbtag:h6|font_size:1em|text_align:left|color:%23000000|line_height:100%25&#8243; google_fonts=\u00bbfont_family:Roboto%3A100%2C100italic%2C300%2C300italic%2Cregular%2Citalic%2C500%2C500italic%2C700%2C700italic%2C900%2C900italic|font_style:300%20light%20regular%3A300%3Anormal\u00bb][\/vc_column][vc_column width=\u00bb2\/3&#8243;][vc_separator][vc_row_inner][vc_column_inner][vc_column_text]Bajo el auspicio del XIV Coloquio Internacional de Genealog\u00eda \u201cGenealog\u00eda e Historia: entre el pasado y el futuro\u201d la exposici\u00f3n&#8230;<\/p>\n","protected":false},"author":14,"featured_media":0,"parent":0,"menu_order":0,"comment_status":"closed","ping_status":"closed","template":"templates\/template-no-title.php","meta":{"footnotes":""},"class_list":["post-1960","page","type-page","status-publish","hentry"],"_links":{"self":[{"href":"https:\/\/www.ull.es\/eventos\/genealogia-en-canarias\/wp-json\/wp\/v2\/pages\/1960"}],"collection":[{"href":"https:\/\/www.ull.es\/eventos\/genealogia-en-canarias\/wp-json\/wp\/v2\/pages"}],"about":[{"href":"https:\/\/www.ull.es\/eventos\/genealogia-en-canarias\/wp-json\/wp\/v2\/types\/page"}],"author":[{"embeddable":true,"href":"https:\/\/www.ull.es\/eventos\/genealogia-en-canarias\/wp-json\/wp\/v2\/users\/14"}],"replies":[{"embeddable":true,"href":"https:\/\/www.ull.es\/eventos\/genealogia-en-canarias\/wp-json\/wp\/v2\/comments?post=1960"}],"version-history":[{"count":22,"href":"https:\/\/www.ull.es\/eventos\/genealogia-en-canarias\/wp-json\/wp\/v2\/pages\/1960\/revisions"}],"predecessor-version":[{"id":2013,"href":"https:\/\/www.ull.es\/eventos\/genealogia-en-canarias\/wp-json\/wp\/v2\/pages\/1960\/revisions\/2013"}],"wp:attachment":[{"href":"https:\/\/www.ull.es\/eventos\/genealogia-en-canarias\/wp-json\/wp\/v2\/media?parent=1960"}],"curies":[{"name":"wp","href":"https:\/\/api.w.org\/{rel}","templated":true}]}}