{"id":2004,"date":"2025-09-08T12:44:30","date_gmt":"2025-09-08T12:44:30","guid":{"rendered":"https:\/\/www.ull.es\/eventos\/genealogia-en-canarias\/?page_id=2004"},"modified":"2025-10-07T12:15:29","modified_gmt":"2025-10-07T12:15:29","slug":"consanguinidad-y-afinidad-en-la-genealogia","status":"publish","type":"page","link":"https:\/\/www.ull.es\/eventos\/genealogia-en-canarias\/consanguinidad-y-afinidad-en-la-genealogia\/","title":{"rendered":"Consanguinidad y afinidad en la Genealog\u00eda"},"content":{"rendered":"<p>[vc_row gap=\u00bb35&#8243; equal_height=\u00bbyes\u00bb content_placement=\u00bbbottom\u00bb css=\u00bb.vc_custom_1758108553843{background-position: center !important;background-repeat: no-repeat !important;background-size: contain !important;}\u00bb][vc_column width=\u00bb1\/3&#8243;][vc_single_image image=\u00bb2260&#8243; img_size=\u00bbfull\u00bb alignment=\u00bbright\u00bb][\/vc_column][vc_column width=\u00bb2\/3&#8243;][\/vc_column][\/vc_row][vc_row gap=\u00bb35&#8243; content_placement=\u00bbtop\u00bb css=\u00bb.vc_custom_1727692820016{padding-right: 90px !important;padding-left: 90px !important;background-color: #ffffff !important;}\u00bb][vc_column width=\u00bb1\/3&#8243;][vc_separator color=\u00bbcustom\u00bb accent_color=\u00bb#8e8e8e\u00bb][vc_custom_heading source=\u00bbpost_title\u00bb font_container=\u00bbtag:h1|font_size:1.8em|text_align:left|color:%23000000|line_height:100%25&#8243; google_fonts=\u00bbfont_family:Roboto%3A100%2C100italic%2C300%2C300italic%2Cregular%2Citalic%2C500%2C500italic%2C700%2C700italic%2C900%2C900italic|font_style:300%20light%20regular%3A300%3Anormal\u00bb][\/vc_column][vc_column width=\u00bb2\/3&#8243;][vc_separator color=\u00bbcustom\u00bb accent_color=\u00bb#8e8e8e\u00bb][vc_column_text]Los diagramas de consanguinidad y afinidad son iconograf\u00edas que representan las relaciones de parentesco por sangre entre individuos. Estos \u00e1rboles, ampliamente difundidos en obras legales medievales, son una forma visual de entender c\u00f3mo se relacionan los miembros de una familia a trav\u00e9s de m\u00faltiples generaciones. Nos indican las uniones que se consideran l\u00edcitas o il\u00edcitas o que requieren de una dispensa papal para poder efectuarse, haciendo alusi\u00f3n a los cap\u00edtulos del Del Concilio de Trento que las tratan.<\/p>\n<p>Se han seleccionado a partir de nuestro Fondo antiguo algunos impresos que muestran este tipo de \u00e1rboles de consanguinidad o afinidad entre los que pueden destacarse los grabados de <em>Las siete Partidas<\/em> (1610) glosadas por Gregorio L\u00f3pez.[\/vc_column_text][vc_separator color=\u00bbcustom\u00bb accent_color=\u00bb#8e8e8e\u00bb][vc_empty_space][vc_gallery type=\u00bbflexslider_slide\u00bb interval=\u00bb0&#8243; images=\u00bb2267,2268,2269,2270,2271&#8243; img_size=\u00bbfull\u00bb][vc_empty_space][vc_column_text]<strong>Imagen 1<\/strong><\/p>\n<p>\u00c1rbol de consanguinidad y \u00e1rbol de afinidad. En: <em>Las siete Partidas del Sabio Rey don Alonso el Nono<\/em>. Maguntiae: excudebat Balthasarus Lippius, 1610.<\/p>\n<hr \/>\n<p><strong>Imagen 2<\/strong><br \/>\nArbor consanguinatatis et arbor affinitatis. En: PIERRE DE LA PALUD. <em>Exactissimi et &#8230; Petri de Palude predicatorij ordinis, Hierosolimitani &#8230; quartus sent[en]tia[rum] liber<\/em>&#8230;impressum Parisiis: per Johannem Bienayse et Jacobum Ferrebouc&#8230; : expensis&#8230; Johannis Petit, Francisci Regnault et Claudij Chevallon\u2026 , 1514.<\/p>\n<hr \/>\n<p><strong>Imagen 3<\/strong><br \/>\nLege hereditates quemadmodum redeant. En: HEINECCIUS, J. G. <em>Antiquitatum Romanorum jurisprudentiam illustrantium syntagma<\/em>. Venetiis, 1767.<\/p>\n<hr \/>\n<p><strong>Imagen 4<\/strong><br \/>\nCONCILIO DE TRENTO [1545-1563]. <em>El Sacrosanto y Ecum\u00e9nico Concilio de Trento.<\/em> Traducido por Ignacio L\u00f3pez de Ayala. Madrid: Imprenta Real, 1787.<\/p>\n<hr \/>\n<p><strong>Imagen 5<\/strong><br \/>\nCONCILIO DE TRENTO [1545-1563]. <em>El Sacrosanto y Ecum\u00e9nico Concilio de Trento.<\/em> Traducido por Ignacio L\u00f3pez de Ayala. Madrid: Imprenta Real, 1787.[\/vc_column_text][vc_separator color=\u00bbcustom\u00bb accent_color=\u00bb#8e8e8e\u00bb][vc_empty_space][\/vc_column][\/vc_row][vc_row gap=\u00bb30&#8243; css=\u00bb.vc_custom_1727697933407{padding-right: 90px !important;padding-left: 90px !important;background-color: #ffffff !important;}\u00bb][vc_column width=\u00bb1\/3&#8243;][vc_separator color=\u00bbcustom\u00bb accent_color=\u00bb#8e8e8e\u00bb][\/vc_column][vc_column width=\u00bb2\/3&#8243;][vc_separator color=\u00bbcustom\u00bb accent_color=\u00bb#8e8e8e\u00bb][vc_row_inner][vc_column_inner][vc_single_image image=\u00bb2009&#8243;][\/vc_column_inner][\/vc_row_inner][vc_row_inner][vc_column_inner width=\u00bb1\/3&#8243;][vc_single_image image=\u00bb1332&#8243; alignment=\u00bbcenter\u00bb onclick=\u00bbcustom_link\u00bb img_link_target=\u00bb_blank\u00bb link=\u00bbhttps:\/\/www.museosdetenerife.org\/mha-museo-de-historia-y-antropologia\/museo\/presentacion\/\u00bb][\/vc_column_inner][vc_column_inner width=\u00bb1\/3&#8243;][vc_single_image image=\u00bb1320&#8243; alignment=\u00bbcenter\u00bb onclick=\u00bbcustom_link\u00bb img_link_target=\u00bb_blank\u00bb link=\u00bbhttps:\/\/www.casadelamiel.org\/es\u00bb][\/vc_column_inner][vc_column_inner width=\u00bb1\/3&#8243;][vc_single_image image=\u00bb1344&#8243; alignment=\u00bbcenter\u00bb onclick=\u00bbcustom_link\u00bb img_link_target=\u00bb_blank\u00bb link=\u00bbhttp:\/\/gastronomiatlantica.com\/\u00bb][\/vc_column_inner][\/vc_row_inner][\/vc_column][\/vc_row]<\/p>\n","protected":false},"excerpt":{"rendered":"<p>[vc_row gap=\u00bb35&#8243; equal_height=\u00bbyes\u00bb content_placement=\u00bbbottom\u00bb css=\u00bb.vc_custom_1758108553843{background-position: center !important;background-repeat: no-repeat !important;background-size: contain !important;}\u00bb][vc_column width=\u00bb1\/3&#8243;][vc_single_image image=\u00bb2260&#8243; img_size=\u00bbfull\u00bb alignment=\u00bbright\u00bb][\/vc_column][vc_column width=\u00bb2\/3&#8243;][\/vc_column][\/vc_row][vc_row gap=\u00bb35&#8243; content_placement=\u00bbtop\u00bb css=\u00bb.vc_custom_1727692820016{padding-right: 90px !important;padding-left: 90px !important;background-color: #ffffff !important;}\u00bb][vc_column width=\u00bb1\/3&#8243;][vc_separator color=\u00bbcustom\u00bb accent_color=\u00bb#8e8e8e\u00bb][vc_custom_heading source=\u00bbpost_title\u00bb font_container=\u00bbtag:h1|font_size:1.8em|text_align:left|color:%23000000|line_height:100%25&#8243; google_fonts=\u00bbfont_family:Roboto%3A100%2C100italic%2C300%2C300italic%2Cregular%2Citalic%2C500%2C500italic%2C700%2C700italic%2C900%2C900italic|font_style:300%20light%20regular%3A300%3Anormal\u00bb][\/vc_column][vc_column width=\u00bb2\/3&#8243;][vc_separator color=\u00bbcustom\u00bb accent_color=\u00bb#8e8e8e\u00bb][vc_column_text]Los diagramas de consanguinidad y afinidad son iconograf\u00edas que representan las relaciones de parentesco por sangre entre individuos. Estos \u00e1rboles, ampliamente difundidos&#8230;<\/p>\n","protected":false},"author":14,"featured_media":0,"parent":0,"menu_order":0,"comment_status":"closed","ping_status":"closed","template":"templates\/template-no-title.php","meta":{"footnotes":""},"class_list":["post-2004","page","type-page","status-publish","hentry"],"_links":{"self":[{"href":"https:\/\/www.ull.es\/eventos\/genealogia-en-canarias\/wp-json\/wp\/v2\/pages\/2004"}],"collection":[{"href":"https:\/\/www.ull.es\/eventos\/genealogia-en-canarias\/wp-json\/wp\/v2\/pages"}],"about":[{"href":"https:\/\/www.ull.es\/eventos\/genealogia-en-canarias\/wp-json\/wp\/v2\/types\/page"}],"author":[{"embeddable":true,"href":"https:\/\/www.ull.es\/eventos\/genealogia-en-canarias\/wp-json\/wp\/v2\/users\/14"}],"replies":[{"embeddable":true,"href":"https:\/\/www.ull.es\/eventos\/genealogia-en-canarias\/wp-json\/wp\/v2\/comments?post=2004"}],"version-history":[{"count":16,"href":"https:\/\/www.ull.es\/eventos\/genealogia-en-canarias\/wp-json\/wp\/v2\/pages\/2004\/revisions"}],"predecessor-version":[{"id":2335,"href":"https:\/\/www.ull.es\/eventos\/genealogia-en-canarias\/wp-json\/wp\/v2\/pages\/2004\/revisions\/2335"}],"wp:attachment":[{"href":"https:\/\/www.ull.es\/eventos\/genealogia-en-canarias\/wp-json\/wp\/v2\/media?parent=2004"}],"curies":[{"name":"wp","href":"https:\/\/api.w.org\/{rel}","templated":true}]}}