{"id":2030,"date":"2025-09-09T09:57:31","date_gmt":"2025-09-09T09:57:31","guid":{"rendered":"https:\/\/www.ull.es\/eventos\/genealogia-en-canarias\/?page_id=2030"},"modified":"2025-10-13T08:26:27","modified_gmt":"2025-10-13T08:26:27","slug":"genealogia-y-ascendencia-guanche","status":"publish","type":"page","link":"https:\/\/www.ull.es\/eventos\/genealogia-en-canarias\/genealogia-y-ascendencia-guanche\/","title":{"rendered":"Genealog\u00eda y ascendencia guanche"},"content":{"rendered":"<p>[vc_row gap=\u00bb35&#8243; equal_height=\u00bbyes\u00bb content_placement=\u00bbbottom\u00bb css=\u00bb.vc_custom_1758108959414{padding-top: 00px !important;background-position: center !important;background-repeat: no-repeat !important;background-size: contain !important;}\u00bb][vc_column width=\u00bb1\/3&#8243;][vc_single_image image=\u00bb2260&#8243; img_size=\u00bbfull\u00bb alignment=\u00bbright\u00bb][\/vc_column][vc_column width=\u00bb2\/3&#8243;][\/vc_column][\/vc_row][vc_row gap=\u00bb35&#8243; content_placement=\u00bbtop\u00bb css=\u00bb.vc_custom_1727692820016{padding-right: 90px !important;padding-left: 90px !important;background-color: #ffffff !important;}\u00bb][vc_column width=\u00bb1\/3&#8243;][vc_separator color=\u00bbcustom\u00bb accent_color=\u00bb#8e8e8e\u00bb][vc_custom_heading source=\u00bbpost_title\u00bb font_container=\u00bbtag:h1|font_size:1.8em|text_align:left|color:%23000000|line_height:100%25&#8243; google_fonts=\u00bbfont_family:Roboto%3A100%2C100italic%2C300%2C300italic%2Cregular%2Citalic%2C500%2C500italic%2C700%2C700italic%2C900%2C900italic|font_style:300%20light%20regular%3A300%3Anormal\u00bb][\/vc_column][vc_column width=\u00bb2\/3&#8243;][vc_separator color=\u00bbcustom\u00bb accent_color=\u00bb#8e8e8e\u00bb][vc_column_text]Antes de la Conquista habitaba en Tenerife el pueblo guanche. La isla estaba dividida en nueve reinos al frente de los cuales estaba el rey o mencey. Los territorios o menceyatos eran Daute, Icod, Taoro, Tacoronte, Tegueste, Abona, Adeje, G\u00fc\u00edmar y Anaga.<\/p>\n<p>Abreu Galindo los describ\u00eda como \u201chombres por la mayor parte morenos por el calor de la regi\u00f3n y clima, son amorosos, agudos de entendimiento, inconstantes y varios\u201d en el manuscrito del que conservamos algunos fragmentos.<\/p>\n<p>ABREU GALINDO, J. de, M. de. <em>Historia de la conquista de las siete islas de Canaria<\/em>. [Manuscrito]. S. XVII.<\/p>\n<p>El manuscrito de Manuel de Ossuna y Savi\u00f1on <em>Los Guanches o la destrucci\u00f3n de las monarqu\u00edas de Tenerife<\/em> de 1837, un borrador con numerosos tachones de varias manos, es el \u00faltimo manuscrito de esta obra, despu\u00e9s de reducir y reformar los anteriores manuscritos de 1832 y posteriores.<\/p>\n<p>La obra de Antonio de Viana <em>Antiguedades de las Islas Afortunadas de la Gran Canaria Conquista de Tenerife y aparescimiento de la Ymagen de Ca[n]delaria en verso suelto y octava rima<\/em>, m\u00e1s conocida como <em>El Poema de Viana<\/em> se ha considerado la primera obra de la literatura en Canarias, pero tambi\u00e9n se ha usado como elemento hist\u00f3rico a la hora de relacionar la ascendencia del pueblo canario con los conquistadores de las islas.<\/p>\n<p>El texto refleja una curiosa relaci\u00f3n de amor y odio con su fuente principal, la <em>Historia de Nuestra Se\u00f1ora de Candelaria<\/em> (1594), escrita por fray Alonso de Espinosa pocos a\u00f1os antes. Viana utiliza el texto del dominico para elaborar buena parte de sus versos dedicados a los usos y costumbres de los guanches, aunque eso no impide que en ocasiones lo critique con sa\u00f1a. Un claro ejemplo lo encontramos en la defensa que Viana hace de la familia del mecenas de su obra, don Juan Guerra de Ayala, sobre la que el dominico fray Alonso de Espinosa, uno de los primeros cronistas de Tenerife, escribi\u00f3 <em>Del origen y milagros de la Santa Imagen de Nuestra Se\u00f1ora de Candelaria<\/em> <em>que apareci\u00f3 en la isla de Tenerife,<\/em> obra impresa en Sevilla en 1594. En ella se cuestionaba el origen geneal\u00f3gico y los derechos de la familia Guerra, conquistadores de Tenerife. Como explica el profesor Alejandro Cioranescu, la familia Guerra, con el \u00e1nimo de restablecer la verdad sobre la transmisi\u00f3n de la herencia y el papel de sus antepasados en la conquista de la isla, encarg\u00f3 un poema \u00e9pico al poeta y m\u00e9dico lagunero Antonio de Viana.[\/vc_column_text][vc_separator color=\u00bbcustom\u00bb accent_color=\u00bb#8e8e8e\u00bb][vc_empty_space][vc_gallery type=\u00bbflexslider_slide\u00bb interval=\u00bb0&#8243; images=\u00bb2032,2033,2035,2036,2037,2352,2354,2040&#8243; img_size=\u00bbfull\u00bb][vc_empty_space][vc_column_text]<strong>Imagen 1<br \/>\n<\/strong>D\u00cdAZ DORTA, N. <em>Cuaderno explicativo del \u00e1rbol geneal\u00f3gico de la Familia Real ind\u00edgena de Tenerife y descendientes de ella que m\u00e1s se han distinguido<\/em>. Santa Cruz de Tenerife: A.J. Ben\u00edtez, 1913<\/p>\n<hr \/>\n<p><strong>Imagen 2<br \/>\n<\/strong><em>Relaci\u00f3n manuscrita de instrumentos celebrados en distintas escriban\u00edas de la ysla de tenerife y genealog\u00edas de individuo de la raza guanche<\/em> [Manuscrito]. S. XVIII?<\/p>\n<hr \/>\n<p><strong>Imagen 3<\/strong><br \/>\n<em>Historia antigua de los canarios, referente a los ind\u00edgenos<\/em> [sic] <em>de Tenerife denominados los guanches<\/em> [Manuscrito]. S. XIX.<\/p>\n<hr \/>\n<p><strong>Imagen 4<\/strong><br \/>\n<em>El canario vigilante<\/em>. [Las Palmas de Gran Canaria]: [s.n.], 1841.<\/p>\n<hr \/>\n<p><strong>Imagen 5<\/strong><br \/>\nABREU GALINDO, J. de, M. de. <em>Historia de la conquista de las siete islas de Canaria<\/em>. [Manuscrito]. S. XVII.<\/p>\n<hr \/>\n<p><strong>Imagen 6<\/strong><br \/>\nVIANA, A. de <em>Antiguedades de las Islas Afortunadas de la Gran Canaria Conquista de Tenerife y aparescimiento de la Ymagen de Ca[n]delaria en verso suelto y octava rima<\/em>. En Seuilla: por Bartolome Gomes, 1604.<\/p>\n<hr \/>\n<p><strong>Imagen 7<\/strong><br \/>\n<em>\u00c1rbol geneal\u00f3gico de Marcos Rodriguez de Palenzuela y Mar\u00eda Rodr\u00edguez Alfonso<\/em>. [Manuscrito]. [s.l., s.d.]<\/p>\n<hr \/>\n<p><strong>Imagen 8<\/strong><br \/>\nTARQUIS GARC\u00cdA, M. <em>Guanche<\/em> [Material gr\u00e1fico]. [S. l. : s. n., 1890?].[\/vc_column_text][vc_separator color=\u00bbcustom\u00bb accent_color=\u00bb#8e8e8e\u00bb][vc_empty_space][\/vc_column][\/vc_row][vc_row gap=\u00bb30&#8243; css=\u00bb.vc_custom_1727697933407{padding-right: 90px !important;padding-left: 90px !important;background-color: #ffffff !important;}\u00bb][vc_column width=\u00bb1\/3&#8243;][vc_separator color=\u00bbcustom\u00bb accent_color=\u00bb#8e8e8e\u00bb][\/vc_column][vc_column width=\u00bb2\/3&#8243;][vc_separator color=\u00bbcustom\u00bb accent_color=\u00bb#8e8e8e\u00bb][vc_row_inner][vc_column_inner][vc_single_image image=\u00bb2009&#8243;][\/vc_column_inner][\/vc_row_inner][vc_row_inner][vc_column_inner width=\u00bb1\/3&#8243;][vc_single_image image=\u00bb1332&#8243; alignment=\u00bbcenter\u00bb onclick=\u00bbcustom_link\u00bb img_link_target=\u00bb_blank\u00bb link=\u00bbhttps:\/\/www.museosdetenerife.org\/mha-museo-de-historia-y-antropologia\/museo\/presentacion\/\u00bb][\/vc_column_inner][vc_column_inner width=\u00bb1\/3&#8243;][vc_single_image image=\u00bb1320&#8243; alignment=\u00bbcenter\u00bb onclick=\u00bbcustom_link\u00bb img_link_target=\u00bb_blank\u00bb link=\u00bbhttps:\/\/www.casadelamiel.org\/es\u00bb][\/vc_column_inner][vc_column_inner width=\u00bb1\/3&#8243;][vc_single_image image=\u00bb1344&#8243; alignment=\u00bbcenter\u00bb onclick=\u00bbcustom_link\u00bb img_link_target=\u00bb_blank\u00bb link=\u00bbhttp:\/\/gastronomiatlantica.com\/\u00bb][\/vc_column_inner][\/vc_row_inner][\/vc_column][\/vc_row]<\/p>\n","protected":false},"excerpt":{"rendered":"<p>[vc_row gap=\u00bb35&#8243; equal_height=\u00bbyes\u00bb content_placement=\u00bbbottom\u00bb css=\u00bb.vc_custom_1758108959414{padding-top: 00px !important;background-position: center !important;background-repeat: no-repeat !important;background-size: contain !important;}\u00bb][vc_column width=\u00bb1\/3&#8243;][vc_single_image image=\u00bb2260&#8243; img_size=\u00bbfull\u00bb alignment=\u00bbright\u00bb][\/vc_column][vc_column width=\u00bb2\/3&#8243;][\/vc_column][\/vc_row][vc_row gap=\u00bb35&#8243; content_placement=\u00bbtop\u00bb css=\u00bb.vc_custom_1727692820016{padding-right: 90px !important;padding-left: 90px !important;background-color: #ffffff !important;}\u00bb][vc_column width=\u00bb1\/3&#8243;][vc_separator color=\u00bbcustom\u00bb accent_color=\u00bb#8e8e8e\u00bb][vc_custom_heading source=\u00bbpost_title\u00bb font_container=\u00bbtag:h1|font_size:1.8em|text_align:left|color:%23000000|line_height:100%25&#8243; google_fonts=\u00bbfont_family:Roboto%3A100%2C100italic%2C300%2C300italic%2Cregular%2Citalic%2C500%2C500italic%2C700%2C700italic%2C900%2C900italic|font_style:300%20light%20regular%3A300%3Anormal\u00bb][\/vc_column][vc_column width=\u00bb2\/3&#8243;][vc_separator color=\u00bbcustom\u00bb accent_color=\u00bb#8e8e8e\u00bb][vc_column_text]Antes de la Conquista habitaba en Tenerife el pueblo guanche. La isla estaba dividida en nueve reinos al frente de&#8230;<\/p>\n","protected":false},"author":14,"featured_media":0,"parent":0,"menu_order":0,"comment_status":"closed","ping_status":"closed","template":"templates\/template-no-title.php","meta":{"footnotes":""},"class_list":["post-2030","page","type-page","status-publish","hentry"],"_links":{"self":[{"href":"https:\/\/www.ull.es\/eventos\/genealogia-en-canarias\/wp-json\/wp\/v2\/pages\/2030"}],"collection":[{"href":"https:\/\/www.ull.es\/eventos\/genealogia-en-canarias\/wp-json\/wp\/v2\/pages"}],"about":[{"href":"https:\/\/www.ull.es\/eventos\/genealogia-en-canarias\/wp-json\/wp\/v2\/types\/page"}],"author":[{"embeddable":true,"href":"https:\/\/www.ull.es\/eventos\/genealogia-en-canarias\/wp-json\/wp\/v2\/users\/14"}],"replies":[{"embeddable":true,"href":"https:\/\/www.ull.es\/eventos\/genealogia-en-canarias\/wp-json\/wp\/v2\/comments?post=2030"}],"version-history":[{"count":11,"href":"https:\/\/www.ull.es\/eventos\/genealogia-en-canarias\/wp-json\/wp\/v2\/pages\/2030\/revisions"}],"predecessor-version":[{"id":2372,"href":"https:\/\/www.ull.es\/eventos\/genealogia-en-canarias\/wp-json\/wp\/v2\/pages\/2030\/revisions\/2372"}],"wp:attachment":[{"href":"https:\/\/www.ull.es\/eventos\/genealogia-en-canarias\/wp-json\/wp\/v2\/media?parent=2030"}],"curies":[{"name":"wp","href":"https:\/\/api.w.org\/{rel}","templated":true}]}}