{"id":2062,"date":"2025-09-09T11:20:04","date_gmt":"2025-09-09T11:20:04","guid":{"rendered":"https:\/\/www.ull.es\/eventos\/genealogia-en-canarias\/?page_id=2062"},"modified":"2025-10-13T08:02:34","modified_gmt":"2025-10-13T08:02:34","slug":"2062-2","status":"publish","type":"page","link":"https:\/\/www.ull.es\/eventos\/genealogia-en-canarias\/2062-2\/","title":{"rendered":"Genealog\u00eda de casas reales europeas"},"content":{"rendered":"<p>[vc_row gap=\u00bb35&#8243; equal_height=\u00bbyes\u00bb content_placement=\u00bbbottom\u00bb css=\u00bb.vc_custom_1758108746557{background-position: center !important;background-repeat: no-repeat !important;background-size: contain !important;}\u00bb][vc_column width=\u00bb1\/3&#8243;][vc_single_image image=\u00bb2260&#8243; img_size=\u00bbfull\u00bb alignment=\u00bbright\u00bb][\/vc_column][vc_column width=\u00bb2\/3&#8243;][\/vc_column][\/vc_row][vc_row gap=\u00bb35&#8243; content_placement=\u00bbtop\u00bb css=\u00bb.vc_custom_1727692820016{padding-right: 90px !important;padding-left: 90px !important;background-color: #ffffff !important;}\u00bb][vc_column width=\u00bb1\/3&#8243;][vc_separator color=\u00bbcustom\u00bb accent_color=\u00bb#8e8e8e\u00bb][vc_custom_heading source=\u00bbpost_title\u00bb font_container=\u00bbtag:h1|font_size:1.8em|text_align:left|color:%23000000|line_height:100%25&#8243; google_fonts=\u00bbfont_family:Roboto%3A100%2C100italic%2C300%2C300italic%2Cregular%2Citalic%2C500%2C500italic%2C700%2C700italic%2C900%2C900italic|font_style:300%20light%20regular%3A300%3Anormal\u00bb][\/vc_column][vc_column width=\u00bb2\/3&#8243;][vc_separator color=\u00bbcustom\u00bb accent_color=\u00bb#8e8e8e\u00bb][vc_column_text]En el Fondo Antiguo se halla una importante colecci\u00f3n de impresos dedicados a los estudios geneal\u00f3gicos de las casas reales europeas, con especial dedicaci\u00f3n a la monarqu\u00eda espa\u00f1ola y portuguesa. La genealog\u00eda de las monarqu\u00edas es un campo que permite identificar el linaje de las casas reales a lo largo de siglo; se basa en el principio de la sucesi\u00f3n hereditaria, donde el poder se transmite de generaci\u00f3n en generaci\u00f3n, generalmente de padres a hijos y con preferencia tradicionalmente a los varones, aunque esto ha cambiado en monarqu\u00edas actuales.<\/p>\n<p><em>Illustraciones genealogicas de los Catholicos Reyes de las Espa\u00f1as y de los Christianissimos de Francia y de los Emperadores de Constantinopla, hasta el Catholico Rey nuestro se\u00f1or don Philipe el II y sus serenisimos hijos<\/em> escrita por Esteban de Garibay y Zamalloa, publicada en Madrid en 1596 por Luis S\u00e1nchez que destaca por sus ilustraciones de \u00e1rboles geneal\u00f3gicos y escudos.[\/vc_column_text][vc_separator color=\u00bbcustom\u00bb accent_color=\u00bb#8e8e8e\u00bb][vc_empty_space][vc_gallery type=\u00bbflexslider_slide\u00bb interval=\u00bb0&#8243; images=\u00bb2080,2081,2086,2087,2085,2090&#8243; img_size=\u00bbfull\u00bb][vc_empty_space][vc_column_text]<strong>Imagen 1<br \/>\n<\/strong>TRINCADO, M. <em>Compendio historico, geografico y genealogico de los soberanos de la Europa: descripcion de sus cortes, religi\u00f3n y fuerzas con la serie de sus principes hasta el a\u00f1o 1760<\/em>. Madrid: por Joachin Ibarra, calle de las Urosas, a costa de la Compa\u00f1ia de Impressores, y Mercaderes de Libros del Reyno, 1764.<\/p>\n<hr \/>\n<p><strong>Imagen 2<\/strong><br \/>\nGARIBAY, E. de. <em>Illustraciones genealogicas de los catholicos Reyes de las Espa\u00f1as y de los&#8230; de Francia y de los Emperadores de Constantinopla, hasta&#8230; Philipe el II y sus&#8230; hijos, las mesmas hasta sus Altezas de muchos Sanctos confessores de la Iglesia Catholica Romana&#8230;<\/em> Madrid: por Luis Sanchez, 1596.<\/p>\n<hr \/>\n<p><strong>Imagen 3<\/strong><br \/>\nGARIBAY, E. de. <em>Illustraciones genealogicas de los catholicos Reyes de las Espa\u00f1as y de los&#8230; de Francia y de los Emperadores de Constantinopla, hasta&#8230; Philipe el II y sus&#8230; hijos, las mesmas hasta sus Altezas de muchos Sanctos confessores de la Iglesia Catholica Romana&#8230;<\/em> Madrid: por Luis Sanchez, 1596.<\/p>\n<hr \/>\n<p><strong>Imagen 4<\/strong><br \/>\nL\u00d3PEZ DE HARO. A. <em>Nobiliario genealogico de los reyes y titulos de Espa\u00f1a\u2026<\/em> Madrid: por Luis Sanchez&#8230;, 1622.<\/p>\n<hr \/>\n<p><strong>Imagen 5<\/strong><br \/>\nL\u00d3PEZ DE HARO. A. <em>Nobiliario genealogico de los reyes y titulos de Espa\u00f1a\u2026<\/em> Madrid: por Luis Sanchez&#8230;, 1622.<\/p>\n<hr \/>\n<p><strong>Imagen 6<\/strong><br \/>\nFARIA I SOUSA, M. de. <em>Nobiliario del conde de Barcelos don Pedro hijo del Rey don Dionis de Portugal.<\/em> Madrid: por Alonso de Paredes, 1646.<\/p>\n<hr \/>\n<p><strong>Imagen 7<\/strong><br \/>\nM\u00c9NDEZ SILVA, R. <em>Poblacion general de Espa\u00f1a: sus trofeos, blasones, y conquistas heroycas &#8230; Reales genealogias, y catalogos de dignidades eclesiasticas, y seglares<\/em>. Madrid: por Diego Diaz de la Carrera, 1645.[\/vc_column_text][vc_separator color=\u00bbcustom\u00bb accent_color=\u00bb#8e8e8e\u00bb][vc_empty_space][\/vc_column][\/vc_row][vc_row gap=\u00bb30&#8243; css=\u00bb.vc_custom_1727697933407{padding-right: 90px !important;padding-left: 90px !important;background-color: #ffffff !important;}\u00bb][vc_column width=\u00bb1\/3&#8243;][vc_separator color=\u00bbcustom\u00bb accent_color=\u00bb#8e8e8e\u00bb][\/vc_column][vc_column width=\u00bb2\/3&#8243;][vc_separator color=\u00bbcustom\u00bb accent_color=\u00bb#8e8e8e\u00bb][vc_row_inner][vc_column_inner][vc_single_image image=\u00bb2009&#8243;][\/vc_column_inner][\/vc_row_inner][vc_row_inner][vc_column_inner width=\u00bb1\/3&#8243;][vc_single_image image=\u00bb1332&#8243; alignment=\u00bbcenter\u00bb onclick=\u00bbcustom_link\u00bb img_link_target=\u00bb_blank\u00bb link=\u00bbhttps:\/\/www.museosdetenerife.org\/mha-museo-de-historia-y-antropologia\/museo\/presentacion\/\u00bb][\/vc_column_inner][vc_column_inner width=\u00bb1\/3&#8243;][vc_single_image image=\u00bb1320&#8243; alignment=\u00bbcenter\u00bb onclick=\u00bbcustom_link\u00bb img_link_target=\u00bb_blank\u00bb link=\u00bbhttps:\/\/www.casadelamiel.org\/es\u00bb][\/vc_column_inner][vc_column_inner width=\u00bb1\/3&#8243;][vc_single_image image=\u00bb1344&#8243; alignment=\u00bbcenter\u00bb onclick=\u00bbcustom_link\u00bb img_link_target=\u00bb_blank\u00bb link=\u00bbhttp:\/\/gastronomiatlantica.com\/\u00bb][\/vc_column_inner][\/vc_row_inner][\/vc_column][\/vc_row]<\/p>\n","protected":false},"excerpt":{"rendered":"<p>[vc_row gap=\u00bb35&#8243; equal_height=\u00bbyes\u00bb content_placement=\u00bbbottom\u00bb css=\u00bb.vc_custom_1758108746557{background-position: center !important;background-repeat: no-repeat !important;background-size: contain !important;}\u00bb][vc_column width=\u00bb1\/3&#8243;][vc_single_image image=\u00bb2260&#8243; img_size=\u00bbfull\u00bb alignment=\u00bbright\u00bb][\/vc_column][vc_column width=\u00bb2\/3&#8243;][\/vc_column][\/vc_row][vc_row gap=\u00bb35&#8243; content_placement=\u00bbtop\u00bb css=\u00bb.vc_custom_1727692820016{padding-right: 90px !important;padding-left: 90px !important;background-color: #ffffff !important;}\u00bb][vc_column width=\u00bb1\/3&#8243;][vc_separator color=\u00bbcustom\u00bb accent_color=\u00bb#8e8e8e\u00bb][vc_custom_heading source=\u00bbpost_title\u00bb font_container=\u00bbtag:h1|font_size:1.8em|text_align:left|color:%23000000|line_height:100%25&#8243; google_fonts=\u00bbfont_family:Roboto%3A100%2C100italic%2C300%2C300italic%2Cregular%2Citalic%2C500%2C500italic%2C700%2C700italic%2C900%2C900italic|font_style:300%20light%20regular%3A300%3Anormal\u00bb][\/vc_column][vc_column width=\u00bb2\/3&#8243;][vc_separator color=\u00bbcustom\u00bb accent_color=\u00bb#8e8e8e\u00bb][vc_column_text]En el Fondo Antiguo se halla una importante colecci\u00f3n de impresos dedicados a los estudios geneal\u00f3gicos de las casas reales europeas, con&#8230;<\/p>\n","protected":false},"author":14,"featured_media":0,"parent":0,"menu_order":0,"comment_status":"closed","ping_status":"closed","template":"templates\/template-no-title.php","meta":{"footnotes":""},"class_list":["post-2062","page","type-page","status-publish","hentry"],"_links":{"self":[{"href":"https:\/\/www.ull.es\/eventos\/genealogia-en-canarias\/wp-json\/wp\/v2\/pages\/2062"}],"collection":[{"href":"https:\/\/www.ull.es\/eventos\/genealogia-en-canarias\/wp-json\/wp\/v2\/pages"}],"about":[{"href":"https:\/\/www.ull.es\/eventos\/genealogia-en-canarias\/wp-json\/wp\/v2\/types\/page"}],"author":[{"embeddable":true,"href":"https:\/\/www.ull.es\/eventos\/genealogia-en-canarias\/wp-json\/wp\/v2\/users\/14"}],"replies":[{"embeddable":true,"href":"https:\/\/www.ull.es\/eventos\/genealogia-en-canarias\/wp-json\/wp\/v2\/comments?post=2062"}],"version-history":[{"count":10,"href":"https:\/\/www.ull.es\/eventos\/genealogia-en-canarias\/wp-json\/wp\/v2\/pages\/2062\/revisions"}],"predecessor-version":[{"id":2374,"href":"https:\/\/www.ull.es\/eventos\/genealogia-en-canarias\/wp-json\/wp\/v2\/pages\/2062\/revisions\/2374"}],"wp:attachment":[{"href":"https:\/\/www.ull.es\/eventos\/genealogia-en-canarias\/wp-json\/wp\/v2\/media?parent=2062"}],"curies":[{"name":"wp","href":"https:\/\/api.w.org\/{rel}","templated":true}]}}