{"id":2102,"date":"2025-09-16T09:53:04","date_gmt":"2025-09-16T09:53:04","guid":{"rendered":"https:\/\/www.ull.es\/eventos\/genealogia-en-canarias\/?page_id=2102"},"modified":"2025-10-13T08:25:30","modified_gmt":"2025-10-13T08:25:30","slug":"archivos-personales-y-familiares-en-maresia","status":"publish","type":"page","link":"https:\/\/www.ull.es\/eventos\/genealogia-en-canarias\/archivos-personales-y-familiares-en-maresia\/","title":{"rendered":"Archivos personales y familiares en Mares\u00eda"},"content":{"rendered":"<p>[vc_row gap=\u00bb35&#8243; equal_height=\u00bbyes\u00bb content_placement=\u00bbbottom\u00bb css=\u00bb.vc_custom_1758108628934{background-position: center !important;background-repeat: no-repeat !important;background-size: contain !important;}\u00bb][vc_column width=\u00bb1\/3&#8243;][vc_single_image image=\u00bb2260&#8243; img_size=\u00bbfull\u00bb alignment=\u00bbright\u00bb][\/vc_column][vc_column width=\u00bb2\/3&#8243;][\/vc_column][\/vc_row][vc_row gap=\u00bb35&#8243; content_placement=\u00bbtop\u00bb css=\u00bb.vc_custom_1727692820016{padding-right: 90px !important;padding-left: 90px !important;background-color: #ffffff !important;}\u00bb][vc_column width=\u00bb1\/3&#8243;][vc_separator color=\u00bbcustom\u00bb accent_color=\u00bb#8e8e8e\u00bb][vc_custom_heading source=\u00bbpost_title\u00bb font_container=\u00bbtag:h1|font_size:1.8em|text_align:left|color:%23000000|line_height:100%25&#8243; google_fonts=\u00bbfont_family:Roboto%3A100%2C100italic%2C300%2C300italic%2Cregular%2Citalic%2C500%2C500italic%2C700%2C700italic%2C900%2C900italic|font_style:300%20light%20regular%3A300%3Anormal\u00bb][\/vc_column][vc_column width=\u00bb2\/3&#8243;][vc_separator color=\u00bbcustom\u00bb accent_color=\u00bb#8e8e8e\u00bb][vc_column_text]Fruto del proyecto presentado en 2024 a los Presupuestos Participativos de la Universidad de La Laguna, la plataforma digital Mares\u00eda puso a disposici\u00f3n de la comunidad universitaria y la sociedad en general la digitalizaci\u00f3n de una selecci\u00f3n de documentaci\u00f3n geneal\u00f3gica correspondiente a cuatro archivos personales y familiares custodiados en el Fondo Antiguo y la Biblioteca de Canarias. Se la denomin\u00f3 <em>Creaci\u00f3n de un banco de \u00e1rboles y documentos geneal\u00f3gicos digitalizados a partir del Fondo Antiguo<\/em> y el trabajo desarrollado consisti\u00f3 en la selecci\u00f3n y posterior digitalizaci\u00f3n de diferentes tipolog\u00edas documentales relacionadas con la genealog\u00eda en Canarias como \u00e1rboles geneal\u00f3gicos, libros de citas, minutas matrimoniales, dotales y testamentarias, pleitos, cartas, inventarios, libros y apuntes geneal\u00f3gicos de los archivos de la Familia Lercaro-Justiniani, Francisco Montes de Oca Garc\u00eda, Dacio V. Darias Padr\u00f3n y Rosendo Garc\u00eda-Ramos y Bretillard.<\/p>\n<p>Acceso a Mares\u00eda:[\/vc_column_text][vc_empty_space height=\u00bb16px\u00bb][vc_row_inner][vc_column_inner width=\u00bb1\/3&#8243;][vc_single_image image=\u00bb2104&#8243; img_size=\u00bbfull\u00bb onclick=\u00bbcustom_link\u00bb img_link_target=\u00bb_blank\u00bb link=\u00bbhttps:\/\/hermes.bbtk.ull.es\/results.vm?q=parent:0005530321&amp;lang=es&amp;view=archivos\u00bb css=\u00bb.vc_custom_1758015628744{border-top-width: 1px !important;border-right-width: 1px !important;border-bottom-width: 1px !important;border-left-width: 1px !important;padding-top: 10px !important;padding-right: 10px !important;padding-bottom: 10px !important;padding-left: 10px !important;border-left-color: #7c7c7c !important;border-left-style: solid !important;border-right-color: #7c7c7c !important;border-right-style: solid !important;border-top-color: #7c7c7c !important;border-top-style: solid !important;border-bottom-color: #7c7c7c !important;border-bottom-style: solid !important;border-radius: 5px !important;}\u00bb][\/vc_column_inner][vc_column_inner width=\u00bb2\/3&#8243;][\/vc_column_inner][\/vc_row_inner][vc_separator color=\u00bbcustom\u00bb accent_color=\u00bb#8e8e8e\u00bb][vc_empty_space height=\u00bb16px\u00bb][vc_tta_accordion color=\u00bbwhite\u00bb active_section=\u00bb0&#8243; no_fill=\u00bbtrue\u00bb collapsible_all=\u00bbtrue\u00bb][vc_tta_section title=\u00bbFamilia Lercaro-Justiniani\u00bb tab_id=\u00bb1758015660448-19295f73-c620&#8243;][vc_column_text]La familia Lercaro representa a la m\u00e1s alta \u00e9lite social de Canarias en el siglo XVI. Inscritos en el Libro de Oro de la Rep\u00fablica de G\u00e9nova, se instalan en La Laguna y en La Orotava como consecuencia de su actividad comercial por el Atl\u00e1ntico. Su poder econ\u00f3mico y social se vio fortalecido por la pol\u00edtica de alianzas matrimoniales, que los vincul\u00f3 a las principales casas de nobleza isle\u00f1a.<\/p>\n<p>La familia Lercaro procede del noble Rubaldo Lercaro, dux de G\u00e9nova. La familia Justiniani proviene tambi\u00e9n de G\u00e9nova, donde sus descendientes fueron dux de G\u00e9nova, pr\u00edncipes de la Iglesia, dux de Venecia, etc. Se enriquecieron con mayorazgos y establecieron fructuosos v\u00ednculos con gran n\u00famero de casas de nobles, como los marqueses de Adeje, los marqueses de la Quinta Roja, Westerling, Ascanio, etc. Ambas familias, Lercaro y Justiniani se establecen en Canarias desde el primer siglo de la conquista y se unen en 1593.<\/p>\n<p>Extinguidas las diversas ramas italianas, la de Canarias queda en posesi\u00f3n de los feudos, mayorazgos que constitu\u00edan su patrimonio en G\u00e9nova, Tur\u00edn, Palermo y Viena, por lo que forma parte de la \u00e9lite social, pol\u00edtica y econ\u00f3mica de las islas durante varios siglos.<\/p>\n<p>El archivo familiar de los Lercaro-Justiniani fue adquirido en 1976 mediante compra que realiz\u00f3 el entonces Departamento de Historia Moderna y Contempor\u00e1nea de la Universidad de La Laguna. Posteriormente, fue trasladado al Fondo Antiguo del centro acad\u00e9mico. Se trata de una documentaci\u00f3n de gran relevancia para los estudios hist\u00f3ricos y geneal\u00f3gicos de Canarias, con protocolos notariales, correspondencia y libros de cuentas. La documentaci\u00f3n est\u00e1 en castellano, aunque contiene textos en italiano y en lat\u00edn. En su mayor\u00eda son textos manuscritos, pero tambi\u00e9n hay impresos. Se ha digitalizado un total de 1.222 documentos.<\/p>\n<p>Acceso a Mares\u00eda:[\/vc_column_text][vc_row_inner][vc_column_inner width=\u00bb1\/3&#8243;][vc_single_image image=\u00bb2104&#8243; img_size=\u00bbfull\u00bb onclick=\u00bbcustom_link\u00bb img_link_target=\u00bb_blank\u00bb link=\u00bbhttps:\/\/hermes.bbtk.ull.es\/results.vm?q=parent:0005530322&amp;lang=es&amp;view=archivos\u00bb css=\u00bb.vc_custom_1758018429381{border-top-width: 1px !important;border-right-width: 1px !important;border-bottom-width: 1px !important;border-left-width: 1px !important;padding-top: 10px !important;padding-right: 10px !important;padding-bottom: 10px !important;padding-left: 10px !important;border-left-color: #7c7c7c !important;border-left-style: solid !important;border-right-color: #7c7c7c !important;border-right-style: solid !important;border-top-color: #7c7c7c !important;border-top-style: solid !important;border-bottom-color: #7c7c7c !important;border-bottom-style: solid !important;border-radius: 5px !important;}\u00bb][\/vc_column_inner][vc_column_inner width=\u00bb2\/3&#8243;][\/vc_column_inner][\/vc_row_inner][vc_empty_space][vc_gallery interval=\u00bb0&#8243; images=\u00bb2122,2123,2124,2125,2126&#8243; img_size=\u00bbfull\u00bb][\/vc_tta_section][vc_tta_section title=\u00bbDacio Darias Padr\u00f3n\u00bb tab_id=\u00bb1758016443744-73ca38ff-065a\u00bb][vc_column_text]El archivo de Dacio V. Darias Padr\u00f3n es de gran relevancia e inter\u00e9s para los estudios hist\u00f3ricos y geneal\u00f3gicos de Canarias y, de forma particular, para los de las islas de El Hierro y La Gomera de los siglos XVII y XIX. Darias Padr\u00f3n naci\u00f3 en El Hierro en 1880. Realiz\u00f3 estudios de Magisterio y de Intendencia Mercantil. Fue maestro elemental y superior de primera ense\u00f1anza, profesor del Seminario Diocesano de La Laguna y capit\u00e1n de infanter\u00eda, y es recordado como cronista oficial de El Hierro y de Valverde, pero, adem\u00e1s, fue director del peri\u00f3dico Gaceta de Tenerife y subdelegado de ense\u00f1anza de El Hierro desde 1936.<\/p>\n<p>El archivo digitalizado est\u00e1 formado por diferentes legajos que abarcan minutas de matrimonios celebrados en El Hierro [1625-1865], minutas de testamentos y cartas dotales del antiguo archivo notarial de El Hierro [1553-1844], el primer cuaderno de matrimonios de esa isla, tomados de los libros parroquiales [1625-1865], el primer cuaderno de testamentos y otros documentos [1554-1820] y un repertorio de asuntos hist\u00f3ricos geneal\u00f3gicos y nobiliarios.<\/p>\n<p>Acceso a Mares\u00eda:[\/vc_column_text][vc_row_inner][vc_column_inner width=\u00bb1\/3&#8243;][vc_single_image image=\u00bb2104&#8243; img_size=\u00bbfull\u00bb onclick=\u00bbcustom_link\u00bb img_link_target=\u00bb_blank\u00bb link=\u00bbhttps:\/\/hermes.bbtk.ull.es\/results.vm?q=parent:0005530323&amp;lang=es&amp;view=archivos\u00bb css=\u00bb.vc_custom_1758016514747{border-top-width: 1px !important;border-right-width: 1px !important;border-bottom-width: 1px !important;border-left-width: 1px !important;padding-top: 10px !important;padding-right: 10px !important;padding-bottom: 10px !important;padding-left: 10px !important;border-left-color: #7c7c7c !important;border-left-style: solid !important;border-right-color: #7c7c7c !important;border-right-style: solid !important;border-top-color: #7c7c7c !important;border-top-style: solid !important;border-bottom-color: #7c7c7c !important;border-bottom-style: solid !important;border-radius: 5px !important;}\u00bb][\/vc_column_inner][vc_column_inner width=\u00bb2\/3&#8243;][\/vc_column_inner][\/vc_row_inner][vc_empty_space][vc_gallery interval=\u00bb0&#8243; images=\u00bb2127,2128,2133,2136,2137&#8243; img_size=\u00bbfull\u00bb][\/vc_tta_section][vc_tta_section title=\u00bbFrancisco Pedro Montes de Oca y Garc\u00eda\u00bb tab_id=\u00bb1758016615494-23ffc630-6f97&#8243;][vc_column_text]Francisco Pedro Montes de Oca y Garc\u00eda (1877-1964) naci\u00f3 en el Puerto de la Cruz. Fue cronista oficial de esa ciudad, archivero y bibliotecario municipal. De hecho, su archivo muy relevante, de forma particular, para el estudio de la historia y estudios geneal\u00f3gicos del Puerto de la Cruz y el norte de Tenerife.<\/p>\n<p>En 1910, tom\u00f3 a su cargo la tarea de emprender la organizaci\u00f3n del archivo municipal del Puerto de la Cruz, ordenando minuciosamente los deteriorados documentos. El fondo se compone de 1.149 documentos que se sit\u00faan cronol\u00f3gicamente entre 1501 y 1943 (fechas m\u00e1s representadas 1750-1900). Se ha digitalizado en esta ocasi\u00f3n un total de 257 documentos.<\/p>\n<p>Acceso a Mares\u00eda:[\/vc_column_text][vc_row_inner][vc_column_inner width=\u00bb1\/3&#8243;][vc_single_image image=\u00bb2104&#8243; img_size=\u00bbfull\u00bb onclick=\u00bbcustom_link\u00bb img_link_target=\u00bb_blank\u00bb link=\u00bbhttps:\/\/hermes.bbtk.ull.es\/results.vm?q=parent:0005530322&amp;lang=es&amp;view=archivos\u00bb css=\u00bb.vc_custom_1758016701098{border-top-width: 1px !important;border-right-width: 1px !important;border-bottom-width: 1px !important;border-left-width: 1px !important;padding-top: 10px !important;padding-right: 10px !important;padding-bottom: 10px !important;padding-left: 10px !important;border-left-color: #7c7c7c !important;border-left-style: solid !important;border-right-color: #7c7c7c !important;border-right-style: solid !important;border-top-color: #7c7c7c !important;border-top-style: solid !important;border-bottom-color: #7c7c7c !important;border-bottom-style: solid !important;border-radius: 5px !important;}\u00bb][\/vc_column_inner][vc_column_inner width=\u00bb2\/3&#8243;][\/vc_column_inner][\/vc_row_inner][vc_empty_space][vc_gallery interval=\u00bb0&#8243; images=\u00bb2139,2140,2141,2143,2144&#8243; img_size=\u00bbfull\u00bb][\/vc_tta_section][vc_tta_section title=\u00bbRosendo Garc\u00eda-Ramos y Bretillard\u00bb tab_id=\u00bb1758018443824-9ed8923a-02b7&#8243;][vc_column_text]Rosendo Garc\u00eda-Ramos y Bretillard (1835-1913) fue un cient\u00edfico, arque\u00f3logo y genealogista que naci\u00f3 en Santa Cruz de Tenerife, ciudad de la que fue alcalde entre 1883 y 1884. Fue corresponsal titular del Museo de Ciencias Naturales de Madrid, miembro correspondiente de la Real Academia de la Historia, y socio de n\u00famero del Gabinete Cient\u00edfico de Tenerife del que fue un miembro destacado y tambi\u00e9n su director en 1881.<\/p>\n<p>Colabor\u00f3 activamente en los principales peri\u00f3dicos y revistas del archipi\u00e9lago, como en la Revista de Canarias (1878-1882); y en sus \u00faltimos tiempos en el popular diario La Prensa de Tenerife. El fondo digitalizado est\u00e1 formado por manuscritos, fundamentalmente de apuntes geneal\u00f3gicos y correspondencia correspondientes al siglo XIX. Es el m\u00e1s peque\u00f1o de los archivo. Se ha subido a Mares\u00eda un total de 204 digitalizaciones.<\/p>\n<p>Acceso a Mares\u00eda:[\/vc_column_text][vc_row_inner][vc_column_inner width=\u00bb1\/3&#8243;][vc_single_image image=\u00bb2104&#8243; img_size=\u00bbfull\u00bb onclick=\u00bbcustom_link\u00bb img_link_target=\u00bb_blank\u00bb link=\u00bbhttps:\/\/hermes.bbtk.ull.es\/results.vm?q=parent:0005530324&amp;lang=es&amp;view=archivos\u00bb css=\u00bb.vc_custom_1758018498157{border-top-width: 1px !important;border-right-width: 1px !important;border-bottom-width: 1px !important;border-left-width: 1px !important;padding-top: 10px !important;padding-right: 10px !important;padding-bottom: 10px !important;padding-left: 10px !important;border-left-color: #7c7c7c !important;border-left-style: solid !important;border-right-color: #7c7c7c !important;border-right-style: solid !important;border-top-color: #7c7c7c !important;border-top-style: solid !important;border-bottom-color: #7c7c7c !important;border-bottom-style: solid !important;border-radius: 5px !important;}\u00bb][\/vc_column_inner][vc_column_inner width=\u00bb2\/3&#8243;][\/vc_column_inner][\/vc_row_inner][vc_empty_space][vc_gallery interval=\u00bb0&#8243; images=\u00bb2145,2146,2147,2148,2149&#8243; img_size=\u00bbfull\u00bb][\/vc_tta_section][vc_tta_section title=\u00bbSecci\u00f3n 2&#8243; tab_id=\u00bb1758015660453-c3e485d5-ed68&#8243;][\/vc_tta_section][\/vc_tta_accordion][\/vc_column][\/vc_row][vc_row gap=\u00bb30&#8243; css=\u00bb.vc_custom_1727697933407{padding-right: 90px !important;padding-left: 90px !important;background-color: #ffffff !important;}\u00bb][vc_column width=\u00bb1\/3&#8243;][vc_separator color=\u00bbcustom\u00bb accent_color=\u00bb#8e8e8e\u00bb][\/vc_column][vc_column width=\u00bb2\/3&#8243;][vc_separator color=\u00bbcustom\u00bb accent_color=\u00bb#8e8e8e\u00bb][vc_row_inner][vc_column_inner][vc_single_image image=\u00bb2009&#8243;][\/vc_column_inner][\/vc_row_inner][vc_row_inner][vc_column_inner width=\u00bb1\/3&#8243;][vc_single_image image=\u00bb1332&#8243; alignment=\u00bbcenter\u00bb onclick=\u00bbcustom_link\u00bb img_link_target=\u00bb_blank\u00bb link=\u00bbhttps:\/\/www.museosdetenerife.org\/mha-museo-de-historia-y-antropologia\/museo\/presentacion\/\u00bb][\/vc_column_inner][vc_column_inner width=\u00bb1\/3&#8243;][vc_single_image image=\u00bb1320&#8243; alignment=\u00bbcenter\u00bb onclick=\u00bbcustom_link\u00bb img_link_target=\u00bb_blank\u00bb link=\u00bbhttps:\/\/www.casadelamiel.org\/es\u00bb][\/vc_column_inner][vc_column_inner width=\u00bb1\/3&#8243;][vc_single_image image=\u00bb1344&#8243; alignment=\u00bbcenter\u00bb onclick=\u00bbcustom_link\u00bb img_link_target=\u00bb_blank\u00bb link=\u00bbhttp:\/\/gastronomiatlantica.com\/\u00bb][\/vc_column_inner][\/vc_row_inner][\/vc_column][\/vc_row]<\/p>\n","protected":false},"excerpt":{"rendered":"<p>[vc_row gap=\u00bb35&#8243; equal_height=\u00bbyes\u00bb content_placement=\u00bbbottom\u00bb css=\u00bb.vc_custom_1758108628934{background-position: center !important;background-repeat: no-repeat !important;background-size: contain !important;}\u00bb][vc_column width=\u00bb1\/3&#8243;][vc_single_image image=\u00bb2260&#8243; img_size=\u00bbfull\u00bb alignment=\u00bbright\u00bb][\/vc_column][vc_column width=\u00bb2\/3&#8243;][\/vc_column][\/vc_row][vc_row gap=\u00bb35&#8243; content_placement=\u00bbtop\u00bb css=\u00bb.vc_custom_1727692820016{padding-right: 90px !important;padding-left: 90px !important;background-color: #ffffff !important;}\u00bb][vc_column width=\u00bb1\/3&#8243;][vc_separator color=\u00bbcustom\u00bb accent_color=\u00bb#8e8e8e\u00bb][vc_custom_heading source=\u00bbpost_title\u00bb font_container=\u00bbtag:h1|font_size:1.8em|text_align:left|color:%23000000|line_height:100%25&#8243; google_fonts=\u00bbfont_family:Roboto%3A100%2C100italic%2C300%2C300italic%2Cregular%2Citalic%2C500%2C500italic%2C700%2C700italic%2C900%2C900italic|font_style:300%20light%20regular%3A300%3Anormal\u00bb][\/vc_column][vc_column width=\u00bb2\/3&#8243;][vc_separator color=\u00bbcustom\u00bb accent_color=\u00bb#8e8e8e\u00bb][vc_column_text]Fruto del proyecto presentado en 2024 a los Presupuestos Participativos de la Universidad de La Laguna, la plataforma digital Mares\u00eda puso a&#8230;<\/p>\n","protected":false},"author":14,"featured_media":0,"parent":0,"menu_order":0,"comment_status":"closed","ping_status":"closed","template":"templates\/template-no-title.php","meta":{"footnotes":""},"class_list":["post-2102","page","type-page","status-publish","hentry"],"_links":{"self":[{"href":"https:\/\/www.ull.es\/eventos\/genealogia-en-canarias\/wp-json\/wp\/v2\/pages\/2102"}],"collection":[{"href":"https:\/\/www.ull.es\/eventos\/genealogia-en-canarias\/wp-json\/wp\/v2\/pages"}],"about":[{"href":"https:\/\/www.ull.es\/eventos\/genealogia-en-canarias\/wp-json\/wp\/v2\/types\/page"}],"author":[{"embeddable":true,"href":"https:\/\/www.ull.es\/eventos\/genealogia-en-canarias\/wp-json\/wp\/v2\/users\/14"}],"replies":[{"embeddable":true,"href":"https:\/\/www.ull.es\/eventos\/genealogia-en-canarias\/wp-json\/wp\/v2\/comments?post=2102"}],"version-history":[{"count":30,"href":"https:\/\/www.ull.es\/eventos\/genealogia-en-canarias\/wp-json\/wp\/v2\/pages\/2102\/revisions"}],"predecessor-version":[{"id":2379,"href":"https:\/\/www.ull.es\/eventos\/genealogia-en-canarias\/wp-json\/wp\/v2\/pages\/2102\/revisions\/2379"}],"wp:attachment":[{"href":"https:\/\/www.ull.es\/eventos\/genealogia-en-canarias\/wp-json\/wp\/v2\/media?parent=2102"}],"curies":[{"name":"wp","href":"https:\/\/api.w.org\/{rel}","templated":true}]}}