{"id":2168,"date":"2025-09-16T11:52:40","date_gmt":"2025-09-16T11:52:40","guid":{"rendered":"https:\/\/www.ull.es\/eventos\/genealogia-en-canarias\/?page_id=2168"},"modified":"2025-10-06T09:26:09","modified_gmt":"2025-10-06T09:26:09","slug":"la-sociedad-de-estudios-genealogicos-y-heraldicos-de-canarias-sehegeca","status":"publish","type":"page","link":"https:\/\/www.ull.es\/eventos\/genealogia-en-canarias\/la-sociedad-de-estudios-genealogicos-y-heraldicos-de-canarias-sehegeca\/","title":{"rendered":"La Sociedad de Estudios Geneal\u00f3gicos y Her\u00e1ldicos de Canarias (SEHEGECA)"},"content":{"rendered":"<p>[vc_row gap=\u00bb35&#8243; equal_height=\u00bbyes\u00bb content_placement=\u00bbbottom\u00bb css=\u00bb.vc_custom_1758109106388{padding-top: 0px !important;background-position: center !important;background-repeat: no-repeat !important;background-size: contain !important;}\u00bb][vc_column width=\u00bb1\/3&#8243;][vc_single_image image=\u00bb2260&#8243; img_size=\u00bbfull\u00bb alignment=\u00bbright\u00bb][\/vc_column][vc_column width=\u00bb2\/3&#8243;][\/vc_column][\/vc_row][vc_row gap=\u00bb35&#8243; content_placement=\u00bbtop\u00bb css=\u00bb.vc_custom_1727692820016{padding-right: 90px !important;padding-left: 90px !important;background-color: #ffffff !important;}\u00bb][vc_column width=\u00bb1\/3&#8243;][vc_separator color=\u00bbcustom\u00bb accent_color=\u00bb#8e8e8e\u00bb][vc_custom_heading source=\u00bbpost_title\u00bb font_container=\u00bbtag:h1|font_size:1.8em|text_align:left|color:%23000000|line_height:100%25&#8243; google_fonts=\u00bbfont_family:Roboto%3A100%2C100italic%2C300%2C300italic%2Cregular%2Citalic%2C500%2C500italic%2C700%2C700italic%2C900%2C900italic|font_style:300%20light%20regular%3A300%3Anormal\u00bb][\/vc_column][vc_column width=\u00bb2\/3&#8243;][vc_separator color=\u00bbcustom\u00bb accent_color=\u00bb#8e8e8e\u00bb][vc_column_text]Al abrigo de las Jornadas de Genealog\u00eda de Arona 2010 y 2011, el 2 de marzo de 2012 se constituye una asociaci\u00f3n que aspira a aunar, preservar y difundir la investigaci\u00f3n en Genealog\u00eda y Her\u00e1ldica. Se llamar\u00e1 Sociedad de Estudios Geneal\u00f3gicos y Her\u00e1ldicos de Canarias (SEGEHECA). Su presentaci\u00f3n oficial tuvo lugar el 20 de abril del mismo a\u00f1o en el Centro Cultural de Los Cristianos, en Arona.<\/p>\n<p>Este grupo comienza por estimular y dignificar el estudio de estas disciplinas mediante la aplicaci\u00f3n de estrictos criterios cient\u00edficos en el \u00e1mbito del archipi\u00e9lago canario. Se apunta con rapidez a asociar genealog\u00eda la historia familiar, fundamentalmente para evitar la tan tra\u00edda y llevada mala prensa que el t\u00e9rmino hab\u00eda tenido en siglos pasados. Y empiezan a desarrollarse historias familiares paralelas entre descendientes de canarios que emigraron: los nexos geneal\u00f3gicos con personas y pa\u00edses del otro lado del oc\u00e9ano Atl\u00e1ntico no han hecho m\u00e1s que crecer, porque cualquier corriente emigratoria no tiene las mismas caracter\u00edsticas ni motivaciones, pero siempre ratifica el asentamiento y la formaci\u00f3n de nuevas familias. En la actualidad, los descendientes de canarios que se establecieron en los antiguos pa\u00edses receptores de inmigraci\u00f3n generan miles de b\u00fasquedas geneal\u00f3gicas cada a\u00f1o en Canarias, de las que es testigo la SEGEHECA.<\/p>\n<p>De este modo, cada a\u00f1o, la SEGEHECA ha tenido un referente, las Jornadas de Genealog\u00eda de Arona, en la actualidad Jornadas de Genealog\u00eda de Canarias, pero, adem\u00e1s, ha celebrado el I y II Congreso Internacional de Genealog\u00eda e Historia familiar de Canarias y la XXII Reuni\u00f3n Americana de Genealog\u00eda y el XII Congreso Iberoamericano de las Ciencias Geneal\u00f3gica y Her\u00e1ldica, lo que supone un importante reconocimiento al buen hacer de su organizaci\u00f3n.<\/p>\n<p>Por primera vez, gracias a las investigaciones y publicaciones que desarrolla la SEGEHECA, en la genealog\u00eda de las islas Canarias interesa lo mismo la historia familiar de una persona an\u00f3nima, la del ind\u00edgena guanche o la de un noble. La fusi\u00f3n de culturas que vivieron las islas en su repoblamiento tras la conquista es la imagen viva que pretende difundir esta asociaci\u00f3n.[\/vc_column_text][vc_separator color=\u00bbcustom\u00bb accent_color=\u00bb#8e8e8e\u00bb][vc_empty_space][vc_gallery type=\u00bbflexslider_slide\u00bb interval=\u00bb0&#8243; images=\u00bb2169,2170,2171,2172,2173,2180,2181,2176,2177&#8243; img_size=\u00bbfull\u00bb][vc_empty_space][vc_column_text]<strong>Imagen 1<br \/>\n<\/strong>GONZ\u00c1LEZ MARRERO, J.A., OLIVA L\u00d3PEZ, S.A. y ESCOBAR SU\u00c1REZ, C.R. <em>La familia Ara: la gestaci\u00f3n de un apellido de origen canario<\/em>. La Orotava (Tenerife): Le Canarien, 2015.<\/p>\n<hr \/>\n<p><strong>Imagen 2<\/strong><\/p>\n<p>ROSSI DELGADO, F.D. y GONZ\u00c1LEZ MARRERO, J. A. coords. <em>Una d\u00e9cada de investigaci\u00f3n geneal\u00f3gica: descubriendo nuestra historia familiar (2012-2022)<\/em>. Canarias: Sociedad de Estudios Geneal\u00f3gicos y Her\u00e1ldicos de Canarias, 2023.<\/p>\n<hr \/>\n<p><strong>Imagen<\/strong> <strong>3<\/strong><\/p>\n<p>ROSSI DELGADO, F.D. , et al. <em>Lecturas aisladas : genealog\u00eda y her\u00e1ldica de Canarias.<\/em> La Orotava (Tenerife): Le Canarien, 2020.<\/p>\n<hr \/>\n<p><strong>Imagen 4<\/strong><\/p>\n<p>OLIVA L\u00d3PEZ, S. A., et al. <em>Documentos para la historia de Tegueste, Tejina, Bajamar, Punta del Hidalgo y Valle de Guerra: (Tenerife) siglo XVII.<\/em> La Orotava (Tenerife): Le Canarien, 2024.<\/p>\n<hr \/>\n<p><strong>Imagen 5<\/strong><\/p>\n<p>CRUZ GARC\u00cdA, T. <em>Genealog\u00edas del municipio de G\u00fc\u00edmar en Tenerife.<\/em> La Orotava, Tenerife: LeCanarien, 2023.<\/p>\n<hr \/>\n<p><strong>Imagen 6<\/strong><\/p>\n<p>ROSSI DELGADO, F.D. y GONZ\u00c1LEZ MARRERO, J. A. eds. <em>Actas del I Congreso Internacional de Genealog\u00eda e Historia Familiar de Canarias : un puente entre Europa y Am\u00e9rica.<\/em> La Orotava (Tenerife): Le Canarien; Sociedad de Estudios Geneal\u00f3gicos y Her\u00e1ldicos de Canarias, 2019.<\/p>\n<hr \/>\n<p><strong>Imagen 7<\/strong><\/p>\n<p>SANTIAGO CASA\u00d1AS; C. J. <em>Memoria de Moya : 250 a\u00f1os de \u00edndices de Bautismos en la Villa de Moya, (1593-1843)<\/em>. Las Palmas de Gran Canaria: Bilenio Publicaciones, 2018.<\/p>\n<hr \/>\n<p><strong>Imagen 8<\/strong><\/p>\n<p>OLIVA L\u00d3PEZ, S. A. y PERDOMO, G. B. <em>Registros bautismales de la parroquia de Ntra. Sra. de Guadalupe de Teguise<\/em>. La Orotava, Tenerife : LeCanarien, 2024.<\/p>\n<hr \/>\n<p><strong>Imagen 9<\/strong><\/p>\n<p>ESPINOSA DE LA BARREDA, T. A. et al. <em>Extractos matrimoniales de la Iglesia Nuestra Se\u00f1ora de La Concepci\u00f3n : Villa de Santa Mar\u00eda de Valverde isla de El Hierro 1625-1720.<\/em> Santa Cruz de Tenerife ; Las Palmas de Gran Canaria : Idea, 2020.[\/vc_column_text][vc_separator color=\u00bbcustom\u00bb accent_color=\u00bb#8e8e8e\u00bb][vc_empty_space][\/vc_column][\/vc_row][vc_row gap=\u00bb30&#8243; css=\u00bb.vc_custom_1727697933407{padding-right: 90px !important;padding-left: 90px !important;background-color: #ffffff !important;}\u00bb][vc_column width=\u00bb1\/3&#8243;][vc_separator color=\u00bbcustom\u00bb accent_color=\u00bb#8e8e8e\u00bb][\/vc_column][vc_column width=\u00bb2\/3&#8243;][vc_separator color=\u00bbcustom\u00bb accent_color=\u00bb#8e8e8e\u00bb][vc_row_inner][vc_column_inner][vc_single_image image=\u00bb2009&#8243;][\/vc_column_inner][\/vc_row_inner][vc_row_inner][vc_column_inner width=\u00bb1\/3&#8243;][vc_single_image image=\u00bb1332&#8243; alignment=\u00bbcenter\u00bb onclick=\u00bbcustom_link\u00bb img_link_target=\u00bb_blank\u00bb link=\u00bbhttps:\/\/www.museosdetenerife.org\/mha-museo-de-historia-y-antropologia\/museo\/presentacion\/\u00bb][\/vc_column_inner][vc_column_inner width=\u00bb1\/3&#8243;][vc_single_image image=\u00bb1320&#8243; alignment=\u00bbcenter\u00bb onclick=\u00bbcustom_link\u00bb img_link_target=\u00bb_blank\u00bb link=\u00bbhttps:\/\/www.casadelamiel.org\/es\u00bb][\/vc_column_inner][vc_column_inner width=\u00bb1\/3&#8243;][vc_single_image image=\u00bb1344&#8243; alignment=\u00bbcenter\u00bb onclick=\u00bbcustom_link\u00bb img_link_target=\u00bb_blank\u00bb link=\u00bbhttp:\/\/gastronomiatlantica.com\/\u00bb][\/vc_column_inner][\/vc_row_inner][\/vc_column][\/vc_row]<\/p>\n","protected":false},"excerpt":{"rendered":"<p>[vc_row gap=\u00bb35&#8243; equal_height=\u00bbyes\u00bb content_placement=\u00bbbottom\u00bb css=\u00bb.vc_custom_1758109106388{padding-top: 0px !important;background-position: center !important;background-repeat: no-repeat !important;background-size: contain !important;}\u00bb][vc_column width=\u00bb1\/3&#8243;][vc_single_image image=\u00bb2260&#8243; img_size=\u00bbfull\u00bb alignment=\u00bbright\u00bb][\/vc_column][vc_column width=\u00bb2\/3&#8243;][\/vc_column][\/vc_row][vc_row gap=\u00bb35&#8243; content_placement=\u00bbtop\u00bb css=\u00bb.vc_custom_1727692820016{padding-right: 90px !important;padding-left: 90px !important;background-color: #ffffff !important;}\u00bb][vc_column width=\u00bb1\/3&#8243;][vc_separator color=\u00bbcustom\u00bb accent_color=\u00bb#8e8e8e\u00bb][vc_custom_heading source=\u00bbpost_title\u00bb font_container=\u00bbtag:h1|font_size:1.8em|text_align:left|color:%23000000|line_height:100%25&#8243; google_fonts=\u00bbfont_family:Roboto%3A100%2C100italic%2C300%2C300italic%2Cregular%2Citalic%2C500%2C500italic%2C700%2C700italic%2C900%2C900italic|font_style:300%20light%20regular%3A300%3Anormal\u00bb][\/vc_column][vc_column width=\u00bb2\/3&#8243;][vc_separator color=\u00bbcustom\u00bb accent_color=\u00bb#8e8e8e\u00bb][vc_column_text]Al abrigo de las Jornadas de Genealog\u00eda de Arona 2010 y 2011, el 2 de marzo de 2012 se constituye&#8230;<\/p>\n","protected":false},"author":14,"featured_media":0,"parent":0,"menu_order":0,"comment_status":"closed","ping_status":"closed","template":"templates\/template-no-title.php","meta":{"footnotes":""},"class_list":["post-2168","page","type-page","status-publish","hentry"],"_links":{"self":[{"href":"https:\/\/www.ull.es\/eventos\/genealogia-en-canarias\/wp-json\/wp\/v2\/pages\/2168"}],"collection":[{"href":"https:\/\/www.ull.es\/eventos\/genealogia-en-canarias\/wp-json\/wp\/v2\/pages"}],"about":[{"href":"https:\/\/www.ull.es\/eventos\/genealogia-en-canarias\/wp-json\/wp\/v2\/types\/page"}],"author":[{"embeddable":true,"href":"https:\/\/www.ull.es\/eventos\/genealogia-en-canarias\/wp-json\/wp\/v2\/users\/14"}],"replies":[{"embeddable":true,"href":"https:\/\/www.ull.es\/eventos\/genealogia-en-canarias\/wp-json\/wp\/v2\/comments?post=2168"}],"version-history":[{"count":7,"href":"https:\/\/www.ull.es\/eventos\/genealogia-en-canarias\/wp-json\/wp\/v2\/pages\/2168\/revisions"}],"predecessor-version":[{"id":2299,"href":"https:\/\/www.ull.es\/eventos\/genealogia-en-canarias\/wp-json\/wp\/v2\/pages\/2168\/revisions\/2299"}],"wp:attachment":[{"href":"https:\/\/www.ull.es\/eventos\/genealogia-en-canarias\/wp-json\/wp\/v2\/media?parent=2168"}],"curies":[{"name":"wp","href":"https:\/\/api.w.org\/{rel}","templated":true}]}}