{"id":2187,"date":"2025-09-16T12:11:17","date_gmt":"2025-09-16T12:11:17","guid":{"rendered":"https:\/\/www.ull.es\/eventos\/genealogia-en-canarias\/?page_id=2187"},"modified":"2025-10-13T08:13:18","modified_gmt":"2025-10-13T08:13:18","slug":"2187-2","status":"publish","type":"page","link":"https:\/\/www.ull.es\/eventos\/genealogia-en-canarias\/2187-2\/","title":{"rendered":"Un hito en la Genealog\u00eda espa\u00f1ola: Francisco Fern\u00e1ndez de B\u00e9thencourt"},"content":{"rendered":"<p>[vc_row gap=\u00bb35&#8243; equal_height=\u00bbyes\u00bb content_placement=\u00bbbottom\u00bb css=\u00bb.vc_custom_1758109303041{padding-top: px !important;background-position: center !important;background-repeat: no-repeat !important;background-size: contain !important;}\u00bb][vc_column width=\u00bb1\/3&#8243;][vc_single_image image=\u00bb2260&#8243; img_size=\u00bbfull\u00bb alignment=\u00bbright\u00bb][\/vc_column][vc_column width=\u00bb2\/3&#8243;][\/vc_column][\/vc_row][vc_row gap=\u00bb35&#8243; content_placement=\u00bbtop\u00bb css=\u00bb.vc_custom_1727692820016{padding-right: 90px !important;padding-left: 90px !important;background-color: #ffffff !important;}\u00bb][vc_column width=\u00bb1\/3&#8243;][vc_separator color=\u00bbcustom\u00bb accent_color=\u00bb#8e8e8e\u00bb][vc_custom_heading source=\u00bbpost_title\u00bb font_container=\u00bbtag:h1|font_size:1.8em|text_align:left|color:%23000000|line_height:100%25&#8243; google_fonts=\u00bbfont_family:Roboto%3A100%2C100italic%2C300%2C300italic%2Cregular%2Citalic%2C500%2C500italic%2C700%2C700italic%2C900%2C900italic|font_style:300%20light%20regular%3A300%3Anormal\u00bb][\/vc_column][vc_column width=\u00bb2\/3&#8243;][vc_separator color=\u00bbcustom\u00bb accent_color=\u00bb#8e8e8e\u00bb][vc_column_text]Considerado el padre de la Genealog\u00eda moderna en Espa\u00f1a, naci\u00f3 en Lanzarote y estudi\u00f3 durante varios a\u00f1os en el Seminario Conciliar de Canarias en Gran Canaria para ser sacerdote. All\u00ed inici\u00f3 sus primeros contactos con la Genealog\u00eda, la Historia y la Her\u00e1ldica, que fueron parte de su vocaci\u00f3n posterior. Abandon\u00f3 la formaci\u00f3n religiosa para matricularse en la Escuela de Derecho anexa al Instituto de Segunda Ense\u00f1anza de Canarias en La Laguna, ciudad en la que hab\u00edan fijado su residencia sus padres en 1866. A\u00f1os m\u00e1s tarde tambi\u00e9n abandon\u00f3 estos estudios para dedicarse al periodismo, a la pol\u00edtica y a la investigaci\u00f3n hist\u00f3rica. La gran pasi\u00f3n de la vida Francisco Fern\u00e1ndez de B\u00e9thencourt fueron los estudios de Genealog\u00eda y her\u00e1ldica en sus palabras<\/p>\n<p style=\"padding-left: 40px\"><em>\u201cYo hab\u00eda establecido casi ni\u00f1o mis primeros amores literarios frente \u00e1 un arca de hierro de la casa solariega de mis abuelos B\u00e9thencourt, \u00e1 la vista de un \u00e1rbol geneal\u00f3gico que remontaba esa rama de mi familia hasta el propio Conquistador [\u2026]\u201d<\/em><\/p>\n<p style=\"padding-left: 40px\"><em>\u201cLa emoci\u00f3n que yo sent\u00ed \u00e1 la vista de aquel \u00e1rbol geneal\u00f3gico, que enlazaba con el celeb\u00e9rrimo Conquistador \u00e1 mi propio abuelo viviente no es para ser relatada: aquello sin duda fij\u00f3 mi vocaci\u00f3n definitiva [\u2026]\u201d<\/em><\/p>\n<p style=\"padding-left: 40px\">FERN\u00c1NDEZ DE BETHENCOURT, F. Un segund\u00f3n del antiguo r\u00e9gimen: Donju\u00e1n del Castillo Westerling. En: <em>Pr\u00edncipes y caballeros: cincuenta art\u00edculos.<\/em> [S.l.: s.n], 1913 (Madrid: Tip. de Jaime Rat\u00e9s). pp. 169-173.<\/p>\n<p>Para Jos\u00e9 Peraza de Ayala, Francisco Fern\u00e1ndez de B\u00e9thencourt pod\u00eda ser considerado como el fundador de la Historia Geneal\u00f3gica moderna en Espa\u00f1a y el primer divulgador de los m\u00e9todos de la escuela francesa de Borel.\u200b En 1878 public\u00f3 el primero de los siete tomos de su obra monumental el <em>Nobiliario y Blas\u00f3n de Canarias: Diccionario hist\u00f3rico, biogr\u00e1fico, geneal\u00f3gico y her\u00e1ldico de la Provincia<\/em>. A ra\u00edz de la edici\u00f3n de los primeros vol\u00famenes de esta obra fue admitido como acad\u00e9mico correspondiente, por Canarias, de la Real Academia de la Historia en abril de 1879.<\/p>\n<p>Entre los a\u00f1os 1952-1967 se public\u00f3 una nueva edici\u00f3n de esta obra completada por una junta de direcci\u00f3n formada por once especialistas que detallamos a continuaci\u00f3n: Sergio F. Bonnet y Su\u00e1rez, Pedro Cull\u00e9n del Castillo, Dacio V. Darias Padr\u00f3n, Leopoldo de la Rosa Olivera, Andr\u00e9s de Lorenzo-C\u00e1ceres y de Torres, Alfonso Manrique de Lara Y Fierro, Manuel de Ossuna-Savi\u00f1\u00f3n y Ben\u00edtez de Lugo, Jos\u00e9 Peraza de Ayala y Rodrigo-Vallabriga, Felix Poggio y Lorenzo, El\u00edas Serra Rafols y Tom\u00e1s Tabares de Nava y Tabares.<\/p>\n<p>Figuran adem\u00e1s una representaci\u00f3n de la bibliograf\u00eda de Fern\u00e1ndez de B\u00e9thencourt referida a sus estudios de genealog\u00eda de la nobleza y monarqu\u00eda espa\u00f1ola. Los libros seleccionados para la exposici\u00f3n son primeras ediciones de su obra localizadas en el la Biblioteca de Canarias de la ULL.[\/vc_column_text][vc_separator color=\u00bbcustom\u00bb accent_color=\u00bb#8e8e8e\u00bb][vc_empty_space][vc_gallery type=\u00bbflexslider_slide\u00bb interval=\u00bb0&#8243; images=\u00bb2186,2189,2190,2191,2192,2195&#8243; img_size=\u00bbfull\u00bb][vc_empty_space][vc_column_text]<strong>Imagen 1<\/strong><\/p>\n<p>FERN\u00c1NDEZ DE BETHENCOURT, F. <em>Nobiliario y blas\u00f3n de Canarias: diccionario hist\u00f3rico biogr\u00e1fico, geneal\u00f3gico y her\u00e1ldico de la provincia.<\/em> Santa Cruz de Tenerife: [s.n.], 1878-1880. (Imprenta Isle\u00f1a y Encuadernacion de Libros de Francisco C. Hern\u00e1ndez).<\/p>\n<hr \/>\n<p><strong>Imagen 2<\/strong><\/p>\n<p>Retrato de Francisco Fern\u00e1ndez de B\u00e9thencourt<\/p>\n<hr \/>\n<p><strong>Imagen 3<\/strong><\/p>\n<p>FERN\u00c1NDEZ DE BETHENCOURT, F. Anales de la nobleza de Espa\u00f1a. Madrid: [s.n.], 1880. (Imprenta de Jos\u00e9 Garc\u00eda).<\/p>\n<hr \/>\n<p><strong>Imagen 4<\/strong><\/p>\n<p>FERN\u00c1NDEZ DE BETHENCOURT, F. Anuario de la nobleza de Espa\u00f1a. Madrid: [s.n.], 1908-1912. (Madrid: Establecimiento tipogr\u00e1fico de Jaime Rat\u00e9s).<\/p>\n<hr \/>\n<p><strong>Imagen 5<\/strong><\/p>\n<p>FERN\u00c1NDEZ DE BETHENCOURT, F. y RAMIREZ DE VILLA-URRUTIA, W. <em>La embajada del Conde de Gondomar \u00e1 Inglaterra en 1613: discursos le\u00eddos ante la Real Academia de la Historia en el acto de su recepci\u00f3n p\u00fablica<\/em>. Madrid: Establecimiento tipogr\u00e1fico de Jaime Rat\u00e9s Mart\u00edn, 1913.<\/p>\n<hr \/>\n<p><strong>Imagen 6<\/strong><\/p>\n<p>FERN\u00c1NDEZ DE BETHENCOURT, F. <em>Pr\u00edncipes y caballeros: cincuenta art\u00edculos.<\/em> [S.l.: s.n], 1913 (Madrid: Tip. de Jaime Rat\u00e9s).<\/p>\n<p>[\/vc_column_text][vc_separator color=\u00bbcustom\u00bb accent_color=\u00bb#8e8e8e\u00bb][vc_empty_space][\/vc_column][\/vc_row][vc_row gap=\u00bb30&#8243; css=\u00bb.vc_custom_1727697933407{padding-right: 90px !important;padding-left: 90px !important;background-color: #ffffff !important;}\u00bb][vc_column width=\u00bb1\/3&#8243;][vc_separator color=\u00bbcustom\u00bb accent_color=\u00bb#8e8e8e\u00bb][\/vc_column][vc_column width=\u00bb2\/3&#8243;][vc_separator color=\u00bbcustom\u00bb accent_color=\u00bb#8e8e8e\u00bb][vc_row_inner][vc_column_inner][vc_single_image image=\u00bb2009&#8243;][\/vc_column_inner][\/vc_row_inner][vc_row_inner][vc_column_inner width=\u00bb1\/3&#8243;][vc_single_image image=\u00bb1332&#8243; alignment=\u00bbcenter\u00bb onclick=\u00bbcustom_link\u00bb img_link_target=\u00bb_blank\u00bb link=\u00bbhttps:\/\/www.museosdetenerife.org\/mha-museo-de-historia-y-antropologia\/museo\/presentacion\/\u00bb][\/vc_column_inner][vc_column_inner width=\u00bb1\/3&#8243;][vc_single_image image=\u00bb1320&#8243; alignment=\u00bbcenter\u00bb onclick=\u00bbcustom_link\u00bb img_link_target=\u00bb_blank\u00bb link=\u00bbhttps:\/\/www.casadelamiel.org\/es\u00bb][\/vc_column_inner][vc_column_inner width=\u00bb1\/3&#8243;][vc_single_image image=\u00bb1344&#8243; alignment=\u00bbcenter\u00bb onclick=\u00bbcustom_link\u00bb img_link_target=\u00bb_blank\u00bb link=\u00bbhttp:\/\/gastronomiatlantica.com\/\u00bb][\/vc_column_inner][\/vc_row_inner][\/vc_column][\/vc_row]<\/p>\n","protected":false},"excerpt":{"rendered":"<p>[vc_row gap=\u00bb35&#8243; equal_height=\u00bbyes\u00bb content_placement=\u00bbbottom\u00bb css=\u00bb.vc_custom_1758109303041{padding-top: px !important;background-position: center !important;background-repeat: no-repeat !important;background-size: contain !important;}\u00bb][vc_column width=\u00bb1\/3&#8243;][vc_single_image image=\u00bb2260&#8243; img_size=\u00bbfull\u00bb alignment=\u00bbright\u00bb][\/vc_column][vc_column width=\u00bb2\/3&#8243;][\/vc_column][\/vc_row][vc_row gap=\u00bb35&#8243; content_placement=\u00bbtop\u00bb css=\u00bb.vc_custom_1727692820016{padding-right: 90px !important;padding-left: 90px !important;background-color: #ffffff !important;}\u00bb][vc_column width=\u00bb1\/3&#8243;][vc_separator color=\u00bbcustom\u00bb accent_color=\u00bb#8e8e8e\u00bb][vc_custom_heading source=\u00bbpost_title\u00bb font_container=\u00bbtag:h1|font_size:1.8em|text_align:left|color:%23000000|line_height:100%25&#8243; google_fonts=\u00bbfont_family:Roboto%3A100%2C100italic%2C300%2C300italic%2Cregular%2Citalic%2C500%2C500italic%2C700%2C700italic%2C900%2C900italic|font_style:300%20light%20regular%3A300%3Anormal\u00bb][\/vc_column][vc_column width=\u00bb2\/3&#8243;][vc_separator color=\u00bbcustom\u00bb accent_color=\u00bb#8e8e8e\u00bb][vc_column_text]Considerado el padre de la Genealog\u00eda moderna en Espa\u00f1a, naci\u00f3 en Lanzarote y estudi\u00f3 durante varios a\u00f1os en el Seminario&#8230;<\/p>\n","protected":false},"author":14,"featured_media":0,"parent":0,"menu_order":0,"comment_status":"closed","ping_status":"closed","template":"templates\/template-no-title.php","meta":{"footnotes":""},"class_list":["post-2187","page","type-page","status-publish","hentry"],"_links":{"self":[{"href":"https:\/\/www.ull.es\/eventos\/genealogia-en-canarias\/wp-json\/wp\/v2\/pages\/2187"}],"collection":[{"href":"https:\/\/www.ull.es\/eventos\/genealogia-en-canarias\/wp-json\/wp\/v2\/pages"}],"about":[{"href":"https:\/\/www.ull.es\/eventos\/genealogia-en-canarias\/wp-json\/wp\/v2\/types\/page"}],"author":[{"embeddable":true,"href":"https:\/\/www.ull.es\/eventos\/genealogia-en-canarias\/wp-json\/wp\/v2\/users\/14"}],"replies":[{"embeddable":true,"href":"https:\/\/www.ull.es\/eventos\/genealogia-en-canarias\/wp-json\/wp\/v2\/comments?post=2187"}],"version-history":[{"count":9,"href":"https:\/\/www.ull.es\/eventos\/genealogia-en-canarias\/wp-json\/wp\/v2\/pages\/2187\/revisions"}],"predecessor-version":[{"id":2377,"href":"https:\/\/www.ull.es\/eventos\/genealogia-en-canarias\/wp-json\/wp\/v2\/pages\/2187\/revisions\/2377"}],"wp:attachment":[{"href":"https:\/\/www.ull.es\/eventos\/genealogia-en-canarias\/wp-json\/wp\/v2\/media?parent=2187"}],"curies":[{"name":"wp","href":"https:\/\/api.w.org\/{rel}","templated":true}]}}