{"id":2202,"date":"2025-09-16T12:24:25","date_gmt":"2025-09-16T12:24:25","guid":{"rendered":"https:\/\/www.ull.es\/eventos\/genealogia-en-canarias\/?page_id=2202"},"modified":"2025-10-06T09:21:30","modified_gmt":"2025-10-06T09:21:30","slug":"distintas-finalidades-de-los-arboles-genealogicos","status":"publish","type":"page","link":"https:\/\/www.ull.es\/eventos\/genealogia-en-canarias\/distintas-finalidades-de-los-arboles-genealogicos\/","title":{"rendered":"Distintas finalidades de los \u00e1rboles geneal\u00f3gicos"},"content":{"rendered":"<p>[vc_row gap=\u00bb35&#8243; equal_height=\u00bbyes\u00bb content_placement=\u00bbbottom\u00bb css=\u00bb.vc_custom_1758108694233{background-position: center !important;background-repeat: no-repeat !important;background-size: contain !important;}\u00bb][vc_column width=\u00bb1\/3&#8243;][vc_single_image image=\u00bb2260&#8243; img_size=\u00bbfull\u00bb alignment=\u00bbright\u00bb][\/vc_column][vc_column width=\u00bb2\/3&#8243;][\/vc_column][\/vc_row][vc_row gap=\u00bb35&#8243; content_placement=\u00bbtop\u00bb css=\u00bb.vc_custom_1727692820016{padding-right: 90px !important;padding-left: 90px !important;background-color: #ffffff !important;}\u00bb][vc_column width=\u00bb1\/3&#8243;][vc_separator color=\u00bbcustom\u00bb accent_color=\u00bb#8e8e8e\u00bb][vc_custom_heading source=\u00bbpost_title\u00bb font_container=\u00bbtag:h1|font_size:1.8em|text_align:left|color:%23000000|line_height:100%25&#8243; google_fonts=\u00bbfont_family:Roboto%3A100%2C100italic%2C300%2C300italic%2Cregular%2Citalic%2C500%2C500italic%2C700%2C700italic%2C900%2C900italic|font_style:300%20light%20regular%3A300%3Anormal\u00bb][\/vc_column][vc_column width=\u00bb2\/3&#8243;][vc_separator color=\u00bbcustom\u00bb accent_color=\u00bb#8e8e8e\u00bb][vc_column_text]La utilidad de los \u00e1rboles geneal\u00f3gicos no se limita \u00fanicamente a visibilizar y tratar de comprender las relaciones de parentesco dentro de una familia a lo largo de las generaciones; tambi\u00e9n las herencias y sucesiones determinan herederos leg\u00edtimos en ausencia de testamento o en los derechos de propiedad y tierras que pueden ser clave para establecer la propiedad de tierras o derechos ancestrales, especialmente en comunidades donde las tradiciones de posesi\u00f3n se basan en la l\u00ednea familiar.<\/p>\n<p>El factor influyente que ocasion\u00f3 la creaci\u00f3n del archivo Lercaro fue el econ\u00f3mico que ha sido estudiado por J. N\u00fa\u00f1ez Pestano y R. Gonz\u00e1lez Zalaca\u00edn (2021).<\/p>\n<p style=\"padding-left: 40px\">\u201cEl fondo documental de los Lercaro de Tenerife fue resultado del proceso de \u00abreconstrucci\u00f3n\u00bb de los antecedentes documentales familiares llevado a cabo durante el siglo XVIII por algunos de sus miembros para justificar su ascendencia y aspirar a un privilegio que el azar hab\u00eda puesto a su alcance, la gobernaci\u00f3n del albergo Lercaro en G\u00e9nova.\u201d<\/p>\n<p style=\"padding-left: 40px\">N\u00fa\u00f1ez Pestano, J., &amp; Gonz\u00e1lez Zalacain,<em> R. (2021).<\/em> <em>La formaci\u00f3n de un archivo familiar: los Lercaro de Tenerife<\/em>. In V. Lamazou-Duplan (\u00e9d.), <em>Les archives familiales dans l\u2019Occident m\u00e9di\u00e9val et moderne<\/em>. Casa de Vel\u00e1zquez. 2021<\/p>\n<p>Adem\u00e1s de estas utilidades fundamentalmente de \u00edndole econ\u00f3mica, como curiosidad, se ha agregado una vitrina dedicada a la utilizaci\u00f3n de la genealog\u00eda como parte de la trama en la literatura espa\u00f1ola y la literatura canaria.<\/p>\n<p>En la literatura el inter\u00e9s por el origen y la ascendencia geneal\u00f3gica es un tema recurrente, a veces como parte de la trama de algunas creaciones literarias o en la configuraci\u00f3n del car\u00e1cter de los personajes; en otras ocasiones simplemente con intenci\u00f3n sat\u00edrica o ir\u00f3nica\u2026 Benito P\u00e9rez Gald\u00f3s es ejemplo en sus obras <em>Bail\u00e9n, Do\u00f1a Perfecta<\/em> o <em>Misericordia<\/em>.<\/p>\n<p>Se han seleccionado aqu\u00ed algunos pasajes de algunas novelas que lo muestran.<\/p>\n<p>Veamos algunos ejemplos en libros de autores canarios:<\/p>\n<p>Aurelio P\u00e9rez Zamora, nacido en el Puerto de la Cruz, en la novela <em>Florencia o personajes de otros tiempos<\/em> publicada en Santa Cruz de Tenerife en 1913 por la Imprenta A. J. Ben\u00edtez en la p\u00e1g. 181<\/p>\n<p style=\"padding-left: 40px\"><em>\u2014\u00abSe\u00f1or Rivalo-Rico (se lela) si usted pone en juego sus grandes influencias, tengo la segmidad de que ha de conseguirme la gracia que deseo \\&#8217; en lo que pienso noche v dia: ser camarista de la Reina do\u00f1a Isabel. De ilustre cuna, como usted sabe, mi \u00e1rbol geneal\u00f3gico puedo ostentarlo por do quiera con sumo orgullo. Desde el dia que obtenga yo tan honroso empleo, puede usted contar, querido, con la mayor seguridad&#8230; de que mis haberes asi como mi coraz\u00f3n bueno y leal&#8230;<\/em><\/p>\n<p>El periodista y dramaturgo canario Eduardo Garavito Rodr\u00edguez en <em>A trav\u00e9s de mi cristal : (apuntes filos\u00f3ficos)<\/em> nos cuenta de un personaje an\u00f3nimo franc\u00e9s que \u201cempez\u00f3 a sentir el tormento ol\u00edmpico de los celos\u201d que consult\u00f3 a un abogado y \u00e9ste a su vez a un m\u00e9dico y he aqu\u00ed la conversaci\u00f3n:<\/p>\n<p style=\"padding-left: 40px\">\u201c<em>\u2014Estoy agotado, doctor; no puedo m\u00e1s; esta tormenta interna no me deja vivir.<\/em><br \/>\n<em>\u2014 D\u00edgame: \u00bfes Vd. franc\u00e9s?<\/em><br \/>\n<em>\u2014 S\u00ed, se\u00f1or.<\/em><br \/>\n<em>\u2014 \u00bfY sus padres?<\/em><br \/>\n<em>\u2014 Tambi\u00e9n, doctor.<\/em><br \/>\n<em>\u2014 \u00bfY no habr\u00e1 habido en su \u00e1rbol geneal\u00f3gico alguna mezcla de razas&#8230; por ejemplo, alg\u00fan espa\u00f1ol pundonoroso, un tanto rid\u00edculo?<\/em><br \/>\n<em>\u2014 No, doctor; soy franc\u00e9s cien por cien.<\/em><br \/>\n<em>\u2014 No s\u00e9, realmente, qu\u00e9 pensar&#8230; Creo que lo mejor ser\u00eda celebrar una consulta con otros compa\u00f1eros&#8230; \u00ab<\/em><br \/>\nMarqu\u00e9s y marquesa : novela \/ Carmela Eulate Sanjurjo ; presentaci\u00f3n por Manuel Fern\u00e1ndez Juncos ; pr\u00f3logo de Benito P\u00e9rez Armas.&#8211; Tenerife : [s.n.], 1911 (Tenerife : Tip. A.G. Ben\u00edtez)<\/p>\n<p>La escritora puertorrique\u00f1a que residi\u00f3 durante unos a\u00f1os en Canarias donde public\u00f3 <em>Marqu\u00e9s y marquesa : novela<\/em><\/p>\n<p style=\"padding-left: 40px\"><em>\u2014Usted dice que In\u00e9s es desgraciada, y yo no me considero responsable de su desventura. Nuestro matrimonio lo arreglaron V. y la madre de ella, y fu\u00e9 una boda de raz\u00f3n, algo as\u00ed como un enlace entre pr\u00edncipes. Ni se habl\u00f3 de amor, ni hab\u00eda para qu\u00e9. Se contaron las fortunas, se hoje\u00f3 el \u00e1rbol geneal\u00f3gico de cada uno, y se vio que \u00e9ramos socialmente iguales. Ella quer\u00eda un marido rico, una corona de marquesa, yo una mujer de mi rango, rica y perfectamente educada. Firm\u00e9 un contrato, cuyas condiciones he cumplido con rigurosa lealtad. Por mi parte, no tengo ninguna queja de mi mujer, la considero digna de llevar mi nombre, y es bastante agraciada para justificar mi elecci\u00f3n entre otras, y no tan bella, que atraiga los elogios.<\/em><\/p>\n<p>[\/vc_column_text][vc_separator color=\u00bbcustom\u00bb accent_color=\u00bb#8e8e8e\u00bb][vc_empty_space][vc_gallery type=\u00bbflexslider_slide\u00bb interval=\u00bb0&#8243; images=\u00bb1998,1981,1982,2213,2214,2215&#8243; img_size=\u00bbfull\u00bb][vc_empty_space][vc_column_text]<strong>Imagen 1<\/strong><\/p>\n<p>[Ex Arbore Nobilissime Familiae Lercariorum Ianuensium]<\/p>\n<hr \/>\n<p><strong>Imagen 2<\/strong><\/p>\n<p>Armas Lercara<\/p>\n<hr \/>\n<p><strong>Imagen 3<\/strong><\/p>\n<p>Dibujo de un banco con escudo y nombre la la familia Lercaro<\/p>\n<hr \/>\n<p><strong>Imagen 4<\/strong><\/p>\n<p>GARAVITO RODR\u00cdGUEZ, E. <em>A trav\u00e9s de mi cristal: (apuntes filos\u00f3ficos)<\/em>. Tenerife : [s.n.], 1937. ( Tip. Sanz).<\/p>\n<hr \/>\n<p><strong>Imagen 5<\/strong><\/p>\n<p>P\u00c9REZ ZAMORA, A. <em>Florencia o personajes de otros tiempos<\/em>. Santa Cruz de Tenerife: Imprenta de A. J. Ben\u00edtez, 1913.<\/p>\n<hr \/>\n<p><strong>Imagen 6<\/strong><\/p>\n<p>EULATE, C. <em>Marqu\u00e9s y marquesa: novela<\/em>. Tenerife: [s.n.], 1911 (Tenerife: Tip. A.G. Ben\u00edtez).[\/vc_column_text][vc_separator color=\u00bbcustom\u00bb accent_color=\u00bb#8e8e8e\u00bb][vc_empty_space][\/vc_column][\/vc_row][vc_row gap=\u00bb30&#8243; css=\u00bb.vc_custom_1727697933407{padding-right: 90px !important;padding-left: 90px !important;background-color: #ffffff !important;}\u00bb][vc_column width=\u00bb1\/3&#8243;][vc_separator color=\u00bbcustom\u00bb accent_color=\u00bb#8e8e8e\u00bb][\/vc_column][vc_column width=\u00bb2\/3&#8243;][vc_separator color=\u00bbcustom\u00bb accent_color=\u00bb#8e8e8e\u00bb][vc_row_inner][vc_column_inner][vc_single_image image=\u00bb2009&#8243;][\/vc_column_inner][\/vc_row_inner][vc_row_inner][vc_column_inner width=\u00bb1\/3&#8243;][vc_single_image image=\u00bb1332&#8243; alignment=\u00bbcenter\u00bb onclick=\u00bbcustom_link\u00bb img_link_target=\u00bb_blank\u00bb link=\u00bbhttps:\/\/www.museosdetenerife.org\/mha-museo-de-historia-y-antropologia\/museo\/presentacion\/\u00bb][\/vc_column_inner][vc_column_inner width=\u00bb1\/3&#8243;][vc_single_image image=\u00bb1320&#8243; alignment=\u00bbcenter\u00bb onclick=\u00bbcustom_link\u00bb img_link_target=\u00bb_blank\u00bb link=\u00bbhttps:\/\/www.casadelamiel.org\/es\u00bb][\/vc_column_inner][vc_column_inner width=\u00bb1\/3&#8243;][vc_single_image image=\u00bb1344&#8243; alignment=\u00bbcenter\u00bb onclick=\u00bbcustom_link\u00bb img_link_target=\u00bb_blank\u00bb link=\u00bbhttp:\/\/gastronomiatlantica.com\/\u00bb][\/vc_column_inner][\/vc_row_inner][\/vc_column][\/vc_row]<\/p>\n","protected":false},"excerpt":{"rendered":"<p>[vc_row gap=\u00bb35&#8243; equal_height=\u00bbyes\u00bb content_placement=\u00bbbottom\u00bb css=\u00bb.vc_custom_1758108694233{background-position: center !important;background-repeat: no-repeat !important;background-size: contain !important;}\u00bb][vc_column width=\u00bb1\/3&#8243;][vc_single_image image=\u00bb2260&#8243; img_size=\u00bbfull\u00bb alignment=\u00bbright\u00bb][\/vc_column][vc_column width=\u00bb2\/3&#8243;][\/vc_column][\/vc_row][vc_row gap=\u00bb35&#8243; content_placement=\u00bbtop\u00bb css=\u00bb.vc_custom_1727692820016{padding-right: 90px !important;padding-left: 90px !important;background-color: #ffffff !important;}\u00bb][vc_column width=\u00bb1\/3&#8243;][vc_separator color=\u00bbcustom\u00bb accent_color=\u00bb#8e8e8e\u00bb][vc_custom_heading source=\u00bbpost_title\u00bb font_container=\u00bbtag:h1|font_size:1.8em|text_align:left|color:%23000000|line_height:100%25&#8243; google_fonts=\u00bbfont_family:Roboto%3A100%2C100italic%2C300%2C300italic%2Cregular%2Citalic%2C500%2C500italic%2C700%2C700italic%2C900%2C900italic|font_style:300%20light%20regular%3A300%3Anormal\u00bb][\/vc_column][vc_column width=\u00bb2\/3&#8243;][vc_separator color=\u00bbcustom\u00bb accent_color=\u00bb#8e8e8e\u00bb][vc_column_text]La utilidad de los \u00e1rboles geneal\u00f3gicos no se limita \u00fanicamente a visibilizar y tratar de comprender las relaciones de parentesco dentro de&#8230;<\/p>\n","protected":false},"author":14,"featured_media":0,"parent":0,"menu_order":0,"comment_status":"closed","ping_status":"closed","template":"templates\/template-no-title.php","meta":{"footnotes":""},"class_list":["post-2202","page","type-page","status-publish","hentry"],"_links":{"self":[{"href":"https:\/\/www.ull.es\/eventos\/genealogia-en-canarias\/wp-json\/wp\/v2\/pages\/2202"}],"collection":[{"href":"https:\/\/www.ull.es\/eventos\/genealogia-en-canarias\/wp-json\/wp\/v2\/pages"}],"about":[{"href":"https:\/\/www.ull.es\/eventos\/genealogia-en-canarias\/wp-json\/wp\/v2\/types\/page"}],"author":[{"embeddable":true,"href":"https:\/\/www.ull.es\/eventos\/genealogia-en-canarias\/wp-json\/wp\/v2\/users\/14"}],"replies":[{"embeddable":true,"href":"https:\/\/www.ull.es\/eventos\/genealogia-en-canarias\/wp-json\/wp\/v2\/comments?post=2202"}],"version-history":[{"count":12,"href":"https:\/\/www.ull.es\/eventos\/genealogia-en-canarias\/wp-json\/wp\/v2\/pages\/2202\/revisions"}],"predecessor-version":[{"id":2309,"href":"https:\/\/www.ull.es\/eventos\/genealogia-en-canarias\/wp-json\/wp\/v2\/pages\/2202\/revisions\/2309"}],"wp:attachment":[{"href":"https:\/\/www.ull.es\/eventos\/genealogia-en-canarias\/wp-json\/wp\/v2\/media?parent=2202"}],"curies":[{"name":"wp","href":"https:\/\/api.w.org\/{rel}","templated":true}]}}