{"id":2218,"date":"2025-09-17T09:29:00","date_gmt":"2025-09-17T09:29:00","guid":{"rendered":"https:\/\/www.ull.es\/eventos\/genealogia-en-canarias\/?page_id=2218"},"modified":"2025-09-17T11:37:25","modified_gmt":"2025-09-17T11:37:25","slug":"hablando-de-la-genealogia-en-tenerife-municipios-familias-y-apellidos","status":"publish","type":"page","link":"https:\/\/www.ull.es\/eventos\/genealogia-en-canarias\/hablando-de-la-genealogia-en-tenerife-municipios-familias-y-apellidos\/","title":{"rendered":"Hablando de la Genealog\u00eda en Tenerife: municipios, familias y apellidos"},"content":{"rendered":"<p>[vc_row gap=\u00bb35&#8243; equal_height=\u00bbyes\u00bb content_placement=\u00bbbottom\u00bb css=\u00bb.vc_custom_1758109023996{padding-top: 0px !important;background-position: center !important;background-repeat: no-repeat !important;background-size: contain !important;}\u00bb][vc_column width=\u00bb1\/3&#8243;][vc_single_image image=\u00bb2260&#8243; img_size=\u00bbfull\u00bb alignment=\u00bbright\u00bb][\/vc_column][vc_column width=\u00bb2\/3&#8243;][\/vc_column][\/vc_row][vc_row gap=\u00bb35&#8243; content_placement=\u00bbtop\u00bb css=\u00bb.vc_custom_1727692820016{padding-right: 90px !important;padding-left: 90px !important;background-color: #ffffff !important;}\u00bb][vc_column width=\u00bb1\/3&#8243;][vc_separator color=\u00bbcustom\u00bb accent_color=\u00bb#8e8e8e\u00bb][vc_custom_heading source=\u00bbpost_title\u00bb font_container=\u00bbtag:h1|font_size:1.8em|text_align:left|color:%23000000|line_height:100%25&#8243; google_fonts=\u00bbfont_family:Roboto%3A100%2C100italic%2C300%2C300italic%2Cregular%2Citalic%2C500%2C500italic%2C700%2C700italic%2C900%2C900italic|font_style:300%20light%20regular%3A300%3Anormal\u00bb][\/vc_column][vc_column width=\u00bb2\/3&#8243;][vc_separator color=\u00bbcustom\u00bb accent_color=\u00bb#8e8e8e\u00bb][vc_column_text]Estos trabajos constituyen una fuente para estudiar y reconstruir la poblaci\u00f3n de diferentes lugares de la isla de Tenerife a partir del siglo XVI. Estructurados a partir de los registros parroquiales, se enriquecen con la informaci\u00f3n extra\u00edda de los protocolos notariales (cartas de dotes, compraventas, testamentos, etc.).[\/vc_column_text][vc_separator color=\u00bbcustom\u00bb accent_color=\u00bb#8e8e8e\u00bb][vc_empty_space][vc_gallery type=\u00bbflexslider_slide\u00bb interval=\u00bb0&#8243; images=\u00bb2221,2222,2223,2224,2225,2226,2227,2229,2232,2234,2237&#8243; img_size=\u00bbfull\u00bb][vc_empty_space][vc_column_text]<strong>Imagen 1<br \/>\n<\/strong>OLIVA L\u00d3PEZ, S.A. <em>Documentos para la historia de Santa \u00darsula: su poblaci\u00f3n entre 1614 y 1915.<\/em> La Orotava (Tenerife): Le Canarien, 2018.<\/p>\n<hr \/>\n<p><strong>Imagen 2<\/strong><br \/>\nGONZ\u00c1LEZ MARRERO, J.A. y OLIVA L\u00d3PEZ, S.A. <em>Documentos para la historia de La Matanza de Acentejo: 1625-1920.<\/em> La Orotava (Tenerife): Le Canarien, 2023.<\/p>\n<hr \/>\n<p><strong>Imagen 3<\/strong><br \/>\nD\u00cdAZ FR\u00cdAS, N. <em>Matrimonios de la parroquia de la Villa de Adeje (1565-1925).<\/em> La Orotava (Tenerife): LeCanarien, 2023.<\/p>\n<hr \/>\n<p><strong>Imagen 4<\/strong><br \/>\nGONZ\u00c1LEZ MARRERO, J.A. y OLIVA L\u00d3PEZ, S.A. <em>Documentos para la historia de Tacoronte: 1500-1604.<\/em> La Orotava (Tenerife): Le Canarien, 2022.<\/p>\n<hr \/>\n<p><strong>Imagen 5<\/strong><br \/>\nGONZ\u00c1LEZ MARRERO, J.A., OLIVA L\u00d3PEZ, S.A. y ESCOBAR SU\u00c1REZ, C.R. <em>Documentos para la historia de La Orotava: 1500-1600: en el lugar del Araotava, ques en el Reino de Taoro.<\/em> La Orotava (Tenerife): Le Canarien, 2019.<\/p>\n<hr \/>\n<p><strong>Imagen 6<\/strong><br \/>\nMACHADO, J.L. <em>Libro del poblamiento de Tenerife. Estudio del manuscrito de don Juan P\u00e9rez Santos y don Jos\u00e9 Mar\u00eda de Las Casas sobre libros parroquiales y escriban\u00edas.<\/em> [S.l.]: Jos\u00e9 Luis Machado, 2014.<\/p>\n<hr \/>\n<p><strong>Imagen 7<\/strong><br \/>\nD\u00cdAZ FR\u00cdAS, N. <em>Linajes de San Miguel de Abona.<\/em> San Miguel de Abona: Ayuntamiento, 2005.<\/p>\n<hr \/>\n<p><strong>Imagen 8<\/strong><br \/>\nGONZ\u00c1LEZ MARRERO, J.A. y OLIVA L\u00d3PEZ, S.A. <em>Documentos para la historia de Icod de los Vinos (1589-1866)<\/em>. La Orotava (Tenerife): Le Canarien, 2018.<\/p>\n<hr \/>\n<p><strong>Imagen 9<\/strong><br \/>\nGONZ\u00c1LEZ MARRERO, J.A., CHINEA OLIVA, M.M. y OLIVA L\u00d3PEZ, S.A. <em>Documentos para la historia de Arico: la poblaci\u00f3n entre 1640 y 1900.<\/em> La Orotava (Tenerife): Le Canarien, 2017.<\/p>\n<hr \/>\n<p><strong>Imagen 10<\/strong><br \/>\nGONZ\u00c1LEZ MARRERO, J.A. <em>De Malpa\u00eds a Buzanada: genealog\u00eda de la poblaci\u00f3n de Buzanada (1800-1975).<\/em> Arona: Ayuntamiento, 2006.<\/p>\n<hr \/>\n<p><strong>Imagen 11<\/strong><br \/>\nGONZ\u00c1LEZ MARRERO, J.A.<em> Genealog\u00edas laguneras.<\/em> La Laguna, Tenerife : Ayuntamiento de La Laguna, 2020.[\/vc_column_text][vc_separator color=\u00bbcustom\u00bb accent_color=\u00bb#8e8e8e\u00bb][vc_empty_space][\/vc_column][\/vc_row][vc_row gap=\u00bb30&#8243; css=\u00bb.vc_custom_1727697933407{padding-right: 90px !important;padding-left: 90px !important;background-color: #ffffff !important;}\u00bb][vc_column width=\u00bb1\/3&#8243;][vc_separator color=\u00bbcustom\u00bb accent_color=\u00bb#8e8e8e\u00bb][\/vc_column][vc_column width=\u00bb2\/3&#8243;][vc_separator color=\u00bbcustom\u00bb accent_color=\u00bb#8e8e8e\u00bb][vc_row_inner][vc_column_inner][vc_single_image image=\u00bb2009&#8243;][\/vc_column_inner][\/vc_row_inner][vc_row_inner][vc_column_inner width=\u00bb1\/3&#8243;][vc_single_image image=\u00bb1332&#8243; alignment=\u00bbcenter\u00bb onclick=\u00bbcustom_link\u00bb img_link_target=\u00bb_blank\u00bb link=\u00bbhttps:\/\/www.museosdetenerife.org\/mha-museo-de-historia-y-antropologia\/museo\/presentacion\/\u00bb][\/vc_column_inner][vc_column_inner width=\u00bb1\/3&#8243;][vc_single_image image=\u00bb1320&#8243; alignment=\u00bbcenter\u00bb onclick=\u00bbcustom_link\u00bb img_link_target=\u00bb_blank\u00bb link=\u00bbhttps:\/\/www.casadelamiel.org\/es\u00bb][\/vc_column_inner][vc_column_inner width=\u00bb1\/3&#8243;][vc_single_image image=\u00bb1344&#8243; alignment=\u00bbcenter\u00bb onclick=\u00bbcustom_link\u00bb img_link_target=\u00bb_blank\u00bb link=\u00bbhttp:\/\/gastronomiatlantica.com\/\u00bb][\/vc_column_inner][\/vc_row_inner][\/vc_column][\/vc_row]<\/p>\n","protected":false},"excerpt":{"rendered":"<p>[vc_row gap=\u00bb35&#8243; equal_height=\u00bbyes\u00bb content_placement=\u00bbbottom\u00bb css=\u00bb.vc_custom_1758109023996{padding-top: 0px !important;background-position: center !important;background-repeat: no-repeat !important;background-size: contain !important;}\u00bb][vc_column width=\u00bb1\/3&#8243;][vc_single_image image=\u00bb2260&#8243; img_size=\u00bbfull\u00bb alignment=\u00bbright\u00bb][\/vc_column][vc_column width=\u00bb2\/3&#8243;][\/vc_column][\/vc_row][vc_row gap=\u00bb35&#8243; content_placement=\u00bbtop\u00bb css=\u00bb.vc_custom_1727692820016{padding-right: 90px !important;padding-left: 90px !important;background-color: #ffffff !important;}\u00bb][vc_column width=\u00bb1\/3&#8243;][vc_separator color=\u00bbcustom\u00bb accent_color=\u00bb#8e8e8e\u00bb][vc_custom_heading source=\u00bbpost_title\u00bb font_container=\u00bbtag:h1|font_size:1.8em|text_align:left|color:%23000000|line_height:100%25&#8243; google_fonts=\u00bbfont_family:Roboto%3A100%2C100italic%2C300%2C300italic%2Cregular%2Citalic%2C500%2C500italic%2C700%2C700italic%2C900%2C900italic|font_style:300%20light%20regular%3A300%3Anormal\u00bb][\/vc_column][vc_column width=\u00bb2\/3&#8243;][vc_separator color=\u00bbcustom\u00bb accent_color=\u00bb#8e8e8e\u00bb][vc_column_text]Estos trabajos constituyen una fuente para estudiar y reconstruir la poblaci\u00f3n de diferentes lugares de la isla de Tenerife a&#8230;<\/p>\n","protected":false},"author":14,"featured_media":0,"parent":0,"menu_order":0,"comment_status":"closed","ping_status":"closed","template":"templates\/template-no-title.php","meta":{"footnotes":""},"class_list":["post-2218","page","type-page","status-publish","hentry"],"_links":{"self":[{"href":"https:\/\/www.ull.es\/eventos\/genealogia-en-canarias\/wp-json\/wp\/v2\/pages\/2218"}],"collection":[{"href":"https:\/\/www.ull.es\/eventos\/genealogia-en-canarias\/wp-json\/wp\/v2\/pages"}],"about":[{"href":"https:\/\/www.ull.es\/eventos\/genealogia-en-canarias\/wp-json\/wp\/v2\/types\/page"}],"author":[{"embeddable":true,"href":"https:\/\/www.ull.es\/eventos\/genealogia-en-canarias\/wp-json\/wp\/v2\/users\/14"}],"replies":[{"embeddable":true,"href":"https:\/\/www.ull.es\/eventos\/genealogia-en-canarias\/wp-json\/wp\/v2\/comments?post=2218"}],"version-history":[{"count":4,"href":"https:\/\/www.ull.es\/eventos\/genealogia-en-canarias\/wp-json\/wp\/v2\/pages\/2218\/revisions"}],"predecessor-version":[{"id":2282,"href":"https:\/\/www.ull.es\/eventos\/genealogia-en-canarias\/wp-json\/wp\/v2\/pages\/2218\/revisions\/2282"}],"wp:attachment":[{"href":"https:\/\/www.ull.es\/eventos\/genealogia-en-canarias\/wp-json\/wp\/v2\/media?parent=2218"}],"curies":[{"name":"wp","href":"https:\/\/api.w.org\/{rel}","templated":true}]}}