{"id":2242,"date":"2025-09-17T09:36:22","date_gmt":"2025-09-17T09:36:22","guid":{"rendered":"https:\/\/www.ull.es\/eventos\/genealogia-en-canarias\/?page_id=2242"},"modified":"2025-10-13T08:35:36","modified_gmt":"2025-10-13T08:35:36","slug":"2242-2","status":"publish","type":"page","link":"https:\/\/www.ull.es\/eventos\/genealogia-en-canarias\/2242-2\/","title":{"rendered":"Blasones y Her\u00e1ldica en la Genealog\u00eda"},"content":{"rendered":"<p>[vc_row gap=\u00bb35&#8243; css=\u00bb.vc_custom_1758104249624{background-position: center !important;background-repeat: no-repeat !important;background-size: contain !important;}\u00bb][vc_column width=\u00bb1\/3&#8243;][vc_single_image image=\u00bb2260&#8243; img_size=\u00bbfull\u00bb alignment=\u00bbright\u00bb][\/vc_column][vc_column width=\u00bb2\/3&#8243;][\/vc_column][\/vc_row][vc_row gap=\u00bb35&#8243; content_placement=\u00bbtop\u00bb css=\u00bb.vc_custom_1727692820016{padding-right: 90px !important;padding-left: 90px !important;background-color: #ffffff !important;}\u00bb][vc_column width=\u00bb1\/3&#8243;][vc_separator color=\u00bbcustom\u00bb accent_color=\u00bb#8e8e8e\u00bb][vc_custom_heading source=\u00bbpost_title\u00bb font_container=\u00bbtag:h1|font_size:1.8em|text_align:left|color:%23000000|line_height:100%25&#8243; google_fonts=\u00bbfont_family:Roboto%3A100%2C100italic%2C300%2C300italic%2Cregular%2Citalic%2C500%2C500italic%2C700%2C700italic%2C900%2C900italic|font_style:300%20light%20regular%3A300%3Anormal\u00bb][\/vc_column][vc_column width=\u00bb2\/3&#8243;][vc_separator color=\u00bbcustom\u00bb accent_color=\u00bb#8e8e8e\u00bb][vc_column_text]La Her\u00e1ldica y la Genealog\u00eda est\u00e1n intr\u00ednsecamente ligadas, ya que ambas disciplinas se complementan en el estudio y la representaci\u00f3n de la historia familiar. En su origen, la Her\u00e1ldica estudiaba los s\u00edmbolos distintivos que identificaban a personas, pero cuando estos s\u00edmbolos pasaron a heredarse se convirtieron en representativos de familias o linajes. Transmitidos de generaci\u00f3n en generaci\u00f3n, ofrecen valiosa informaci\u00f3n sobre la historia, el estatus social y las alianzas de un linaje. Poco a poco el \u00e1mbito de uso de los escudos ha pasado al \u00e1mbito p\u00fablico, llegando a identificar primero a reinos y principados, luego a estados y actualmente a cualquier tipo de entidad territorial.<\/p>\n<p>Ha sido una oportunidad para el Fondo Antiguo mostrar la edici\u00f3n pr\u00edncipe de <em>L\u2019Encyclop\u00e9die ou Dictionnaire raisonn\u00e9 des sciences, des arts et des m\u00e9tiers,<\/em> impresa en Par\u00eds entre 1751 y 1780, s\u00edmbolo de la ilustraci\u00f3n. La obra entr\u00f3 a formar parte del <em>\u00cdndice de libros prohibidos<\/em> por la Iglesia cat\u00f3lica en 1759 y fue muy perseguida por la Inquisici\u00f3n. Fue donada en 1855 por Crist\u00f3bal Salazar, Conde del Valle Salazar a la Biblioteca.<\/p>\n<p>La obra consta de diecisiete vol\u00famenes de texto y once vol\u00famenes de l\u00e1mina, se abre por uno de los tomos de las planchas con un magn\u00edfico grabado calcogr\u00e1fico de gran dimensi\u00f3n del \u00e1rbol de la ascendencia del Rey Luis de Francia.<\/p>\n<p>Comparten espacio tem\u00e1tico dos grandes amigos, el prebendado Antonio Pereira Pacheco y el pol\u00edgrafo portuense Jos\u00e9 Agust\u00edn \u00c1lvarez Rixo, quienes mantuvieron no solo un intenso intercambio epistolar, sino tambi\u00e9n de libros y manuscritos. Adem\u00e1s, coinciden en la tem\u00e1tica de sus obras, por la historia local y la afici\u00f3n a dibujos con los que ilustrar sus manuscritos. Ejemplo de estos dibujos ilustrativos <em>Colecci\u00f3n de los Escudos de Armas de los apellidos de algunas familias que poblaron estas Yslas Canarias <\/em>de Pereira y <em>Blasones de estas Islas Canarias <\/em>de \u00c1lvarez Rixo.<\/p>\n<p>Figura adem\u00e1s una estampa de Sinforiano Bona que muestra un escudo de la isla de La Palma, de forma ovalada con castillo mazonado, del que sale San Miguel Arc\u00e1ngel. Este lleva en la mano izquierda una balanza y en la derecha una palma. Remata con corona real cerrada y en los laterales estandartes y armas de guerra, y casualmente, una xilograf\u00eda que ilustra la letra capital del libro primero de la <em>Historia de la conquista de las siete islas de Gran Canaria<\/em>\u00a0de Fray Juan de Abreu Galindo (Santa Cruz de Tenerife, 1848).[\/vc_column_text][vc_separator color=\u00bbcustom\u00bb accent_color=\u00bb#8e8e8e\u00bb][vc_empty_space][vc_gallery type=\u00bbflexslider_slide\u00bb interval=\u00bb0&#8243; images=\u00bb2246,2360,2247,2248,2359&#8243; img_size=\u00bbfull\u00bb][vc_empty_space][vc_column_text]<strong>Imagen 1<br \/>\n<\/strong><em>Recueil de planches sur les sciences, les arts liberaux et les arts mechaniques avec leur explication: seconde livraison en deux parties, premier partie 233 planches.<\/em> A Paris: Chez Briasson: Chez David: Chez Le Breton: Chez Durand, 1763<\/p>\n<hr \/>\n<p><strong>Imagen 2<\/strong><br \/>\n[\u00c1rbol geneal\u00f3gico de la ascendencia de Luis de Francia]<br \/>\n<em>Recueil de planches sur les sciences, les arts liberaux et les arts mechaniques avec leur explication: seconde livraison en deux parties, premier partie 233 planches.<\/em> A Paris: Chez Briasson: Chez David: Chez Le Breton: Chez Durand, 1763<\/p>\n<hr \/>\n<p><strong>Imagen 3<\/strong><br \/>\nPEREIRA PACHECO, A. <em>Colecci\u00f3n de los Escudos de Armas de los apellidos de algunas familias que poblaron estas Yslas Canarias<\/em> [Manuscrito]. S.XIX.<\/p>\n<hr \/>\n<p><strong>Imagen 4<\/strong><br \/>\nPEREIRA PACHECO, A. <em>Colecci\u00f3n de los Escudos de Armas de los apellidos de algunas familias que poblaron estas Yslas Canarias<\/em> [Manuscrito]. S.XIX.<\/p>\n<hr \/>\n<p><strong>Imagen 5<\/strong><br \/>\n\u00c1LVAREZ RIXO, J. A. <em>Blasones de estas Islas Canarias<\/em> [Manuscrito].&#8211; [Puerto de la Cruz], [1819?-1865?][\/vc_column_text][vc_separator color=\u00bbcustom\u00bb accent_color=\u00bb#8e8e8e\u00bb][vc_empty_space][\/vc_column][\/vc_row][vc_row gap=\u00bb30&#8243; css=\u00bb.vc_custom_1727697933407{padding-right: 90px !important;padding-left: 90px !important;background-color: #ffffff !important;}\u00bb][vc_column width=\u00bb1\/3&#8243;][vc_separator color=\u00bbcustom\u00bb accent_color=\u00bb#8e8e8e\u00bb][\/vc_column][vc_column width=\u00bb2\/3&#8243;][vc_separator color=\u00bbcustom\u00bb accent_color=\u00bb#8e8e8e\u00bb][vc_row_inner][vc_column_inner][vc_single_image image=\u00bb2009&#8243;][\/vc_column_inner][\/vc_row_inner][vc_row_inner][vc_column_inner width=\u00bb1\/3&#8243;][vc_single_image image=\u00bb1332&#8243; alignment=\u00bbcenter\u00bb onclick=\u00bbcustom_link\u00bb img_link_target=\u00bb_blank\u00bb link=\u00bbhttps:\/\/www.museosdetenerife.org\/mha-museo-de-historia-y-antropologia\/museo\/presentacion\/\u00bb][\/vc_column_inner][vc_column_inner width=\u00bb1\/3&#8243;][vc_single_image image=\u00bb1320&#8243; alignment=\u00bbcenter\u00bb onclick=\u00bbcustom_link\u00bb img_link_target=\u00bb_blank\u00bb link=\u00bbhttps:\/\/www.casadelamiel.org\/es\u00bb][\/vc_column_inner][vc_column_inner width=\u00bb1\/3&#8243;][vc_single_image image=\u00bb1344&#8243; alignment=\u00bbcenter\u00bb onclick=\u00bbcustom_link\u00bb img_link_target=\u00bb_blank\u00bb link=\u00bbhttp:\/\/gastronomiatlantica.com\/\u00bb][\/vc_column_inner][\/vc_row_inner][\/vc_column][\/vc_row]<\/p>\n","protected":false},"excerpt":{"rendered":"<p>[vc_row gap=\u00bb35&#8243; css=\u00bb.vc_custom_1758104249624{background-position: center !important;background-repeat: no-repeat !important;background-size: contain !important;}\u00bb][vc_column width=\u00bb1\/3&#8243;][vc_single_image image=\u00bb2260&#8243; img_size=\u00bbfull\u00bb alignment=\u00bbright\u00bb][\/vc_column][vc_column width=\u00bb2\/3&#8243;][\/vc_column][\/vc_row][vc_row gap=\u00bb35&#8243; content_placement=\u00bbtop\u00bb css=\u00bb.vc_custom_1727692820016{padding-right: 90px !important;padding-left: 90px !important;background-color: #ffffff !important;}\u00bb][vc_column width=\u00bb1\/3&#8243;][vc_separator color=\u00bbcustom\u00bb accent_color=\u00bb#8e8e8e\u00bb][vc_custom_heading source=\u00bbpost_title\u00bb font_container=\u00bbtag:h1|font_size:1.8em|text_align:left|color:%23000000|line_height:100%25&#8243; google_fonts=\u00bbfont_family:Roboto%3A100%2C100italic%2C300%2C300italic%2Cregular%2Citalic%2C500%2C500italic%2C700%2C700italic%2C900%2C900italic|font_style:300%20light%20regular%3A300%3Anormal\u00bb][\/vc_column][vc_column width=\u00bb2\/3&#8243;][vc_separator color=\u00bbcustom\u00bb accent_color=\u00bb#8e8e8e\u00bb][vc_column_text]La Her\u00e1ldica y la Genealog\u00eda est\u00e1n intr\u00ednsecamente ligadas, ya que ambas disciplinas se complementan en el estudio y la representaci\u00f3n de la historia familiar&#8230;.<\/p>\n","protected":false},"author":14,"featured_media":0,"parent":0,"menu_order":0,"comment_status":"closed","ping_status":"closed","template":"templates\/template-no-title.php","meta":{"footnotes":""},"class_list":["post-2242","page","type-page","status-publish","hentry"],"_links":{"self":[{"href":"https:\/\/www.ull.es\/eventos\/genealogia-en-canarias\/wp-json\/wp\/v2\/pages\/2242"}],"collection":[{"href":"https:\/\/www.ull.es\/eventos\/genealogia-en-canarias\/wp-json\/wp\/v2\/pages"}],"about":[{"href":"https:\/\/www.ull.es\/eventos\/genealogia-en-canarias\/wp-json\/wp\/v2\/types\/page"}],"author":[{"embeddable":true,"href":"https:\/\/www.ull.es\/eventos\/genealogia-en-canarias\/wp-json\/wp\/v2\/users\/14"}],"replies":[{"embeddable":true,"href":"https:\/\/www.ull.es\/eventos\/genealogia-en-canarias\/wp-json\/wp\/v2\/comments?post=2242"}],"version-history":[{"count":28,"href":"https:\/\/www.ull.es\/eventos\/genealogia-en-canarias\/wp-json\/wp\/v2\/pages\/2242\/revisions"}],"predecessor-version":[{"id":2382,"href":"https:\/\/www.ull.es\/eventos\/genealogia-en-canarias\/wp-json\/wp\/v2\/pages\/2242\/revisions\/2382"}],"wp:attachment":[{"href":"https:\/\/www.ull.es\/eventos\/genealogia-en-canarias\/wp-json\/wp\/v2\/media?parent=2242"}],"curies":[{"name":"wp","href":"https:\/\/api.w.org\/{rel}","templated":true}]}}