{"id":106,"date":"2021-02-01T14:26:32","date_gmt":"2021-02-01T14:26:32","guid":{"rendered":"http:\/\/www.ull.es\/eventos\/gonzalezvicen\/?page_id=106"},"modified":"2021-04-22T08:42:55","modified_gmt":"2021-04-22T08:42:55","slug":"106-2","status":"publish","type":"page","link":"https:\/\/www.ull.es\/eventos\/gonzalezvicen\/106-2\/","title":{"rendered":"Bibliograf\u00eda"},"content":{"rendered":"<p>[vc_row][vc_column width=\u00bb1\/4&#8243;][vc_empty_space][vc_custom_heading text=\u00bbFelipe Gonz\u00e1lez Vic\u00e9n\u00bb font_container=\u00bbtag:h1|font_size:3em|text_align:left|color:%23020202|line_height:100%25&#8243; google_fonts=\u00bbfont_family:Playfair%20Display%3Aregular%2Citalic%2C700%2C700italic%2C900%2C900italic|font_style:700%20bold%20italic%3A700%3Aitalic\u00bb][vc_empty_space][\/vc_column][vc_column width=\u00bb3\/4&#8243;][\/vc_column][\/vc_row][vc_row][vc_column width=\u00bb1\/4&#8243;][vc_separator color=\u00bbcustom\u00bb accent_color=\u00bb#8e8e8e\u00bb][vc_empty_space][vc_custom_heading source=\u00bbpost_title\u00bb font_container=\u00bbtag:h2|text_align:left|color:%23020202&#8243; google_fonts=\u00bbfont_family:Playfair%20Display%3Aregular%2Citalic%2C700%2C700italic%2C900%2C900italic|font_style:400%20italic%3A400%3Aitalic\u00bb][\/vc_column][vc_column width=\u00bb3\/4&#8243;][vc_separator color=\u00bbcustom\u00bb accent_color=\u00bb#8e8e8e\u00bb][vc_tta_accordion active_section=\u00bb\u00bb no_fill=\u00bbtrue\u00bb collapsible_all=\u00bbtrue\u00bb][vc_tta_section title=\u00bbMonograf\u00edas\u00bb tab_id=\u00bb1612189901842-27912671-a668&#8243;][vc_column_text]<\/p>\n<div id=\"1559907637844-043f9c19-1f1a\" class=\"vc_tta-panel vc_active\" data-vc-content=\".vc_tta-panel-body\">\n<div class=\"vc_tta-panel-body\">\n<div class=\"wpb_text_column wpb_content_element \">\n<div class=\"wpb_wrapper\">\n<ul>\n<li><i>Teor\u00eda de la revoluci\u00f3n: Sistema e historia.<\/i>\u00a0Valladolid: Allen, 1932. (Reedici\u00f3n a cargo de E. Fern\u00e1ndez, Madrid, Plaza y Vald\u00e9s, 2010.)<\/li>\n<li><i>Deutsche und spanische Rechtsphilosophie der Gegenwart.<\/i>\u00a0T\u00fcbingen: J.C.B. Mohr, 1937.<\/li>\n<li><i>El positivismo en la Filosof\u00eda del Derecho contempor\u00e1nea.<\/i>\u00a0Madrid: Instituto de Estudios Pol\u00edticos, 1950.<\/li>\n<li><i>La filosof\u00eda del Estado en Kant.<\/i>La Laguna: Universidad, Secretariado de Publicaciones, 1952. (Reeditado como \u00abcomplemento\u00bb en: I. Kant,\u00a0<i>Introducci\u00f3n a la teor\u00eda del derecho<\/i>, Marcial Pons, Madrid, 1997, p\u00e1gs. 61-159.)<\/li>\n<li><i>Estudios de Filosof\u00eda del Derecho<\/i>. La Laguna: Universidad, Secretariado de Publicaciones, 1979.<\/li>\n<li><i>De Kant a Marx (estudios de historia de las ideas)<\/i>. Valencia: Fernando Torres-Editor, 1984.<\/li>\n<li><i>Escritos (1931-1949). Con ocasi\u00f3n de su centenario<\/i>. La Laguna: Secretariado de Publicaciones, 2009.<\/li>\n<\/ul>\n<div class=\"col-md-12 ull-content\" role=\"main\">\n<div id=\"main_content\" class=\"ull-body-copy\">\n<div class=\"vc_row wpb_row vc_row-fluid\">\n<div class=\"wpb_column vc_column_container vc_col-sm-12\">\n<div class=\"vc_column-inner\">\n<div class=\"wpb_wrapper\">\n<div class=\"vc_tta-container\" data-vc-action=\"collapse\">\n<div class=\"vc_general vc_tta vc_tta-accordion vc_tta-color-grey vc_tta-style-classic vc_tta-shape-rounded vc_tta-o-shape-group vc_tta-controls-align-left\">\n<div class=\"vc_tta-panels-container\">\n<div class=\"vc_tta-panels\"><\/div>\n<\/div>\n<\/div>\n<\/div>\n<\/div>\n<\/div>\n<\/div>\n<\/div>\n<\/div>\n<\/div>\n<\/div>\n<\/div>\n<\/div>\n<\/div>\n<p>[\/vc_column_text][\/vc_tta_section][vc_tta_section title=\u00bbArt\u00edculos\u00bb tab_id=\u00bb1612189901875-e97cca53-70c7&#8243;][vc_column_text]<\/p>\n<div class=\"vc_tta-panel-body\">\n<div class=\"wpb_text_column wpb_content_element \">\n<div class=\"wpb_wrapper\">\n<ul>\n<li>\u00abAnte las Constituyentes\u00bb.\u00a0<i>El Norte de Castilla: Diario independiente de Valladolid<\/i>, 12 de julio, 1931.<\/li>\n<li>\u00abExtremismos\u00bb.\u00a0<i>El Norte de Castilla: Diario Independiente de Valladolid<\/i>, 19 de noviembre, 1931.<\/li>\n<li>\u00abLo m\u00e1s anarquizante\u00bb.\u00a0<i>El Norte de Castilla: Diario Independiente de Valladolid<\/i>, 25 de diciembre, 1931.<\/li>\n<li>\u00abSendas de las revoluciones: el triunfo del individuo\u00bb.\u00a0<i>El Norte de Castilla: Diario Independiente de Valladolid<\/i>, 24 de agosto, 1932.<\/li>\n<li>\u00abAdvertencia preliminar\u00bb a G. W. F. Hegel,\u00a0<i>L\u00edneas fundamentales de la Filosof\u00eda del Derecho<\/i>. Madrid: Revista de Occidente, 1935.<\/li>\n<li>\u00abUnamuno und das Problem Spaniens\u00bb.\u00a0<i>Geist der Zeit<\/i>, Berlin 1938.<\/li>\n<li>\u00abDonoso Cort\u00e9s als Deuter seiner Zeit\u00bb.\u00a0<i>Geis der Zeit<\/i>, Berlin, 1940.<\/li>\n<li>\u00abDas Dekadenzproblem im nationalen Denken Spaniens um die Jahrhundertwende\u00bb.\u00a0<i>Geist der Zeit<\/i>, Berlin 1941.<\/li>\n<li>\u00abLa figura de Don Quijote y el donquijotismo en el pensamiento de Miguel de Unamuno\u00bb.\u00a0<i>Romanische Forschungen<\/i>\u00a0(Hamburgo), vol.. 57, 2\/3, 1943.<\/li>\n<li>\u00abJ. Burckhardt y el problema de las crisis hist\u00f3ricas\u00bb, Ap\u00e9ndice a J. Burckhardt,\u00a0<i>Sobre las crisis en la historia<\/i>. Madrid: Nueva \u00c9poca, 1946.<\/li>\n<li>\u00abIntroducci\u00f3n\u00bb a G. Berkeley,\u00a0<i>Ensayo sobre una nueva teor\u00eda de la visi\u00f3n y Tratado sobre los principios del conocimiento humano<\/i>. Buenos Aires: Espasa-Calpe, 1948.<\/li>\n<li>\u00abEl positivismo en la Filosof\u00eda del Derecho contempor\u00e1nea\u00bb (Primera parte),\u00a0<i>Revista de Estudios Pol\u00edticos<\/i>, n. 51, 1950\u00a0<a class=\"external text\" href=\"http:\/\/revistas.cepc.es\/getData.ashx?MAVqs=~aWQ9NzQ3MSZpZGU9MTAzNyZ1cmw9MyZuYW1lPVJFUF8wNTFfMDM2LnBkZiZmaWxlPVJFUF8wNTFfMDM2LnBkZiZ0YWJsYT1BcnRpY3VsbyZjb250ZW50PWFwcGxpY2F0aW9uL3BkZg==\" rel=\"nofollow\" target=\"_blank\" rel=\"noopener\">(Descargar en formato PDF)<\/a>.<\/li>\n<li>\u00abEl positivismo en la Filosof\u00eda del Derecho contempor\u00e1nea\u00bb (Conclusi\u00f3n),\u00a0<i>Revista de Estudios Pol\u00edticos<\/i>, n. 52, 1950\u00a0<a class=\"external text\" href=\"http:\/\/revistas.cepc.es\/getData.ashx?MAVqs=~aWQ9NzQ4NSZpZGU9MTAzNyZ1cmw9MyZuYW1lPVJFUF8wNTJfMDE2LnBkZiZmaWxlPVJFUF8wNTJfMDE2LnBkZiZ0YWJsYT1BcnRpY3VsbyZjb250ZW50PWFwcGxpY2F0aW9uL3BkZg==\" rel=\"nofollow\" target=\"_blank\" rel=\"noopener\">(Descargar en formato PDF)<\/a>.<\/li>\n<li>\u00abEstudio preliminar\u00bb a J. Austin,\u00a0<i>Sobre la utilidad del estudio de la jurisprudencia<\/i>. Madrid: Instituto de Estudios Pol\u00edticos, 1951.<\/li>\n<li>\u00abIntroducci\u00f3n\u00bb a F. Nietzsche,\u00a0<i>Correspondencia<\/i>. Madrid: Aguilar, 1951.<\/li>\n<li>\u00abIntroducci\u00f3n\u00bb a I. Kant,\u00a0<i>Introducci\u00f3n a la teor\u00eda del Derecho<\/i>. Madrid: Instituto de Estudios Pol\u00edticos, 1954.<\/li>\n<li>\u00abIntroducci\u00f3n\u00bb a J. J. Bachofen,\u00a0<i>El Derecho natural y el Derecho hist\u00f3rico<\/i>. Madrid: Instituto de Estudios Pol\u00edticos, 1955.<\/li>\n<li>\u00abSobre los or\u00edgenes y supuestos del formalismo en el pensamiento jur\u00eddico contempor\u00e1neo\u00bb.\u00a0<i>Anuario de Filosof\u00eda del Derecho<\/i>(Madrid), t. VIII, 1961.<\/li>\n<li>\u00abSobre el positivismo jur\u00eddico\u00bb. En:\u00a0<i>Homenaje al profesor Gim\u00e9nez Fern\u00e1ndez<\/i>. Sevilla: Publicaciones de la Facultad de Derecho de la Universidad, vol. II, 1967.<\/li>\n<li>\u00abLa Filosof\u00eda del Derecho como concepto hist\u00f3rico\u00bb.\u00a0<i>Anuario de Filosof\u00eda del Derecho<\/i>, t. XIV, 1969.<\/li>\n<li>\u00abLa teor\u00eda del Derecho y el problema del m\u00e9todo jur\u00eddico en Otto von Gierke\u00bb.\u00a0<i>Anuario de Filosof\u00eda del Derecho<\/i>, t. XVI, 1971.<\/li>\n<li>\u00abLa Filosof\u00eda del Derecho de Ludwig Knapp\u00bb. En:\u00a0<i>Estudios en honor del profesor Jos\u00e9 Corts Grau<\/i>. Valencia: Universidad, Secretariado de Publicaciones, 1977.<\/li>\n<li>\u00abErnst Bloch y el Derecho natural\u00bb.\u00a0<i>Sistema: Revista de Ciencias Sociales<\/i>, 27, 1978.<\/li>\n<li>\u00abLa Escuela hist\u00f3rica del Derecho\u00bb.\u00a0<i>Anales de la C\u00e1tedra Francisco Su\u00e1rez<\/i>. (Granada), 18-19, 1978\/79.<\/li>\n<li>\u00abLa obediencia al Derecho\u00bb. En:\u00a0<i>Estudios de Filosof\u00eda del Derecho<\/i>. La Laguna: Universidad, Secretariado de Publicaciones, 1980. (Reeditado en\u00a0<i>Estudios de Filosof\u00eda del Derecho y Ciencia Jur\u00eddica en memoria y homenaje al catedr\u00e1tico Luis Legaz y Lacambra (1906-1980)<\/i>\u00a0. Madrid: Centro de Estudios Constitucionales, Facultad de Derecho de la Universidad Complutense, 1983.)<\/li>\n<li>\u00abDel Derecho natural al positivismo jur\u00eddico\u00bb.\u00a0<i>Anales de la Universidad de La Laguna<\/i>, t. IX, 1981-1982.<\/li>\n<li><a class=\"external text\" href=\"http:\/\/www.elpais.com\/articulo\/sociedad\/MARX\/_KARL\/Karl\/Marx\/divorcio\/elpepisoc\/19801123elpepisoc_4\/Tes\" rel=\"nofollow\" target=\"_blank\" rel=\"noopener\">\u00abKarl Marx sobre el divorcio\u00bb.\u00a0<i>El Pa\u00eds<\/i>, 23 de noviembre, 1979.<\/a><\/li>\n<li>\u00abFilosof\u00eda y revoluci\u00f3n en los primeros escritos de Marx\u00bb.\u00a0<i>Sistema: revista de Ciencias Sociales<\/i>, 40, 1981.<\/li>\n<li>\u00abLa cr\u00edtica de Marx a la Escuela Hist\u00f3rica\u00bb.\u00a0<i>Sistema: revista de Ciencias Sociales<\/i>, 43\/44, 1981.<\/li>\n<li>\u00abEl darwinismo social: espectro de una ideolog\u00eda\u00bb.\u00a0<i>Anuario de Filosof\u00eda del Derecho<\/i>, I, 1984 (Tambi\u00e9n en: M. Hormig\u00f3n Bl\u00e1nquez (coord.),\u00a0<i>Actas II Congreso de la Sociedad Espa\u00f1ola de Historia de las Ciencias<\/i>, 1984)\u00a0<a class=\"external text\" href=\"http:\/\/dialnet.unirioja.es\/servlet\/fichero_articulo?codigo=587108&amp;orden=0\" rel=\"nofollow\" target=\"_blank\" rel=\"noopener\">(Descargar en formato PDF)<\/a>.<\/li>\n<li>\u00abLorenz von Stein: una teor\u00eda reaccionaria de la revoluci\u00f3n\u00bb.\u00a0<i>Sistema: revista de Ciencias Sociales<\/i>, 63,1984.<\/li>\n<li>\u00abLa obediencia al Derecho: una anticr\u00edtica\u00bb.\u00a0<i>Sistema: revista de Ciencias Sociales<\/i>, 65, 1985.<\/li>\n<li><a class=\"external text\" href=\"http:\/\/www.cervantesvirtual.com\/servlet\/SirveObras\/01474174522381695209079\/cuaderno2\/numero2_3.pdf\" rel=\"nofollow\" target=\"_blank\" rel=\"noopener\">\u00abSobre el neokantismo l\u00f3gico-jur\u00eddico\u00bb.\u00a0<i>Doxa: cuadernos de Filosof\u00eda del Derecho<\/i>, 2, 1985.<\/a><\/li>\n<li>\u00abEl neokantismo jur\u00eddico-axiol\u00f3gico\u00bb.\u00a0<i>Anuario de Filosof\u00eda del Derecho<\/i>, t. III, 1986.<\/li>\n<li>\u00abRudolf von Ihering y el problema del m\u00e9todo jur\u00eddico\u00bb.\u00a0<i>Anuario de Filosof\u00eda del Derecho<\/i>, t. IV, 1987.<\/li>\n<li>\u00abLudwig Feuerbach y los or\u00edgenes filos\u00f3ficos del marxismo\u00bb.\u00a0<i>Sistema: revista de Ciencias Sociales<\/i>, 76, 1987.<\/li>\n<li>\u00abObediencia y desobediencia al derecho: unas \u00faltimas reflexiones\u00bb.\u00a0<i>Sistema: revista de Ciencias Sociales<\/i>, 88, 1989.<\/li>\n<li>\u00abPierre Bayle y la ideolog\u00eda de la Revoluci\u00f3n\u00bb.\u00a0<i>Anuario de Filosof\u00eda del Derecho<\/i>, t. VI, 1989.<\/li>\n<li>\u00abEl derecho de resistencia en Kant\u00bb. En: Muguerza, J., Rodr\u00edguez Aramayo, R. (eds.).\u00a0<i>Kant despu\u00e9s de Kant<\/i>. Madrid: Tecnos, 1989.<\/li>\n<li>\u00abDie Freirechtsbewegung: eine methodologische Betrachtung\u00bb. En: Garz\u00f3n Vald\u00e9s, E. (Hrsg.).\u00a0<i>Spanische Studien zur Rechtstheorie und Rechtsphilosophie<\/i>. Berlin: Duncker &amp; Humblot, 1990.<\/li>\n<li>\u00abLos usos sociales: un ensayo de sociolog\u00eda descriptiva\u00bb.<i>Anuario de filosof\u00eda del derecho<\/i>, vol. 8, 1991.<\/li>\n<\/ul>\n<\/div>\n<\/div>\n<\/div>\n<p>[\/vc_column_text][\/vc_tta_section][vc_tta_section title=\u00bbRecensiones\u00bb tab_id=\u00bb1612189984889-9a2bce48-6d9b\u00bb][vc_column_text]<\/p>\n<div id=\"1559907637844-043f9c19-1f1a\" class=\"vc_tta-panel vc_active\" data-vc-content=\".vc_tta-panel-body\">\n<div class=\"vc_tta-panel-heading\">\n<h4 class=\"vc_tta-panel-title vc_tta-controls-icon-position-left\"><span class=\"vc_tta-title-text\">Recensiones<\/span><i class=\"vc_tta-controls-icon vc_tta-controls-icon-plus\"><\/i><\/h4>\n<\/div>\n<div class=\"vc_tta-panel-body\">\n<div class=\"wpb_text_column wpb_content_element \">\n<div class=\"wpb_wrapper\">\n<ul>\n<li>Krauss, W.\u00a0<i>Corneille als politischer Dichter<\/i>\u00a0(Marburger Beitr\u00e4ge zur Romanischen Philologie, Heft 16). Marburg Lahn: Adolf Ebel, 1936. En:\u00a0<i>Archives de Philosophie du Droit et de Sociologie Juridique<\/i>\u00a0(Paris), 3-4, 1937.<\/li>\n<li>Schwinge E., Zimmerl, L.\u00a0<i>Wessensschau und konkretes Ordnungsdenken im Strafrecht<\/i>. Bonn: Ludwig R\u00f6hrscheid, 1937. En:<i>Archives de Philosophie du Droit et de Sociologie Juridique<\/i>, 3-4, 1937.<\/li>\n<li>Hellweg, M.\u00a0<i>Der Begriff des Gewissens bei Jean-Jacques Rousseau. Beitr\u00e4ge zur einer Kritik der politischen Demokratie<\/i>(Marburger Beitr\u00e4ge zur Romanischen Philologie, Heft 20, ). Marburg Lahn: Adolf Ebel, 1936. En:\u00a0<i>Archives de Philosophie du Droit et de Sociologie Juridique<\/i>, 3-4, 1937.<\/li>\n<li>Kleinhappl, J.\u00a0<i>Der Staat bei Ludwig Molina<\/i>\u00a0(Philosophie und Grenzwissenchaften). Innsbruck: Rauch, 1935. En:\u00a0<i>Archives de Philosophie du Droit et de Sociologie Juridique<\/i>, 3-4, 1937.<\/li>\n<li>Cabral de Moncada, L.\u00a0<i>Subsidios para uma historia da Filosofia do Direito em Portugal (1772-1911)<\/i>\u00a0. Coimbra: Coimbra Editora, 1938. En:\u00a0<i>Archiv f\u00fcr Rechts und Sozialphilosophie<\/i>\u00a0(Berlin), bd. XXXIV, 1940.<\/li>\n<li>Rea Spell, J.\u00a0<i>Rousseau in the Spanish World before 1833: a study in Franco-Spanish literary relations<\/i>. Austin: University of Texas Press, 1938. En:\u00a0<i>Deutsche Literaturzeitung<\/i>\u00a0(Berlin), 62, Jahrgang, 17\/18, 27. April, 1941.<\/li>\n<li>Vossler, K.\u00a0<i>Aus der romanischen Welt<\/i>. Leipzig: Koheler &amp; Amelang, 1940-1942, 4 vol. En:\u00a0<i>Revista de Filolog\u00eda Espa\u00f1ola<\/i>, t. XXVI, 1942.<\/li>\n<li>Stoyer, J., Berger, W.\u00a0<i>El genio hisp\u00e1nico. Neuzeitliches Spanisches Lesebuch<\/i>. Leipzig: Otto Holtzes Nachf., 1941. En:<i>Literaturblatt f\u00fcr germanische und romanische Philologie<\/i>\u00a0(Leipzig), 1-2, 1943.<\/li>\n<li>Westermeyer, D.\u00a0<i>Donoso Cort\u00e9s, Staatsmann und Theologe:eine Untersuchung seines Einsatzes der Theologie in die Politik.<\/i>M\u00fcnster: Regenbergsche Verlagsbuchhandlung, 1940. En:\u00a0<i>Literaturblatt f\u00fcr germanische und romanische Philologie<\/i>, 1-2, 1943.<\/li>\n<li>Pastor, J. F., Geers, G. J.\u00a0<i>Una antolog\u00eda de la poes\u00eda moderna espa\u00f1ola desde Rub\u00e9n Dar\u00edo hasta Rafael Alberti con ejemplos de explicaci\u00f3n literaria<\/i>. Amsterdam: J. M. Meulenhoff. En:\u00a0<i>Literaturblatt f\u00fcr germanische und romanische Philologie<\/i>, 1-2, 1943.<\/li>\n<li>Savigny, Kirchmann, Zitelmann, Kantorowicz.\u00a0<i>La ciencia del Derecho<\/i>. Buenos Aires: Losada, 1949. En:\u00a0<i>Revista de Estudios Pol\u00edticos<\/i>, vol. XXXII, 1950.<\/li>\n<li>Austin, J.\u00a0<i>The province of jurisprudence determined and the uses of the study of jurisprudence<\/i>, London: Weidenfeld and Nicolson, 1954. En:\u00a0<i>Revista de Estudios Pol\u00edticos<\/i>, 89, 1956.<\/li>\n<li>Muguerza, J., Rodr\u00edguez Aramayo, R. (eds.).\u00a0<i>Kant despu\u00e9s de Kant:en el bicentenario de la Cr\u00edtica de la raz\u00f3n pr\u00e1ctica<\/i>. Madrid: Tecnos, 1989. En:\u00a0<i>Sistema: revista de Ciencias Sociales<\/i>, 97, 1990.<\/li>\n<\/ul>\n<div id=\"1559907637858-c4369408-0f41\" class=\"vc_tta-panel vc_active\" data-vc-content=\".vc_tta-panel-body\">\n<div class=\"vc_tta-panel-heading\"><\/div>\n<div class=\"vc_tta-panel-body\">\n<div class=\"wpb_text_column wpb_content_element \">\n<div class=\"wpb_wrapper\">\n<div id=\"1559907837793-22b49220-be5d\" class=\"vc_tta-panel vc_active\" data-vc-content=\".vc_tta-panel-body\">\n<div class=\"vc_tta-panel-body\">\n<div class=\"wpb_text_column wpb_content_element \">\n<div class=\"wpb_wrapper\"><\/div>\n<\/div>\n<\/div>\n<\/div>\n<\/div>\n<\/div>\n<\/div>\n<\/div>\n<\/div>\n<\/div>\n<\/div>\n<\/div>\n<p>[\/vc_column_text][\/vc_tta_section][vc_tta_section title=\u00bbEntrevistas\u00bb tab_id=\u00bb1612190033450-1a9ef8eb-1057&#8243;][vc_column_text]<\/p>\n<ul>\n<li>Entrevista a Gonz\u00e1lez Vic\u00e9n\u00bb, realizada por R. Arbona,\u00a0<i>Liminar<\/i>, vol. 1, 1979.<\/li>\n<li><a class=\"external text\" href=\"http:\/\/www.cervantesvirtual.com\/servlet\/SirveObras\/doxa\/02406177433793617422202\/cuaderno3\/numero3_21.pdf\" rel=\"nofollow\" target=\"_blank\" rel=\"noopener\">\u00abEntrevista con Gonz\u00e1lez Vic\u00e9n\u00bb<\/a>, realizada por M. Atienza y J. Ruiz Manero.\u00a0<i>Doxa: cuadernos de Filosof\u00eda del Derecho<\/i>, vol. 3, 1986.<\/li>\n<\/ul>\n<p>[\/vc_column_text][\/vc_tta_section][vc_tta_section title=\u00bbCorrespondencia\u00bb tab_id=\u00bb1612190052285-b965f080-12fc\u00bb][vc_column_text]<\/p>\n<div class=\"vc_tta-panel-body\">\n<div class=\"wpb_text_column wpb_content_element \">\n<div class=\"wpb_wrapper\">\n<ul>\n<li>Correspondencia entre W. Krauss y F. Gonz\u00e1lez Vic\u00e9n, en: W. Krauss,\u00a0<i>Briefe 1922 bis 1976<\/i>, ed. P. Jehle, Frankfurt\/M., Vittorio Klostermann, 2002.<\/li>\n<li>Cartas de H.-G. Gadamer, M. Kommerell y K. Vossler a Felipe Gonz\u00e1lez Vic\u00e9n, en: \u00abAp\u00e9ndice documental\u00bb publicado en F. Gonz\u00e1lez Vic\u00e9n,\u00a0<i>Escritos (1931-1949). Con ocasi\u00f3n de su centenario<\/i>. La Laguna: Secretariado de Publicaciones, 2009.<\/li>\n<\/ul>\n<\/div>\n<\/div>\n<\/div>\n<p>[\/vc_column_text][\/vc_tta_section][vc_tta_section title=\u00bbTraducciones\u00bb tab_id=\u00bb1612190075987-c71bbdfb-2c97&#8243;][vc_column_text]<\/p>\n<div id=\"main_content\" class=\"ull-body-copy\">\n<div class=\"vc_row wpb_row vc_row-fluid\">\n<div class=\"wpb_column vc_column_container vc_col-sm-12\">\n<div class=\"vc_column-inner\">\n<div class=\"wpb_wrapper\">\n<div class=\"vc_tta-container\" data-vc-action=\"collapse\">\n<div class=\"vc_general vc_tta vc_tta-accordion vc_tta-color-grey vc_tta-style-classic vc_tta-shape-rounded vc_tta-o-shape-group vc_tta-controls-align-left\">\n<div class=\"vc_tta-panels-container\">\n<div class=\"vc_tta-panels\">\n<div id=\"1559907637844-043f9c19-1f1a\" class=\"vc_tta-panel vc_active\" data-vc-content=\".vc_tta-panel-body\">\n<div class=\"vc_tta-panel-body\">\n<div class=\"wpb_text_column wpb_content_element \">\n<div class=\"wpb_wrapper\">\n<div id=\"divContent\">\n<div id=\"divCategory\">\n<ul>\n<li>Hegel, G.W.F.\u00a0<i>L\u00edneas fundamentales de la Filosof\u00eda del Derecho<\/i>. Madrid: Revista de Occidente, 1935.<\/li>\n<li>Vossler, K. \u00abLa ilustraci\u00f3n medieval en Espa\u00f1a y su trascendencia Europea\u00bb.\u00a0<i>Investigaci\u00f3n y Progreso<\/i>, t. XV, 1944.<\/li>\n<li>Vossler, K.\u00a0<i>Introducci\u00f3n a la literatura del Siglo de Oro: seis lecciones<\/i>. Buenos Aires: Espasa-Calpe, 1945.<\/li>\n<li>Guardini, R.\u00a0<i>La esencia del cristianismo<\/i>. Madrid: Nueva \u00c9poca, 1945.<\/li>\n<li>Freyer, H.\u00a0<i>Introducci\u00f3n a la sociolog\u00eda<\/i>. Madrid: Nueva \u00c9poca, 1945.<\/li>\n<li>Rassow, P.\u00a0<i>El mundo pol\u00edtico de Carlos V<\/i>. Madrid: Afrodisio Aguado, 1945.<\/li>\n<li>Vossler, K.\u00a0<i>Estampas del mundo rom\u00e1nico<\/i>. Buenos Aires: Espasa-Calpe, 1946.<\/li>\n<li>Vossler, K.\u00a0<i>Jean Racine<\/i>. Buenos Aires: Espasa-Calpe, 1946.<\/li>\n<li>Konetzke, R.\u00a0<i>El imperio espa\u00f1ol: or\u00edgenes y fundamentos<\/i>. Madrid: Nueva \u00c9poca, 1946.<\/li>\n<li>Burckhardt, J.\u00a0<i>Sobre la crisis en la historia<\/i>. Madrid: Nueva \u00c9poca, 1946.<\/li>\n<li>Vossler, K.\u00a0<i>La Fontaine y sus f\u00e1bulas.<\/i>\u00a0Buenos Aires: Espasa-Calpe, 1947.<\/li>\n<li>Guicciardini, F.\u00a0<i>De la vida pol\u00edtica y civil<\/i>. Buenos Aires: Espasa-Calpe, 1947.<\/li>\n<li>Berkeley, G.\u00a0<i>Ensayo sobre una nueva teor\u00eda de la visi\u00f3n y Tratado sobre los principios del conocimiento humano<\/i>. Buenos Aires: Espasa-Calpe, 1948.<\/li>\n<li>Vico, G. B.\u00a0<i>Autobiograf\u00eda<\/i>. Buenos Aires: Espasa-Calpe, 1948.<\/li>\n<li>Kleist, H. V.\u00a0<i>Michael Kolhass<\/i>, Buenos Aires: Espasa-Calpe, 1948.<\/li>\n<li>Austin, J.\u00a0<i>Sobre la utilidad del estudio de la Jurisprudencia<\/i>. Madrid: Instituto de Estudios Pol\u00edticos, 1951.<\/li>\n<li>Nietzsche, F.\u00a0<i>Correspondencia<\/i>. Madrid: Aguilar, 1951.<\/li>\n<li>Kant, I.\u00a0<i>Introducci\u00f3n a la teor\u00eda del Derecho<\/i>. Madrid: Instituto de Estudios Pol\u00edticos, 1954.<\/li>\n<li>Nietzsche, F.\u00a0<i>La cultura de los griegos<\/i>. Madrid: Aguilar, 1954.<\/li>\n<li>Bachofen, J. J.\u00a0<i>El Derecho natural y el Derecho hist\u00f3rico<\/i>. Madrid: Instituto de Estudios Pol\u00edticos, 1955.<\/li>\n<li>Welzel, H.\u00a0<i>Derecho natural y justicia material: preliminares para una Filosof\u00eda del Derecho<\/i>. Madrid: Aguilar, 1957.<\/li>\n<li>Meinecke, F.\u00a0<i>La idea de raz\u00f3n de estado en la Edad Moderna<\/i>. Madrid: Instituto de Estudios Pol\u00edticos, 1959.<\/li>\n<li>Hauser, A.\u00a0<i>Introducci\u00f3n a la historia del arte<\/i>. Madrid: Guadarrama, 1961.<\/li>\n<li>Aster, E. v.\u00a0<i>Introducci\u00f3n a la filosof\u00eda contempor\u00e1nea<\/i>. Madrid: Guadarrama, 1961.<\/li>\n<li>Guardini, R<em>.\u00a0Mundo y persona: ensayos para una teor\u00eda cristiana del hombre. <\/em>Madrid: Guadarrama, 1963.<\/li>\n<li>Hauser, A.\u00a0<i>El Manierismo: la crisis del Renacimiento y los or\u00edgenes del arte moderno<\/i>. Madrid: Guadarrama, 1968.<\/li>\n<li>Nietzsche, F.\u00a0<i>Estudios sobre Grecia<\/i>, traducci\u00f3n conjunta con Eduardo Ovejero y Maury. Madrid: Aguilar. 1968.<\/li>\n<li>Cublier, A.\u00a0<i>Indira Gandhi<\/i>. Madrid: Guadarrama, 1970.<\/li>\n<li>Bloch, E.\u00a0<i>El principio esperanza<\/i>. Madrid: Aguilar. 3 vol., 1977\/80.<\/li>\n<li>Bloch, E.,\u00a0<i>Derecho natural y dignidad humana<\/i>. Madrid: Aguilar, 1979.<\/li>\n<li>Knauss, B.\u00a0<i>La polis: individuo y estado en la Grecia antigua<\/i>. Madrid: Aguilar, 1979.<\/li>\n<li>Lieber, H.-J.\u00a0<i>Saber y sociedad: los problemas de la sociolog\u00eda del saber<\/i>. Madrid: Aguilar, 1981.<\/li>\n<\/ul>\n<\/div>\n<\/div>\n<\/div>\n<\/div>\n<\/div>\n<\/div>\n<\/div>\n<\/div>\n<\/div>\n<\/div>\n<\/div>\n<\/div>\n<\/div>\n<\/div>\n<\/div>\n<p>[\/vc_column_text][\/vc_tta_section][\/vc_tta_accordion][vc_empty_space][vc_separator color=\u00bbcustom\u00bb accent_color=\u00bb#8e8e8e\u00bb][\/vc_column][\/vc_row]<\/p>\n","protected":false},"excerpt":{"rendered":"<p>[vc_row][vc_column width=\u00bb1\/4&#8243;][vc_empty_space][vc_custom_heading text=\u00bbFelipe Gonz\u00e1lez Vic\u00e9n\u00bb font_container=\u00bbtag:h1|font_size:3em|text_align:left|color:%23020202|line_height:100%25&#8243; google_fonts=\u00bbfont_family:Playfair%20Display%3Aregular%2Citalic%2C700%2C700italic%2C900%2C900italic|font_style:700%20bold%20italic%3A700%3Aitalic\u00bb][vc_empty_space][\/vc_column][vc_column width=\u00bb3\/4&#8243;][\/vc_column][\/vc_row][vc_row][vc_column width=\u00bb1\/4&#8243;][vc_separator color=\u00bbcustom\u00bb accent_color=\u00bb#8e8e8e\u00bb][vc_empty_space][vc_custom_heading source=\u00bbpost_title\u00bb font_container=\u00bbtag:h2|text_align:left|color:%23020202&#8243; google_fonts=\u00bbfont_family:Playfair%20Display%3Aregular%2Citalic%2C700%2C700italic%2C900%2C900italic|font_style:400%20italic%3A400%3Aitalic\u00bb][\/vc_column][vc_column width=\u00bb3\/4&#8243;][vc_separator color=\u00bbcustom\u00bb accent_color=\u00bb#8e8e8e\u00bb][vc_tta_accordion active_section=\u00bb\u00bb no_fill=\u00bbtrue\u00bb collapsible_all=\u00bbtrue\u00bb][vc_tta_section title=\u00bbMonograf\u00edas\u00bb tab_id=\u00bb1612189901842-27912671-a668&#8243;][vc_column_text] Teor\u00eda de la revoluci\u00f3n: Sistema e historia.\u00a0Valladolid: Allen, 1932. (Reedici\u00f3n a cargo de E. Fern\u00e1ndez, Madrid, Plaza y Vald\u00e9s, 2010.) Deutsche und spanische Rechtsphilosophie der Gegenwart.\u00a0T\u00fcbingen: J.C.B. Mohr, 1937. El positivismo en la&#8230;<\/p>\n","protected":false},"author":14,"featured_media":0,"parent":0,"menu_order":0,"comment_status":"closed","ping_status":"closed","template":"templates\/template-no-title.php","meta":{"footnotes":""},"class_list":["post-106","page","type-page","status-publish","hentry"],"_links":{"self":[{"href":"https:\/\/www.ull.es\/eventos\/gonzalezvicen\/wp-json\/wp\/v2\/pages\/106"}],"collection":[{"href":"https:\/\/www.ull.es\/eventos\/gonzalezvicen\/wp-json\/wp\/v2\/pages"}],"about":[{"href":"https:\/\/www.ull.es\/eventos\/gonzalezvicen\/wp-json\/wp\/v2\/types\/page"}],"author":[{"embeddable":true,"href":"https:\/\/www.ull.es\/eventos\/gonzalezvicen\/wp-json\/wp\/v2\/users\/14"}],"replies":[{"embeddable":true,"href":"https:\/\/www.ull.es\/eventos\/gonzalezvicen\/wp-json\/wp\/v2\/comments?post=106"}],"version-history":[{"count":27,"href":"https:\/\/www.ull.es\/eventos\/gonzalezvicen\/wp-json\/wp\/v2\/pages\/106\/revisions"}],"predecessor-version":[{"id":310,"href":"https:\/\/www.ull.es\/eventos\/gonzalezvicen\/wp-json\/wp\/v2\/pages\/106\/revisions\/310"}],"wp:attachment":[{"href":"https:\/\/www.ull.es\/eventos\/gonzalezvicen\/wp-json\/wp\/v2\/media?parent=106"}],"curies":[{"name":"wp","href":"https:\/\/api.w.org\/{rel}","templated":true}]}}