{"id":16,"date":"2020-03-17T12:38:05","date_gmt":"2020-03-17T12:38:05","guid":{"rendered":"http:\/\/www.ull.es\/eventos\/gonzalezvicen\/?page_id=16"},"modified":"2023-02-16T10:12:23","modified_gmt":"2023-02-16T10:12:23","slug":"presentacion","status":"publish","type":"page","link":"https:\/\/www.ull.es\/eventos\/gonzalezvicen\/","title":{"rendered":"Presentaci\u00f3n"},"content":{"rendered":"<p>[vc_row equal_height=\u00bbyes\u00bb content_placement=\u00bbbottom\u00bb css=\u00bb.vc_custom_1618472651893{background-position: center !important;background-repeat: no-repeat !important;background-size: cover !important;}\u00bb][vc_column width=\u00bb1\/4&#8243;][vc_empty_space][vc_custom_heading text=\u00bbFelipe Gonz\u00e1lez Vic\u00e9n\u00bb font_container=\u00bbtag:h1|font_size:3em|text_align:left|color:%23020202|line_height:100%25&#8243; google_fonts=\u00bbfont_family:Playfair%20Display%3Aregular%2Citalic%2C700%2C700italic%2C900%2C900italic|font_style:700%20bold%20italic%3A700%3Aitalic\u00bb][vc_raw_html]JTNDcCUyMGNsYXNzJTNEJTIybGVnYWRvLWRvcyUyMiUzRVNhbnRhbmRlciUyQyUyMDE5MDglMjAtJTIwVGVuZXJpZmUlMkMlMjAxOTkxJTNDJTJGc21hbGwlM0UlM0MlMkZwJTNF[\/vc_raw_html][\/vc_column][vc_column width=\u00bb3\/4&#8243;][vc_single_image image=\u00bb244&#8243; img_size=\u00bbfull\u00bb css_animation=\u00bbfadeIn\u00bb el_class=\u00bbcabecera\u00bb][\/vc_column][\/vc_row][vc_row][vc_column width=\u00bb1\/4&#8243;][vc_separator color=\u00bbcustom\u00bb accent_color=\u00bb#8e8e8e\u00bb][\/vc_column][vc_column width=\u00bb3\/4&#8243;][vc_separator color=\u00bbcustom\u00bb accent_color=\u00bb#8e8e8e\u00bb][\/vc_column][\/vc_row][vc_row gap=\u00bb30&#8243; content_placement=\u00bbtop\u00bb][vc_column width=\u00bb1\/4&#8243;][vc_btn title=\u00bbFicha de descripci\u00f3n\u00bb style=\u00bboutline-custom\u00bb outline_custom_color=\u00bb#666666&#8243; outline_custom_hover_background=\u00bb#383838&#8243; outline_custom_hover_text=\u00bb#ffffff\u00bb size=\u00bbsm\u00bb i_icon_fontawesome=\u00bbfar fa-address-card\u00bb add_icon=\u00bbtrue\u00bb link=\u00bburl:https%3A%2F%2Fdocs.google.com%2Fdocument%2Fd%2F1-ptly4gliYY3qqWH7sTyFaM_aOiLBXsvkO0EhyTnvlI%2Fedit%3Fusp%3Dsharing|target:_blank\u00bb][vc_empty_space][\/vc_column][vc_column width=\u00bb3\/4&#8243;][vc_column_text]<\/p>\n<p style=\"padding-left: 120px\">\u00abLa cultura de un pa\u00eds no se mide por los destellos fulgurantes de algunas personalidades geniales, sino por la labor honesta y callada de grupos de estudiosos que [&#8230;] tratan de descubrir y fundamentar la verdad dentro de un \u00e1mbito determinado del saber\u00bb<\/p>\n<p style=\"padding-left: 120px\">Gonz\u00e1lez Vic\u00e9n, Palabras preliminares en <i>De Kant a Marx<\/i><\/p>\n<p>&nbsp;<\/p>\n<p>Felipe Gonz\u00e1lez Vic\u00e9n es considerado uno de los grandes maestros de la Filosof\u00eda del Derecho espa\u00f1ol. En 1946 es destinado a la Universidad de La Laguna, donde ejercer\u00e1\u00a0 como catedr\u00e1tico durante cuarenta y tres a\u00f1os. Destaca en su magisterio y por sus excelentes escritos y traducciones.<\/p>\n<p>A lo largo de una vida consagrada al trabajo intelectual, el profesor Gonz\u00e1lez Vic\u00e9n reuni\u00f3 una espl\u00e9ndida biblioteca y gener\u00f3 un archivo formado por documentos de trabajo, junto con otros de car\u00e1cter personal y familiar, de gran importancia para la reflexi\u00f3n filos\u00f3fica y jur\u00eddica, as\u00ed como para estudiosos interesados en conocer la obra del creador.[\/vc_column_text][vc_empty_space][\/vc_column][\/vc_row][vc_row gap=\u00bb30&#8243;][vc_column width=\u00bb1\/4&#8243;][vc_separator color=\u00bbcustom\u00bb accent_color=\u00bb#8e8e8e\u00bb][\/vc_column][vc_column width=\u00bb3\/4&#8243;][vc_separator color=\u00bbcustom\u00bb accent_color=\u00bb#8e8e8e\u00bb][\/vc_column][\/vc_row][vc_row gap=\u00bb30&#8243; content_placement=\u00bbtop\u00bb][vc_column width=\u00bb1\/4&#8243;][vc_btn title=\u00bbPortal de archivos personales\u00bb style=\u00bboutline-custom\u00bb outline_custom_color=\u00bb#666666&#8243; outline_custom_hover_background=\u00bb#383838&#8243; outline_custom_hover_text=\u00bb#ffffff\u00bb size=\u00bbxs\u00bb align=\u00bbleft\u00bb button_block=\u00bbtrue\u00bb link=\u00bburl:https%3A%2F%2Fwww.ull.es%2Fservicios%2Fbiblioteca%2Farchivos-personales%2F\u00bb][vc_btn title=\u00bbBiblioteca de la Universidad de La Laguna\u00bb style=\u00bboutline-custom\u00bb outline_custom_color=\u00bb#666666&#8243; outline_custom_hover_background=\u00bb#383838&#8243; outline_custom_hover_text=\u00bb#ffffff\u00bb size=\u00bbxs\u00bb align=\u00bbleft\u00bb button_block=\u00bbtrue\u00bb link=\u00bburl:https%3A%2F%2Fwww.ull.es%2Fservicios%2Fbiblioteca%2F\u00bb][\/vc_column][vc_column width=\u00bb3\/4&#8243;][vc_tta_tabs style=\u00bbmodern\u00bb shape=\u00bbsquare\u00bb spacing=\u00bb3&#8243; active_section=\u00bb0&#8243; no_fill_content_area=\u00bbtrue\u00bb][vc_tta_section title=\u00bbC\u00f3mo citar estos documentos\u00bb tab_id=\u00bb1618318806297-453b0e75-29f5&#8243;][vc_column_text]<span style=\"color: #3d3d3d\"><b>Cita\u00a0 del archivo completo<\/b><\/span><span style=\"color: #333333\"><br \/>\n<\/span><span style=\"color: #3d3d3d\">Biblioteca ULL. Archivo personal de\u00a0<\/span><span style=\"color: #333333\">Felipe Gonz\u00e1lez Vic\u00e9n<br \/>\n<\/span><span style=\"color: #3d3d3d\">Biblioteca ULL. AP FGV<\/span><\/p>\n<p><span style=\"color: #3d3d3d\"><b>Cita de un documento concreto<\/b><\/span><b><span style=\"color: #333333\"><br \/>\n<\/span><\/b><span style=\"color: #3d3d3d\">Biblioteca ULL.\u00a0<\/span><span style=\"color: #222222\">[Signatura del documento]<\/span><span style=\"color: #333333\"><br \/>\n<\/span><span style=\"color: #3d3d3d\">Ej.:\u00a0<\/span><span style=\"color: #222222\">Biblioteca ULL.\u00a0<\/span><span style=\"color: #3d3d3d\">FGV\u00a0 80\/1<\/span>[\/vc_column_text][\/vc_tta_section][vc_tta_section title=\u00bbLocalizaci\u00f3n\u00bb tab_id=\u00bb1618318806275-e9e734b7-9219&#8243;][vc_column_text]<span style=\"color: #3d3d3d\">Universidad de La Laguna<\/span><span style=\"color: #333333\"><br \/>\n<\/span><span style=\"color: #3d3d3d\">Biblioteca General y de Humanidades, planta 5\u00aa<\/span><span style=\"color: #333333\"><br \/>\n<\/span><span style=\"color: #3d3d3d\">Campus de Guajara s\/n<\/span><span style=\"color: #333333\"><br \/>\n<\/span><span style=\"color: #3d3d3d\">La Laguna (Tenerife)<\/span>[\/vc_column_text][\/vc_tta_section][vc_tta_section title=\u00bbDatos de contacto\u00bb tab_id=\u00bb1618318832595-5d7c9212-98ec\u00bb][vc_column_text]<span style=\"color: #3d3d3d\">Ana Guti\u00e9rrez<\/span><span style=\"color: #333333\"><br \/>\n<a href=\"mailto:agutiba@ull.edu.es\" target=\"_blank\" rel=\"noopener\">agutibar@ull.edu.es<\/a><\/span>[\/vc_column_text][\/vc_tta_section][\/vc_tta_tabs][\/vc_column][\/vc_row][vc_row][vc_column][vc_separator color=\u00bbcustom\u00bb accent_color=\u00bb#8e8e8e\u00bb][vc_empty_space][\/vc_column][\/vc_row]<\/p>\n","protected":false},"excerpt":{"rendered":"<p>[vc_row equal_height=\u00bbyes\u00bb content_placement=\u00bbbottom\u00bb css=\u00bb.vc_custom_1618472651893{background-position: center !important;background-repeat: no-repeat !important;background-size: cover !important;}\u00bb][vc_column width=\u00bb1\/4&#8243;][vc_empty_space][vc_custom_heading text=\u00bbFelipe Gonz\u00e1lez Vic\u00e9n\u00bb font_container=\u00bbtag:h1|font_size:3em|text_align:left|color:%23020202|line_height:100%25&#8243; google_fonts=\u00bbfont_family:Playfair%20Display%3Aregular%2Citalic%2C700%2C700italic%2C900%2C900italic|font_style:700%20bold%20italic%3A700%3Aitalic\u00bb][vc_raw_html]JTNDcCUyMGNsYXNzJTNEJTIybGVnYWRvLWRvcyUyMiUzRVNhbnRhbmRlciUyQyUyMDE5MDglMjAtJTIwVGVuZXJpZmUlMkMlMjAxOTkxJTNDJTJGc21hbGwlM0UlM0MlMkZwJTNF[\/vc_raw_html][\/vc_column][vc_column width=\u00bb3\/4&#8243;][vc_single_image image=\u00bb244&#8243; img_size=\u00bbfull\u00bb css_animation=\u00bbfadeIn\u00bb el_class=\u00bbcabecera\u00bb][\/vc_column][\/vc_row][vc_row][vc_column width=\u00bb1\/4&#8243;][vc_separator color=\u00bbcustom\u00bb accent_color=\u00bb#8e8e8e\u00bb][\/vc_column][vc_column width=\u00bb3\/4&#8243;][vc_separator color=\u00bbcustom\u00bb accent_color=\u00bb#8e8e8e\u00bb][\/vc_column][\/vc_row][vc_row gap=\u00bb30&#8243; content_placement=\u00bbtop\u00bb][vc_column width=\u00bb1\/4&#8243;][vc_btn title=\u00bbFicha de descripci\u00f3n\u00bb style=\u00bboutline-custom\u00bb outline_custom_color=\u00bb#666666&#8243; outline_custom_hover_background=\u00bb#383838&#8243; outline_custom_hover_text=\u00bb#ffffff\u00bb size=\u00bbsm\u00bb i_icon_fontawesome=\u00bbfar fa-address-card\u00bb add_icon=\u00bbtrue\u00bb link=\u00bburl:https%3A%2F%2Fdocs.google.com%2Fdocument%2Fd%2F1-ptly4gliYY3qqWH7sTyFaM_aOiLBXsvkO0EhyTnvlI%2Fedit%3Fusp%3Dsharing|target:_blank\u00bb][vc_empty_space][\/vc_column][vc_column width=\u00bb3\/4&#8243;][vc_column_text] \u00abLa cultura de un pa\u00eds no se mide por los destellos fulgurantes&#8230;<\/p>\n","protected":false},"author":14,"featured_media":0,"parent":0,"menu_order":0,"comment_status":"closed","ping_status":"closed","template":"templates\/template-no-title.php","meta":{"footnotes":""},"class_list":["post-16","page","type-page","status-publish","hentry"],"_links":{"self":[{"href":"https:\/\/www.ull.es\/eventos\/gonzalezvicen\/wp-json\/wp\/v2\/pages\/16"}],"collection":[{"href":"https:\/\/www.ull.es\/eventos\/gonzalezvicen\/wp-json\/wp\/v2\/pages"}],"about":[{"href":"https:\/\/www.ull.es\/eventos\/gonzalezvicen\/wp-json\/wp\/v2\/types\/page"}],"author":[{"embeddable":true,"href":"https:\/\/www.ull.es\/eventos\/gonzalezvicen\/wp-json\/wp\/v2\/users\/14"}],"replies":[{"embeddable":true,"href":"https:\/\/www.ull.es\/eventos\/gonzalezvicen\/wp-json\/wp\/v2\/comments?post=16"}],"version-history":[{"count":96,"href":"https:\/\/www.ull.es\/eventos\/gonzalezvicen\/wp-json\/wp\/v2\/pages\/16\/revisions"}],"predecessor-version":[{"id":352,"href":"https:\/\/www.ull.es\/eventos\/gonzalezvicen\/wp-json\/wp\/v2\/pages\/16\/revisions\/352"}],"wp:attachment":[{"href":"https:\/\/www.ull.es\/eventos\/gonzalezvicen\/wp-json\/wp\/v2\/media?parent=16"}],"curies":[{"name":"wp","href":"https:\/\/api.w.org\/{rel}","templated":true}]}}