{"id":256,"date":"2021-04-07T13:36:05","date_gmt":"2021-04-07T13:36:05","guid":{"rendered":"https:\/\/www.ull.es\/eventos\/gonzalezvicen\/?page_id=256"},"modified":"2021-04-23T08:07:12","modified_gmt":"2021-04-23T08:07:12","slug":"archivo","status":"publish","type":"page","link":"https:\/\/www.ull.es\/eventos\/gonzalezvicen\/archivo\/","title":{"rendered":"Archivo"},"content":{"rendered":"<p>[vc_row][vc_column width=\u00bb1\/4&#8243;][vc_empty_space][vc_custom_heading text=\u00bbFelipe Gonz\u00e1lez Vic\u00e9n\u00bb font_container=\u00bbtag:h1|font_size:3em|text_align:left|color:%23020202|line_height:100%25&#8243; google_fonts=\u00bbfont_family:Playfair%20Display%3Aregular%2Citalic%2C700%2C700italic%2C900%2C900italic|font_style:700%20bold%20italic%3A700%3Aitalic\u00bb][vc_empty_space][\/vc_column][vc_column width=\u00bb3\/4&#8243;][\/vc_column][\/vc_row][vc_row][vc_column width=\u00bb1\/4&#8243;][vc_separator color=\u00bbcustom\u00bb accent_color=\u00bb#8e8e8e\u00bb][vc_empty_space][vc_custom_heading text=\u00bbArchivo\u00bb font_container=\u00bbtag:h2|text_align:left|color:%23020202&#8243; google_fonts=\u00bbfont_family:Playfair%20Display%3Aregular%2Citalic%2C700%2C700italic%2C900%2C900italic|font_style:400%20italic%3A400%3Aitalic\u00bb][\/vc_column][vc_column width=\u00bb3\/4&#8243;][vc_separator color=\u00bbcustom\u00bb accent_color=\u00bb#8e8e8e\u00bb][vc_empty_space][vc_column_text]El archivo est\u00e1 formado por parte de la documentaci\u00f3n personal y profesional de Felipe Gonz\u00e1lez Vic\u00e9n. Contiene b\u00e1sicamente manuscritos y mecanografiados de obra propia, as\u00ed como correspondencia, documentaci\u00f3n profesional y familiar, recortes de prensa, fotograf\u00edas, etc. Incluye tambi\u00e9n una selecta biblioteca formada por 4300 monograf\u00edas y una hemeroteca de 109 t\u00edtulos de revistas.<\/p>\n<p>Se est\u00e1 trabajando en el procesamiento de este material para que se pueda acceder a las descripciones de cada serie desde el cat\u00e1logo de la biblioteca.<\/p>\n<p>El archivo est\u00e1 organizado en 9 series:<\/p>\n<ol>\n<li>Documentaci\u00f3n personal y familiar .<\/li>\n<li>Documentaci\u00f3n profesional .<\/li>\n<li>Obra de creaci\u00f3n.<\/li>\n<li>Correspondencia.<\/li>\n<li>Documentaci\u00f3n gr\u00e1fica.<\/li>\n<li>Recortes de prensa. &#8212;<\/li>\n<li>Obra ajena.<\/li>\n<li>Varia.<\/li>\n<li>Documentaci\u00f3n generada por el propio archivo.<\/li>\n<\/ol>\n<p><a href=\"http:\/\/absysnetweb.bbtk.ull.es\/cgi-bin\/abnetopac?TITN=480594\" target=\"_blank\" rel=\"noopener\" target=\"_blank\" rel=\"noopener\">Acceso al registro general del Archivo<\/a>[\/vc_column_text][vc_empty_space][vc_btn title=\u00bbInventario\u00bb style=\u00bboutline\u00bb color=\u00bbinverse\u00bb link=\u00bburl:https%3A%2F%2Fdrive.google.com%2Ffile%2Fd%2F10mh1HNELW6qkQ9iADxNDJP8TVStbxp1-%2Fview%3Fusp%3Dsharing\u00bb][vc_separator color=\u00bbcustom\u00bb accent_color=\u00bb#8e8e8e\u00bb][\/vc_column][\/vc_row]<\/p>\n","protected":false},"excerpt":{"rendered":"<p>[vc_row][vc_column width=\u00bb1\/4&#8243;][vc_empty_space][vc_custom_heading text=\u00bbFelipe Gonz\u00e1lez Vic\u00e9n\u00bb font_container=\u00bbtag:h1|font_size:3em|text_align:left|color:%23020202|line_height:100%25&#8243; google_fonts=\u00bbfont_family:Playfair%20Display%3Aregular%2Citalic%2C700%2C700italic%2C900%2C900italic|font_style:700%20bold%20italic%3A700%3Aitalic\u00bb][vc_empty_space][\/vc_column][vc_column width=\u00bb3\/4&#8243;][\/vc_column][\/vc_row][vc_row][vc_column width=\u00bb1\/4&#8243;][vc_separator color=\u00bbcustom\u00bb accent_color=\u00bb#8e8e8e\u00bb][vc_empty_space][vc_custom_heading text=\u00bbArchivo\u00bb font_container=\u00bbtag:h2|text_align:left|color:%23020202&#8243; google_fonts=\u00bbfont_family:Playfair%20Display%3Aregular%2Citalic%2C700%2C700italic%2C900%2C900italic|font_style:400%20italic%3A400%3Aitalic\u00bb][\/vc_column][vc_column width=\u00bb3\/4&#8243;][vc_separator color=\u00bbcustom\u00bb accent_color=\u00bb#8e8e8e\u00bb][vc_empty_space][vc_column_text]El archivo est\u00e1 formado por parte de la documentaci\u00f3n personal y profesional de Felipe Gonz\u00e1lez Vic\u00e9n. Contiene b\u00e1sicamente manuscritos y mecanografiados de obra propia, as\u00ed como correspondencia, documentaci\u00f3n profesional y familiar, recortes de prensa, fotograf\u00edas, etc. Incluye tambi\u00e9n una&#8230;<\/p>\n","protected":false},"author":14,"featured_media":0,"parent":0,"menu_order":0,"comment_status":"closed","ping_status":"closed","template":"templates\/template-no-title.php","meta":{"footnotes":""},"class_list":["post-256","page","type-page","status-publish","hentry"],"_links":{"self":[{"href":"https:\/\/www.ull.es\/eventos\/gonzalezvicen\/wp-json\/wp\/v2\/pages\/256"}],"collection":[{"href":"https:\/\/www.ull.es\/eventos\/gonzalezvicen\/wp-json\/wp\/v2\/pages"}],"about":[{"href":"https:\/\/www.ull.es\/eventos\/gonzalezvicen\/wp-json\/wp\/v2\/types\/page"}],"author":[{"embeddable":true,"href":"https:\/\/www.ull.es\/eventos\/gonzalezvicen\/wp-json\/wp\/v2\/users\/14"}],"replies":[{"embeddable":true,"href":"https:\/\/www.ull.es\/eventos\/gonzalezvicen\/wp-json\/wp\/v2\/comments?post=256"}],"version-history":[{"count":11,"href":"https:\/\/www.ull.es\/eventos\/gonzalezvicen\/wp-json\/wp\/v2\/pages\/256\/revisions"}],"predecessor-version":[{"id":338,"href":"https:\/\/www.ull.es\/eventos\/gonzalezvicen\/wp-json\/wp\/v2\/pages\/256\/revisions\/338"}],"wp:attachment":[{"href":"https:\/\/www.ull.es\/eventos\/gonzalezvicen\/wp-json\/wp\/v2\/media?parent=256"}],"curies":[{"name":"wp","href":"https:\/\/api.w.org\/{rel}","templated":true}]}}