{"id":261,"date":"2021-04-07T13:43:47","date_gmt":"2021-04-07T13:43:47","guid":{"rendered":"https:\/\/www.ull.es\/eventos\/gonzalezvicen\/?page_id=261"},"modified":"2021-04-29T07:53:48","modified_gmt":"2021-04-29T07:53:48","slug":"biblioteca","status":"publish","type":"page","link":"https:\/\/www.ull.es\/eventos\/gonzalezvicen\/biblioteca\/","title":{"rendered":"Biblioteca"},"content":{"rendered":"<p>[vc_row][vc_column width=\u00bb1\/4&#8243;][vc_empty_space][vc_custom_heading text=\u00bbFelipe Gonz\u00e1lez Vic\u00e9n\u00bb font_container=\u00bbtag:h1|font_size:3em|text_align:left|color:%23020202|line_height:100%25&#8243; google_fonts=\u00bbfont_family:Playfair%20Display%3Aregular%2Citalic%2C700%2C700italic%2C900%2C900italic|font_style:700%20bold%20italic%3A700%3Aitalic\u00bb][vc_empty_space][\/vc_column][vc_column width=\u00bb3\/4&#8243;][\/vc_column][\/vc_row][vc_row][vc_column width=\u00bb1\/4&#8243;][vc_separator color=\u00bbcustom\u00bb accent_color=\u00bb#8e8e8e\u00bb][vc_empty_space][vc_custom_heading text=\u00bbBiblioteca\u00bb font_container=\u00bbtag:h2|text_align:left|color:%23020202&#8243; google_fonts=\u00bbfont_family:Playfair%20Display%3Aregular%2Citalic%2C700%2C700italic%2C900%2C900italic|font_style:400%20italic%3A400%3Aitalic\u00bb][\/vc_column][vc_column width=\u00bb3\/4&#8243;][vc_separator color=\u00bbcustom\u00bb accent_color=\u00bb#8e8e8e\u00bb][vc_tta_accordion active_section=\u00bb0&#8243; no_fill=\u00bbtrue\u00bb collapsible_all=\u00bbtrue\u00bb][vc_tta_section title=\u00bbFondo Antiguo\u00bb tab_id=\u00bb1617802856951-9418eb41-d6be\u00bb][vc_column_text]<\/p>\n<div class=\"vc_tta-panel-body\">\n<div class=\"wpb_text_column wpb_content_element \">\n<div class=\"wpb_wrapper\">\n<div class=\"vc_row wpb_row vc_row-fluid\">\n<div class=\"wpb_column vc_column_container vc_col-sm-12\">\n<div class=\"vc_column-inner\">\n<div class=\"wpb_wrapper\">\n<div class=\"wpb_text_column wpb_content_element \">\n<div class=\"wpb_wrapper\">\n<p>Alojado en la Sala de Fondo Antiguo de la Biblioteca Universitaria, en la planta principal de la Biblioteca General y de Humanidades del Campus de Guajara.<\/p>\n<p>Consta de veintinueve obras en ochenta y cuatro vol\u00famenes, publicadas entre 1583 y 1797, veintiuna de ellas en Europa y ocho en Espa\u00f1a. Entre las extranjeras podemos destacar por su valor la obra de <a href=\"http:\/\/absysnetweb.bbtk.ull.es\/cgi-bin\/abnetopac?TITN=204657\" target=\"_blank\" rel=\"noopener\">Giucciardini <i>Historia d\u2019Italia<\/i><\/a>, editada en Venecia en 1583, considerada su obra maestra donde narra los hechos acaecidos entre 1479 y 1534; la obra de <a href=\"http:\/\/absysnetweb.bbtk.ull.es\/cgi-bin\/abnetopac?TITN=203446\" target=\"_blank\" rel=\"noopener\">Boccalini <i>La Bilancia pol\u00edtica<\/i><\/a>, impresa en 1678 y considerada un libelo pol\u00edtico maledicente y enconado, el <i>Dictionnaire historique critique<\/i> de Pierre Bayle, impreso en Amsterdam en 1730 o lo que se conoci\u00f3 como la Biblia del materialismo, la obra de <a href=\"http:\/\/absysnetweb.bbtk.ull.es\/cgi-bin\/abnetopac?TITN=203886\" target=\"_blank\" rel=\"noopener\">Holbach <i>Syst\u00eame de la nature<\/i><\/a>, impresa en Londres en 1771, que fue en su momento muy perseguida por las autoridades civiles y eclesi\u00e1sticas.<\/p>\n<p><a href=\"https:\/\/absysnetweb.bbtk.ull.es\/cgi-bin\/abnetopac?ACC=DOSEARCH&amp;xsqf99=(FAN y Gonzalez Vicen).t852.\" target=\"_blank\" rel=\"noopener\" target=\"_blank\" rel=\"noopener\">Acceso al cat\u00e1logo<\/a><\/p>\n<\/div>\n<\/div>\n<\/div>\n<\/div>\n<\/div>\n<\/div>\n<\/div>\n<\/div>\n<\/div>\n<p>[\/vc_column_text][\/vc_tta_section][vc_tta_section title=\u00bbFondo Moderno\u00bb tab_id=\u00bb1617802856972-1b6634e4-3160&#8243;][vc_column_text]<\/p>\n<div class=\"vc_tta-panel-body\">\n<div class=\"wpb_text_column wpb_content_element \">\n<div class=\"wpb_wrapper\">\n<div class=\"vc_row wpb_row vc_row-fluid\">\n<div class=\"wpb_column vc_column_container vc_col-sm-12\">\n<div class=\"vc_column-inner\">\n<div class=\"wpb_wrapper\">\n<div class=\"wpb_text_column wpb_content_element \">\n<div class=\"wpb_wrapper\">\n<p>Consta de unas 4.300 monograf\u00edas, muchas de ellas dedicadas,\u00a0 y una hemeroteca formada por 109 t\u00edtulos de revistas. La Biblioteca contiene fuentes originales de los cl\u00e1sicos de la filosof\u00eda y del pensamiento jur\u00eddico. Sobresalen ediciones completas de autores como <a href=\"http:\/\/absysnetweb.bbtk.ull.es\/cgi-bin\/abnetopac?TITN=177044\" target=\"_blank\" rel=\"noopener\">Bacon<\/a>, <a href=\"http:\/\/absysnetweb.bbtk.ull.es\/cgi-bin\/abnetopac?TITN=177833\" target=\"_blank\" rel=\"noopener\">Hobbes<\/a>, <a href=\"http:\/\/absysnetweb.bbtk.ull.es\/cgi-bin\/abnetopac?TITN=178462\" target=\"_blank\" rel=\"noopener\">Berkeley<\/a>, <a href=\"http:\/\/absysnetweb.bbtk.ull.es\/cgi-bin\/abnetopac?TITN=179651\" target=\"_blank\" rel=\"noopener\">Kant<\/a>, <a href=\"http:\/\/absysnetweb.bbtk.ull.es\/cgi-bin\/abnetopac?TITN=179558\" target=\"_blank\" rel=\"noopener\">Strauss<\/a>, <a href=\"http:\/\/absysnetweb.bbtk.ull.es\/cgi-bin\/abnetopac?TITN=180685\" target=\"_blank\" rel=\"noopener\">Hegel<\/a>, <a href=\"http:\/\/absysnetweb.bbtk.ull.es\/cgi-bin\/abnetopac?TITN=179655\" target=\"_blank\" rel=\"noopener\">Feuerbach<\/a>, <a href=\"http:\/\/absysnetweb.bbtk.ull.es\/cgi-bin\/abnetopac?TITN=181023\" target=\"_blank\" rel=\"noopener\">Troeltsch<\/a>, <a href=\"http:\/\/absysnetweb.bbtk.ull.es\/cgi-bin\/abnetopac?TITN=322675\" target=\"_blank\" rel=\"noopener\">Ortega<\/a>, etc. El Fondo incluye la obra de creaci\u00f3n publicada por Felipe Gonz\u00e1lez Vic\u00e9n.<\/p>\n<p><a href=\"https:\/\/absysnet.bbtk.ull.es\/cgi-bin\/abnetopac?ACC=DOSEARCH&amp;xsqf99=(FFGV).t852.\" target=\"_blank\" rel=\"noopener\" target=\"_blank\" rel=\"noopener\">Acceso a la biblioteca<\/a><\/p>\n<p><a href=\"https:\/\/absysnet.bbtk.ull.es\/cgi-bin\/abnetopac?ACC=DOSEARCH&amp;xsqf99=ZZ0208608.autz.(Felipe Gonzalez Vicen).t100,t700.\" target=\"_blank\" rel=\"noopener\" target=\"_blank\" rel=\"noopener\">Obra de Gonz\u00e1lez Vic\u00e9n<\/a><\/p>\n<p><a href=\"https:\/\/absysnet.bbtk.ull.es\/cgi-bin\/abnetopac?ACC=DOSEARCH&amp;xsqf99=(Felipe Gonzalez Vicen).t600.\" target=\"_blank\" rel=\"noopener\" target=\"_blank\" rel=\"noopener\">Obra sobre Gonz\u00e1lez Vic\u00e9n<\/a><\/p>\n<\/div>\n<\/div>\n<\/div>\n<\/div>\n<\/div>\n<\/div>\n<\/div>\n<\/div>\n<\/div>\n<p>[\/vc_column_text][\/vc_tta_section][\/vc_tta_accordion][vc_separator color=\u00bbcustom\u00bb accent_color=\u00bb#8e8e8e\u00bb][\/vc_column][\/vc_row]<\/p>\n","protected":false},"excerpt":{"rendered":"<p>[vc_row][vc_column width=\u00bb1\/4&#8243;][vc_empty_space][vc_custom_heading text=\u00bbFelipe Gonz\u00e1lez Vic\u00e9n\u00bb font_container=\u00bbtag:h1|font_size:3em|text_align:left|color:%23020202|line_height:100%25&#8243; google_fonts=\u00bbfont_family:Playfair%20Display%3Aregular%2Citalic%2C700%2C700italic%2C900%2C900italic|font_style:700%20bold%20italic%3A700%3Aitalic\u00bb][vc_empty_space][\/vc_column][vc_column width=\u00bb3\/4&#8243;][\/vc_column][\/vc_row][vc_row][vc_column width=\u00bb1\/4&#8243;][vc_separator color=\u00bbcustom\u00bb accent_color=\u00bb#8e8e8e\u00bb][vc_empty_space][vc_custom_heading text=\u00bbBiblioteca\u00bb font_container=\u00bbtag:h2|text_align:left|color:%23020202&#8243; google_fonts=\u00bbfont_family:Playfair%20Display%3Aregular%2Citalic%2C700%2C700italic%2C900%2C900italic|font_style:400%20italic%3A400%3Aitalic\u00bb][\/vc_column][vc_column width=\u00bb3\/4&#8243;][vc_separator color=\u00bbcustom\u00bb accent_color=\u00bb#8e8e8e\u00bb][vc_tta_accordion active_section=\u00bb0&#8243; no_fill=\u00bbtrue\u00bb collapsible_all=\u00bbtrue\u00bb][vc_tta_section title=\u00bbFondo Antiguo\u00bb tab_id=\u00bb1617802856951-9418eb41-d6be\u00bb][vc_column_text] Alojado en la Sala de Fondo Antiguo de la Biblioteca Universitaria, en la planta principal de la Biblioteca General y de Humanidades del Campus de Guajara. Consta de veintinueve obras en ochenta&#8230;<\/p>\n","protected":false},"author":14,"featured_media":0,"parent":0,"menu_order":0,"comment_status":"closed","ping_status":"closed","template":"templates\/template-no-title.php","meta":{"footnotes":""},"class_list":["post-261","page","type-page","status-publish","hentry"],"_links":{"self":[{"href":"https:\/\/www.ull.es\/eventos\/gonzalezvicen\/wp-json\/wp\/v2\/pages\/261"}],"collection":[{"href":"https:\/\/www.ull.es\/eventos\/gonzalezvicen\/wp-json\/wp\/v2\/pages"}],"about":[{"href":"https:\/\/www.ull.es\/eventos\/gonzalezvicen\/wp-json\/wp\/v2\/types\/page"}],"author":[{"embeddable":true,"href":"https:\/\/www.ull.es\/eventos\/gonzalezvicen\/wp-json\/wp\/v2\/users\/14"}],"replies":[{"embeddable":true,"href":"https:\/\/www.ull.es\/eventos\/gonzalezvicen\/wp-json\/wp\/v2\/comments?post=261"}],"version-history":[{"count":8,"href":"https:\/\/www.ull.es\/eventos\/gonzalezvicen\/wp-json\/wp\/v2\/pages\/261\/revisions"}],"predecessor-version":[{"id":313,"href":"https:\/\/www.ull.es\/eventos\/gonzalezvicen\/wp-json\/wp\/v2\/pages\/261\/revisions\/313"}],"wp:attachment":[{"href":"https:\/\/www.ull.es\/eventos\/gonzalezvicen\/wp-json\/wp\/v2\/media?parent=261"}],"curies":[{"name":"wp","href":"https:\/\/api.w.org\/{rel}","templated":true}]}}