{"id":277,"date":"2021-04-15T07:28:38","date_gmt":"2021-04-15T07:28:38","guid":{"rendered":"https:\/\/www.ull.es\/eventos\/gonzalezvicen\/?page_id=277"},"modified":"2023-07-07T11:25:55","modified_gmt":"2023-07-07T11:25:55","slug":"enlaces-de-interes","status":"publish","type":"page","link":"https:\/\/www.ull.es\/eventos\/gonzalezvicen\/enlaces-de-interes\/","title":{"rendered":"Enlaces de inter\u00e9s"},"content":{"rendered":"<p>[vc_row][vc_column width=\u00bb1\/4&#8243;][vc_empty_space][vc_custom_heading text=\u00bbFelipe Gonz\u00e1lez Vic\u00e9n\u00bb font_container=\u00bbtag:h1|font_size:3em|text_align:left|color:%23020202|line_height:100%25&#8243; google_fonts=\u00bbfont_family:Playfair%20Display%3Aregular%2Citalic%2C700%2C700italic%2C900%2C900italic|font_style:900%20bold%20italic%3A900%3Aitalic\u00bb][vc_empty_space][\/vc_column][vc_column width=\u00bb3\/4&#8243;][\/vc_column][\/vc_row][vc_row][vc_column width=\u00bb1\/4&#8243;][vc_separator][vc_custom_heading source=\u00bbpost_title\u00bb font_container=\u00bbtag:h2|text_align:left|color:%23020202&#8243; google_fonts=\u00bbfont_family:Playfair%20Display%3Aregular%2Citalic%2C700%2C700italic%2C900%2C900italic|font_style:400%20italic%3A400%3Aitalic\u00bb][\/vc_column][vc_column width=\u00bb3\/4&#8243;][vc_separator][vc_column_text]<\/p>\n<ul>\n<li><a href=\"https:\/\/www.google.com\/url?sa=t&amp;rct=j&amp;q=&amp;esrc=s&amp;source=web&amp;cd=&amp;cad=rja&amp;uact=8&amp;ved=2ahUKEwil_vSOv5HwAhWOmxQKHeBTBCgQFjAAegQICBAD&amp;url=https%3A%2F%2Fes.wikipedia.org%2Fwiki%2FFelipe_Gonz%25C3%25A1lez_Vic%25C3%25A9n&amp;usg=AOvVaw3q52K__Xp_E47qEVOiZ2YV\" target=\"_blank\" rel=\"noopener\" target=\"_blank\" rel=\"noopener\">Gonz\u00e1lez Vic\u00e9n, Felipe (Wikipedia)<\/a><\/li>\n<li>Exposici\u00f3n (23 de abril de 2001)\n<ul>\n<li>Cat\u00e1logo: [Exposici\u00f3n] <a href=\"http:\/\/absysnetweb.bbtk.ull.es\/cgi-bin\/abnetopac?TITN=211333\" target=\"_blank\" rel=\"noopener\" target=\"_blank\" rel=\"noopener\"><i>Felipe Gonz\u00e1lez Vic\u00e9n (1908-1991) : un maestro del pensamiento en el exilio interior : exposici\u00f3n bio-bibliogr\u00e1fica<\/i>, 23 de abril &#8211; 4 de mayo 2001.\u00a0<\/a><\/li>\n<\/ul>\n<\/li>\n<li>Noticias\n<ul>\n<li><a href=\"https:\/\/www.ull.es\/portal\/noticias\/2010\/la-laguna-dedica-una-de-sus-calles-a-la-memoria-del-prestigioso-catedratico-felipe-gonzalez-vicen\/\" target=\"_blank\" rel=\"noopener\" target=\"_blank\" rel=\"noopener\">Rotulaci\u00f3n de una calle dedicada al profesor Felipe Gonz\u00e1lez Vic\u00e9n. La Laguna, agosto 2010.<\/a><\/li>\n<li><a href=\"https:\/\/www.ull.es\/portal\/noticias\/2010\/la-ull-celebra-el-centenario-del-jurista-gonzalez-vicen-con-un-volumen-de-escritos-ineditos-o-poco-conocidos\/\" target=\"_blank\" rel=\"noopener\" target=\"_blank\" rel=\"noopener\">La ULL celebra el centenario del jurista Gonz\u00e1lez Vic\u00e9n con un volumen de escritos in\u00e9ditos o poco conocidos<\/a> (enero 2010)<\/li>\n<li><a href=\"http:\/\/derecho.unizar.es\/node\/2019\" target=\"_blank\" rel=\"noopener\" target=\"_blank\" rel=\"noopener\">Publicaci\u00f3n de una tesis doctoral dedicada a Felipe Gonz\u00e1lez Vic\u00e9n:\u00a0\u00a0<i>La filosof\u00eda del derecho de Felipe Gonz\u00e1lez Vic\u00e9n<\/i> por Marcos Arjona Herraiz (2022).<\/a><\/li>\n<\/ul>\n<\/li>\n<\/ul>\n<p>[\/vc_column_text][\/vc_column][\/vc_row]<\/p>\n","protected":false},"excerpt":{"rendered":"<p>[vc_row][vc_column width=\u00bb1\/4&#8243;][vc_empty_space][vc_custom_heading text=\u00bbFelipe Gonz\u00e1lez Vic\u00e9n\u00bb font_container=\u00bbtag:h1|font_size:3em|text_align:left|color:%23020202|line_height:100%25&#8243; google_fonts=\u00bbfont_family:Playfair%20Display%3Aregular%2Citalic%2C700%2C700italic%2C900%2C900italic|font_style:900%20bold%20italic%3A900%3Aitalic\u00bb][vc_empty_space][\/vc_column][vc_column width=\u00bb3\/4&#8243;][\/vc_column][\/vc_row][vc_row][vc_column width=\u00bb1\/4&#8243;][vc_separator][vc_custom_heading source=\u00bbpost_title\u00bb font_container=\u00bbtag:h2|text_align:left|color:%23020202&#8243; google_fonts=\u00bbfont_family:Playfair%20Display%3Aregular%2Citalic%2C700%2C700italic%2C900%2C900italic|font_style:400%20italic%3A400%3Aitalic\u00bb][\/vc_column][vc_column width=\u00bb3\/4&#8243;][vc_separator][vc_column_text] Gonz\u00e1lez Vic\u00e9n, Felipe (Wikipedia) Exposici\u00f3n (23 de abril de 2001) Cat\u00e1logo: [Exposici\u00f3n] Felipe Gonz\u00e1lez Vic\u00e9n (1908-1991) : un maestro del pensamiento en el exilio interior : exposici\u00f3n bio-bibliogr\u00e1fica, 23 de abril &#8211; 4 de mayo 2001.\u00a0 Noticias Rotulaci\u00f3n de una calle dedicada&#8230;<\/p>\n","protected":false},"author":14,"featured_media":0,"parent":0,"menu_order":0,"comment_status":"closed","ping_status":"closed","template":"templates\/template-no-title.php","meta":{"footnotes":""},"class_list":["post-277","page","type-page","status-publish","hentry"],"_links":{"self":[{"href":"https:\/\/www.ull.es\/eventos\/gonzalezvicen\/wp-json\/wp\/v2\/pages\/277"}],"collection":[{"href":"https:\/\/www.ull.es\/eventos\/gonzalezvicen\/wp-json\/wp\/v2\/pages"}],"about":[{"href":"https:\/\/www.ull.es\/eventos\/gonzalezvicen\/wp-json\/wp\/v2\/types\/page"}],"author":[{"embeddable":true,"href":"https:\/\/www.ull.es\/eventos\/gonzalezvicen\/wp-json\/wp\/v2\/users\/14"}],"replies":[{"embeddable":true,"href":"https:\/\/www.ull.es\/eventos\/gonzalezvicen\/wp-json\/wp\/v2\/comments?post=277"}],"version-history":[{"count":10,"href":"https:\/\/www.ull.es\/eventos\/gonzalezvicen\/wp-json\/wp\/v2\/pages\/277\/revisions"}],"predecessor-version":[{"id":354,"href":"https:\/\/www.ull.es\/eventos\/gonzalezvicen\/wp-json\/wp\/v2\/pages\/277\/revisions\/354"}],"wp:attachment":[{"href":"https:\/\/www.ull.es\/eventos\/gonzalezvicen\/wp-json\/wp\/v2\/media?parent=277"}],"curies":[{"name":"wp","href":"https:\/\/api.w.org\/{rel}","templated":true}]}}