{"id":142,"date":"2024-04-05T12:48:57","date_gmt":"2024-04-05T12:48:57","guid":{"rendered":"https:\/\/www.ull.es\/eventos\/hacer-historia\/?page_id=142"},"modified":"2024-04-25T13:11:48","modified_gmt":"2024-04-25T13:11:48","slug":"la-transicion-en-canarias","status":"publish","type":"page","link":"https:\/\/www.ull.es\/eventos\/hacer-historia\/la-transicion-en-canarias\/","title":{"rendered":"La Transici\u00f3n en Canarias"},"content":{"rendered":"\n<div class=\"wp-block-columns cabecera is-layout-flex wp-container-core-columns-is-layout-1 wp-block-columns-is-layout-flex\">\n<div class=\"wp-block-column is-layout-flow wp-block-column-is-layout-flow\">\n<figure class=\"wp-block-image size-half is-resized\"><a href=\"https:\/\/www.ull.es\/eventos\/hacer-historia\" target=\"_blank\" rel=\"noopener\"><img loading=\"lazy\" decoding=\"async\" width=\"375\" height=\"68\" src=\"https:\/\/www.ull.es\/eventos\/hacer-historia\/wp-content\/uploads\/sites\/56\/2024\/04\/hacer_historia_horizontal-375x68.png\" alt=\"\" class=\"wp-image-115\" style=\"width:200px\" srcset=\"https:\/\/www.ull.es\/eventos\/hacer-historia\/wp-content\/uploads\/sites\/56\/2024\/04\/hacer_historia_horizontal-375x68.png 375w, https:\/\/www.ull.es\/eventos\/hacer-historia\/wp-content\/uploads\/sites\/56\/2024\/04\/hacer_historia_horizontal-300x54.png 300w, https:\/\/www.ull.es\/eventos\/hacer-historia\/wp-content\/uploads\/sites\/56\/2024\/04\/hacer_historia_horizontal-768x139.png 768w, https:\/\/www.ull.es\/eventos\/hacer-historia\/wp-content\/uploads\/sites\/56\/2024\/04\/hacer_historia_horizontal-750x135.png 750w, https:\/\/www.ull.es\/eventos\/hacer-historia\/wp-content\/uploads\/sites\/56\/2024\/04\/hacer_historia_horizontal.png 969w\" sizes=\"(max-width: 375px) 100vw, 375px\" \/><\/a><\/figure>\n<\/div>\n\n\n\n<div class=\"wp-block-column is-layout-flow wp-block-column-is-layout-flow\"><\/div>\n<\/div>\n\n\n\n<div class=\"wp-block-columns is-layout-flex wp-container-core-columns-is-layout-8 wp-block-columns-is-layout-flex\">\n<div class=\"wp-block-column is-layout-flow wp-block-column-is-layout-flow\" style=\"flex-basis:75%\">\n<div class=\"wp-block-columns is-layout-flex wp-container-core-columns-is-layout-2 wp-block-columns-is-layout-flex\">\n<div class=\"wp-block-column is-layout-flow wp-block-column-is-layout-flow\" style=\"flex-basis:33.33%\"><\/div>\n\n\n\n<div class=\"wp-block-column is-layout-flow wp-block-column-is-layout-flow\" style=\"flex-basis:66.66%\">\n<h2 class=\"wp-block-heading has-medium-font-size\">La Transici\u00f3n en Canarias<\/h2>\n<\/div>\n<\/div>\n\n\n\n<div class=\"wp-block-columns is-layout-flex wp-container-core-columns-is-layout-3 wp-block-columns-is-layout-flex\">\n<div class=\"wp-block-column is-layout-flow wp-block-column-is-layout-flow\" style=\"flex-basis:66.66%\"><\/div>\n\n\n\n<div class=\"wp-block-column is-layout-flow wp-block-column-is-layout-flow\" style=\"flex-basis:33.33%\"><\/div>\n<\/div>\n\n\n\n<div class=\"wp-block-columns is-layout-flex wp-container-core-columns-is-layout-4 wp-block-columns-is-layout-flex\">\n<div class=\"wp-block-column is-layout-flow wp-block-column-is-layout-flow\" style=\"flex-basis:33.33%\"><\/div>\n\n\n\n<div class=\"wp-block-column is-layout-flow wp-block-column-is-layout-flow\" style=\"flex-basis:66.66%\">\n<p>La Transici\u00f3n democr\u00e1tica constituye uno de los periodos m\u00e1s importantes de la historia espa\u00f1ola del siglo XX. En este periodo tiene lugar un cambio de r\u00e9gimen pol\u00edtico en Espa\u00f1a: del autoritarismo franquista a una democracia parlamentaria homologable a la del resto de pa\u00edses del entorno europeo.<\/p>\n<\/div>\n<\/div>\n\n\n\n<div style=\"height:60px\" aria-hidden=\"true\" class=\"wp-block-spacer\"><\/div>\n\n\n\n<div class=\"wp-block-columns is-layout-flex wp-container-core-columns-is-layout-5 wp-block-columns-is-layout-flex\">\n<div class=\"wp-block-column is-layout-flow wp-block-column-is-layout-flow\" style=\"flex-basis:90%\">\n<figure class=\"wp-block-gallery has-nested-images columns-4 is-cropped wp-block-gallery-1 is-layout-flex wp-block-gallery-is-layout-flex\">\n<figure class=\"wp-block-image size-large is-style-default\"><a href=\"https:\/\/www.ull.es\/eventos\/hacer-historia\/wp-content\/uploads\/sites\/56\/2024\/04\/001_R.jpg\" target=\"_blank\" rel=\"noopener\"><img loading=\"lazy\" decoding=\"async\" width=\"1024\" height=\"733\" src=\"https:\/\/www.ull.es\/eventos\/hacer-historia\/wp-content\/uploads\/sites\/56\/2024\/04\/001_R-1024x733.jpg\" alt=\"\" class=\"wp-image-144\" srcset=\"https:\/\/www.ull.es\/eventos\/hacer-historia\/wp-content\/uploads\/sites\/56\/2024\/04\/001_R-1024x733.jpg 1024w, https:\/\/www.ull.es\/eventos\/hacer-historia\/wp-content\/uploads\/sites\/56\/2024\/04\/001_R-300x215.jpg 300w, https:\/\/www.ull.es\/eventos\/hacer-historia\/wp-content\/uploads\/sites\/56\/2024\/04\/001_R-768x550.jpg 768w, https:\/\/www.ull.es\/eventos\/hacer-historia\/wp-content\/uploads\/sites\/56\/2024\/04\/001_R-375x268.jpg 375w, https:\/\/www.ull.es\/eventos\/hacer-historia\/wp-content\/uploads\/sites\/56\/2024\/04\/001_R-750x537.jpg 750w, https:\/\/www.ull.es\/eventos\/hacer-historia\/wp-content\/uploads\/sites\/56\/2024\/04\/001_R-1140x816.jpg 1140w, https:\/\/www.ull.es\/eventos\/hacer-historia\/wp-content\/uploads\/sites\/56\/2024\/04\/001_R.jpg 1407w\" sizes=\"(max-width: 1024px) 100vw, 1024px\" \/><\/a><\/figure>\n\n\n\n<figure class=\"wp-block-image size-large\"><a href=\"https:\/\/www.ull.es\/eventos\/hacer-historia\/wp-content\/uploads\/sites\/56\/2024\/04\/002_R.jpg\" target=\"_blank\" rel=\"noopener\"><img loading=\"lazy\" decoding=\"async\" width=\"1024\" height=\"716\" src=\"https:\/\/www.ull.es\/eventos\/hacer-historia\/wp-content\/uploads\/sites\/56\/2024\/04\/002_R-1024x716.jpg\" alt=\"\" class=\"wp-image-145\" srcset=\"https:\/\/www.ull.es\/eventos\/hacer-historia\/wp-content\/uploads\/sites\/56\/2024\/04\/002_R-1024x716.jpg 1024w, https:\/\/www.ull.es\/eventos\/hacer-historia\/wp-content\/uploads\/sites\/56\/2024\/04\/002_R-300x210.jpg 300w, https:\/\/www.ull.es\/eventos\/hacer-historia\/wp-content\/uploads\/sites\/56\/2024\/04\/002_R-768x537.jpg 768w, https:\/\/www.ull.es\/eventos\/hacer-historia\/wp-content\/uploads\/sites\/56\/2024\/04\/002_R-1536x1074.jpg 1536w, https:\/\/www.ull.es\/eventos\/hacer-historia\/wp-content\/uploads\/sites\/56\/2024\/04\/002_R-375x262.jpg 375w, https:\/\/www.ull.es\/eventos\/hacer-historia\/wp-content\/uploads\/sites\/56\/2024\/04\/002_R-750x524.jpg 750w, https:\/\/www.ull.es\/eventos\/hacer-historia\/wp-content\/uploads\/sites\/56\/2024\/04\/002_R-1140x797.jpg 1140w, https:\/\/www.ull.es\/eventos\/hacer-historia\/wp-content\/uploads\/sites\/56\/2024\/04\/002_R.jpg 1889w\" sizes=\"(max-width: 1024px) 100vw, 1024px\" \/><\/a><\/figure>\n\n\n\n<figure class=\"wp-block-image size-large\"><a href=\"https:\/\/www.ull.es\/eventos\/hacer-historia\/wp-content\/uploads\/sites\/56\/2024\/04\/003_R.png\" target=\"_blank\" rel=\"noopener\"><img loading=\"lazy\" decoding=\"async\" width=\"1024\" height=\"728\" src=\"https:\/\/www.ull.es\/eventos\/hacer-historia\/wp-content\/uploads\/sites\/56\/2024\/04\/003_R-1024x728.png\" alt=\"\" class=\"wp-image-146\" srcset=\"https:\/\/www.ull.es\/eventos\/hacer-historia\/wp-content\/uploads\/sites\/56\/2024\/04\/003_R-1024x728.png 1024w, https:\/\/www.ull.es\/eventos\/hacer-historia\/wp-content\/uploads\/sites\/56\/2024\/04\/003_R-300x213.png 300w, https:\/\/www.ull.es\/eventos\/hacer-historia\/wp-content\/uploads\/sites\/56\/2024\/04\/003_R-768x546.png 768w, https:\/\/www.ull.es\/eventos\/hacer-historia\/wp-content\/uploads\/sites\/56\/2024\/04\/003_R-375x267.png 375w, https:\/\/www.ull.es\/eventos\/hacer-historia\/wp-content\/uploads\/sites\/56\/2024\/04\/003_R-750x533.png 750w, https:\/\/www.ull.es\/eventos\/hacer-historia\/wp-content\/uploads\/sites\/56\/2024\/04\/003_R-1140x811.png 1140w, https:\/\/www.ull.es\/eventos\/hacer-historia\/wp-content\/uploads\/sites\/56\/2024\/04\/003_R.png 1396w\" sizes=\"(max-width: 1024px) 100vw, 1024px\" \/><\/a><\/figure>\n\n\n\n<figure class=\"wp-block-image size-large\"><a href=\"https:\/\/www.ull.es\/eventos\/hacer-historia\/wp-content\/uploads\/sites\/56\/2024\/04\/004_R.jpg\" target=\"_blank\" rel=\"noopener\"><img loading=\"lazy\" decoding=\"async\" width=\"1024\" height=\"616\" src=\"https:\/\/www.ull.es\/eventos\/hacer-historia\/wp-content\/uploads\/sites\/56\/2024\/04\/004_R-1024x616.jpg\" alt=\"\" class=\"wp-image-147\" srcset=\"https:\/\/www.ull.es\/eventos\/hacer-historia\/wp-content\/uploads\/sites\/56\/2024\/04\/004_R-1024x616.jpg 1024w, https:\/\/www.ull.es\/eventos\/hacer-historia\/wp-content\/uploads\/sites\/56\/2024\/04\/004_R-300x180.jpg 300w, https:\/\/www.ull.es\/eventos\/hacer-historia\/wp-content\/uploads\/sites\/56\/2024\/04\/004_R-768x462.jpg 768w, https:\/\/www.ull.es\/eventos\/hacer-historia\/wp-content\/uploads\/sites\/56\/2024\/04\/004_R-375x226.jpg 375w, https:\/\/www.ull.es\/eventos\/hacer-historia\/wp-content\/uploads\/sites\/56\/2024\/04\/004_R-750x451.jpg 750w, https:\/\/www.ull.es\/eventos\/hacer-historia\/wp-content\/uploads\/sites\/56\/2024\/04\/004_R-1140x686.jpg 1140w, https:\/\/www.ull.es\/eventos\/hacer-historia\/wp-content\/uploads\/sites\/56\/2024\/04\/004_R.jpg 1395w\" sizes=\"(max-width: 1024px) 100vw, 1024px\" \/><\/a><\/figure>\n<figcaption class=\"blocks-gallery-caption wp-element-caption\"><code>Manifestaci\u00f3n de trabajadores reclamando un salario justo en Tenerife (finales de los a\u00f1os 70). Autor: Luis Rodr\u00edguez Bluiett.<\/code><br><br><code>Manifestaci\u00f3n por la amnist\u00eda celebrada en Las Palmas de Gran Canaria, (Plaza de Santa Ana, delante del Ayuntamiento, 1977).<\/code><br><br><code>Paro de camioneros canarios en Las Palmas de Gran Canaria, 1977. En todos los camiones sobre el cap\u00f3 se pod\u00edan leer pancartas como esta: \u201cLos transportes en Canarias para los canarios\u201d. Autor: Juan Antonio de Juan.<br><\/code><br><code>Manifestaci\u00f3n de vecinos del barrio de San Andr\u00e9s, Santa Cruz de Tenerife (finales de los a\u00f1os 70).<\/code><br><\/figcaption><\/figure>\n<\/div>\n\n\n\n<div class=\"wp-block-column is-layout-flow wp-block-column-is-layout-flow\" style=\"flex-basis:10%\"><\/div>\n<\/div>\n\n\n\n<div style=\"height:60px\" aria-hidden=\"true\" class=\"wp-block-spacer\"><\/div>\n\n\n\n<div class=\"wp-block-columns is-layout-flex wp-container-core-columns-is-layout-6 wp-block-columns-is-layout-flex\">\n<div class=\"wp-block-column is-layout-flow wp-block-column-is-layout-flow\" style=\"flex-basis:33.33%\"><\/div>\n\n\n\n<div class=\"wp-block-column is-layout-flow wp-block-column-is-layout-flow\" style=\"flex-basis:66.66%\">\n<p>Es un periodo hist\u00f3rico que viene marcado por una serie de acontecimientos que, de una forma u otra, han servido para ordenar nuestra memoria colectiva respecto a aquel tiempo: el asesinato de Carrero Blanco, la muerte de Franco, la proclamaci\u00f3n del rey Juan Carlos I como sucesor de aquel, la aprobaci\u00f3n de la Constituci\u00f3n de 1978, la aparici\u00f3n de figuras como Adolfo Su\u00e1rez, que prefiguran el posterior perfeccionamiento del personaje pol\u00edtico medi\u00e1tico, el triunfo del PSOE en las elecciones generales de 1982\u2026&nbsp;<\/p>\n\n\n\n<p>La Transici\u00f3n es, sin embargo, mucho m\u00e1s que esos grandes hitos que hasta cierto punto han fundamentado el relato hegem\u00f3nico sobre ese proceso.&nbsp;<\/p>\n\n\n\n<p>En Canarias, adem\u00e1s, por razones geogr\u00e1ficas evidentes, por razones econ\u00f3micas y por razones culturales, el proceso presenta rasgos diferenciadores que tensionan los m\u00e1rgenes desde los que tradicionalmente hemos comprendido la Transici\u00f3n en Espa\u00f1a. Los m\u00e1s evidentes son: el dise\u00f1o e implantaci\u00f3n de un modelo econ\u00f3mico en el que el turismo es la palanca que moderniza de manera desigual una sociedad agr\u00edcola y rural hasta mediados del siglo XX, y la vinculaci\u00f3n en t\u00e9rminos geopol\u00edticos de Canarias con los procesos de descolonizaci\u00f3n que, sobre todo en \u00c1frica, contribuyen a crear movimientos pol\u00edticos originales en las islas.&nbsp;<\/p>\n\n\n\n<p>Ocultas muchas veces tras esos hitos generales, el periodo de la Transici\u00f3n muestra en Canarias unas l\u00f3gicas econ\u00f3micas y culturales que empujaron a la sociedad insular a actuar de diferentes maneras y desde \u00e1mbitos diversos frente a unas circunstancias nuevas, que hicieron emerger nuevos problemas y que dieron como resultado nuevas formas de organizaci\u00f3n y pr\u00e1cticas pol\u00edticas.&nbsp;<\/p>\n\n\n\n<p>La Transici\u00f3n en Canarias es, en este sentido, un momento de cambio pol\u00edtico, pero es, tambi\u00e9n, el momento en el que la sociedad ensay\u00f3 nuevas formas de organizaci\u00f3n sindical, nuevas formas de organizaci\u00f3n vecinal, nuevas formas de organizaci\u00f3n cultural, es el momento en el que se hicieron visibles las luchas econ\u00f3micas y sociales que pusieron los cimientos de la sociedad actual. En algunos casos esas luchas fueron traum\u00e1ticas, marcadas por la violencia, por la represi\u00f3n y, en ocasiones, por la derrota.<\/p>\n\n\n\n<p>Pero la Transici\u00f3n en Canarias fue, sobre todo, una etapa caracterizada por el empe\u00f1o en aprender a actuar social y pol\u00edticamente de manera conjunta, se\u00f1alando los problemas que, en buena medida, son los problemas que hoy en d\u00eda nos siguen apelando: la lucha por la igualdad de g\u00e9nero, por la justicia econ\u00f3mica, o la lucha por un espacio ecol\u00f3gico habitable y sostenible.<\/p>\n<\/div>\n<\/div>\n\n\n\n<div style=\"height:60px\" aria-hidden=\"true\" class=\"wp-block-spacer\"><\/div>\n\n\n\n<div class=\"wp-block-columns is-layout-flex wp-container-core-columns-is-layout-7 wp-block-columns-is-layout-flex\">\n<div class=\"wp-block-column is-layout-flow wp-block-column-is-layout-flow\" style=\"flex-basis:33.33%\"><\/div>\n\n\n\n<div class=\"wp-block-column is-layout-flow wp-block-column-is-layout-flow\" style=\"flex-basis:66.66%\">\n<h5 class=\"wp-block-heading\">Materiales expuestos<\/h5>\n\n\n\n<div style=\"height:40px\" aria-hidden=\"true\" class=\"wp-block-spacer\"><\/div>\n\n\n\n<iframe loading=\"lazy\" width=\"560\" height=\"315\" src=\"https:\/\/www.youtube.com\/embed\/lEncb7gmVTo?si=6orkHxEP8Nwvmuw5\" title=\"YouTube video player\" frameborder=\"0\" allow=\"accelerometer; autoplay; clipboard-write; encrypted-media; gyroscope; picture-in-picture; web-share\" referrerpolicy=\"strict-origin-when-cross-origin\" allowfullscreen><\/iframe>\n\n\n\n<div style=\"height:40px\" aria-hidden=\"true\" class=\"wp-block-spacer\"><\/div>\n<\/div>\n<\/div>\n<\/div>\n\n\n\n<div class=\"wp-block-column is-layout-flow wp-block-column-is-layout-flow\" style=\"flex-basis:25%\"><\/div>\n<\/div>\n","protected":false},"excerpt":{"rendered":"<p>La Transici\u00f3n en Canarias La Transici\u00f3n democr\u00e1tica constituye uno de los periodos m\u00e1s importantes de la historia espa\u00f1ola del siglo XX. En este periodo tiene lugar un cambio de r\u00e9gimen pol\u00edtico en Espa\u00f1a: del autoritarismo franquista a una democracia parlamentaria homologable a la del resto de pa\u00edses del entorno europeo. Es un periodo hist\u00f3rico que&#8230;<\/p>\n","protected":false},"author":14,"featured_media":0,"parent":0,"menu_order":0,"comment_status":"closed","ping_status":"closed","template":"templates\/template-no-title.php","meta":{"footnotes":""},"class_list":["post-142","page","type-page","status-publish","hentry"],"_links":{"self":[{"href":"https:\/\/www.ull.es\/eventos\/hacer-historia\/wp-json\/wp\/v2\/pages\/142"}],"collection":[{"href":"https:\/\/www.ull.es\/eventos\/hacer-historia\/wp-json\/wp\/v2\/pages"}],"about":[{"href":"https:\/\/www.ull.es\/eventos\/hacer-historia\/wp-json\/wp\/v2\/types\/page"}],"author":[{"embeddable":true,"href":"https:\/\/www.ull.es\/eventos\/hacer-historia\/wp-json\/wp\/v2\/users\/14"}],"replies":[{"embeddable":true,"href":"https:\/\/www.ull.es\/eventos\/hacer-historia\/wp-json\/wp\/v2\/comments?post=142"}],"version-history":[{"count":41,"href":"https:\/\/www.ull.es\/eventos\/hacer-historia\/wp-json\/wp\/v2\/pages\/142\/revisions"}],"predecessor-version":[{"id":675,"href":"https:\/\/www.ull.es\/eventos\/hacer-historia\/wp-json\/wp\/v2\/pages\/142\/revisions\/675"}],"wp:attachment":[{"href":"https:\/\/www.ull.es\/eventos\/hacer-historia\/wp-json\/wp\/v2\/media?parent=142"}],"curies":[{"name":"wp","href":"https:\/\/api.w.org\/{rel}","templated":true}]}}