{"id":280,"date":"2024-04-10T13:23:03","date_gmt":"2024-04-10T13:23:03","guid":{"rendered":"https:\/\/www.ull.es\/eventos\/hacer-historia\/?page_id=280"},"modified":"2024-07-22T12:06:00","modified_gmt":"2024-07-22T12:06:00","slug":"el-archivo-personal-de-antonio-cubillo","status":"publish","type":"page","link":"https:\/\/www.ull.es\/eventos\/hacer-historia\/el-archivo-personal-de-antonio-cubillo\/","title":{"rendered":"El archivo personal de Antonio Cubillo"},"content":{"rendered":"\n<div class=\"wp-block-columns cabecera is-layout-flex wp-container-core-columns-is-layout-1 wp-block-columns-is-layout-flex\">\n<div class=\"wp-block-column is-layout-flow wp-block-column-is-layout-flow\">\n<figure class=\"wp-block-image size-half is-resized\"><a href=\"https:\/\/www.ull.es\/eventos\/hacer-historia\" target=\"_blank\" rel=\"noopener\"><img loading=\"lazy\" decoding=\"async\" width=\"375\" height=\"68\" src=\"https:\/\/www.ull.es\/eventos\/hacer-historia\/wp-content\/uploads\/sites\/56\/2024\/04\/hacer_historia_horizontal-375x68.png\" alt=\"\" class=\"wp-image-115\" style=\"width:200px\" srcset=\"https:\/\/www.ull.es\/eventos\/hacer-historia\/wp-content\/uploads\/sites\/56\/2024\/04\/hacer_historia_horizontal-375x68.png 375w, https:\/\/www.ull.es\/eventos\/hacer-historia\/wp-content\/uploads\/sites\/56\/2024\/04\/hacer_historia_horizontal-300x54.png 300w, https:\/\/www.ull.es\/eventos\/hacer-historia\/wp-content\/uploads\/sites\/56\/2024\/04\/hacer_historia_horizontal-768x139.png 768w, https:\/\/www.ull.es\/eventos\/hacer-historia\/wp-content\/uploads\/sites\/56\/2024\/04\/hacer_historia_horizontal-750x135.png 750w, https:\/\/www.ull.es\/eventos\/hacer-historia\/wp-content\/uploads\/sites\/56\/2024\/04\/hacer_historia_horizontal.png 969w\" sizes=\"(max-width: 375px) 100vw, 375px\" \/><\/a><\/figure>\n<\/div>\n\n\n\n<div class=\"wp-block-column is-layout-flow wp-block-column-is-layout-flow\"><\/div>\n<\/div>\n\n\n\n<div class=\"wp-block-columns is-layout-flex wp-container-core-columns-is-layout-8 wp-block-columns-is-layout-flex\">\n<div class=\"wp-block-column is-layout-flow wp-block-column-is-layout-flow\" style=\"flex-basis:75%\">\n<div class=\"wp-block-columns is-layout-flex wp-container-core-columns-is-layout-2 wp-block-columns-is-layout-flex\">\n<div class=\"wp-block-column is-layout-flow wp-block-column-is-layout-flow\" style=\"flex-basis:33.33%\"><\/div>\n\n\n\n<div class=\"wp-block-column is-layout-flow wp-block-column-is-layout-flow\" style=\"flex-basis:66.66%\"><h2 class=\"wp-block-post-title\">El archivo personal de Antonio Cubillo<\/h2><\/div>\n<\/div>\n\n\n\n<div class=\"wp-block-columns is-layout-flex wp-container-core-columns-is-layout-3 wp-block-columns-is-layout-flex\">\n<div class=\"wp-block-column is-layout-flow wp-block-column-is-layout-flow\" style=\"flex-basis:66.66%\"><\/div>\n\n\n\n<div class=\"wp-block-column is-layout-flow wp-block-column-is-layout-flow\" style=\"flex-basis:33.33%\"><\/div>\n<\/div>\n\n\n\n<div class=\"wp-block-columns is-layout-flex wp-container-core-columns-is-layout-4 wp-block-columns-is-layout-flex\">\n<div class=\"wp-block-column is-layout-flow wp-block-column-is-layout-flow\" style=\"flex-basis:33.33%\"><\/div>\n\n\n\n<div class=\"wp-block-column is-layout-flow wp-block-column-is-layout-flow\" style=\"flex-basis:66.66%\">\n<p>Antonio L. Cubillo Ferreira naci\u00f3 en 1930. Estudi\u00f3 derecho en la Universidad de La Laguna. Se embarc\u00f3 en la aventura pol\u00edtica contra el fascismo. Abri\u00f3 un despacho como abogado laboralista en los a\u00f1os cincuenta para defender a los trabajadores y trabajadoras.&nbsp;<\/p>\n\n\n\n<p>Fruto de ese trabajo se llevaron a cabo las tres primeras huelgas obreras bajo la dictadura: los panaderos en 1961, los portuarios y las lecheras en 1962. Como responsable de esos conflictos fue detenido. Puesto en libertad condicional bajo fianza, sale del pa\u00eds, y da comienzo un exilio de m\u00e1s de veinte a\u00f1os. Contact\u00f3 con Santiago Carrillo en Par\u00eds&nbsp; y, por desacuerdos referidos al problema nacional canario, se aleja del PCE definitivamente.<\/p>\n<\/div>\n<\/div>\n\n\n\n<div style=\"height:60px\" aria-hidden=\"true\" class=\"wp-block-spacer\"><\/div>\n\n\n\n<div class=\"wp-block-columns is-layout-flex wp-container-core-columns-is-layout-5 wp-block-columns-is-layout-flex\">\n<div class=\"wp-block-column is-layout-flow wp-block-column-is-layout-flow\" style=\"flex-basis:90%\">\n<figure class=\"wp-block-gallery has-nested-images columns-4 is-cropped wp-block-gallery-1 is-layout-flex wp-block-gallery-is-layout-flex\">\n<figure class=\"wp-block-image size-large is-style-default\"><a href=\"http:\/\/www.ull.es\/eventos\/hacer-historia\/wp-content\/uploads\/sites\/56\/2024\/04\/Foto-024.jpg\" target=\"_blank\" rel=\"noopener\"><img loading=\"lazy\" decoding=\"async\" width=\"695\" height=\"1024\" src=\"http:\/\/www.ull.es\/eventos\/hacer-historia\/wp-content\/uploads\/sites\/56\/2024\/04\/Foto-024-695x1024.jpg\" alt=\"\" class=\"wp-image-281\" srcset=\"https:\/\/www.ull.es\/eventos\/hacer-historia\/wp-content\/uploads\/sites\/56\/2024\/04\/Foto-024-695x1024.jpg 695w, https:\/\/www.ull.es\/eventos\/hacer-historia\/wp-content\/uploads\/sites\/56\/2024\/04\/Foto-024-204x300.jpg 204w, https:\/\/www.ull.es\/eventos\/hacer-historia\/wp-content\/uploads\/sites\/56\/2024\/04\/Foto-024-768x1132.jpg 768w, https:\/\/www.ull.es\/eventos\/hacer-historia\/wp-content\/uploads\/sites\/56\/2024\/04\/Foto-024-1042x1536.jpg 1042w, https:\/\/www.ull.es\/eventos\/hacer-historia\/wp-content\/uploads\/sites\/56\/2024\/04\/Foto-024-375x553.jpg 375w, https:\/\/www.ull.es\/eventos\/hacer-historia\/wp-content\/uploads\/sites\/56\/2024\/04\/Foto-024-750x1105.jpg 750w, https:\/\/www.ull.es\/eventos\/hacer-historia\/wp-content\/uploads\/sites\/56\/2024\/04\/Foto-024-1140x1680.jpg 1140w, https:\/\/www.ull.es\/eventos\/hacer-historia\/wp-content\/uploads\/sites\/56\/2024\/04\/Foto-024.jpg 1334w\" sizes=\"(max-width: 695px) 100vw, 695px\" \/><\/a><\/figure>\n\n\n\n<figure class=\"wp-block-image size-full\"><a href=\"http:\/\/www.ull.es\/eventos\/hacer-historia\/wp-content\/uploads\/sites\/56\/2024\/04\/Foto-025_150ppp_ed.jpg\" target=\"_blank\" rel=\"noopener\"><img loading=\"lazy\" decoding=\"async\" width=\"999\" height=\"953\" src=\"http:\/\/www.ull.es\/eventos\/hacer-historia\/wp-content\/uploads\/sites\/56\/2024\/04\/Foto-025_150ppp_ed.jpg\" alt=\"\" class=\"wp-image-282\" srcset=\"https:\/\/www.ull.es\/eventos\/hacer-historia\/wp-content\/uploads\/sites\/56\/2024\/04\/Foto-025_150ppp_ed.jpg 999w, https:\/\/www.ull.es\/eventos\/hacer-historia\/wp-content\/uploads\/sites\/56\/2024\/04\/Foto-025_150ppp_ed-300x286.jpg 300w, https:\/\/www.ull.es\/eventos\/hacer-historia\/wp-content\/uploads\/sites\/56\/2024\/04\/Foto-025_150ppp_ed-768x733.jpg 768w, https:\/\/www.ull.es\/eventos\/hacer-historia\/wp-content\/uploads\/sites\/56\/2024\/04\/Foto-025_150ppp_ed-375x358.jpg 375w, https:\/\/www.ull.es\/eventos\/hacer-historia\/wp-content\/uploads\/sites\/56\/2024\/04\/Foto-025_150ppp_ed-750x715.jpg 750w\" sizes=\"(max-width: 999px) 100vw, 999px\" \/><\/a><\/figure>\n\n\n\n<figure class=\"wp-block-image size-large\"><a href=\"http:\/\/www.ull.es\/eventos\/hacer-historia\/wp-content\/uploads\/sites\/56\/2024\/04\/Foto-027_baja.jpg\" target=\"_blank\" rel=\"noopener\"><img loading=\"lazy\" decoding=\"async\" width=\"1024\" height=\"683\" src=\"http:\/\/www.ull.es\/eventos\/hacer-historia\/wp-content\/uploads\/sites\/56\/2024\/04\/Foto-027_baja-1024x683.jpg\" alt=\"\" class=\"wp-image-284\" srcset=\"https:\/\/www.ull.es\/eventos\/hacer-historia\/wp-content\/uploads\/sites\/56\/2024\/04\/Foto-027_baja-1024x683.jpg 1024w, https:\/\/www.ull.es\/eventos\/hacer-historia\/wp-content\/uploads\/sites\/56\/2024\/04\/Foto-027_baja-300x200.jpg 300w, https:\/\/www.ull.es\/eventos\/hacer-historia\/wp-content\/uploads\/sites\/56\/2024\/04\/Foto-027_baja-768x512.jpg 768w, https:\/\/www.ull.es\/eventos\/hacer-historia\/wp-content\/uploads\/sites\/56\/2024\/04\/Foto-027_baja-375x250.jpg 375w, https:\/\/www.ull.es\/eventos\/hacer-historia\/wp-content\/uploads\/sites\/56\/2024\/04\/Foto-027_baja-750x500.jpg 750w, https:\/\/www.ull.es\/eventos\/hacer-historia\/wp-content\/uploads\/sites\/56\/2024\/04\/Foto-027_baja-1140x760.jpg 1140w, https:\/\/www.ull.es\/eventos\/hacer-historia\/wp-content\/uploads\/sites\/56\/2024\/04\/Foto-027_baja.jpg 1500w\" sizes=\"(max-width: 1024px) 100vw, 1024px\" \/><\/a><\/figure>\n\n\n\n<figure class=\"wp-block-image size-full\"><a href=\"http:\/\/www.ull.es\/eventos\/hacer-historia\/wp-content\/uploads\/sites\/56\/2024\/04\/Foto-028_R.jpg\" target=\"_blank\" rel=\"noopener\"><img loading=\"lazy\" decoding=\"async\" width=\"1788\" height=\"1321\" src=\"http:\/\/www.ull.es\/eventos\/hacer-historia\/wp-content\/uploads\/sites\/56\/2024\/04\/Foto-028_R.jpg\" alt=\"\" class=\"wp-image-283\" srcset=\"https:\/\/www.ull.es\/eventos\/hacer-historia\/wp-content\/uploads\/sites\/56\/2024\/04\/Foto-028_R.jpg 1788w, https:\/\/www.ull.es\/eventos\/hacer-historia\/wp-content\/uploads\/sites\/56\/2024\/04\/Foto-028_R-300x222.jpg 300w, https:\/\/www.ull.es\/eventos\/hacer-historia\/wp-content\/uploads\/sites\/56\/2024\/04\/Foto-028_R-1024x757.jpg 1024w, https:\/\/www.ull.es\/eventos\/hacer-historia\/wp-content\/uploads\/sites\/56\/2024\/04\/Foto-028_R-768x567.jpg 768w, https:\/\/www.ull.es\/eventos\/hacer-historia\/wp-content\/uploads\/sites\/56\/2024\/04\/Foto-028_R-1536x1135.jpg 1536w, https:\/\/www.ull.es\/eventos\/hacer-historia\/wp-content\/uploads\/sites\/56\/2024\/04\/Foto-028_R-375x277.jpg 375w, https:\/\/www.ull.es\/eventos\/hacer-historia\/wp-content\/uploads\/sites\/56\/2024\/04\/Foto-028_R-750x554.jpg 750w, https:\/\/www.ull.es\/eventos\/hacer-historia\/wp-content\/uploads\/sites\/56\/2024\/04\/Foto-028_R-1140x842.jpg 1140w, https:\/\/www.ull.es\/eventos\/hacer-historia\/wp-content\/uploads\/sites\/56\/2024\/04\/Foto-028_R-108x81.jpg 108w\" sizes=\"(max-width: 1788px) 100vw, 1788px\" \/><\/a><\/figure>\n<figcaption class=\"blocks-gallery-caption wp-element-caption\"><br><code><br><\/code><br><br><br><code>Antonio Cubillo en su colegiaci\u00f3n como abogado en Santa Cruz de Tenerife en 1956<\/code><br><code><br>Cubillo en Baku (Azerbaiy\u00e1n) por la celebraci\u00f3n del Congreso Munidal por el Desarme General y por la Paz (Mosc\u00fa, 1962)<\/code><br><code><br>Archivador de guiones radiof\u00f3nicos de La Voz de Canarias Libre emitida desde Argel entre el 2 de diciembre de 1975 y el 25 de enero de 1978<\/code><br><code><br>Antonio Cubillo con M. Dos Santos (FRELIMO), Bokari Boiwa (MONALICO) y otro miembro del FRELIMO en Tr\u00edpoli, noviembre de 1970. IX Conferencia de la Organizaci\u00f3n de Solidaridad de los Pueblos de \u00c1frica, Asia y Am\u00e9rica Latina (OSPAA)<\/code><\/figcaption><\/figure>\n<\/div>\n\n\n\n<div class=\"wp-block-column is-layout-flow wp-block-column-is-layout-flow\" style=\"flex-basis:10%\"><\/div>\n<\/div>\n\n\n\n<div style=\"height:60px\" aria-hidden=\"true\" class=\"wp-block-spacer\"><\/div>\n\n\n\n<div class=\"wp-block-columns is-layout-flex wp-container-core-columns-is-layout-6 wp-block-columns-is-layout-flex\">\n<div class=\"wp-block-column is-layout-flow wp-block-column-is-layout-flow\" style=\"flex-basis:33.33%\"><\/div>\n\n\n\n<div class=\"wp-block-column is-layout-flow wp-block-column-is-layout-flow\" style=\"flex-basis:66.66%\">\n<p>En Argel fund\u00f3 el MPAIAC en 1964. Visita todas las capitales y embajadas de los recientemente constituidos pa\u00edses africanos para recabar apoyo pol\u00edtico, monetario y log\u00edstico para su movimiento. All\u00ed se desempe\u00f1\u00f3 como profesor universitario, periodista y estudioso de la cultura y lengua amazigh.<\/p>\n\n\n\n<p>Cubillo se relacion\u00f3 con dirigentes como Am\u00edlcar Cabral, Fidel Castro o Chu-En-Lai. En 1964 particip\u00f3 en la Conferencia de Pa\u00edses No Alineados de El Cairo, y en 1965 en la Conferencia de la Organizaci\u00f3n para la Unidad Africana. En julio de 1966 acudi\u00f3 a Pek\u00edn a la Conferencia Extraordinaria de Escritores Afro-Asi\u00e1ticos. Unos d\u00edas despu\u00e9s conoci\u00f3 personalmente a Mao-Tse-Tung. En 1968 la Organizaci\u00f3n para la Unidad Africana (OUA) aprob\u00f3 una resoluci\u00f3n de apoyo&nbsp; al MPAIAC.&nbsp;<\/p>\n\n\n\n<p>La actividad internacional fue su flanco m\u00e1s fuerte, alcanzando distintos reconocimientos entre los pa\u00edses del Tercer Mundo. En 1978 logr\u00f3 un gran triunfo en Tr\u00edpoli, al obtener el apoyo de la pr\u00e1ctica totalidad de los pa\u00edses africanos.<\/p>\n\n\n\n<p>La OUA iba a respaldar financieramente al MPAIAC y a presionar en la ONU para que se tratase el tema canario. Por eso en abril de 1978 los servicios policiales espa\u00f1oles intentaron asesinarlo, dej\u00e1ndole secuelas f\u00edsicas de por vida.&nbsp;<\/p>\n\n\n\n<p>Tras el atentado, la actividad internacional del MPAIAC se redujo paulatinamente hasta desaparecer. En el interior de las islas, la acci\u00f3n policial llev\u00f3 a cabo sonadas detenciones masivas logrando desarticular el grueso del movimiento.&nbsp;En 1985 retorn\u00f3 a las islas y reactiv\u00f3 su despacho de abogados. Trat\u00f3 de unificar al conjunto del independentismo. En 1990 consigui\u00f3 que la Audiencia Nacional condenara al Estado espa\u00f1ol por acto de terrorismo.<\/p>\n\n\n\n<p>La documentaci\u00f3n de la que disponemos fue cedida por los herederos de Antonio Cubillo y Mar\u00eda Teresa Pascual a los fondos del Archivo de la Transici\u00f3n Democr\u00e1tica en Canarias. La colecci\u00f3n est\u00e1 en proceso de catalogaci\u00f3n y digitalizaci\u00f3n.<\/p>\n\n\n\n<p>El fondo lo compone un volumen considerable de material gr\u00e1fico y audiovisual, as\u00ed como 79 archivadores de documentos y 16 cajas de recortes de prensa nacional e internacional. La mayor\u00eda del contenido est\u00e1 referido a sus actividades pol\u00edticas y, en especial, al MPAIAC.<\/p>\n<\/div>\n<\/div>\n\n\n\n<div class=\"wp-block-columns is-layout-flex wp-container-core-columns-is-layout-7 wp-block-columns-is-layout-flex\">\n<div class=\"wp-block-column is-layout-flow wp-block-column-is-layout-flow\" style=\"flex-basis:90%\">\n<figure class=\"wp-block-gallery has-nested-images columns-5 is-cropped wp-block-gallery-2 is-layout-flex wp-block-gallery-is-layout-flex\">\n<figure class=\"wp-block-image size-large is-style-default\"><a href=\"http:\/\/www.ull.es\/eventos\/hacer-historia\/wp-content\/uploads\/sites\/56\/2024\/04\/Foto-026.jpg\" target=\"_blank\" rel=\"noopener\"><img loading=\"lazy\" decoding=\"async\" width=\"1024\" height=\"356\" src=\"http:\/\/www.ull.es\/eventos\/hacer-historia\/wp-content\/uploads\/sites\/56\/2024\/04\/Foto-026-1024x356.jpg\" alt=\"\" class=\"wp-image-299\" srcset=\"https:\/\/www.ull.es\/eventos\/hacer-historia\/wp-content\/uploads\/sites\/56\/2024\/04\/Foto-026-1024x356.jpg 1024w, https:\/\/www.ull.es\/eventos\/hacer-historia\/wp-content\/uploads\/sites\/56\/2024\/04\/Foto-026-300x104.jpg 300w, https:\/\/www.ull.es\/eventos\/hacer-historia\/wp-content\/uploads\/sites\/56\/2024\/04\/Foto-026-768x267.jpg 768w, https:\/\/www.ull.es\/eventos\/hacer-historia\/wp-content\/uploads\/sites\/56\/2024\/04\/Foto-026-375x130.jpg 375w, https:\/\/www.ull.es\/eventos\/hacer-historia\/wp-content\/uploads\/sites\/56\/2024\/04\/Foto-026-750x261.jpg 750w, https:\/\/www.ull.es\/eventos\/hacer-historia\/wp-content\/uploads\/sites\/56\/2024\/04\/Foto-026-1140x396.jpg 1140w, https:\/\/www.ull.es\/eventos\/hacer-historia\/wp-content\/uploads\/sites\/56\/2024\/04\/Foto-026.jpg 1500w\" sizes=\"(max-width: 1024px) 100vw, 1024px\" \/><\/a><\/figure>\n<figcaption class=\"blocks-gallery-caption wp-element-caption\"><br><code><br>Conferencia Extraordinaria de Escritores Afro-Asi\u00e1ticos (Pek\u00edn, 1966)<\/code><br><\/figcaption><\/figure>\n<\/div>\n\n\n\n<div class=\"wp-block-column is-layout-flow wp-block-column-is-layout-flow\" style=\"flex-basis:10%\"><\/div>\n<\/div>\n<\/div>\n\n\n\n<div class=\"wp-block-column is-layout-flow wp-block-column-is-layout-flow\" style=\"flex-basis:25%\"><\/div>\n<\/div>\n\n\n\n<div class=\"wp-block-columns is-layout-flex wp-container-core-columns-is-layout-9 wp-block-columns-is-layout-flex\">\n<div class=\"wp-block-column is-layout-flow wp-block-column-is-layout-flow\" style=\"flex-basis:33.33%\"><\/div>\n\n\n\n<div class=\"wp-block-column is-layout-flow wp-block-column-is-layout-flow\" style=\"flex-basis:66.66%\">\n<div style=\"height:40px\" aria-hidden=\"true\" class=\"wp-block-spacer\"><\/div>\n\n\n\n<h5 class=\"wp-block-heading\">Materiales expuestos<\/h5>\n\n\n\n<div style=\"height:40px\" aria-hidden=\"true\" class=\"wp-block-spacer\"><\/div>\n\n\n\n<iframe loading=\"lazy\" width=\"560\" height=\"315\" src=\"https:\/\/www.youtube.com\/embed\/uWTtRxhzrEQ?si=MJRZDLsVr7gRdpu1\" title=\"YouTube video player\" frameborder=\"0\" allow=\"accelerometer; autoplay; clipboard-write; encrypted-media; gyroscope; picture-in-picture; web-share\" referrerpolicy=\"strict-origin-when-cross-origin\" allowfullscreen><\/iframe>\n<\/div>\n<\/div>\n","protected":false},"excerpt":{"rendered":"<p>Antonio L. Cubillo Ferreira naci\u00f3 en 1930. Estudi\u00f3 derecho en la Universidad de La Laguna. Se embarc\u00f3 en la aventura pol\u00edtica contra el fascismo. Abri\u00f3 un despacho como abogado laboralista en los a\u00f1os cincuenta para defender a los trabajadores y trabajadoras.&nbsp; Fruto de ese trabajo se llevaron a cabo las tres primeras huelgas obreras bajo&#8230;<\/p>\n","protected":false},"author":14,"featured_media":0,"parent":0,"menu_order":0,"comment_status":"closed","ping_status":"closed","template":"templates\/template-no-title.php","meta":{"footnotes":""},"class_list":["post-280","page","type-page","status-publish","hentry"],"_links":{"self":[{"href":"https:\/\/www.ull.es\/eventos\/hacer-historia\/wp-json\/wp\/v2\/pages\/280"}],"collection":[{"href":"https:\/\/www.ull.es\/eventos\/hacer-historia\/wp-json\/wp\/v2\/pages"}],"about":[{"href":"https:\/\/www.ull.es\/eventos\/hacer-historia\/wp-json\/wp\/v2\/types\/page"}],"author":[{"embeddable":true,"href":"https:\/\/www.ull.es\/eventos\/hacer-historia\/wp-json\/wp\/v2\/users\/14"}],"replies":[{"embeddable":true,"href":"https:\/\/www.ull.es\/eventos\/hacer-historia\/wp-json\/wp\/v2\/comments?post=280"}],"version-history":[{"count":6,"href":"https:\/\/www.ull.es\/eventos\/hacer-historia\/wp-json\/wp\/v2\/pages\/280\/revisions"}],"predecessor-version":[{"id":768,"href":"https:\/\/www.ull.es\/eventos\/hacer-historia\/wp-json\/wp\/v2\/pages\/280\/revisions\/768"}],"wp:attachment":[{"href":"https:\/\/www.ull.es\/eventos\/hacer-historia\/wp-json\/wp\/v2\/media?parent=280"}],"curies":[{"name":"wp","href":"https:\/\/api.w.org\/{rel}","templated":true}]}}