{"id":307,"date":"2024-04-15T10:06:46","date_gmt":"2024-04-15T10:06:46","guid":{"rendered":"https:\/\/www.ull.es\/eventos\/hacer-historia\/?page_id=307"},"modified":"2024-07-22T12:06:44","modified_gmt":"2024-07-22T12:06:44","slug":"otros-archivos-y-colecciones-de-personas-y-entidades","status":"publish","type":"page","link":"https:\/\/www.ull.es\/eventos\/hacer-historia\/otros-archivos-y-colecciones-de-personas-y-entidades\/","title":{"rendered":"Otros archivos y colecciones de personas y entidades"},"content":{"rendered":"\n<div class=\"wp-block-columns cabecera is-layout-flex wp-container-core-columns-is-layout-1 wp-block-columns-is-layout-flex\">\n<div class=\"wp-block-column is-layout-flow wp-block-column-is-layout-flow\">\n<figure class=\"wp-block-image size-half is-resized\"><a href=\"https:\/\/www.ull.es\/eventos\/hacer-historia\" target=\"_blank\" rel=\"noopener\"><img loading=\"lazy\" decoding=\"async\" width=\"375\" height=\"68\" src=\"https:\/\/www.ull.es\/eventos\/hacer-historia\/wp-content\/uploads\/sites\/56\/2024\/04\/hacer_historia_horizontal-375x68.png\" alt=\"\" class=\"wp-image-115\" style=\"width:200px\" srcset=\"https:\/\/www.ull.es\/eventos\/hacer-historia\/wp-content\/uploads\/sites\/56\/2024\/04\/hacer_historia_horizontal-375x68.png 375w, https:\/\/www.ull.es\/eventos\/hacer-historia\/wp-content\/uploads\/sites\/56\/2024\/04\/hacer_historia_horizontal-300x54.png 300w, https:\/\/www.ull.es\/eventos\/hacer-historia\/wp-content\/uploads\/sites\/56\/2024\/04\/hacer_historia_horizontal-768x139.png 768w, https:\/\/www.ull.es\/eventos\/hacer-historia\/wp-content\/uploads\/sites\/56\/2024\/04\/hacer_historia_horizontal-750x135.png 750w, https:\/\/www.ull.es\/eventos\/hacer-historia\/wp-content\/uploads\/sites\/56\/2024\/04\/hacer_historia_horizontal.png 969w\" sizes=\"(max-width: 375px) 100vw, 375px\" \/><\/a><\/figure>\n<\/div>\n\n\n\n<div class=\"wp-block-column is-layout-flow wp-block-column-is-layout-flow\"><\/div>\n<\/div>\n\n\n\n<div class=\"wp-block-columns is-layout-flex wp-container-core-columns-is-layout-8 wp-block-columns-is-layout-flex\">\n<div class=\"wp-block-column is-layout-flow wp-block-column-is-layout-flow\" style=\"flex-basis:75%\">\n<div class=\"wp-block-columns is-layout-flex wp-container-core-columns-is-layout-2 wp-block-columns-is-layout-flex\">\n<div class=\"wp-block-column is-layout-flow wp-block-column-is-layout-flow\" style=\"flex-basis:33.33%\"><\/div>\n\n\n\n<div class=\"wp-block-column is-layout-flow wp-block-column-is-layout-flow\" style=\"flex-basis:66.66%\"><h2 class=\"wp-block-post-title\">Otros archivos y colecciones de personas y entidades<\/h2><\/div>\n<\/div>\n\n\n\n<div class=\"wp-block-columns is-layout-flex wp-container-core-columns-is-layout-3 wp-block-columns-is-layout-flex\">\n<div class=\"wp-block-column is-layout-flow wp-block-column-is-layout-flow\" style=\"flex-basis:66.66%\"><\/div>\n\n\n\n<div class=\"wp-block-column is-layout-flow wp-block-column-is-layout-flow\" style=\"flex-basis:33.33%\"><\/div>\n<\/div>\n\n\n\n<div class=\"wp-block-columns is-layout-flex wp-container-core-columns-is-layout-4 wp-block-columns-is-layout-flex\">\n<div class=\"wp-block-column is-layout-flow wp-block-column-is-layout-flow\" style=\"flex-basis:33.33%\"><\/div>\n\n\n\n<div class=\"wp-block-column is-layout-flow wp-block-column-is-layout-flow\" style=\"flex-basis:66.66%\">\n<p>Adem\u00e1s de las cuatro grandes donaciones ya descritas, el Archivo de la Transici\u00f3n cuenta con otras donaciones de personas y entidades, a\u00fan en proceso de ordenaci\u00f3n y descripci\u00f3n. Entre estas donaciones se encuentran las siguientes:<br><\/p>\n\n\n\n<p><mark>Domingo M\u00e9ndez Rodr\u00edguez (1947-2022)<\/mark>, su donaci\u00f3n viene a completar los materiales ya existentes sobre organizaciones como la LCR, el Sindicato Obrero Canario o cuestiones relativas a la solidaridad internacional.&nbsp;&nbsp;<\/p>\n\n\n\n<p><mark>Agust\u00edn Millares Cantero (1950-)<\/mark> aporta documentaci\u00f3n sobre distintas organizaciones, fundamentalmente canarias, de los a\u00f1os 70 hasta los 90.<\/p>\n\n\n\n<p><mark>Mar\u00eda Dolores Pelayo (1943-)<\/mark>, senadora canaria en la Legislatura Constituyente y diputada en cinco legislaturas posteriores, ofrece documentaci\u00f3n sobre su labor institucional en distintas materias como divorcio, adulterio, aborto, delitos contra la libertad sexual, etc.<\/p>\n\n\n\n<p><mark>Juli\u00e1n Ayala de Armas (1941-)<\/mark>, periodista y destacado militante de la izquierda tinerfe\u00f1a, director de la revista <em>Disenso, revista canaria de an\u00e1lisis y opini\u00f3n<\/em>.<\/p>\n\n\n\n<p><mark>Gregorio Albard\u00edaz Garc\u00eda-Portillo<\/mark>, abogado laboralista, que contiene fundamentalmente materiales de distintos sindicatos canarios y estatales.<\/p>\n\n\n\n<p><mark>N\u00e9stor Mesa Felipe-Miguel Salas Bacallado<\/mark> o <mark>Enrique Reina Betancort<\/mark>, entregaron documentaci\u00f3n sobre diversas organizaciones canarias, reunida en sus procesos de&nbsp; investigaci\u00f3n en torno al MPAIAC y al MIC en Venezuela respectivamente.<\/p>\n\n\n\n<p>Una colecci\u00f3n personal an\u00f3nima con profusa documentaci\u00f3n sobre la <mark>Uni\u00f3n de Lucha Marxista Leninista (ULML)<\/mark>, pero que cuenta tambi\u00e9n con materiales muy interesantes sobre otras organizaciones.&nbsp;<\/p>\n<\/div>\n<\/div>\n\n\n\n<div style=\"height:60px\" aria-hidden=\"true\" class=\"wp-block-spacer\"><\/div>\n\n\n\n<div class=\"wp-block-columns is-layout-flex wp-container-core-columns-is-layout-5 wp-block-columns-is-layout-flex\">\n<div class=\"wp-block-column is-layout-flow wp-block-column-is-layout-flow\" style=\"flex-basis:90%\">\n<figure class=\"wp-block-gallery has-nested-images columns-4 is-cropped wp-block-gallery-1 is-layout-flex wp-block-gallery-is-layout-flex\">\n<figure class=\"wp-block-image size-full is-style-default\"><a href=\"http:\/\/www.ull.es\/eventos\/hacer-historia\/wp-content\/uploads\/sites\/56\/2024\/04\/Julian_Ayala-sin-fondo.jpg\" target=\"_blank\" rel=\"noopener\"><img loading=\"lazy\" decoding=\"async\" width=\"354\" height=\"484\" src=\"http:\/\/www.ull.es\/eventos\/hacer-historia\/wp-content\/uploads\/sites\/56\/2024\/04\/Julian_Ayala-sin-fondo.jpg\" alt=\"\" class=\"wp-image-327\" srcset=\"https:\/\/www.ull.es\/eventos\/hacer-historia\/wp-content\/uploads\/sites\/56\/2024\/04\/Julian_Ayala-sin-fondo.jpg 354w, https:\/\/www.ull.es\/eventos\/hacer-historia\/wp-content\/uploads\/sites\/56\/2024\/04\/Julian_Ayala-sin-fondo-219x300.jpg 219w\" sizes=\"(max-width: 354px) 100vw, 354px\" \/><\/a><\/figure>\n\n\n\n<figure class=\"wp-block-image size-full\"><a href=\"http:\/\/www.ull.es\/eventos\/hacer-historia\/wp-content\/uploads\/sites\/56\/2024\/04\/Ma-Dolores-Pelayo.jpg\" target=\"_blank\" rel=\"noopener\"><img loading=\"lazy\" decoding=\"async\" width=\"439\" height=\"543\" src=\"http:\/\/www.ull.es\/eventos\/hacer-historia\/wp-content\/uploads\/sites\/56\/2024\/04\/Ma-Dolores-Pelayo.jpg\" alt=\"\" class=\"wp-image-328\" srcset=\"https:\/\/www.ull.es\/eventos\/hacer-historia\/wp-content\/uploads\/sites\/56\/2024\/04\/Ma-Dolores-Pelayo.jpg 439w, https:\/\/www.ull.es\/eventos\/hacer-historia\/wp-content\/uploads\/sites\/56\/2024\/04\/Ma-Dolores-Pelayo-243x300.jpg 243w, https:\/\/www.ull.es\/eventos\/hacer-historia\/wp-content\/uploads\/sites\/56\/2024\/04\/Ma-Dolores-Pelayo-375x464.jpg 375w\" sizes=\"(max-width: 439px) 100vw, 439px\" \/><\/a><\/figure>\n\n\n\n<figure class=\"wp-block-image size-full\"><a href=\"http:\/\/www.ull.es\/eventos\/hacer-historia\/wp-content\/uploads\/sites\/56\/2024\/04\/Agustin_Millares-sin-fondo.jpg\" target=\"_blank\" rel=\"noopener\"><img loading=\"lazy\" decoding=\"async\" width=\"521\" height=\"575\" src=\"http:\/\/www.ull.es\/eventos\/hacer-historia\/wp-content\/uploads\/sites\/56\/2024\/04\/Agustin_Millares-sin-fondo.jpg\" alt=\"\" class=\"wp-image-325\" srcset=\"https:\/\/www.ull.es\/eventos\/hacer-historia\/wp-content\/uploads\/sites\/56\/2024\/04\/Agustin_Millares-sin-fondo.jpg 521w, https:\/\/www.ull.es\/eventos\/hacer-historia\/wp-content\/uploads\/sites\/56\/2024\/04\/Agustin_Millares-sin-fondo-272x300.jpg 272w, https:\/\/www.ull.es\/eventos\/hacer-historia\/wp-content\/uploads\/sites\/56\/2024\/04\/Agustin_Millares-sin-fondo-375x414.jpg 375w\" sizes=\"(max-width: 521px) 100vw, 521px\" \/><\/a><\/figure>\n\n\n\n<figure class=\"wp-block-image size-full\"><a href=\"http:\/\/www.ull.es\/eventos\/hacer-historia\/wp-content\/uploads\/sites\/56\/2024\/04\/Domingo_Mendez-sin-fondo.jpg\" target=\"_blank\" rel=\"noopener\"><img loading=\"lazy\" decoding=\"async\" width=\"503\" height=\"494\" src=\"http:\/\/www.ull.es\/eventos\/hacer-historia\/wp-content\/uploads\/sites\/56\/2024\/04\/Domingo_Mendez-sin-fondo.jpg\" alt=\"\" class=\"wp-image-326\" srcset=\"https:\/\/www.ull.es\/eventos\/hacer-historia\/wp-content\/uploads\/sites\/56\/2024\/04\/Domingo_Mendez-sin-fondo.jpg 503w, https:\/\/www.ull.es\/eventos\/hacer-historia\/wp-content\/uploads\/sites\/56\/2024\/04\/Domingo_Mendez-sin-fondo-300x295.jpg 300w, https:\/\/www.ull.es\/eventos\/hacer-historia\/wp-content\/uploads\/sites\/56\/2024\/04\/Domingo_Mendez-sin-fondo-375x368.jpg 375w, https:\/\/www.ull.es\/eventos\/hacer-historia\/wp-content\/uploads\/sites\/56\/2024\/04\/Domingo_Mendez-sin-fondo-50x50.jpg 50w\" sizes=\"(max-width: 503px) 100vw, 503px\" \/><\/a><\/figure>\n<figcaption class=\"blocks-gallery-caption wp-element-caption\"><code><br>Retrato de donantes al ATDC: Juli\u00e1n Ayala, M\u00aa Dolores Pelayo, Agust\u00edn Millares y Domingo M\u00e9ndez.<\/code><br><\/figcaption><\/figure>\n<\/div>\n\n\n\n<div class=\"wp-block-column is-layout-flow wp-block-column-is-layout-flow\" style=\"flex-basis:10%\"><\/div>\n<\/div>\n\n\n\n<div style=\"height:60px\" aria-hidden=\"true\" class=\"wp-block-spacer\"><\/div>\n\n\n\n<div class=\"wp-block-columns is-layout-flex wp-container-core-columns-is-layout-6 wp-block-columns-is-layout-flex\">\n<div class=\"wp-block-column is-layout-flow wp-block-column-is-layout-flow\" style=\"flex-basis:33.33%\"><\/div>\n\n\n\n<div class=\"wp-block-column is-layout-flow wp-block-column-is-layout-flow\" style=\"flex-basis:66.66%\">\n<p>Entre las donaciones que concentran materiales gr\u00e1ficos destacan las realizadas por <mark>Juan Jes\u00fas Arteaga Lorenzo<\/mark> sobre la campa\u00f1a electoral del Partido Comunista de Espa\u00f1a en Tenerife en las Elecciones Generales de 1977 y las colecciones de pegatinas donadas por <mark>Sergio Millares Cantero<\/mark>, <mark>Juan Manuel Cabrera S\u00e1nchez<\/mark>, <mark>Miguel S\u00e1nchez Guti\u00e9rrez<\/mark> o <mark>Alberto Mell<\/mark>. En cuanto a documentaci\u00f3n sonora y testimonios orales cabe destacar la donaci\u00f3n realizada por <mark>Domingo Gar\u00ed Montllor-Hayek<\/mark>, que incluye las entrevistas a destacados dirigentes canarios, como Fernando Sagaseta, Manuel Hermoso o Antonio Cubillo, entre un total de 16 grabaciones.<\/p>\n\n\n\n<p>Respecto a las donaciones de entidades, hemos de mencionar la del <mark>Colectivo Harimaguada (1978-2022)<\/mark>, dedicado al estudio y promoci\u00f3n de la educaci\u00f3n afectivo-sexual, as\u00ed como a la defensa de los derechos sexuales y reproductivos en Canarias; la del <mark>Sindicato de Estudiantes Canario (SEC)<\/mark>, organizaci\u00f3n estudiantil de car\u00e1cter reivindicativo que tuvo una repercusi\u00f3n muy importante en las movilizaciones de los a\u00f1os 90 y posteriores; la de la Candidatura de la <mark>Unidad de los Trabajadores de Gu\u00eda de Isora (CUT)<\/mark>, que tuvo representaci\u00f3n en el consistorio de Gu\u00eda de Isora (Tenerife) durante varios mandatos consecutivos; o la colecci\u00f3n de recortes de prensa de la <mark>Subdelegaci\u00f3n del Gobierno en Tenerife<\/mark> sobre todos los procesos electorales celebrados entre 1976 y 1996 en Canarias.<\/p>\n\n\n\n<p>Por \u00faltimo, cabe rese\u00f1ar la <mark>Colecci\u00f3n Biblioteca Canaria<\/mark> reunida por la propia Biblioteca de la ULL que cuenta con materiales diversos, entre los que destaca por su inter\u00e9s un conjunto de m\u00e1s de 600 carteles de las primeras convocatorias electorales democr\u00e1ticas en las Islas.<\/p>\n<\/div>\n<\/div>\n\n\n\n<div class=\"wp-block-columns is-layout-flex wp-container-core-columns-is-layout-7 wp-block-columns-is-layout-flex\">\n<div class=\"wp-block-column is-layout-flow wp-block-column-is-layout-flow\" style=\"flex-basis:90%\">\n<figure class=\"wp-block-gallery has-nested-images columns-4 is-cropped wp-block-gallery-2 is-layout-flex wp-block-gallery-is-layout-flex\">\n<figure class=\"wp-block-image size-large is-style-default\"><a href=\"http:\/\/www.ull.es\/eventos\/hacer-historia\/wp-content\/uploads\/sites\/56\/2024\/04\/Foto-030_96ppp.jpg\" target=\"_blank\" rel=\"noopener\"><img loading=\"lazy\" decoding=\"async\" width=\"1024\" height=\"661\" src=\"http:\/\/www.ull.es\/eventos\/hacer-historia\/wp-content\/uploads\/sites\/56\/2024\/04\/Foto-030_96ppp-1024x661.jpg\" alt=\"\" class=\"wp-image-329\" srcset=\"https:\/\/www.ull.es\/eventos\/hacer-historia\/wp-content\/uploads\/sites\/56\/2024\/04\/Foto-030_96ppp-1024x661.jpg 1024w, https:\/\/www.ull.es\/eventos\/hacer-historia\/wp-content\/uploads\/sites\/56\/2024\/04\/Foto-030_96ppp-300x194.jpg 300w, https:\/\/www.ull.es\/eventos\/hacer-historia\/wp-content\/uploads\/sites\/56\/2024\/04\/Foto-030_96ppp-768x495.jpg 768w, https:\/\/www.ull.es\/eventos\/hacer-historia\/wp-content\/uploads\/sites\/56\/2024\/04\/Foto-030_96ppp-1536x991.jpg 1536w, https:\/\/www.ull.es\/eventos\/hacer-historia\/wp-content\/uploads\/sites\/56\/2024\/04\/Foto-030_96ppp-375x242.jpg 375w, https:\/\/www.ull.es\/eventos\/hacer-historia\/wp-content\/uploads\/sites\/56\/2024\/04\/Foto-030_96ppp-750x484.jpg 750w, https:\/\/www.ull.es\/eventos\/hacer-historia\/wp-content\/uploads\/sites\/56\/2024\/04\/Foto-030_96ppp-1140x735.jpg 1140w, https:\/\/www.ull.es\/eventos\/hacer-historia\/wp-content\/uploads\/sites\/56\/2024\/04\/Foto-030_96ppp.jpg 1705w\" sizes=\"(max-width: 1024px) 100vw, 1024px\" \/><\/a><\/figure>\n\n\n\n<figure class=\"wp-block-image size-large\"><a href=\"http:\/\/www.ull.es\/eventos\/hacer-historia\/wp-content\/uploads\/sites\/56\/2024\/04\/Foto-031.jpg\" target=\"_blank\" rel=\"noopener\"><img loading=\"lazy\" decoding=\"async\" width=\"726\" height=\"1024\" src=\"http:\/\/www.ull.es\/eventos\/hacer-historia\/wp-content\/uploads\/sites\/56\/2024\/04\/Foto-031-726x1024.jpg\" alt=\"\" class=\"wp-image-330\" srcset=\"https:\/\/www.ull.es\/eventos\/hacer-historia\/wp-content\/uploads\/sites\/56\/2024\/04\/Foto-031-726x1024.jpg 726w, https:\/\/www.ull.es\/eventos\/hacer-historia\/wp-content\/uploads\/sites\/56\/2024\/04\/Foto-031-213x300.jpg 213w, https:\/\/www.ull.es\/eventos\/hacer-historia\/wp-content\/uploads\/sites\/56\/2024\/04\/Foto-031-768x1083.jpg 768w, https:\/\/www.ull.es\/eventos\/hacer-historia\/wp-content\/uploads\/sites\/56\/2024\/04\/Foto-031-1089x1536.jpg 1089w, https:\/\/www.ull.es\/eventos\/hacer-historia\/wp-content\/uploads\/sites\/56\/2024\/04\/Foto-031-1452x2048.jpg 1452w, https:\/\/www.ull.es\/eventos\/hacer-historia\/wp-content\/uploads\/sites\/56\/2024\/04\/Foto-031-375x529.jpg 375w, https:\/\/www.ull.es\/eventos\/hacer-historia\/wp-content\/uploads\/sites\/56\/2024\/04\/Foto-031-750x1058.jpg 750w, https:\/\/www.ull.es\/eventos\/hacer-historia\/wp-content\/uploads\/sites\/56\/2024\/04\/Foto-031-1140x1608.jpg 1140w, https:\/\/www.ull.es\/eventos\/hacer-historia\/wp-content\/uploads\/sites\/56\/2024\/04\/Foto-031.jpg 1631w\" sizes=\"(max-width: 726px) 100vw, 726px\" \/><\/a><\/figure>\n<figcaption class=\"blocks-gallery-caption wp-element-caption\"><code><br>Recibimiento de la militancia del PCE en Canarias a Santiago Carrillo en su visita a Tenerife. Le acompa\u00f1an Pedro Maestre, Paco \u00c1lvarez, Nicol\u00e1s P\u00e9rez Plasencia y otros en el edificio Olimpo (Sta. Cruz de Tenerife), 19 de mayo de 1977.<\/code><br><br><code><br>Cartel&nbsp; de Juan Pedro Ascanio, candidato del PCE al Senado por La Gomera y El Hierro, elecciones generales del 15 de junio de 1977.<\/code><br><\/figcaption><\/figure>\n<\/div>\n\n\n\n<div class=\"wp-block-column is-layout-flow wp-block-column-is-layout-flow\" style=\"flex-basis:10%\"><\/div>\n<\/div>\n<\/div>\n\n\n\n<div class=\"wp-block-column is-layout-flow wp-block-column-is-layout-flow\" style=\"flex-basis:25%\"><\/div>\n<\/div>\n\n\n\n<div class=\"wp-block-columns is-layout-flex wp-container-core-columns-is-layout-9 wp-block-columns-is-layout-flex\">\n<div class=\"wp-block-column is-layout-flow wp-block-column-is-layout-flow\" style=\"flex-basis:33.33%\"><\/div>\n\n\n\n<div class=\"wp-block-column is-layout-flow wp-block-column-is-layout-flow\" style=\"flex-basis:66.66%\">\n<div style=\"height:40px\" aria-hidden=\"true\" class=\"wp-block-spacer\"><\/div>\n\n\n\n<h5 class=\"wp-block-heading\">Materiales expuestos<\/h5>\n\n\n\n<div style=\"height:40px\" aria-hidden=\"true\" class=\"wp-block-spacer\"><\/div>\n\n\n\n<iframe loading=\"lazy\" width=\"560\" height=\"315\" src=\"https:\/\/www.youtube.com\/embed\/XuLAlu1bqf4?si=XeBre-VL8DAXZdWo\" title=\"YouTube video player\" frameborder=\"0\" allow=\"accelerometer; autoplay; clipboard-write; encrypted-media; gyroscope; picture-in-picture; web-share\" referrerpolicy=\"strict-origin-when-cross-origin\" allowfullscreen><\/iframe>\n<\/div>\n<\/div>\n","protected":false},"excerpt":{"rendered":"<p>Adem\u00e1s de las cuatro grandes donaciones ya descritas, el Archivo de la Transici\u00f3n cuenta con otras donaciones de personas y entidades, a\u00fan en proceso de ordenaci\u00f3n y descripci\u00f3n. Entre estas donaciones se encuentran las siguientes: Domingo M\u00e9ndez Rodr\u00edguez (1947-2022), su donaci\u00f3n viene a completar los materiales ya existentes sobre organizaciones como la LCR, el Sindicato&#8230;<\/p>\n","protected":false},"author":14,"featured_media":0,"parent":0,"menu_order":0,"comment_status":"closed","ping_status":"closed","template":"templates\/template-no-title.php","meta":{"footnotes":""},"class_list":["post-307","page","type-page","status-publish","hentry"],"_links":{"self":[{"href":"https:\/\/www.ull.es\/eventos\/hacer-historia\/wp-json\/wp\/v2\/pages\/307"}],"collection":[{"href":"https:\/\/www.ull.es\/eventos\/hacer-historia\/wp-json\/wp\/v2\/pages"}],"about":[{"href":"https:\/\/www.ull.es\/eventos\/hacer-historia\/wp-json\/wp\/v2\/types\/page"}],"author":[{"embeddable":true,"href":"https:\/\/www.ull.es\/eventos\/hacer-historia\/wp-json\/wp\/v2\/users\/14"}],"replies":[{"embeddable":true,"href":"https:\/\/www.ull.es\/eventos\/hacer-historia\/wp-json\/wp\/v2\/comments?post=307"}],"version-history":[{"count":10,"href":"https:\/\/www.ull.es\/eventos\/hacer-historia\/wp-json\/wp\/v2\/pages\/307\/revisions"}],"predecessor-version":[{"id":769,"href":"https:\/\/www.ull.es\/eventos\/hacer-historia\/wp-json\/wp\/v2\/pages\/307\/revisions\/769"}],"wp:attachment":[{"href":"https:\/\/www.ull.es\/eventos\/hacer-historia\/wp-json\/wp\/v2\/media?parent=307"}],"curies":[{"name":"wp","href":"https:\/\/api.w.org\/{rel}","templated":true}]}}