{"id":339,"date":"2024-04-15T10:52:17","date_gmt":"2024-04-15T10:52:17","guid":{"rendered":"https:\/\/www.ull.es\/eventos\/hacer-historia\/?page_id=339"},"modified":"2024-07-22T12:07:12","modified_gmt":"2024-07-22T12:07:12","slug":"las-organizaciones-del-centro-y-las-derechas-en-la-transicion","status":"publish","type":"page","link":"https:\/\/www.ull.es\/eventos\/hacer-historia\/las-organizaciones-del-centro-y-las-derechas-en-la-transicion\/","title":{"rendered":"Las organizaciones del centro y las derechas en la Transici\u00f3n"},"content":{"rendered":"\n<div class=\"wp-block-columns cabecera is-layout-flex wp-container-core-columns-is-layout-1 wp-block-columns-is-layout-flex\">\n<div class=\"wp-block-column is-layout-flow wp-block-column-is-layout-flow\">\n<figure class=\"wp-block-image size-half is-resized\"><a href=\"https:\/\/www.ull.es\/eventos\/hacer-historia\" target=\"_blank\" rel=\"noopener\"><img loading=\"lazy\" decoding=\"async\" width=\"375\" height=\"68\" src=\"https:\/\/www.ull.es\/eventos\/hacer-historia\/wp-content\/uploads\/sites\/56\/2024\/04\/hacer_historia_horizontal-375x68.png\" alt=\"\" class=\"wp-image-115\" style=\"width:200px\" srcset=\"https:\/\/www.ull.es\/eventos\/hacer-historia\/wp-content\/uploads\/sites\/56\/2024\/04\/hacer_historia_horizontal-375x68.png 375w, https:\/\/www.ull.es\/eventos\/hacer-historia\/wp-content\/uploads\/sites\/56\/2024\/04\/hacer_historia_horizontal-300x54.png 300w, https:\/\/www.ull.es\/eventos\/hacer-historia\/wp-content\/uploads\/sites\/56\/2024\/04\/hacer_historia_horizontal-768x139.png 768w, https:\/\/www.ull.es\/eventos\/hacer-historia\/wp-content\/uploads\/sites\/56\/2024\/04\/hacer_historia_horizontal-750x135.png 750w, https:\/\/www.ull.es\/eventos\/hacer-historia\/wp-content\/uploads\/sites\/56\/2024\/04\/hacer_historia_horizontal.png 969w\" sizes=\"(max-width: 375px) 100vw, 375px\" \/><\/a><\/figure>\n<\/div>\n\n\n\n<div class=\"wp-block-column is-layout-flow wp-block-column-is-layout-flow\"><\/div>\n<\/div>\n\n\n\n<div class=\"wp-block-columns is-layout-flex wp-container-core-columns-is-layout-8 wp-block-columns-is-layout-flex\">\n<div class=\"wp-block-column is-layout-flow wp-block-column-is-layout-flow\" style=\"flex-basis:75%\">\n<div class=\"wp-block-columns is-layout-flex wp-container-core-columns-is-layout-2 wp-block-columns-is-layout-flex\">\n<div class=\"wp-block-column is-layout-flow wp-block-column-is-layout-flow\" style=\"flex-basis:33.33%\"><\/div>\n\n\n\n<div class=\"wp-block-column is-layout-flow wp-block-column-is-layout-flow\" style=\"flex-basis:66.66%\"><h2 class=\"wp-block-post-title\">Las organizaciones del centro y las derechas en la Transici\u00f3n<\/h2><\/div>\n<\/div>\n\n\n\n<div class=\"wp-block-columns is-layout-flex wp-container-core-columns-is-layout-3 wp-block-columns-is-layout-flex\">\n<div class=\"wp-block-column is-layout-flow wp-block-column-is-layout-flow\" style=\"flex-basis:66.66%\"><\/div>\n\n\n\n<div class=\"wp-block-column is-layout-flow wp-block-column-is-layout-flow\" style=\"flex-basis:33.33%\"><\/div>\n<\/div>\n\n\n\n<div class=\"wp-block-columns is-layout-flex wp-container-core-columns-is-layout-4 wp-block-columns-is-layout-flex\">\n<div class=\"wp-block-column is-layout-flow wp-block-column-is-layout-flow\" style=\"flex-basis:33.33%\"><\/div>\n\n\n\n<div class=\"wp-block-column is-layout-flow wp-block-column-is-layout-flow\" style=\"flex-basis:66.66%\">\n<p>Uno de los aspectos que presenta una mayor complejidad a la hora de entender la Transici\u00f3n es la evoluci\u00f3n que siguieron los grupos que tradicionalmente ubicamos en el espectro pol\u00edtico del centro y la derecha. Herederos en su mayor parte de las distintas familias pol\u00edticas que compon\u00edan el r\u00e9gimen franquista, procedentes de un entorno econ\u00f3mico adaptado a las circunstancias de aquel r\u00e9gimen, miembros en muchos casos de la administraci\u00f3n gubernamental dirigente, tambi\u00e9n estos grupos tuvieron que reconfigurarse&nbsp; ante la necesidad de disputar el poder en el nuevo tiempo que se abr\u00eda.<\/p>\n<\/div>\n<\/div>\n\n\n\n<div style=\"height:60px\" aria-hidden=\"true\" class=\"wp-block-spacer\"><\/div>\n\n\n\n<div class=\"wp-block-columns is-layout-flex wp-container-core-columns-is-layout-5 wp-block-columns-is-layout-flex\">\n<div class=\"wp-block-column is-layout-flow wp-block-column-is-layout-flow\" style=\"flex-basis:90%\">\n<figure class=\"wp-block-gallery has-nested-images columns-4 is-cropped wp-block-gallery-1 is-layout-flex wp-block-gallery-is-layout-flex\">\n<figure class=\"wp-block-image size-large is-style-default\"><a href=\"http:\/\/www.ull.es\/eventos\/hacer-historia\/wp-content\/uploads\/sites\/56\/2024\/04\/Foto-036_R.jpg\" target=\"_blank\" rel=\"noopener\"><img loading=\"lazy\" decoding=\"async\" width=\"477\" height=\"1024\" src=\"http:\/\/www.ull.es\/eventos\/hacer-historia\/wp-content\/uploads\/sites\/56\/2024\/04\/Foto-036_R-477x1024.jpg\" alt=\"\" class=\"wp-image-344\" srcset=\"https:\/\/www.ull.es\/eventos\/hacer-historia\/wp-content\/uploads\/sites\/56\/2024\/04\/Foto-036_R-477x1024.jpg 477w, https:\/\/www.ull.es\/eventos\/hacer-historia\/wp-content\/uploads\/sites\/56\/2024\/04\/Foto-036_R-140x300.jpg 140w, https:\/\/www.ull.es\/eventos\/hacer-historia\/wp-content\/uploads\/sites\/56\/2024\/04\/Foto-036_R-768x1648.jpg 768w, https:\/\/www.ull.es\/eventos\/hacer-historia\/wp-content\/uploads\/sites\/56\/2024\/04\/Foto-036_R-716x1536.jpg 716w, https:\/\/www.ull.es\/eventos\/hacer-historia\/wp-content\/uploads\/sites\/56\/2024\/04\/Foto-036_R-955x2048.jpg 955w, https:\/\/www.ull.es\/eventos\/hacer-historia\/wp-content\/uploads\/sites\/56\/2024\/04\/Foto-036_R-375x804.jpg 375w, https:\/\/www.ull.es\/eventos\/hacer-historia\/wp-content\/uploads\/sites\/56\/2024\/04\/Foto-036_R-750x1609.jpg 750w, https:\/\/www.ull.es\/eventos\/hacer-historia\/wp-content\/uploads\/sites\/56\/2024\/04\/Foto-036_R.jpg 991w\" sizes=\"(max-width: 477px) 100vw, 477px\" \/><\/a><\/figure>\n\n\n\n<figure class=\"wp-block-image size-full\"><a href=\"http:\/\/www.ull.es\/eventos\/hacer-historia\/wp-content\/uploads\/sites\/56\/2024\/04\/Foto-033_R.jpg\" target=\"_blank\" rel=\"noopener\"><img loading=\"lazy\" decoding=\"async\" width=\"664\" height=\"1011\" src=\"http:\/\/www.ull.es\/eventos\/hacer-historia\/wp-content\/uploads\/sites\/56\/2024\/04\/Foto-033_R.jpg\" alt=\"\" class=\"wp-image-341\" srcset=\"https:\/\/www.ull.es\/eventos\/hacer-historia\/wp-content\/uploads\/sites\/56\/2024\/04\/Foto-033_R.jpg 664w, https:\/\/www.ull.es\/eventos\/hacer-historia\/wp-content\/uploads\/sites\/56\/2024\/04\/Foto-033_R-197x300.jpg 197w, https:\/\/www.ull.es\/eventos\/hacer-historia\/wp-content\/uploads\/sites\/56\/2024\/04\/Foto-033_R-375x571.jpg 375w\" sizes=\"(max-width: 664px) 100vw, 664px\" \/><\/a><\/figure>\n\n\n\n<figure class=\"wp-block-image size-large\"><a href=\"http:\/\/www.ull.es\/eventos\/hacer-historia\/wp-content\/uploads\/sites\/56\/2024\/04\/Foto-034_R.jpg\" target=\"_blank\" rel=\"noopener\"><img loading=\"lazy\" decoding=\"async\" width=\"1024\" height=\"755\" src=\"http:\/\/www.ull.es\/eventos\/hacer-historia\/wp-content\/uploads\/sites\/56\/2024\/04\/Foto-034_R-1024x755.jpg\" alt=\"\" class=\"wp-image-342\" srcset=\"https:\/\/www.ull.es\/eventos\/hacer-historia\/wp-content\/uploads\/sites\/56\/2024\/04\/Foto-034_R-1024x755.jpg 1024w, https:\/\/www.ull.es\/eventos\/hacer-historia\/wp-content\/uploads\/sites\/56\/2024\/04\/Foto-034_R-300x221.jpg 300w, https:\/\/www.ull.es\/eventos\/hacer-historia\/wp-content\/uploads\/sites\/56\/2024\/04\/Foto-034_R-768x566.jpg 768w, https:\/\/www.ull.es\/eventos\/hacer-historia\/wp-content\/uploads\/sites\/56\/2024\/04\/Foto-034_R-1536x1133.jpg 1536w, https:\/\/www.ull.es\/eventos\/hacer-historia\/wp-content\/uploads\/sites\/56\/2024\/04\/Foto-034_R-375x277.jpg 375w, https:\/\/www.ull.es\/eventos\/hacer-historia\/wp-content\/uploads\/sites\/56\/2024\/04\/Foto-034_R-750x553.jpg 750w, https:\/\/www.ull.es\/eventos\/hacer-historia\/wp-content\/uploads\/sites\/56\/2024\/04\/Foto-034_R-1140x841.jpg 1140w, https:\/\/www.ull.es\/eventos\/hacer-historia\/wp-content\/uploads\/sites\/56\/2024\/04\/Foto-034_R-108x81.jpg 108w, https:\/\/www.ull.es\/eventos\/hacer-historia\/wp-content\/uploads\/sites\/56\/2024\/04\/Foto-034_R.jpg 2018w\" sizes=\"(max-width: 1024px) 100vw, 1024px\" \/><\/a><\/figure>\n\n\n\n<figure class=\"wp-block-image size-large\"><a href=\"http:\/\/www.ull.es\/eventos\/hacer-historia\/wp-content\/uploads\/sites\/56\/2024\/04\/Foto-032_R.jpg\" target=\"_blank\" rel=\"noopener\"><img loading=\"lazy\" decoding=\"async\" width=\"1024\" height=\"741\" src=\"http:\/\/www.ull.es\/eventos\/hacer-historia\/wp-content\/uploads\/sites\/56\/2024\/04\/Foto-032_R-1024x741.jpg\" alt=\"\" class=\"wp-image-340\" srcset=\"https:\/\/www.ull.es\/eventos\/hacer-historia\/wp-content\/uploads\/sites\/56\/2024\/04\/Foto-032_R-1024x741.jpg 1024w, https:\/\/www.ull.es\/eventos\/hacer-historia\/wp-content\/uploads\/sites\/56\/2024\/04\/Foto-032_R-300x217.jpg 300w, https:\/\/www.ull.es\/eventos\/hacer-historia\/wp-content\/uploads\/sites\/56\/2024\/04\/Foto-032_R-768x556.jpg 768w, https:\/\/www.ull.es\/eventos\/hacer-historia\/wp-content\/uploads\/sites\/56\/2024\/04\/Foto-032_R-1536x1112.jpg 1536w, https:\/\/www.ull.es\/eventos\/hacer-historia\/wp-content\/uploads\/sites\/56\/2024\/04\/Foto-032_R-2048x1483.jpg 2048w, https:\/\/www.ull.es\/eventos\/hacer-historia\/wp-content\/uploads\/sites\/56\/2024\/04\/Foto-032_R-375x271.jpg 375w, https:\/\/www.ull.es\/eventos\/hacer-historia\/wp-content\/uploads\/sites\/56\/2024\/04\/Foto-032_R-750x543.jpg 750w, https:\/\/www.ull.es\/eventos\/hacer-historia\/wp-content\/uploads\/sites\/56\/2024\/04\/Foto-032_R-1140x825.jpg 1140w\" sizes=\"(max-width: 1024px) 100vw, 1024px\" \/><\/a><\/figure>\n<figcaption class=\"blocks-gallery-caption wp-element-caption\"><br><code><br>Panfleto de Fuerza Nueva (1979)<\/code><br><code><br>Leoncio Oramas Tolosa en 1976. Ocup\u00f3 la alcald\u00eda de Santa Cruz de Tenerife entre 1975 y 1977<\/code><br><code><br>Adolfo Su\u00e1rez y Amparo Illana en plaza de Garachico el 23 de abril de 1978<\/code><br><br><code>Papeleta de voto a la Coalici\u00f3n Alianza Popular - Partido Dem\u00f3crata Popular - Uni\u00f3n Liberal (AP-PDP-UL) en las Elecciones al Parlamento Canario de 1983<\/code><br><\/figcaption><\/figure>\n<\/div>\n\n\n\n<div class=\"wp-block-column is-layout-flow wp-block-column-is-layout-flow\" style=\"flex-basis:10%\"><\/div>\n<\/div>\n\n\n\n<div style=\"height:60px\" aria-hidden=\"true\" class=\"wp-block-spacer\"><\/div>\n\n\n\n<div class=\"wp-block-columns is-layout-flex wp-container-core-columns-is-layout-6 wp-block-columns-is-layout-flex\">\n<div class=\"wp-block-column is-layout-flow wp-block-column-is-layout-flow\" style=\"flex-basis:33.33%\"><\/div>\n\n\n\n<div class=\"wp-block-column is-layout-flow wp-block-column-is-layout-flow\" style=\"flex-basis:66.66%\">\n<p>El archivo que presentamos ofrece documentaci\u00f3n que nos permite observar c\u00f3mo aquella transici\u00f3n deriv\u00f3 en una pluralidad de ofertas pol\u00edticas m\u00e1s o menos exitosas. Acontecimientos como la campa\u00f1a por el refer\u00e9ndum de aprobaci\u00f3n de la Constituci\u00f3n mostraron que, a pesar de proceder de entornos privilegiados (o quiz\u00e1s precisamente por eso), no todos los sectores sobrevivieron a la participaci\u00f3n en un espacio p\u00fablico en v\u00edas de democratizarse. El uso de referencias demasiado apegadas al r\u00e9gimen que se dejaba atr\u00e1s lastr\u00f3 definitivamente a determinados grupos, que tuvieron que aprender a adecuar su discurso, su imagen y su actuar pol\u00edtico a las nuevas condiciones.&nbsp;<\/p>\n\n\n\n<p>Es en este contexto en el que surgen plataformas pol\u00edticas que tendr\u00e1n como funci\u00f3n principal hacer m\u00e1s transitable el paso del r\u00e9gimen franquista a la democracia a aquellos sectores provenientes del primero. Es paradigm\u00e1tico el papel representado en este sentido por la Uni\u00f3n de Centro Democr\u00e1tico (UCD) liderada a nivel nacional por Adolfo Su\u00e1rez. En sus filas aprendieron a hacer pol\u00edtica personalidades que en los a\u00f1os siguientes definieron el mapa pol\u00edtico de las derechas en las islas.&nbsp;<\/p>\n\n\n\n<p>Pero la transici\u00f3n no s\u00f3lo hubieron de hacerla las instituciones estrictamente pol\u00edticas. Los grupos que en el r\u00e9gimen franquista dispusieron de libertad para intervenir en la vida p\u00fablica tambi\u00e9n tuvieron que adecuarse a los nuevos tiempos. Canarias es, en este sentido, un lugar privilegiado desde el que observar cu\u00e1l fue el papel del ej\u00e9rcito, tan presente en el espacio p\u00fablico insular, en aquel proceso; cu\u00e1l fue el papel de la Iglesia cat\u00f3lica, cuyos grupos, complejos y dispares, apoyaron expl\u00edcitamente a las opciones pol\u00edticas de derechas, en unos casos, y fueron se\u00f1alados como traidores por esas opciones en otros; c\u00f3mo se adaptaron los distintos grupos econ\u00f3micos a la nueva situaci\u00f3n pol\u00edtica; de qu\u00e9 manera se acentu\u00f3, sobre todo a partir de 1982, el modelo econ\u00f3mico basado en el turismo y el desarrollo inmobiliario que en Canarias hab\u00eda venido imponi\u00e9ndose desde d\u00e9cadas atr\u00e1s, y cu\u00e1les fueron (y son) sus consecuencias\u2026<\/p>\n\n\n\n<p>El Archivo de la Transici\u00f3n, abierto siempre a nuevas incorporaciones, ofrece en este sentido la posibilidad de rastrear la evoluci\u00f3n de estos grupos que de manera tan decisiva han definido la realidad canaria y, sobre todo, nos permite ampliar y debatir la visi\u00f3n que tradicionalmente se ha tenido sobre ellos.<\/p>\n<\/div>\n<\/div>\n\n\n\n<div class=\"wp-block-columns is-layout-flex wp-container-core-columns-is-layout-7 wp-block-columns-is-layout-flex\">\n<div class=\"wp-block-column is-layout-flow wp-block-column-is-layout-flow\" style=\"flex-basis:50%\">\n<figure class=\"wp-block-gallery has-nested-images columns-4 is-cropped wp-block-gallery-2 is-layout-flex wp-block-gallery-is-layout-flex\">\n<figure class=\"wp-block-image size-medium\"><a href=\"https:\/\/www.ull.es\/eventos\/hacer-historia\/wp-content\/uploads\/sites\/56\/2024\/04\/Foto-035-scaled.jpg\" target=\"_blank\" rel=\"noopener\"><img loading=\"lazy\" decoding=\"async\" width=\"201\" height=\"300\" src=\"https:\/\/www.ull.es\/eventos\/hacer-historia\/wp-content\/uploads\/sites\/56\/2024\/04\/Foto-035-201x300.jpg\" alt=\"\" class=\"wp-image-343\" srcset=\"https:\/\/www.ull.es\/eventos\/hacer-historia\/wp-content\/uploads\/sites\/56\/2024\/04\/Foto-035-201x300.jpg 201w, https:\/\/www.ull.es\/eventos\/hacer-historia\/wp-content\/uploads\/sites\/56\/2024\/04\/Foto-035-686x1024.jpg 686w, https:\/\/www.ull.es\/eventos\/hacer-historia\/wp-content\/uploads\/sites\/56\/2024\/04\/Foto-035-768x1147.jpg 768w, https:\/\/www.ull.es\/eventos\/hacer-historia\/wp-content\/uploads\/sites\/56\/2024\/04\/Foto-035-1028x1536.jpg 1028w, https:\/\/www.ull.es\/eventos\/hacer-historia\/wp-content\/uploads\/sites\/56\/2024\/04\/Foto-035-1371x2048.jpg 1371w, https:\/\/www.ull.es\/eventos\/hacer-historia\/wp-content\/uploads\/sites\/56\/2024\/04\/Foto-035-375x560.jpg 375w, https:\/\/www.ull.es\/eventos\/hacer-historia\/wp-content\/uploads\/sites\/56\/2024\/04\/Foto-035-750x1120.jpg 750w, https:\/\/www.ull.es\/eventos\/hacer-historia\/wp-content\/uploads\/sites\/56\/2024\/04\/Foto-035-1140x1703.jpg 1140w, https:\/\/www.ull.es\/eventos\/hacer-historia\/wp-content\/uploads\/sites\/56\/2024\/04\/Foto-035-scaled.jpg 1714w\" sizes=\"(max-width: 201px) 100vw, 201px\" \/><\/a><\/figure>\n<figcaption class=\"blocks-gallery-caption wp-element-caption\"><br><code><br>Cartel electoral de Manuel Hermoso en las elecciones locales de 15 de mayo de 1983<\/code><br><\/figcaption><\/figure>\n<\/div>\n\n\n\n<div class=\"wp-block-column is-layout-flow wp-block-column-is-layout-flow\" style=\"flex-basis:50%\"><\/div>\n<\/div>\n<\/div>\n\n\n\n<div class=\"wp-block-column is-layout-flow wp-block-column-is-layout-flow\" style=\"flex-basis:25%\"><\/div>\n<\/div>\n\n\n\n<div class=\"wp-block-columns is-layout-flex wp-container-core-columns-is-layout-9 wp-block-columns-is-layout-flex\">\n<div class=\"wp-block-column is-layout-flow wp-block-column-is-layout-flow\" style=\"flex-basis:33.33%\"><\/div>\n\n\n\n<div class=\"wp-block-column is-layout-flow wp-block-column-is-layout-flow\" style=\"flex-basis:66.66%\">\n<div style=\"height:40px\" aria-hidden=\"true\" class=\"wp-block-spacer\"><\/div>\n\n\n\n<h5 class=\"wp-block-heading\">Materiales expuestos<\/h5>\n\n\n\n<div style=\"height:40px\" aria-hidden=\"true\" class=\"wp-block-spacer\"><\/div>\n\n\n\n<iframe loading=\"lazy\" width=\"560\" height=\"315\" src=\"https:\/\/www.youtube.com\/embed\/NQHDANUAQkQ?si=beSvWFMNBIyZjyfp\" title=\"YouTube video player\" frameborder=\"0\" allow=\"accelerometer; autoplay; clipboard-write; encrypted-media; gyroscope; picture-in-picture; web-share\" referrerpolicy=\"strict-origin-when-cross-origin\" allowfullscreen><\/iframe>\n<\/div>\n<\/div>\n","protected":false},"excerpt":{"rendered":"<p>Uno de los aspectos que presenta una mayor complejidad a la hora de entender la Transici\u00f3n es la evoluci\u00f3n que siguieron los grupos que tradicionalmente ubicamos en el espectro pol\u00edtico del centro y la derecha. Herederos en su mayor parte de las distintas familias pol\u00edticas que compon\u00edan el r\u00e9gimen franquista, procedentes de un entorno econ\u00f3mico&#8230;<\/p>\n","protected":false},"author":14,"featured_media":0,"parent":0,"menu_order":0,"comment_status":"closed","ping_status":"closed","template":"templates\/template-no-title.php","meta":{"footnotes":""},"class_list":["post-339","page","type-page","status-publish","hentry"],"_links":{"self":[{"href":"https:\/\/www.ull.es\/eventos\/hacer-historia\/wp-json\/wp\/v2\/pages\/339"}],"collection":[{"href":"https:\/\/www.ull.es\/eventos\/hacer-historia\/wp-json\/wp\/v2\/pages"}],"about":[{"href":"https:\/\/www.ull.es\/eventos\/hacer-historia\/wp-json\/wp\/v2\/types\/page"}],"author":[{"embeddable":true,"href":"https:\/\/www.ull.es\/eventos\/hacer-historia\/wp-json\/wp\/v2\/users\/14"}],"replies":[{"embeddable":true,"href":"https:\/\/www.ull.es\/eventos\/hacer-historia\/wp-json\/wp\/v2\/comments?post=339"}],"version-history":[{"count":4,"href":"https:\/\/www.ull.es\/eventos\/hacer-historia\/wp-json\/wp\/v2\/pages\/339\/revisions"}],"predecessor-version":[{"id":770,"href":"https:\/\/www.ull.es\/eventos\/hacer-historia\/wp-json\/wp\/v2\/pages\/339\/revisions\/770"}],"wp:attachment":[{"href":"https:\/\/www.ull.es\/eventos\/hacer-historia\/wp-json\/wp\/v2\/media?parent=339"}],"curies":[{"name":"wp","href":"https:\/\/api.w.org\/{rel}","templated":true}]}}