{"id":382,"date":"2024-04-15T12:20:26","date_gmt":"2024-04-15T12:20:26","guid":{"rendered":"https:\/\/www.ull.es\/eventos\/hacer-historia\/?page_id=382"},"modified":"2024-12-20T09:46:21","modified_gmt":"2024-12-20T09:46:21","slug":"actividades","status":"publish","type":"page","link":"https:\/\/www.ull.es\/eventos\/hacer-historia\/actividades\/","title":{"rendered":"Programa"},"content":{"rendered":"\n<div class=\"wp-block-columns cabecera is-layout-flex wp-container-core-columns-is-layout-1 wp-block-columns-is-layout-flex\">\n<div class=\"wp-block-column is-layout-flow wp-block-column-is-layout-flow\">\n<figure class=\"wp-block-image size-half is-resized\"><a href=\"https:\/\/www.ull.es\/eventos\/hacer-historia\" target=\"_blank\" rel=\"noopener\"><img loading=\"lazy\" decoding=\"async\" width=\"375\" height=\"68\" src=\"https:\/\/www.ull.es\/eventos\/hacer-historia\/wp-content\/uploads\/sites\/56\/2024\/04\/hacer_historia_horizontal-375x68.png\" alt=\"\" class=\"wp-image-115\" style=\"width:200px\" srcset=\"https:\/\/www.ull.es\/eventos\/hacer-historia\/wp-content\/uploads\/sites\/56\/2024\/04\/hacer_historia_horizontal-375x68.png 375w, https:\/\/www.ull.es\/eventos\/hacer-historia\/wp-content\/uploads\/sites\/56\/2024\/04\/hacer_historia_horizontal-300x54.png 300w, https:\/\/www.ull.es\/eventos\/hacer-historia\/wp-content\/uploads\/sites\/56\/2024\/04\/hacer_historia_horizontal-768x139.png 768w, https:\/\/www.ull.es\/eventos\/hacer-historia\/wp-content\/uploads\/sites\/56\/2024\/04\/hacer_historia_horizontal-750x135.png 750w, https:\/\/www.ull.es\/eventos\/hacer-historia\/wp-content\/uploads\/sites\/56\/2024\/04\/hacer_historia_horizontal.png 969w\" sizes=\"(max-width: 375px) 100vw, 375px\" \/><\/a><\/figure>\n<\/div>\n\n\n\n<div class=\"wp-block-column is-layout-flow wp-block-column-is-layout-flow\"><\/div>\n<\/div>\n\n\n\n<div class=\"wp-block-columns is-layout-flex wp-container-core-columns-is-layout-8 wp-block-columns-is-layout-flex\">\n<div class=\"wp-block-column is-layout-flow wp-block-column-is-layout-flow\" style=\"flex-basis:75%\">\n<div class=\"wp-block-columns is-layout-flex wp-container-core-columns-is-layout-2 wp-block-columns-is-layout-flex\">\n<div class=\"wp-block-column is-layout-flow wp-block-column-is-layout-flow\" style=\"flex-basis:33.33%\"><\/div>\n\n\n\n<div class=\"wp-block-column is-layout-flow wp-block-column-is-layout-flow\" style=\"flex-basis:66.66%\"><h2 class=\"wp-block-post-title\">Programa<\/h2><\/div>\n<\/div>\n\n\n\n<div class=\"wp-block-columns is-layout-flex wp-container-core-columns-is-layout-3 wp-block-columns-is-layout-flex\">\n<div class=\"wp-block-column is-layout-flow wp-block-column-is-layout-flow\" style=\"flex-basis:66.66%\">\n<figure class=\"wp-block-image size-large\"><a href=\"http:\/\/www.ull.es\/eventos\/hacer-historia\/wp-content\/uploads\/sites\/56\/2024\/04\/abortos-clandestinos-typo.png\" target=\"_blank\" rel=\"noopener\"><img loading=\"lazy\" decoding=\"async\" width=\"1024\" height=\"220\" src=\"http:\/\/www.ull.es\/eventos\/hacer-historia\/wp-content\/uploads\/sites\/56\/2024\/04\/abortos-clandestinos-typo-1024x220.png\" alt=\"\" class=\"wp-image-36\" srcset=\"https:\/\/www.ull.es\/eventos\/hacer-historia\/wp-content\/uploads\/sites\/56\/2024\/04\/abortos-clandestinos-typo-1024x220.png 1024w, https:\/\/www.ull.es\/eventos\/hacer-historia\/wp-content\/uploads\/sites\/56\/2024\/04\/abortos-clandestinos-typo-300x65.png 300w, https:\/\/www.ull.es\/eventos\/hacer-historia\/wp-content\/uploads\/sites\/56\/2024\/04\/abortos-clandestinos-typo-768x165.png 768w, https:\/\/www.ull.es\/eventos\/hacer-historia\/wp-content\/uploads\/sites\/56\/2024\/04\/abortos-clandestinos-typo-1536x330.png 1536w, https:\/\/www.ull.es\/eventos\/hacer-historia\/wp-content\/uploads\/sites\/56\/2024\/04\/abortos-clandestinos-typo-2048x440.png 2048w, https:\/\/www.ull.es\/eventos\/hacer-historia\/wp-content\/uploads\/sites\/56\/2024\/04\/abortos-clandestinos-typo-375x81.png 375w, https:\/\/www.ull.es\/eventos\/hacer-historia\/wp-content\/uploads\/sites\/56\/2024\/04\/abortos-clandestinos-typo-750x161.png 750w, https:\/\/www.ull.es\/eventos\/hacer-historia\/wp-content\/uploads\/sites\/56\/2024\/04\/abortos-clandestinos-typo-1140x245.png 1140w\" sizes=\"(max-width: 1024px) 100vw, 1024px\" \/><\/a><\/figure>\n<\/div>\n\n\n\n<div class=\"wp-block-column is-layout-flow wp-block-column-is-layout-flow\" style=\"flex-basis:33.33%\"><\/div>\n<\/div>\n\n\n\n<div class=\"wp-block-columns is-layout-flex wp-container-core-columns-is-layout-4 wp-block-columns-is-layout-flex\">\n<div class=\"wp-block-column is-layout-flow wp-block-column-is-layout-flow\" style=\"flex-basis:33.33%\"><\/div>\n\n\n\n<div class=\"wp-block-column is-layout-flow wp-block-column-is-layout-flow\" style=\"flex-basis:66.66%\">\n<h3 class=\"wp-block-heading\"><code>Martes, 23 de abril<\/code><\/h3>\n\n\n\n<p><mark>10.30 h.<\/mark><br>Donaci\u00f3n de Alumni ULL.<br>Firma de la donaci\u00f3n de la familia Millares.<br>Firma de la donaci\u00f3n de Jos\u00e9 Luis Escohotado Ibor.<\/p>\n\n\n\n<p><mark>11.00 h.<\/mark> Inauguraci\u00f3n de la exposici\u00f3n \u201cHacer historia: el Archivo de la Transici\u00f3n Democr\u00e1tica en Canarias de la Biblioteca de la ULL\u201d.<\/p>\n\n\n\n<p><mark>11.30 h.<\/mark> Actuaci\u00f3n de la Agrupaci\u00f3n de Teatro de Filolog\u00eda.<\/p>\n\n\n\n<p><mark>12.00 h.<\/mark> Mesa Redonda: <mark>\u201cARCHIVOS Y MEMORIA DEMOCR\u00c1TICA. DIFICULTADES Y RETOS\u201d.<\/mark> Participan:<\/p>\n\n\n\n<ul class=\"wp-block-list\">\n<li class=\"has-small-font-size\"><strong>Emilio Rosillo Clement<\/strong>, Director del Archivo de la Democracia de la Universidad de Alicante.<\/li>\n\n\n\n<li class=\"has-small-font-size\"><strong>Juan Manuel Brito D\u00edaz<\/strong>, profesor de Historia de la ULPGC, Archivo de movimientos sociales de Gran Canaria, Centro de Estudios y Difusi\u00f3n del Atl\u00e1ntico (CEDA).<\/li>\n\n\n\n<li class=\"has-small-font-size\"><strong>Domingo Gari-Montllor Hayek<\/strong>, profesor de Historia Contempor\u00e1nea de la ULL.<\/li>\n\n\n\n<li class=\"has-small-font-size\"><strong>Alberto B\u00e1ez Garc\u00eda<\/strong>, investigador y profesor de Ciencia Pol\u00edtica de la ULL.<\/li>\n\n\n\n<li class=\"has-small-font-size\">Modera: <strong>Inma Blasco Herranz<\/strong>, profesora de Historia Contempor\u00e1nea de la ULL.<\/li>\n<\/ul>\n\n\n\n<p><mark>18.00 h.<\/mark> Proyecci\u00f3n del extracto de la pel\u00edcula documental <mark>\u201cQUESADA: LA VERDAD DEL SILENCIO\u201d.<\/mark> Debate posterior con el director <strong>Iv\u00e1n L\u00f3pez<\/strong> y el productor <strong>Lamberto Guerra<\/strong>.<\/p>\n<\/div>\n<\/div>\n\n\n\n<div class=\"wp-block-columns is-layout-flex wp-container-core-columns-is-layout-5 wp-block-columns-is-layout-flex\">\n<div class=\"wp-block-column is-layout-flow wp-block-column-is-layout-flow\" style=\"flex-basis:66.66%\">\n<figure class=\"wp-block-image size-large\"><a href=\"http:\/\/www.ull.es\/eventos\/hacer-historia\/wp-content\/uploads\/sites\/56\/2024\/04\/policia_b.png\" target=\"_blank\" rel=\"noopener\"><img loading=\"lazy\" decoding=\"async\" width=\"1024\" height=\"645\" src=\"http:\/\/www.ull.es\/eventos\/hacer-historia\/wp-content\/uploads\/sites\/56\/2024\/04\/policia_b-1024x645.png\" alt=\"\" class=\"wp-image-411\" srcset=\"https:\/\/www.ull.es\/eventos\/hacer-historia\/wp-content\/uploads\/sites\/56\/2024\/04\/policia_b-1024x645.png 1024w, https:\/\/www.ull.es\/eventos\/hacer-historia\/wp-content\/uploads\/sites\/56\/2024\/04\/policia_b-300x189.png 300w, https:\/\/www.ull.es\/eventos\/hacer-historia\/wp-content\/uploads\/sites\/56\/2024\/04\/policia_b-768x484.png 768w, https:\/\/www.ull.es\/eventos\/hacer-historia\/wp-content\/uploads\/sites\/56\/2024\/04\/policia_b-375x236.png 375w, https:\/\/www.ull.es\/eventos\/hacer-historia\/wp-content\/uploads\/sites\/56\/2024\/04\/policia_b-750x473.png 750w, https:\/\/www.ull.es\/eventos\/hacer-historia\/wp-content\/uploads\/sites\/56\/2024\/04\/policia_b-1140x718.png 1140w, https:\/\/www.ull.es\/eventos\/hacer-historia\/wp-content\/uploads\/sites\/56\/2024\/04\/policia_b.png 1500w\" sizes=\"(max-width: 1024px) 100vw, 1024px\" \/><\/a><\/figure>\n<\/div>\n\n\n\n<div class=\"wp-block-column is-layout-flow wp-block-column-is-layout-flow\" style=\"flex-basis:33.33%\"><\/div>\n<\/div>\n\n\n\n<div class=\"wp-block-columns is-layout-flex wp-container-core-columns-is-layout-6 wp-block-columns-is-layout-flex\">\n<div class=\"wp-block-column is-layout-flow wp-block-column-is-layout-flow\" style=\"flex-basis:33.33%\"><\/div>\n\n\n\n<div class=\"wp-block-column is-layout-flow wp-block-column-is-layout-flow\" style=\"flex-basis:66.66%\">\n<h3 class=\"wp-block-heading\"><code>Viernes, 26 de abril<\/code><\/h3>\n\n\n\n<p><mark>18.00 h.<\/mark> Sesi\u00f3n de Lectura a partir de la obra de teatro \u201cLa inmortalidad\u201d a cargo del autor, el dramaturgo <strong>Antonio Tabares<\/strong>. Con representaci\u00f3n de una escena y amenizado con referencias musicales de la obra.<br><\/p>\n\n\n\n<h3 class=\"wp-block-heading\"><code>Martes, 30 de abril<\/code><\/h3>\n\n\n\n<p><mark>18.00 h.<\/mark> <mark>TALLER DE ELABORACI\u00d3N DE FANZINES<\/mark> a cargo de <strong>Ana Mart\u00edn de Horcajada<\/strong> Acci\u00f3n-Edici\u00f3n-Reacci\u00f3n.<\/p>\n\n\n\n<div style=\"height:66px\" aria-hidden=\"true\" class=\"wp-block-spacer\"><\/div>\n\n\n\n<p>Lugar de celebraci\u00f3n de todos los actos: <mark><strong>Biblioteca General y de Humanidades<\/strong>,<\/mark> Espacio de Igualdad<br>(Campus de Guajara).<\/p>\n<\/div>\n<\/div>\n\n\n\n<div style=\"height:60px\" aria-hidden=\"true\" class=\"wp-block-spacer\"><\/div>\n\n\n\n<div class=\"wp-block-columns is-layout-flex wp-container-core-columns-is-layout-7 wp-block-columns-is-layout-flex\">\n<div class=\"wp-block-column is-layout-flow wp-block-column-is-layout-flow\" style=\"flex-basis:33.33%\"><\/div>\n\n\n\n<div class=\"wp-block-column is-layout-flow wp-block-column-is-layout-flow\" style=\"flex-basis:66.66%\"><\/div>\n<\/div>\n<\/div>\n\n\n\n<div class=\"wp-block-column is-layout-flow wp-block-column-is-layout-flow\" style=\"flex-basis:25%\"><\/div>\n<\/div>\n","protected":false},"excerpt":{"rendered":"<p>Martes, 23 de abril 10.30 h.Donaci\u00f3n de Alumni ULL.Firma de la donaci\u00f3n de la familia Millares.Firma de la donaci\u00f3n de Jos\u00e9 Luis Escohotado Ibor. 11.00 h. Inauguraci\u00f3n de la exposici\u00f3n \u201cHacer historia: el Archivo de la Transici\u00f3n Democr\u00e1tica en Canarias de la Biblioteca de la ULL\u201d. 11.30 h. Actuaci\u00f3n de la Agrupaci\u00f3n de Teatro de&#8230;<\/p>\n","protected":false},"author":14,"featured_media":0,"parent":0,"menu_order":0,"comment_status":"closed","ping_status":"closed","template":"templates\/template-no-title.php","meta":{"footnotes":""},"class_list":["post-382","page","type-page","status-publish","hentry"],"_links":{"self":[{"href":"https:\/\/www.ull.es\/eventos\/hacer-historia\/wp-json\/wp\/v2\/pages\/382"}],"collection":[{"href":"https:\/\/www.ull.es\/eventos\/hacer-historia\/wp-json\/wp\/v2\/pages"}],"about":[{"href":"https:\/\/www.ull.es\/eventos\/hacer-historia\/wp-json\/wp\/v2\/types\/page"}],"author":[{"embeddable":true,"href":"https:\/\/www.ull.es\/eventos\/hacer-historia\/wp-json\/wp\/v2\/users\/14"}],"replies":[{"embeddable":true,"href":"https:\/\/www.ull.es\/eventos\/hacer-historia\/wp-json\/wp\/v2\/comments?post=382"}],"version-history":[{"count":27,"href":"https:\/\/www.ull.es\/eventos\/hacer-historia\/wp-json\/wp\/v2\/pages\/382\/revisions"}],"predecessor-version":[{"id":777,"href":"https:\/\/www.ull.es\/eventos\/hacer-historia\/wp-json\/wp\/v2\/pages\/382\/revisions\/777"}],"wp:attachment":[{"href":"https:\/\/www.ull.es\/eventos\/hacer-historia\/wp-json\/wp\/v2\/media?parent=382"}],"curies":[{"name":"wp","href":"https:\/\/api.w.org\/{rel}","templated":true}]}}