{"id":679,"date":"2024-05-03T08:50:20","date_gmt":"2024-05-03T08:50:20","guid":{"rendered":"https:\/\/www.ull.es\/eventos\/hacer-historia\/?page_id=679"},"modified":"2024-06-24T13:08:18","modified_gmt":"2024-06-24T13:08:18","slug":"noticias","status":"publish","type":"page","link":"https:\/\/www.ull.es\/eventos\/hacer-historia\/noticias\/","title":{"rendered":"Noticias"},"content":{"rendered":"\n<div class=\"wp-block-columns cabecera is-layout-flex wp-container-core-columns-is-layout-1 wp-block-columns-is-layout-flex\">\n<div class=\"wp-block-column is-layout-flow wp-block-column-is-layout-flow\">\n<figure class=\"wp-block-image size-half is-resized\"><a href=\"https:\/\/www.ull.es\/eventos\/hacer-historia\" target=\"_blank\" rel=\"noopener\"><img loading=\"lazy\" decoding=\"async\" width=\"375\" height=\"68\" src=\"https:\/\/www.ull.es\/eventos\/hacer-historia\/wp-content\/uploads\/sites\/56\/2024\/04\/hacer_historia_horizontal-375x68.png\" alt=\"\" class=\"wp-image-115\" style=\"width:200px\" srcset=\"https:\/\/www.ull.es\/eventos\/hacer-historia\/wp-content\/uploads\/sites\/56\/2024\/04\/hacer_historia_horizontal-375x68.png 375w, https:\/\/www.ull.es\/eventos\/hacer-historia\/wp-content\/uploads\/sites\/56\/2024\/04\/hacer_historia_horizontal-300x54.png 300w, https:\/\/www.ull.es\/eventos\/hacer-historia\/wp-content\/uploads\/sites\/56\/2024\/04\/hacer_historia_horizontal-768x139.png 768w, https:\/\/www.ull.es\/eventos\/hacer-historia\/wp-content\/uploads\/sites\/56\/2024\/04\/hacer_historia_horizontal-750x135.png 750w, https:\/\/www.ull.es\/eventos\/hacer-historia\/wp-content\/uploads\/sites\/56\/2024\/04\/hacer_historia_horizontal.png 969w\" sizes=\"(max-width: 375px) 100vw, 375px\" \/><\/a><\/figure>\n<\/div>\n\n\n\n<div class=\"wp-block-column is-layout-flow wp-block-column-is-layout-flow\"><\/div>\n<\/div>\n\n\n\n<div class=\"wp-block-columns is-layout-flex wp-container-core-columns-is-layout-6 wp-block-columns-is-layout-flex\">\n<div class=\"wp-block-column is-layout-flow wp-block-column-is-layout-flow\" style=\"flex-basis:75%\">\n<div class=\"wp-block-columns is-layout-flex wp-container-core-columns-is-layout-2 wp-block-columns-is-layout-flex\">\n<div class=\"wp-block-column is-layout-flow wp-block-column-is-layout-flow\" style=\"flex-basis:33.33%\"><\/div>\n\n\n\n<div class=\"wp-block-column is-layout-flow wp-block-column-is-layout-flow\" style=\"flex-basis:66.66%\"><h2 class=\"wp-block-post-title\">Noticias<\/h2><\/div>\n<\/div>\n\n\n\n<div class=\"wp-block-columns is-layout-flex wp-container-core-columns-is-layout-3 wp-block-columns-is-layout-flex\">\n<div class=\"wp-block-column is-layout-flow wp-block-column-is-layout-flow\" style=\"flex-basis:66.66%\"><\/div>\n\n\n\n<div class=\"wp-block-column is-layout-flow wp-block-column-is-layout-flow\" style=\"flex-basis:33.33%\"><\/div>\n<\/div>\n\n\n\n<div class=\"wp-block-columns is-layout-flex wp-container-core-columns-is-layout-4 wp-block-columns-is-layout-flex\">\n<div class=\"wp-block-column is-layout-flow wp-block-column-is-layout-flow\" style=\"flex-basis:33.33%\"><\/div>\n\n\n\n<div class=\"wp-block-column is-layout-flow wp-block-column-is-layout-flow\" style=\"flex-basis:66.66%\">\n<iframe loading=\"lazy\" src=\"https:\/\/cadenaser.com\/embed\/audio\/460\/ser_canarias_avivircanarias_20240601_120426_130000\/\" width=\"100%\" height=\"360\" frameborder=\"0\" allowfullscreen><\/iframe>\n\n\n\n<h3 class=\"wp-block-heading wp-embed-aspect-16-9 wp-has-aspect-ratio\"><a href=\"https:\/\/cadenaser.com\/audio\/ser_canarias_avivircanarias_20240601_120426_130000\/?fbclid=IwZXh0bgNhZW0CMTAAAR37NqZH-QdJSBw2WAFm-enFQ4X2pb2bgl3tH7J-H9tp2052S8Fe96XDxPQ_aem_ZmFrZWR1bW15MTZieXRlcw\" target=\"_blank\" rel=\"noopener\">A vivir Canarias (01\/06\/2024)<\/a><\/h3>\n\n\n\n<h5 class=\"wp-block-heading wp-embed-aspect-16-9 wp-has-aspect-ratio\"><a href=\"https:\/\/cadenaser.com\/audio\/ser_canarias_avivircanarias_20240601_120426_130000\/?fbclid=IwZXh0bgNhZW0CMTAAAR37NqZH-QdJSBw2WAFm-enFQ4X2pb2bgl3tH7J-H9tp2052S8Fe96XDxPQ_aem_ZmFrZWR1bW15MTZieXRlcw\" target=\"_blank\" rel=\"noopener\">Candena Ser<\/a><\/h5>\n\n\n\n<div class=\"wp-block-buttons wp-embed-aspect-16-9 wp-has-aspect-ratio is-layout-flex wp-block-buttons-is-layout-flex\">\n<div class=\"wp-block-button has-custom-font-size has-small-font-size\"><a class=\"wp-block-button__link wp-element-button\" href=\"https:\/\/cadenaser.com\/audio\/ser_canarias_avivircanarias_20240601_120426_130000\/?fbclid=IwZXh0bgNhZW0CMTAAAR37NqZH-QdJSBw2WAFm-enFQ4X2pb2bgl3tH7J-H9tp2052S8Fe96XDxPQ_aem_ZmFrZWR1bW15MTZieXRlcw\" target=\"_blank\" rel=\"noopener\">Ir a la Cadena Ser<\/a><\/div>\n<\/div>\n\n\n\n<div style=\"height:96px\" aria-hidden=\"true\" class=\"wp-block-spacer wp-embed-aspect-16-9 wp-has-aspect-ratio\"><\/div>\n\n\n\n<figure class=\"wp-block-image size-large\"><img decoding=\"async\" src=\"https:\/\/blogger.googleusercontent.com\/img\/b\/R29vZ2xl\/AVvXsEhZNt-Ff0mJz2m1FHMQv8xeFyhKEYP62AQ7w778Q6gDOkko2kyr1tlIZjXySQHVGSGskHSj3KT8yqzhR_0QEMrlo5iMFyNg3l-IrrqgJZbU7KTAjydzHidxa-0flQM7_PJXFkuy9jbMGRHjN1pqzNSfzuW27QdaOsa2Gik01R7oHQeAjlcmTlWRXzb5WLrY\/s320\/Cartel%20definitivo.jpg\" alt=\"\"\/><\/figure>\n\n\n\n<h3 class=\"wp-block-heading wp-embed-aspect-16-9 wp-has-aspect-ratio\"><a href=\"https:\/\/domingogari.blogspot.com\/2024\/05\/hacer-historia-exposicion-en-la.html\" target=\"_blank\" rel=\"noopener\">HACER HISTORIA exposici\u00f3n en la Biblioteca de la Universidad de La Laguna<\/a><\/h3>\n\n\n\n<h5 class=\"wp-block-heading wp-embed-aspect-16-9 wp-has-aspect-ratio\"><a href=\"https:\/\/domingogari.blogspot.com\/2024\/05\/hacer-historia-exposicion-en-la.html\" target=\"_blank\" rel=\"noopener\">Insulario<\/a><\/h5>\n\n\n\n<div class=\"wp-block-buttons wp-embed-aspect-16-9 wp-has-aspect-ratio is-layout-flex wp-block-buttons-is-layout-flex\">\n<div class=\"wp-block-button has-custom-font-size has-small-font-size\"><a class=\"wp-block-button__link wp-element-button\" href=\"https:\/\/domingogari.blogspot.com\/2024\/05\/hacer-historia-exposicion-en-la.html\" target=\"_blank\" rel=\"noopener\">Ir a Insulario<\/a><\/div>\n<\/div>\n\n\n\n<div style=\"height:96px\" aria-hidden=\"true\" class=\"wp-block-spacer wp-embed-aspect-16-9 wp-has-aspect-ratio\"><\/div>\n\n\n\n<figure class=\"wp-block-embed is-type-video is-provider-youtube wp-block-embed-youtube wp-embed-aspect-16-9 wp-has-aspect-ratio\"><div class=\"wp-block-embed__wrapper\">\n<iframe loading=\"lazy\" title=\"El Rompeolas N\u00ba 217,  con J.  R.  D\u00edaz, entrevista a Paqui Rivero\" width=\"750\" height=\"422\" src=\"https:\/\/www.youtube.com\/embed\/_HRzfo7Q1X4?feature=oembed\" frameborder=\"0\" allow=\"accelerometer; autoplay; clipboard-write; encrypted-media; gyroscope; picture-in-picture; web-share\" referrerpolicy=\"strict-origin-when-cross-origin\" allowfullscreen><\/iframe>\n<\/div><\/figure>\n\n\n\n<h3 class=\"wp-block-heading wp-embed-aspect-16-9 wp-has-aspect-ratio\"><a href=\"https:\/\/www.youtube.com\/watch?v=_HRzfo7Q1X4&amp;ab_channel=RTT%C2%B7RadioTiempoTenerife\" target=\"_blank\" rel=\"noreferrer noopener\" target=\"_blank\" rel=\"noopener\">El Rompeolas: entrevista a Paqui Rivero<\/a><\/h3>\n\n\n\n<h5 class=\"wp-block-heading wp-embed-aspect-16-9 wp-has-aspect-ratio\"><a href=\"https:\/\/periodismo.ull.es\/una-exposicion-para-recordar-el-cambio-politico-y-social-de-canarias\/\" target=\"_blank\" rel=\"noreferrer noopener\" target=\"_blank\" rel=\"noopener\">Radio Tiempo Tenerife<\/a><\/h5>\n\n\n\n<div class=\"wp-block-buttons wp-embed-aspect-16-9 wp-has-aspect-ratio is-layout-flex wp-block-buttons-is-layout-flex\">\n<div class=\"wp-block-button has-custom-font-size has-small-font-size\"><a class=\"wp-block-button__link wp-element-button\" href=\"https:\/\/periodismo.ull.es\/que-no-haya-paz-para-el-asesino\/\" target=\"_blank\" rel=\"noreferrer noopener\" target=\"_blank\" rel=\"noopener\">Ir a Youtube<\/a><\/div>\n<\/div>\n\n\n\n<div style=\"height:96px\" aria-hidden=\"true\" class=\"wp-block-spacer wp-embed-aspect-16-9 wp-has-aspect-ratio\"><\/div>\n\n\n\n<figure class=\"wp-block-image size-large\"><a href=\"https:\/\/periodismo.ull.es\/que-no-haya-paz-para-el-asesino\/\" target=\"_blank\" rel=\"noreferrer noopener\" target=\"_blank\" rel=\"noopener\"><img decoding=\"async\" src=\"https:\/\/periodismo.ull.es\/wp-content\/uploads\/2024\/04\/20240423_111158-scaled.jpg\" alt=\"\"\/><\/a><\/figure>\n\n\n\n<h3 class=\"wp-block-heading wp-embed-aspect-16-9 wp-has-aspect-ratio\"><a href=\"https:\/\/periodismo.ull.es\/que-no-haya-paz-para-el-asesino\/\" target=\"_blank\" rel=\"noreferrer noopener\" target=\"_blank\" rel=\"noopener\">\u00a1Que no haya paz para el asesino!<\/a><\/h3>\n\n\n\n<h5 class=\"wp-block-heading wp-embed-aspect-16-9 wp-has-aspect-ratio\"><a href=\"https:\/\/periodismo.ull.es\/una-exposicion-para-recordar-el-cambio-politico-y-social-de-canarias\/\" target=\"_blank\" rel=\"noreferrer noopener\" target=\"_blank\" rel=\"noopener\">Periodismo ULL<\/a><\/h5>\n\n\n\n<div class=\"wp-block-buttons wp-embed-aspect-16-9 wp-has-aspect-ratio is-layout-flex wp-block-buttons-is-layout-flex\">\n<div class=\"wp-block-button has-custom-font-size has-small-font-size\"><a class=\"wp-block-button__link wp-element-button\" href=\"https:\/\/periodismo.ull.es\/que-no-haya-paz-para-el-asesino\/\" target=\"_blank\" rel=\"noreferrer noopener\" target=\"_blank\" rel=\"noopener\">Ir a la Periodismo.ull<\/a><\/div>\n<\/div>\n\n\n\n<div style=\"height:96px\" aria-hidden=\"true\" class=\"wp-block-spacer wp-embed-aspect-16-9 wp-has-aspect-ratio\"><\/div>\n\n\n\n<figure class=\"wp-block-embed is-type-video is-provider-youtube wp-block-embed-youtube wp-embed-aspect-16-9 wp-has-aspect-ratio\"><div class=\"wp-block-embed__wrapper\">\n<iframe loading=\"lazy\" title=\"Telenoticias 1 | 30\/04\/24\" width=\"750\" height=\"422\" src=\"https:\/\/www.youtube.com\/embed\/mLrOIEPgvRI?start=2477&#038;feature=oembed\" frameborder=\"0\" allow=\"accelerometer; autoplay; clipboard-write; encrypted-media; gyroscope; picture-in-picture; web-share\" referrerpolicy=\"strict-origin-when-cross-origin\" allowfullscreen><\/iframe>\n<\/div><\/figure>\n\n\n\n<h3 class=\"wp-block-heading wp-embed-aspect-16-9 wp-has-aspect-ratio\"><a href=\"https:\/\/www.youtube.com\/watch?v=mLrOIEPgvRI&amp;t=2477s&amp;ab_channel=InformativosTvc\" target=\"_blank\" rel=\"noreferrer noopener\" target=\"_blank\" rel=\"noopener\">La Biblioteca de la ULL expone el archivo m\u00e1s abundante que tenemos en Canarias sobre la transici\u00f3n democr\u00e1tica<\/a><\/h3>\n\n\n\n<h5 class=\"wp-block-heading wp-embed-aspect-16-9 wp-has-aspect-ratio\"><a href=\"https:\/\/periodismo.ull.es\/una-exposicion-para-recordar-el-cambio-politico-y-social-de-canarias\/\" target=\"_blank\" rel=\"noreferrer noopener\" target=\"_blank\" rel=\"noopener\">Tv Canaria<\/a><\/h5>\n\n\n\n<div class=\"wp-block-buttons wp-embed-aspect-16-9 wp-has-aspect-ratio is-layout-flex wp-block-buttons-is-layout-flex\">\n<div class=\"wp-block-button has-custom-font-size has-small-font-size\"><a class=\"wp-block-button__link wp-element-button\" href=\"https:\/\/www.youtube.com\/watch?v=mLrOIEPgvRI&amp;t=2477s&amp;ab_channel=InformativosTvc\" target=\"_blank\" rel=\"noreferrer noopener\" target=\"_blank\" rel=\"noopener\">Ir a la TV Canaria<\/a><\/div>\n<\/div>\n\n\n\n<div style=\"height:96px\" aria-hidden=\"true\" class=\"wp-block-spacer wp-embed-aspect-16-9 wp-has-aspect-ratio\"><\/div>\n\n\n\n<figure class=\"wp-block-embed is-type-video is-provider-youtube wp-block-embed-youtube wp-embed-aspect-16-9 wp-has-aspect-ratio\"><div class=\"wp-block-embed__wrapper\">\n<iframe loading=\"lazy\" title=\"Una exposici\u00f3n para recordar el cambio pol\u00edtico y social de Canarias \/\/ Periodismo ULL\" width=\"750\" height=\"422\" src=\"https:\/\/www.youtube.com\/embed\/FSIwEXhn1uw?feature=oembed\" frameborder=\"0\" allow=\"accelerometer; autoplay; clipboard-write; encrypted-media; gyroscope; picture-in-picture; web-share\" referrerpolicy=\"strict-origin-when-cross-origin\" allowfullscreen><\/iframe>\n<\/div><\/figure>\n\n\n\n<h3 class=\"wp-block-heading\"><a href=\"https:\/\/periodismo.ull.es\/una-exposicion-para-recordar-el-cambio-politico-y-social-de-canarias\/\" target=\"_blank\" rel=\"noreferrer noopener\" target=\"_blank\" rel=\"noopener\">Una exposici\u00f3n para recordar el cambio pol\u00edtico y social de Canarias<\/a><\/h3>\n\n\n\n<h5 class=\"wp-block-heading\"><a href=\"https:\/\/periodismo.ull.es\/una-exposicion-para-recordar-el-cambio-politico-y-social-de-canarias\/\" target=\"_blank\" rel=\"noreferrer noopener\" target=\"_blank\" rel=\"noopener\">Periodismo ULL<\/a><\/h5>\n\n\n\n<p>La Biblioteca General de Humanidades de la&nbsp;<a href=\"https:\/\/www.ull.es\/\" target=\"_blank\" rel=\"noreferrer noopener\" target=\"_blank\" rel=\"noopener\">Universidad de La Laguna<\/a>&nbsp;acogi\u00f3 el pasado viernes, 26 de abril, y martes, 30 de abril, una sesi\u00f3n de lectura y un taller de elaboraci\u00f3n de fanzines dentro del marco de la exposici\u00f3n&nbsp;<em>Hacer historia: el Archivo de la Transici\u00f3n en Canarias de la Biblioteca de La Universidad de La Laguna<\/em>. El Servicio de Biblioteca con motivo del D\u00eda del Libro de 2024 exhibi\u00f3 una parte significativa de su colecci\u00f3n personal y de entidades.<\/p>\n\n\n\n<div class=\"wp-block-buttons is-layout-flex wp-block-buttons-is-layout-flex\">\n<div class=\"wp-block-button has-custom-font-size has-small-font-size\"><a class=\"wp-block-button__link wp-element-button\" href=\"https:\/\/periodismo.ull.es\/una-exposicion-para-recordar-el-cambio-politico-y-social-de-canarias\/\" target=\"_blank\" rel=\"noreferrer noopener\" target=\"_blank\" rel=\"noopener\">Ir a la noticia<\/a><\/div>\n<\/div>\n\n\n\n<div style=\"height:96px\" aria-hidden=\"true\" class=\"wp-block-spacer\"><\/div>\n\n\n\n<figure class=\"wp-block-image size-large\"><a href=\"http:\/\/www.ull.es\/eventos\/hacer-historia\/wp-content\/uploads\/sites\/56\/2024\/04\/amnistia1.png\" target=\"_blank\" rel=\"noopener\"><img decoding=\"async\" src=\"https:\/\/s3-eu-west-1.amazonaws.com\/beta.lagenda\/styles\/image1000x1000\/s3\/programacion\/dia_libro_-_hacer_historia_09.jpg?itok=zpPRW-wS\" alt=\"\"\/><\/a><\/figure>\n\n\n\n<h3 class=\"wp-block-heading\"><a href=\"https:\/\/lagenda.org\/programacion\/hacer-historia-el-archivo-de-la-transicion-democratica-en-canarias-de-la-biblioteca-de\" target=\"_blank\" rel=\"noopener\">&#8216;Hacer historia: el Archivo de la Transici\u00f3n Democr\u00e1tica en Canarias de la Biblioteca de la ULL&#8217;<\/a><\/h3>\n\n\n\n<h5 class=\"wp-block-heading\"><a href=\"https:\/\/lagenda.org\/programacion\/hacer-historia-el-archivo-de-la-transicion-democratica-en-canarias-de-la-biblioteca-de\" target=\"_blank\" rel=\"noreferrer noopener\" target=\"_blank\" rel=\"noopener\">Lagenda<\/a><\/h5>\n\n\n\n<p>Estructurada en diez apartados, esta muestra se centra en describir brevemente el periodo en Canarias, c\u00f3mo se ha construido el Archivo a partir de las donaciones de particulares y organizaciones, as\u00ed como su vocaci\u00f3n de crecimiento permanente a trav\u00e9s de nuevas donaciones que abarquen todo el espectro pol\u00edtico, social y cultural de la \u00e9poca.<\/p>\n\n\n\n<div class=\"wp-block-buttons is-layout-flex wp-block-buttons-is-layout-flex\">\n<div class=\"wp-block-button has-custom-font-size has-small-font-size\"><a class=\"wp-block-button__link wp-element-button\" href=\"https:\/\/lagenda.org\/programacion\/hacer-historia-el-archivo-de-la-transicion-democratica-en-canarias-de-la-biblioteca-de\" target=\"_blank\" rel=\"noreferrer noopener\" target=\"_blank\" rel=\"noopener\">Ir a la noticia<\/a><\/div>\n<\/div>\n\n\n\n<div style=\"height:96px\" aria-hidden=\"true\" class=\"wp-block-spacer\"><\/div>\n\n\n\n<figure class=\"wp-block-image size-large\"><a href=\"http:\/\/www.ull.es\/eventos\/hacer-historia\/wp-content\/uploads\/sites\/56\/2024\/04\/amnistia1.png\" target=\"_blank\" rel=\"noopener\"><img decoding=\"async\" src=\"https:\/\/periodismo.ull.es\/wp-content\/uploads\/2024\/04\/1-2-e1713706952422.jpg\" alt=\"\"\/><\/a><\/figure>\n\n\n\n<h3 class=\"wp-block-heading\"><a href=\"https:\/\/periodismo.ull.es\/la-exposicion-hacer-historia-manana-martes-en-el-campus-guajara\/\" target=\"_blank\" rel=\"noopener\">Exposici\u00f3n: \u201cHacer historia: el Archivo de la Transici\u00f3n en Canarias de la Biblioteca de La Universidad de La Laguna\u201c<\/a><\/h3>\n\n\n\n<h5 class=\"wp-block-heading\"><a href=\"https:\/\/periodismo.ull.es\/la-exposicion-hacer-historia-manana-martes-en-el-campus-guajara\/\" target=\"_blank\" rel=\"noreferrer noopener\" target=\"_blank\" rel=\"noopener\">Periodismo ULL<\/a><\/h5>\n\n\n\n<p>A partir del 23 de abril el Servicio de Biblioteca de la Universidad de La Laguna, dedica sus actividades del D\u00eda del Libro de 2024 a mostrar una parte importante de sus valiosos fondos personales y de entidades.<\/p>\n\n\n\n<div class=\"wp-block-buttons is-layout-flex wp-block-buttons-is-layout-flex\">\n<div class=\"wp-block-button has-custom-font-size has-small-font-size\"><a class=\"wp-block-button__link wp-element-button\" href=\"https:\/\/periodismo.ull.es\/la-exposicion-hacer-historia-manana-martes-en-el-campus-guajara\/\" target=\"_blank\" rel=\"noreferrer noopener\" target=\"_blank\" rel=\"noopener\">Ir a la noticia<\/a><\/div>\n<\/div>\n\n\n\n<div style=\"height:96px\" aria-hidden=\"true\" class=\"wp-block-spacer\"><\/div>\n\n\n\n<figure class=\"wp-block-image size-large\"><a href=\"http:\/\/www.ull.es\/eventos\/hacer-historia\/wp-content\/uploads\/sites\/56\/2024\/04\/amnistia1.png\" target=\"_blank\" rel=\"noopener\"><img loading=\"lazy\" decoding=\"async\" width=\"1024\" height=\"776\" src=\"http:\/\/www.ull.es\/eventos\/hacer-historia\/wp-content\/uploads\/sites\/56\/2024\/04\/amnistia1-1024x776.png\" alt=\"\" class=\"wp-image-37\" srcset=\"https:\/\/www.ull.es\/eventos\/hacer-historia\/wp-content\/uploads\/sites\/56\/2024\/04\/amnistia1-1024x776.png 1024w, https:\/\/www.ull.es\/eventos\/hacer-historia\/wp-content\/uploads\/sites\/56\/2024\/04\/amnistia1-300x227.png 300w, https:\/\/www.ull.es\/eventos\/hacer-historia\/wp-content\/uploads\/sites\/56\/2024\/04\/amnistia1-768x582.png 768w, https:\/\/www.ull.es\/eventos\/hacer-historia\/wp-content\/uploads\/sites\/56\/2024\/04\/amnistia1-1536x1164.png 1536w, https:\/\/www.ull.es\/eventos\/hacer-historia\/wp-content\/uploads\/sites\/56\/2024\/04\/amnistia1-375x284.png 375w, https:\/\/www.ull.es\/eventos\/hacer-historia\/wp-content\/uploads\/sites\/56\/2024\/04\/amnistia1-750x569.png 750w, https:\/\/www.ull.es\/eventos\/hacer-historia\/wp-content\/uploads\/sites\/56\/2024\/04\/amnistia1-1140x864.png 1140w, https:\/\/www.ull.es\/eventos\/hacer-historia\/wp-content\/uploads\/sites\/56\/2024\/04\/amnistia1-108x81.png 108w, https:\/\/www.ull.es\/eventos\/hacer-historia\/wp-content\/uploads\/sites\/56\/2024\/04\/amnistia1.png 2000w\" sizes=\"(max-width: 1024px) 100vw, 1024px\" \/><\/a><\/figure>\n\n\n\n<h3 class=\"wp-block-heading\"><a href=\"https:\/\/intersindicalcanaria.org\/exposicion-hacer-historia-el-archivo-de-la-transicion-en-canarias-de-la-biblioteca-de-la-universidad-de-la-ull\/\" target=\"_blank\" rel=\"noopener\">Exposici\u00f3n: \u201cHacer historia: el Archivo de la Transici\u00f3n en Canarias de la Biblioteca de La Universidad de La Laguna\u201c<\/a><\/h3>\n\n\n\n<h5 class=\"wp-block-heading\"><a href=\"https:\/\/www.elperiodicodecanarias.es\/la-ull-celebra-el-dia-del-libro-mostrando-su-archivo-documental-sobre-la-transicion-democratica-en-canarias\/\" target=\"_blank\" rel=\"noopener\">Intersindical Canaria<\/a><\/h5>\n\n\n\n<p>A partir del 23 de abril el Servicio de Biblioteca de la Universidad de La Laguna, dedica sus actividades del D\u00eda del Libro de 2024 a mostrar una parte importante de sus valiosos fondos personales y de entidades.<\/p>\n\n\n\n<div class=\"wp-block-buttons is-layout-flex wp-block-buttons-is-layout-flex\">\n<div class=\"wp-block-button has-custom-font-size has-small-font-size\"><a class=\"wp-block-button__link wp-element-button\" href=\"https:\/\/intersindicalcanaria.org\/exposicion-hacer-historia-el-archivo-de-la-transicion-en-canarias-de-la-biblioteca-de-la-universidad-de-la-ull\/\" target=\"_blank\" rel=\"noreferrer noopener\" target=\"_blank\" rel=\"noopener\">Ir a la noticia<\/a><\/div>\n<\/div>\n\n\n\n<div style=\"height:96px\" aria-hidden=\"true\" class=\"wp-block-spacer\"><\/div>\n\n\n\n<figure class=\"wp-block-image size-large\"><img decoding=\"async\" src=\"https:\/\/www.elperiodicodecanarias.es\/wp-content\/uploads\/2024\/04\/Dia-libro-Hacer-historia-19-1024x682.jpg\" alt=\"\"\/><\/figure>\n\n\n\n<h3 class=\"wp-block-heading\">La ULL celebra el D\u00eda del Libro mostrando su archivo documental sobre la transici\u00f3n democr\u00e1tica en Canarias<\/h3>\n\n\n\n<h5 class=\"wp-block-heading\"><a href=\"https:\/\/www.elperiodicodecanarias.es\/la-ull-celebra-el-dia-del-libro-mostrando-su-archivo-documental-sobre-la-transicion-democratica-en-canarias\/\" target=\"_blank\" rel=\"noopener\">El Peri\u00f3dico de Canarias<\/a><\/h5>\n\n\n\n<p>Desde que en 1991 recibiera la primera donaci\u00f3n documental del profesor Jos\u00e9 Luis Escohotado, el Servicio de Biblioteca de la Universidad de La Laguna ha ido configurando un importante archivo con documentos de diversa clase sobre la transici\u00f3n democr\u00e1tica en Canarias, que ha crecido gracias a aportaciones de particulares y organizaciones. Ese importante patrimonio documental sobre un periodo tan importante en la historia reciente ha protagonizado la tradicional exposici\u00f3n que la instituci\u00f3n acad\u00e9mica organiza como evento principal de las celebraciones del Dia del Libro, y ha sido inaugurada hoy, 23 de abril, en la Biblioteca General y de Humanidades del Campus de Guajara.<\/p>\n\n\n\n<div class=\"wp-block-buttons is-layout-flex wp-block-buttons-is-layout-flex\">\n<div class=\"wp-block-button has-custom-font-size has-small-font-size\"><a class=\"wp-block-button__link wp-element-button\" href=\"https:\/\/www.elperiodicodecanarias.es\/la-ull-celebra-el-dia-del-libro-mostrando-su-archivo-documental-sobre-la-transicion-democratica-en-canarias\/\" target=\"_blank\" rel=\"noreferrer noopener\" target=\"_blank\" rel=\"noopener\">Ir a la noticia<\/a><\/div>\n<\/div>\n\n\n\n<div style=\"height:96px\" aria-hidden=\"true\" class=\"wp-block-spacer\"><\/div>\n\n\n\n<figure class=\"wp-block-image size-large\"><img decoding=\"async\" src=\"https:\/\/www.ull.es\/portal\/noticias\/wp-content\/uploads\/sites\/13\/2024\/04\/Dia-libro-Hacer-historia-02.jpg\" alt=\"\"\/><\/figure>\n\n\n\n<h3 class=\"wp-block-heading\">La ULL celebra el D\u00eda del Libro mostrando su archivo documental sobre la transici\u00f3n democr\u00e1tica en Canarias<\/h3>\n\n\n\n<h5 class=\"wp-block-heading\"><a href=\"https:\/\/www.ull.es\/portal\/noticias\/2024\/dia-del-libro-archivo-documental-transicion-democratica-canarias\/\" target=\"_blank\" rel=\"noreferrer noopener\" target=\"_blank\" rel=\"noopener\">ULL Noticias<\/a><\/h5>\n\n\n\n<p>Desde que en 1991 recibiera la primera donaci\u00f3n documental del profesor Jos\u00e9 Luis Escohotado, el Servicio de Biblioteca de la Universidad de La Laguna ha ido configurando un importante archivo con documentos de diversa clase sobre la transici\u00f3n democr\u00e1tica en Canarias, que ha crecido gracias a aportaciones de particulares y organizaciones. Ese importante patrimonio documental sobre un periodo tan importante en la historia reciente ha protagonizado la tradicional exposici\u00f3n que la instituci\u00f3n acad\u00e9mica organiza como evento principal de las celebraciones del Dia del Libro, y ha sido inaugurada hoy, 23 de abril, en la Biblioteca General y de Humanidades del Campus de Guajara.<\/p>\n\n\n\n<div class=\"wp-block-buttons is-layout-flex wp-block-buttons-is-layout-flex\">\n<div class=\"wp-block-button has-custom-font-size has-small-font-size\"><a class=\"wp-block-button__link wp-element-button\" href=\"https:\/\/www.ull.es\/portal\/noticias\/2024\/dia-del-libro-archivo-documental-transicion-democratica-canarias\/\" target=\"_blank\" rel=\"noreferrer noopener\" target=\"_blank\" rel=\"noopener\">Ir a la noticia<\/a><\/div>\n<\/div>\n\n\n\n<div style=\"height:96px\" aria-hidden=\"true\" class=\"wp-block-spacer\"><\/div>\n<\/div>\n<\/div>\n\n\n\n<div style=\"height:60px\" aria-hidden=\"true\" class=\"wp-block-spacer\"><\/div>\n\n\n\n<div class=\"wp-block-columns is-layout-flex wp-container-core-columns-is-layout-5 wp-block-columns-is-layout-flex\">\n<div class=\"wp-block-column is-layout-flow wp-block-column-is-layout-flow\" style=\"flex-basis:33.33%\"><\/div>\n\n\n\n<div class=\"wp-block-column is-layout-flow wp-block-column-is-layout-flow\" style=\"flex-basis:66.66%\"><\/div>\n<\/div>\n<\/div>\n\n\n\n<div class=\"wp-block-column is-layout-flow wp-block-column-is-layout-flow\" style=\"flex-basis:25%\"><\/div>\n<\/div>\n","protected":false},"excerpt":{"rendered":"<p>A vivir Canarias (01\/06\/2024) Candena Ser HACER HISTORIA exposici\u00f3n en la Biblioteca de la Universidad de La Laguna Insulario El Rompeolas: entrevista a Paqui Rivero Radio Tiempo Tenerife \u00a1Que no haya paz para el asesino! Periodismo ULL La Biblioteca de la ULL expone el archivo m\u00e1s abundante que tenemos en Canarias sobre la transici\u00f3n democr\u00e1tica&#8230;<\/p>\n","protected":false},"author":14,"featured_media":0,"parent":0,"menu_order":0,"comment_status":"closed","ping_status":"closed","template":"templates\/template-no-title.php","meta":{"footnotes":""},"class_list":["post-679","page","type-page","status-publish","hentry"],"_links":{"self":[{"href":"https:\/\/www.ull.es\/eventos\/hacer-historia\/wp-json\/wp\/v2\/pages\/679"}],"collection":[{"href":"https:\/\/www.ull.es\/eventos\/hacer-historia\/wp-json\/wp\/v2\/pages"}],"about":[{"href":"https:\/\/www.ull.es\/eventos\/hacer-historia\/wp-json\/wp\/v2\/types\/page"}],"author":[{"embeddable":true,"href":"https:\/\/www.ull.es\/eventos\/hacer-historia\/wp-json\/wp\/v2\/users\/14"}],"replies":[{"embeddable":true,"href":"https:\/\/www.ull.es\/eventos\/hacer-historia\/wp-json\/wp\/v2\/comments?post=679"}],"version-history":[{"count":18,"href":"https:\/\/www.ull.es\/eventos\/hacer-historia\/wp-json\/wp\/v2\/pages\/679\/revisions"}],"predecessor-version":[{"id":761,"href":"https:\/\/www.ull.es\/eventos\/hacer-historia\/wp-json\/wp\/v2\/pages\/679\/revisions\/761"}],"wp:attachment":[{"href":"https:\/\/www.ull.es\/eventos\/hacer-historia\/wp-json\/wp\/v2\/media?parent=679"}],"curies":[{"name":"wp","href":"https:\/\/api.w.org\/{rel}","templated":true}]}}