{"id":708,"date":"2024-05-15T12:19:06","date_gmt":"2024-05-15T12:19:06","guid":{"rendered":"https:\/\/www.ull.es\/eventos\/hacer-historia\/?page_id=708"},"modified":"2024-05-27T11:23:49","modified_gmt":"2024-05-27T11:23:49","slug":"videos","status":"publish","type":"page","link":"https:\/\/www.ull.es\/eventos\/hacer-historia\/videos\/","title":{"rendered":"V\u00eddeos"},"content":{"rendered":"\n<div class=\"wp-block-columns cabecera is-layout-flex wp-container-core-columns-is-layout-1 wp-block-columns-is-layout-flex\">\n<div class=\"wp-block-column is-layout-flow wp-block-column-is-layout-flow\">\n<figure class=\"wp-block-image size-half is-resized\"><a href=\"https:\/\/www.ull.es\/eventos\/hacer-historia\" target=\"_blank\" rel=\"noopener\"><img loading=\"lazy\" decoding=\"async\" width=\"375\" height=\"68\" src=\"https:\/\/www.ull.es\/eventos\/hacer-historia\/wp-content\/uploads\/sites\/56\/2024\/04\/hacer_historia_horizontal-375x68.png\" alt=\"\" class=\"wp-image-115\" style=\"width:200px\" srcset=\"https:\/\/www.ull.es\/eventos\/hacer-historia\/wp-content\/uploads\/sites\/56\/2024\/04\/hacer_historia_horizontal-375x68.png 375w, https:\/\/www.ull.es\/eventos\/hacer-historia\/wp-content\/uploads\/sites\/56\/2024\/04\/hacer_historia_horizontal-300x54.png 300w, https:\/\/www.ull.es\/eventos\/hacer-historia\/wp-content\/uploads\/sites\/56\/2024\/04\/hacer_historia_horizontal-768x139.png 768w, https:\/\/www.ull.es\/eventos\/hacer-historia\/wp-content\/uploads\/sites\/56\/2024\/04\/hacer_historia_horizontal-750x135.png 750w, https:\/\/www.ull.es\/eventos\/hacer-historia\/wp-content\/uploads\/sites\/56\/2024\/04\/hacer_historia_horizontal.png 969w\" sizes=\"(max-width: 375px) 100vw, 375px\" \/><\/a><\/figure>\n<\/div>\n\n\n\n<div class=\"wp-block-column is-layout-flow wp-block-column-is-layout-flow\"><\/div>\n<\/div>\n\n\n\n<div class=\"wp-block-columns is-layout-flex wp-container-core-columns-is-layout-6 wp-block-columns-is-layout-flex\">\n<div class=\"wp-block-column is-layout-flow wp-block-column-is-layout-flow\" style=\"flex-basis:75%\">\n<div class=\"wp-block-columns is-layout-flex wp-container-core-columns-is-layout-2 wp-block-columns-is-layout-flex\">\n<div class=\"wp-block-column is-layout-flow wp-block-column-is-layout-flow\" style=\"flex-basis:33.33%\"><\/div>\n\n\n\n<div class=\"wp-block-column is-layout-flow wp-block-column-is-layout-flow\" style=\"flex-basis:66.66%\"><h2 class=\"wp-block-post-title\">V\u00eddeos<\/h2><\/div>\n<\/div>\n\n\n\n<div class=\"wp-block-columns wp-embed-aspect-16-9 wp-has-aspect-ratio is-layout-flex wp-container-core-columns-is-layout-3 wp-block-columns-is-layout-flex\">\n<div class=\"wp-block-column is-layout-flow wp-block-column-is-layout-flow\" style=\"flex-basis:33.33%\"><\/div>\n\n\n\n<div class=\"wp-block-column is-layout-flow wp-block-column-is-layout-flow\" style=\"flex-basis:66.66%\">\n<figure class=\"wp-block-embed is-type-video is-provider-youtube wp-block-embed-youtube wp-embed-aspect-16-9 wp-has-aspect-ratio\"><div class=\"wp-block-embed__wrapper\">\n<iframe loading=\"lazy\" title=\"D\u00eda del libro 2024: Acto de inauguraci\u00f3n de la exposici\u00f3n &quot;Hacer historia&quot;\" width=\"750\" height=\"422\" src=\"https:\/\/www.youtube.com\/embed\/5Kz-E--TK-Q?feature=oembed\" frameborder=\"0\" allow=\"accelerometer; autoplay; clipboard-write; encrypted-media; gyroscope; picture-in-picture; web-share\" referrerpolicy=\"strict-origin-when-cross-origin\" allowfullscreen><\/iframe>\n<\/div><\/figure>\n\n\n\n<h3 class=\"wp-block-heading wp-embed-aspect-16-9 wp-has-aspect-ratio\"><a href=\"https:\/\/www.youtube.com\/watch?v=_HRzfo7Q1X4&amp;ab_channel=RTT%C2%B7RadioTiempoTenerife\" target=\"_blank\" rel=\"noreferrer noopener\" target=\"_blank\" rel=\"noopener\">Acto Inaugural<\/a><\/h3>\n\n\n\n<p>Inauguraci\u00f3n de la exposici\u00f3n <em>Hacer historia: el Archivo de la Transici\u00f3n Democr\u00e1tica en Canarias de la Biblioteca de la ULL<\/em>, con la participaci\u00f3n del rector de la Universidad de La Laguna, Francisco Garc\u00eda; de Paqui Rivero Cabeza y Marta Jim\u00e9nez Jaen, del equipo de coordinaci\u00f3n de la exposici\u00f3n; y de Luis Gonzalo Rey Pinz\u00f3n, director de la Biblioteca ULL.<\/p>\n\n\n\n<div style=\"height:36px\" aria-hidden=\"true\" class=\"wp-block-spacer wp-embed-aspect-16-9 wp-has-aspect-ratio\"><\/div>\n<\/div>\n<\/div>\n\n\n\n<div style=\"height:60px\" aria-hidden=\"true\" class=\"wp-block-spacer wp-embed-aspect-16-9 wp-has-aspect-ratio\"><\/div>\n\n\n\n<div class=\"wp-block-columns wp-embed-aspect-16-9 wp-has-aspect-ratio is-layout-flex wp-container-core-columns-is-layout-4 wp-block-columns-is-layout-flex\">\n<div class=\"wp-block-column is-layout-flow wp-block-column-is-layout-flow\" style=\"flex-basis:33.33%\"><\/div>\n\n\n\n<div class=\"wp-block-column is-layout-flow wp-block-column-is-layout-flow\" style=\"flex-basis:66.66%\">\n<figure class=\"wp-block-embed is-type-video is-provider-youtube wp-block-embed-youtube wp-embed-aspect-16-9 wp-has-aspect-ratio\"><div class=\"wp-block-embed__wrapper\">\n<iframe loading=\"lazy\" title=\"Mesa Redonda: \u201cARCHIVOS Y MEMORIA DEMOCR\u00c1TICA. DIFICULTADES Y RETOS\u201d\" width=\"750\" height=\"422\" src=\"https:\/\/www.youtube.com\/embed\/RQUOogkwnjs?feature=oembed\" frameborder=\"0\" allow=\"accelerometer; autoplay; clipboard-write; encrypted-media; gyroscope; picture-in-picture; web-share\" referrerpolicy=\"strict-origin-when-cross-origin\" allowfullscreen><\/iframe>\n<\/div><\/figure>\n\n\n\n<h3 class=\"wp-block-heading wp-embed-aspect-16-9 wp-has-aspect-ratio\"><a href=\"https:\/\/www.youtube.com\/watch?v=_HRzfo7Q1X4&amp;ab_channel=RTT%C2%B7RadioTiempoTenerife\" target=\"_blank\" rel=\"noreferrer noopener\" target=\"_blank\" rel=\"noopener\">Mesa Redonda: \u201cARCHIVOS Y MEMORIA DEMOCR\u00c1TICA. DIFICULTADES Y RETOS\u201d<\/a><\/h3>\n\n\n\n<p>Participan: Emilio Rosillo Clement, Director del Archivo de la Democracia de la Universidad de Alicante. Juan Manuel Brito D\u00edaz, profesor de Historia de la ULPGC, Archivo de movimientos sociales de Gran Ca- naria, Centro de Estudios y Difusi\u00f3n del Atl\u00e1ntico (CEDA). Domingo Gari-Montllor Hayek, profesor de Historia Contempor\u00e1nea de la ULL. Alberto B\u00e1ez Garc\u00eda, investigador y profesor de Ciencia Pol\u00edtica de la ULL. Modera: Inma Blasco Herranz, profesora de Historia Contempor\u00e1nea de la ULL.<\/p>\n\n\n\n<div style=\"height:36px\" aria-hidden=\"true\" class=\"wp-block-spacer wp-embed-aspect-16-9 wp-has-aspect-ratio\"><\/div>\n<\/div>\n<\/div>\n\n\n\n<div style=\"height:60px\" aria-hidden=\"true\" class=\"wp-block-spacer wp-embed-aspect-16-9 wp-has-aspect-ratio\"><\/div>\n\n\n\n<div class=\"wp-block-columns is-layout-flex wp-container-core-columns-is-layout-5 wp-block-columns-is-layout-flex\">\n<div class=\"wp-block-column is-layout-flow wp-block-column-is-layout-flow\" style=\"flex-basis:33.33%\"><\/div>\n\n\n\n<div class=\"wp-block-column is-layout-flow wp-block-column-is-layout-flow\" style=\"flex-basis:66.66%\">\n<figure class=\"wp-block-embed is-type-video is-provider-youtube wp-block-embed-youtube wp-embed-aspect-16-9 wp-has-aspect-ratio\"><div class=\"wp-block-embed__wrapper\">\n<iframe loading=\"lazy\" title=\"Club de lectura: &quot;La inmortalidad&quot;, de Antonio Tabares\" width=\"750\" height=\"422\" src=\"https:\/\/www.youtube.com\/embed\/tkrBScXp_7w?feature=oembed\" frameborder=\"0\" allow=\"accelerometer; autoplay; clipboard-write; encrypted-media; gyroscope; picture-in-picture; web-share\" referrerpolicy=\"strict-origin-when-cross-origin\" allowfullscreen><\/iframe>\n<\/div><\/figure>\n\n\n\n<h3 class=\"wp-block-heading wp-embed-aspect-16-9 wp-has-aspect-ratio\"><a href=\"https:\/\/youtu.be\/tkrBScXp_7w\" target=\"_blank\" rel=\"noopener\">Club de lectura: <em>La inmortalidad<\/em>, de Antonio Tabares<\/a><\/h3>\n\n\n\n<p>Sesi\u00f3n de Lectura a partir de la obra de teatro \u201cLa inmortalidad\u201d a cargo del autor, el dramaturgo Antonio Tabares. Con representaci\u00f3n de una escena y amenizado con referencias musicales de la obra. Evento organizado en el marco de la exposici\u00f3n \u00abHacer historia: el Archivo de la Transici\u00f3n Democr\u00e1tica en Canarias de la Biblioteca de la Universidad de La Laguna\u00bb<\/p>\n<\/div>\n<\/div>\n\n\n\n<div style=\"height:60px\" aria-hidden=\"true\" class=\"wp-block-spacer\"><\/div>\n<\/div>\n\n\n\n<div class=\"wp-block-column is-layout-flow wp-block-column-is-layout-flow\" style=\"flex-basis:25%\"><\/div>\n<\/div>\n","protected":false},"excerpt":{"rendered":"<p>Acto Inaugural Inauguraci\u00f3n de la exposici\u00f3n Hacer historia: el Archivo de la Transici\u00f3n Democr\u00e1tica en Canarias de la Biblioteca de la ULL, con la participaci\u00f3n del rector de la Universidad de La Laguna, Francisco Garc\u00eda; de Paqui Rivero Cabeza y Marta Jim\u00e9nez Jaen, del equipo de coordinaci\u00f3n de la exposici\u00f3n; y de Luis Gonzalo Rey&#8230;<\/p>\n","protected":false},"author":14,"featured_media":0,"parent":0,"menu_order":0,"comment_status":"closed","ping_status":"closed","template":"templates\/template-no-title.php","meta":{"footnotes":""},"class_list":["post-708","page","type-page","status-publish","hentry"],"_links":{"self":[{"href":"https:\/\/www.ull.es\/eventos\/hacer-historia\/wp-json\/wp\/v2\/pages\/708"}],"collection":[{"href":"https:\/\/www.ull.es\/eventos\/hacer-historia\/wp-json\/wp\/v2\/pages"}],"about":[{"href":"https:\/\/www.ull.es\/eventos\/hacer-historia\/wp-json\/wp\/v2\/types\/page"}],"author":[{"embeddable":true,"href":"https:\/\/www.ull.es\/eventos\/hacer-historia\/wp-json\/wp\/v2\/users\/14"}],"replies":[{"embeddable":true,"href":"https:\/\/www.ull.es\/eventos\/hacer-historia\/wp-json\/wp\/v2\/comments?post=708"}],"version-history":[{"count":9,"href":"https:\/\/www.ull.es\/eventos\/hacer-historia\/wp-json\/wp\/v2\/pages\/708\/revisions"}],"predecessor-version":[{"id":724,"href":"https:\/\/www.ull.es\/eventos\/hacer-historia\/wp-json\/wp\/v2\/pages\/708\/revisions\/724"}],"wp:attachment":[{"href":"https:\/\/www.ull.es\/eventos\/hacer-historia\/wp-json\/wp\/v2\/media?parent=708"}],"curies":[{"name":"wp","href":"https:\/\/api.w.org\/{rel}","templated":true}]}}