{"id":199,"date":"2024-09-25T09:16:26","date_gmt":"2024-09-25T09:16:26","guid":{"rendered":"https:\/\/www.ull.es\/eventos\/?page_id=199"},"modified":"2024-10-02T09:54:13","modified_gmt":"2024-10-02T09:54:13","slug":"inicio","status":"publish","type":"page","link":"https:\/\/www.ull.es\/eventos\/isla-surrealista\/","title":{"rendered":"Inicio"},"content":{"rendered":"<p>[vc_row gap=\u00bb35&#8243; equal_height=\u00bbyes\u00bb content_placement=\u00bbbottom\u00bb css=\u00bb.vc_custom_1727692271162{background-position: center !important;background-repeat: no-repeat !important;background-size: cover !important;}\u00bb][vc_column width=\u00bb1\/3&#8243;][vc_single_image image=\u00bb826&#8243; img_size=\u00bbmedium\u00bb][\/vc_column][vc_column width=\u00bb2\/3&#8243;][\/vc_column][\/vc_row][vc_row gap=\u00bb35&#8243; equal_height=\u00bbyes\u00bb content_placement=\u00bbbottom\u00bb css=\u00bb.vc_custom_1727789401955{background-position: center !important;background-repeat: no-repeat !important;background-size: cover !important;}\u00bb el_class=\u00bbslider_portada\u00bb][vc_column el_class=\u00bbslider_portada\u00bb][vc_images_carousel images=\u00bb923,922,921,920,919&#8243; img_size=\u00bbfull\u00bb onclick=\u00bblink_no\u00bb speed=\u00bb4000&#8243; autoplay=\u00bbyes\u00bb hide_pagination_control=\u00bbyes\u00bb hide_prev_next_buttons=\u00bbyes\u00bb wrap=\u00bbyes\u00bb][\/vc_column][\/vc_row][vc_row gap=\u00bb35&#8243; content_placement=\u00bbtop\u00bb css=\u00bb.vc_custom_1727692820016{padding-right: 90px !important;padding-left: 90px !important;background-color: #ffffff !important;}\u00bb][vc_column width=\u00bb1\/3&#8243;][vc_separator color=\u00bbcustom\u00bb accent_color=\u00bb#8e8e8e\u00bb][vc_custom_heading text=\u00bbISLA SURREALISTA\u00bb font_container=\u00bbtag:h1|font_size:1.8em|text_align:left|color:%23f15046|line_height:100%25&#8243; google_fonts=\u00bbfont_family:Roboto%3A100%2C100italic%2C300%2C300italic%2Cregular%2Citalic%2C500%2C500italic%2C700%2C700italic%2C900%2C900italic|font_style:300%20light%20regular%3A300%3Anormal\u00bb][vc_separator color=\u00bbcustom\u00bb accent_color=\u00bb#8e8e8e\u00bb][vc_empty_space][\/vc_column][vc_column width=\u00bb2\/3&#8243;][vc_separator color=\u00bbcustom\u00bb accent_color=\u00bb#8e8e8e\u00bb][vc_column_text]La conmemoraci\u00f3n del centenario de la publicaci\u00f3n del <em>Primer manifiesto surrealista<\/em> de Andr\u00e9 Breton (15 de octubre de 1924) que da lugar a la presente Exposici\u00f3n constituye una oportunidad excelente para reflexionar en torno a la transcendencia de este movimiento desde una perspectiva universal y, en concreto, en nuestro contexto insular.<\/p>\n<p>Frente a los ruidosos <em>ismos<\/em> que se suceden en los a\u00f1os 20 del pasado siglo, cuyos Manifiestos poseen distinto calado y alcance, el redactado por Andr\u00e9 Breton es, ante todo, una toma de postura ante el arte y la moral que engloba a todas las facetas de la existencia humana.[\/vc_column_text][vc_empty_space][vc_media_grid element_width=\u00bb2&#8243; grid_id=\u00bbvc_gid:1727862831549-c1e281ee-11c1-9&#8243; include=\u00bb869,868,867&#8243;][vc_empty_space][vc_column_text]Aunque, en principio, se erige como una defensa radical de una actividad creativa multidisciplinar basada en el azar y el inconsciente, la lectura del <em>Primer Manifiesto<\/em> revela unas inquietudes m\u00e1s profundas que van desde el amor hasta la candente cuesti\u00f3n pol\u00edtica del per\u00edodo de entreguerras. Las reflexiones en torno a la infancia y la locura o la defensa a ultranza de la imaginaci\u00f3n que encontramos en las encendidas palabras de Andr\u00e9 Breton dan buena cuenta, adem\u00e1s, de la dimensi\u00f3n human\u00edstica que, desde el radical inconformismo, caracteriza al movimiento.<\/p>\n<p>La complejidad y amplitud de los planteamientos del Manifiesto aleja claramente al surrealismo del simple desaf\u00edo iconoclasta propio de otros <em>ismos<\/em> y se observa claramente en un singular \u00ab\u00e1rbol geneal\u00f3gico\u00bb en el que Breton enumera diferentes figuras que, en todos los lenguajes, han manifestado actitudes que pueden considerarse precursoras del movimiento. Reivindicando a ilustres antecesores como el Marqu\u00e9s de Sade, V\u00edctor Hugo o Edgar Allan Poe, entre otros, el movimiento se sit\u00faa en esa \u00abtradici\u00f3n de la ruptura\u00bb de la que hablaba Octavio Paz, en su af\u00e1n de demostrar que la luz negra que lo ilumina trasciende el tiempo y el espacio, porque depende de la mirada y la actitud de quienes encaran la revoluci\u00f3n desde la poes\u00eda.<\/p>\n<p>M\u00e1s all\u00e1 de las diferencias entre los distintos integrantes del movimiento, que han abandonado o engrosado sus filas, lo relevante del <em>Primer Manifiesto<\/em> es que, como muy bien entendieron los autores canarios, el surrealismo es, ante todo, una forma de estar en el mundo.<\/p>\n<p>Diferentes tomas de postura por parte de Andr\u00e9 Breton como el <em>Segundo manifiesto<\/em>, de 1930, o los <em>Pr\u00f3legomenos a un tercer manifiesto del surrealismo o no<\/em>, de 1942, prolongan la coherencia y la lucidez de un pensamiento iluminado por la mirada de un poeta.<\/p>\n<p>Precisamente por eso, ni el <em>Primer manifiesto<\/em> ni los textos similares que lo sucedieron pueden entenderse como panfletos espont\u00e1neos e irreflexivos: muy al contrario, la palabra precisa y l\u00facida de Breton se abre paso con la belleza de un rayo y la rotundidad de una bomba, para que, como \u00e9l mismo expres\u00f3, sean las generaciones futuras quienes decidan la profundidad de su mensaje.[\/vc_column_text][\/vc_column][\/vc_row][vc_row gap=\u00bb30&#8243; css=\u00bb.vc_custom_1727697933407{padding-right: 90px !important;padding-left: 90px !important;background-color: #ffffff !important;}\u00bb][vc_column width=\u00bb1\/3&#8243;][vc_separator color=\u00bbcustom\u00bb accent_color=\u00bb#8e8e8e\u00bb][\/vc_column][vc_column width=\u00bb2\/3&#8243;][vc_separator color=\u00bbcustom\u00bb accent_color=\u00bb#8e8e8e\u00bb][\/vc_column][\/vc_row]<\/p>\n","protected":false},"excerpt":{"rendered":"<p>[vc_row gap=\u00bb35&#8243; equal_height=\u00bbyes\u00bb content_placement=\u00bbbottom\u00bb css=\u00bb.vc_custom_1727692271162{background-position: center !important;background-repeat: no-repeat !important;background-size: cover !important;}\u00bb][vc_column width=\u00bb1\/3&#8243;][vc_single_image image=\u00bb826&#8243; img_size=\u00bbmedium\u00bb][\/vc_column][vc_column width=\u00bb2\/3&#8243;][\/vc_column][\/vc_row][vc_row gap=\u00bb35&#8243; equal_height=\u00bbyes\u00bb content_placement=\u00bbbottom\u00bb css=\u00bb.vc_custom_1727789401955{background-position: center !important;background-repeat: no-repeat !important;background-size: cover !important;}\u00bb el_class=\u00bbslider_portada\u00bb][vc_column el_class=\u00bbslider_portada\u00bb][vc_images_carousel images=\u00bb923,922,921,920,919&#8243; img_size=\u00bbfull\u00bb onclick=\u00bblink_no\u00bb speed=\u00bb4000&#8243; autoplay=\u00bbyes\u00bb hide_pagination_control=\u00bbyes\u00bb hide_prev_next_buttons=\u00bbyes\u00bb wrap=\u00bbyes\u00bb][\/vc_column][\/vc_row][vc_row gap=\u00bb35&#8243; content_placement=\u00bbtop\u00bb css=\u00bb.vc_custom_1727692820016{padding-right: 90px !important;padding-left: 90px !important;background-color: #ffffff !important;}\u00bb][vc_column width=\u00bb1\/3&#8243;][vc_separator color=\u00bbcustom\u00bb accent_color=\u00bb#8e8e8e\u00bb][vc_custom_heading text=\u00bbISLA SURREALISTA\u00bb font_container=\u00bbtag:h1|font_size:1.8em|text_align:left|color:%23f15046|line_height:100%25&#8243; google_fonts=\u00bbfont_family:Roboto%3A100%2C100italic%2C300%2C300italic%2Cregular%2Citalic%2C500%2C500italic%2C700%2C700italic%2C900%2C900italic|font_style:300%20light%20regular%3A300%3Anormal\u00bb][vc_separator color=\u00bbcustom\u00bb accent_color=\u00bb#8e8e8e\u00bb][vc_empty_space][\/vc_column][vc_column width=\u00bb2\/3&#8243;][vc_separator color=\u00bbcustom\u00bb&#8230;<\/p>\n","protected":false},"author":40,"featured_media":0,"parent":0,"menu_order":0,"comment_status":"closed","ping_status":"closed","template":"templates\/template-no-title.php","meta":{"footnotes":""},"class_list":["post-199","page","type-page","status-publish","hentry"],"_links":{"self":[{"href":"https:\/\/www.ull.es\/eventos\/isla-surrealista\/wp-json\/wp\/v2\/pages\/199"}],"collection":[{"href":"https:\/\/www.ull.es\/eventos\/isla-surrealista\/wp-json\/wp\/v2\/pages"}],"about":[{"href":"https:\/\/www.ull.es\/eventos\/isla-surrealista\/wp-json\/wp\/v2\/types\/page"}],"author":[{"embeddable":true,"href":"https:\/\/www.ull.es\/eventos\/isla-surrealista\/wp-json\/wp\/v2\/users\/40"}],"replies":[{"embeddable":true,"href":"https:\/\/www.ull.es\/eventos\/isla-surrealista\/wp-json\/wp\/v2\/comments?post=199"}],"version-history":[{"count":12,"href":"https:\/\/www.ull.es\/eventos\/isla-surrealista\/wp-json\/wp\/v2\/pages\/199\/revisions"}],"predecessor-version":[{"id":929,"href":"https:\/\/www.ull.es\/eventos\/isla-surrealista\/wp-json\/wp\/v2\/pages\/199\/revisions\/929"}],"wp:attachment":[{"href":"https:\/\/www.ull.es\/eventos\/isla-surrealista\/wp-json\/wp\/v2\/media?parent=199"}],"curies":[{"name":"wp","href":"https:\/\/api.w.org\/{rel}","templated":true}]}}