{"id":218,"date":"2024-09-30T10:27:10","date_gmt":"2024-09-30T10:27:10","guid":{"rendered":"https:\/\/www.ull.es\/eventos\/?page_id=218"},"modified":"2024-10-02T07:26:28","modified_gmt":"2024-10-02T07:26:28","slug":"la-era-de-los-manifiestos","status":"publish","type":"page","link":"https:\/\/www.ull.es\/eventos\/isla-surrealista\/la-era-de-los-manifiestos\/","title":{"rendered":"LA ERA DE LOS MANIFIESTOS"},"content":{"rendered":"<p>[vc_row gap=\u00bb35&#8243; equal_height=\u00bbyes\u00bb content_placement=\u00bbbottom\u00bb css=\u00bb.vc_custom_1727692271162{background-position: center !important;background-repeat: no-repeat !important;background-size: cover !important;}\u00bb][vc_column width=\u00bb1\/3&#8243;][vc_single_image image=\u00bb826&#8243; img_size=\u00bbmedium\u00bb onclick=\u00bbcustom_link\u00bb link=\u00bbhttps:\/\/www.ull.es\/eventos\/isla-surrealista\u00bb][\/vc_column][vc_column width=\u00bb2\/3&#8243;][\/vc_column][\/vc_row][vc_row gap=\u00bb35&#8243; equal_height=\u00bbyes\u00bb content_placement=\u00bbbottom\u00bb css=\u00bb.vc_custom_1727692835522{background-image: url(http:\/\/www.ull.es\/eventos\/wp-content\/uploads\/2024\/09\/1_EW-0191001.jpg?id=226) !important;background-position: center !important;background-repeat: no-repeat !important;background-size: contain !important;}\u00bb][vc_column width=\u00bb1\/3&#8243;][vc_empty_space height=\u00bb600px\u00bb][\/vc_column][vc_column width=\u00bb2\/3&#8243;][\/vc_column][\/vc_row][vc_row gap=\u00bb35&#8243; content_placement=\u00bbtop\u00bb css=\u00bb.vc_custom_1727692820016{padding-right: 90px !important;padding-left: 90px !important;background-color: #ffffff !important;}\u00bb][vc_column width=\u00bb1\/3&#8243;][vc_separator color=\u00bbcustom\u00bb accent_color=\u00bb#8e8e8e\u00bb][vc_custom_heading source=\u00bbpost_title\u00bb font_container=\u00bbtag:h1|font_size:1.8em|text_align:left|color:%23f15046|line_height:100%25&#8243; google_fonts=\u00bbfont_family:Roboto%3A100%2C100italic%2C300%2C300italic%2Cregular%2Citalic%2C500%2C500italic%2C700%2C700italic%2C900%2C900italic|font_style:300%20light%20regular%3A300%3Anormal\u00bb][vc_separator color=\u00bbcustom\u00bb accent_color=\u00bb#8e8e8e\u00bb][vc_empty_space][\/vc_column][vc_column width=\u00bb2\/3&#8243;][vc_separator color=\u00bbcustom\u00bb accent_color=\u00bb#8e8e8e\u00bb][vc_column_text]Con el comienzo del siglo XX, gracias a avances tanto tecnol\u00f3gicos como cient\u00edficos y a nuevas inquietudes filos\u00f3ficas y sociales, las vanguardias \u2013como el surrealismo, el futurismo, el cubismo y el dada\u00edsmo\u2013 se erigieron en Europa en movimientos con los que se planteaba la ruptura con la tradici\u00f3n e incluso posiciones vitales novedosas. Los s\u00edmbolos de la modernidad del primer tercio de ese siglo, entre los que se hallaban el jazz, el cine, el deporte, la aviaci\u00f3n y el automovilismo, se convirtieron en motivos pict\u00f3ricos y literarios. Sin embargo, no solo los s\u00edmbolos tangibles acapararon la atenci\u00f3n art\u00edstica. Tambi\u00e9n el psicoan\u00e1lisis, que se difundi\u00f3 desde finales de la d\u00e9cada de 1890 gracias a Sigmund Freud, suscit\u00f3 cambios de \u00edndole existencial que influyeron en el surrealismo y en su exploraci\u00f3n del subconsciente para buscar motivos po\u00e9ticos. Con su teor\u00eda de la interpretaci\u00f3n de los sue\u00f1os, Freud contribuy\u00f3 a que el mundo on\u00edrico ocupara una posici\u00f3n primordial para los grupos surrealistas, quienes pretend\u00edan profundizar en realidades ocultas a los sentidos.[\/vc_column_text][vc_empty_space][vc_media_grid element_width=\u00bb2&#8243; grid_id=\u00bbvc_gid:1727853307464-cab5697e-04d6-0&#8243; include=\u00bb798,797,796&#8243;][vc_empty_space][vc_column_text]En las islas Canarias, la evoluci\u00f3n hacia est\u00e9ticas de vanguardia se reflej\u00f3, en sus inicios, en la introducci\u00f3n ocasional de motivos propios de estos nuevos movimientos en revistas del archipi\u00e9lago en las que predominaban contenidos localistas o folcl\u00f3ricos. As\u00ed se advierte en Hesp\u00e9rides (Santa Cruz de Tenerife, 1926-1929), en la que la exaltaci\u00f3n regionalista de paisajes y costumbres insulares aparece, a veces, junto con textos de ficci\u00f3n en los que se imita una proyecci\u00f3n cinematogr\u00e1fica. Se trata de destellos vanguardistas que indican la direcci\u00f3n que tomar\u00edan varias publicaciones canarias y que alcanzar\u00eda su m\u00e1xima expresi\u00f3n en revistas como La Rosa de los Vientos (Santa Cruz de Tenerife, 1927-1928) y Gaceta de Arte (Santa Cruz de Tenerife, 1932-1936). A estas publicaciones peri\u00f3dicas se suman obras literarias, tanto en verso como en prosa, que conforman la po\u00e9tica vanguardista de las islas. Por su ambici\u00f3n est\u00e9tica y sus logros estil\u00edsticos, adem\u00e1s de una rompedora visi\u00f3n del archipi\u00e9lago, destacan Lancelot, 28\u00ba-7\u00ba (1929) y Crimen (1934), de Agust\u00edn Espinosa.<\/p>\n<p>En esta nueva etapa art\u00edstica, tanto en Europa como en Canarias, las vanguardias encontraron un soporte adecuado para difundir sus principios y sus objetivos en los manifiestos. Este g\u00e9nero serv\u00eda para que los grupos que defend\u00edan distintos movimientos sintetizaran en textos breves, pero no exentos de lirismo, las ideas rectoras de cada corriente art\u00edstica. Asimismo, dada la convivencia de m\u00faltiples vanguardias en el mismo periodo, los manifiestos eran \u00fatiles para se\u00f1alar las diferencias con otras propuestas creativas con las que compart\u00edan el deseo de romper con la tradici\u00f3n y de apropiarse de los s\u00edmbolos de la modernidad del primer tercio del siglo XX para hallar nuevos recursos expresivos. Por ello, el recorrido por los manifiestos de esta \u00e9poca se convierte en un paso ineludible para conocer la importancia creativa de las vanguardias y las redes culturales que surgieron en torno a ellas.[\/vc_column_text][\/vc_column][\/vc_row][vc_row gap=\u00bb30&#8243; css=\u00bb.vc_custom_1727697969692{padding-right: 90px !important;padding-left: 90px !important;background-color: #ffffff !important;}\u00bb][vc_column width=\u00bb1\/3&#8243;][vc_separator color=\u00bbcustom\u00bb accent_color=\u00bb#8e8e8e\u00bb][\/vc_column][vc_column width=\u00bb2\/3&#8243;][vc_separator color=\u00bbcustom\u00bb accent_color=\u00bb#8e8e8e\u00bb][vc_column_text el_class=\u00bbpie\u00bb]<\/p>\n<p style=\"text-align: right\"><em>Fotograf\u00eda superior de Eduardo Westerdahl.<\/em><\/p>\n<p>[\/vc_column_text][\/vc_column][\/vc_row][vc_row gap=\u00bb30&#8243; css=\u00bb.vc_custom_1727697969692{padding-right: 90px !important;padding-left: 90px !important;background-color: #ffffff !important;}\u00bb][vc_column width=\u00bb1\/3&#8243;][vc_separator color=\u00bbcustom\u00bb accent_color=\u00bb#8e8e8e\u00bb][\/vc_column][vc_column width=\u00bb2\/3&#8243;][vc_separator color=\u00bbcustom\u00bb accent_color=\u00bb#8e8e8e\u00bb][\/vc_column][\/vc_row]<\/p>\n","protected":false},"excerpt":{"rendered":"<p>[vc_row gap=\u00bb35&#8243; equal_height=\u00bbyes\u00bb content_placement=\u00bbbottom\u00bb css=\u00bb.vc_custom_1727692271162{background-position: center !important;background-repeat: no-repeat !important;background-size: cover !important;}\u00bb][vc_column width=\u00bb1\/3&#8243;][vc_single_image image=\u00bb826&#8243; img_size=\u00bbmedium\u00bb onclick=\u00bbcustom_link\u00bb link=\u00bbhttps:\/\/www.ull.es\/eventos\/isla-surrealista\u00bb][\/vc_column][vc_column width=\u00bb2\/3&#8243;][\/vc_column][\/vc_row][vc_row gap=\u00bb35&#8243; equal_height=\u00bbyes\u00bb content_placement=\u00bbbottom\u00bb css=\u00bb.vc_custom_1727692835522{background-image: url(http:\/\/www.ull.es\/eventos\/wp-content\/uploads\/2024\/09\/1_EW-0191001.jpg?id=226) !important;background-position: center !important;background-repeat: no-repeat !important;background-size: contain !important;}\u00bb][vc_column width=\u00bb1\/3&#8243;][vc_empty_space height=\u00bb600px\u00bb][\/vc_column][vc_column width=\u00bb2\/3&#8243;][\/vc_column][\/vc_row][vc_row gap=\u00bb35&#8243; content_placement=\u00bbtop\u00bb css=\u00bb.vc_custom_1727692820016{padding-right: 90px !important;padding-left: 90px !important;background-color: #ffffff !important;}\u00bb][vc_column width=\u00bb1\/3&#8243;][vc_separator color=\u00bbcustom\u00bb accent_color=\u00bb#8e8e8e\u00bb][vc_custom_heading source=\u00bbpost_title\u00bb font_container=\u00bbtag:h1|font_size:1.8em|text_align:left|color:%23f15046|line_height:100%25&#8243; google_fonts=\u00bbfont_family:Roboto%3A100%2C100italic%2C300%2C300italic%2Cregular%2Citalic%2C500%2C500italic%2C700%2C700italic%2C900%2C900italic|font_style:300%20light%20regular%3A300%3Anormal\u00bb][vc_separator color=\u00bbcustom\u00bb accent_color=\u00bb#8e8e8e\u00bb][vc_empty_space][\/vc_column][vc_column width=\u00bb2\/3&#8243;][vc_separator color=\u00bbcustom\u00bb accent_color=\u00bb#8e8e8e\u00bb][vc_column_text]Con el comienzo del&#8230;<\/p>\n","protected":false},"author":40,"featured_media":0,"parent":0,"menu_order":0,"comment_status":"closed","ping_status":"closed","template":"","meta":{"footnotes":""},"class_list":["post-218","page","type-page","status-publish","hentry"],"_links":{"self":[{"href":"https:\/\/www.ull.es\/eventos\/isla-surrealista\/wp-json\/wp\/v2\/pages\/218"}],"collection":[{"href":"https:\/\/www.ull.es\/eventos\/isla-surrealista\/wp-json\/wp\/v2\/pages"}],"about":[{"href":"https:\/\/www.ull.es\/eventos\/isla-surrealista\/wp-json\/wp\/v2\/types\/page"}],"author":[{"embeddable":true,"href":"https:\/\/www.ull.es\/eventos\/isla-surrealista\/wp-json\/wp\/v2\/users\/40"}],"replies":[{"embeddable":true,"href":"https:\/\/www.ull.es\/eventos\/isla-surrealista\/wp-json\/wp\/v2\/comments?post=218"}],"version-history":[{"count":7,"href":"https:\/\/www.ull.es\/eventos\/isla-surrealista\/wp-json\/wp\/v2\/pages\/218\/revisions"}],"predecessor-version":[{"id":914,"href":"https:\/\/www.ull.es\/eventos\/isla-surrealista\/wp-json\/wp\/v2\/pages\/218\/revisions\/914"}],"wp:attachment":[{"href":"https:\/\/www.ull.es\/eventos\/isla-surrealista\/wp-json\/wp\/v2\/media?parent=218"}],"curies":[{"name":"wp","href":"https:\/\/api.w.org\/{rel}","templated":true}]}}