{"id":831,"date":"2024-10-01T12:30:27","date_gmt":"2024-10-01T12:30:27","guid":{"rendered":"https:\/\/www.ull.es\/eventos\/isla-surrealista\/?page_id=831"},"modified":"2024-10-02T07:26:50","modified_gmt":"2024-10-02T07:26:50","slug":"manifiestos-de-vanguardia","status":"publish","type":"page","link":"https:\/\/www.ull.es\/eventos\/isla-surrealista\/manifiestos-de-vanguardia\/","title":{"rendered":"MANIFIESTOS DE VANGUARDIA"},"content":{"rendered":"<p>[vc_row gap=\u00bb35&#8243; equal_height=\u00bbyes\u00bb content_placement=\u00bbbottom\u00bb css=\u00bb.vc_custom_1727692271162{background-position: center !important;background-repeat: no-repeat !important;background-size: cover !important;}\u00bb][vc_column width=\u00bb1\/3&#8243;][vc_single_image image=\u00bb826&#8243; img_size=\u00bbmedium\u00bb onclick=\u00bbcustom_link\u00bb link=\u00bbhttps:\/\/www.ull.es\/eventos\/isla-surrealista\u00bb][\/vc_column][vc_column width=\u00bb2\/3&#8243;][\/vc_column][\/vc_row][vc_row gap=\u00bb35&#8243; equal_height=\u00bbyes\u00bb content_placement=\u00bbbottom\u00bb css=\u00bb.vc_custom_1727786184093{background-image: url(http:\/\/www.ull.es\/eventos\/isla-surrealista\/wp-content\/uploads\/sites\/57\/2024\/10\/EW-5124001.jpg?id=835) !important;background-position: center !important;background-repeat: no-repeat !important;background-size: contain !important;}\u00bb][vc_column width=\u00bb1\/3&#8243;][vc_empty_space height=\u00bb600px\u00bb][\/vc_column][vc_column width=\u00bb2\/3&#8243;][\/vc_column][\/vc_row][vc_row gap=\u00bb35&#8243; content_placement=\u00bbtop\u00bb css=\u00bb.vc_custom_1727692820016{padding-right: 90px !important;padding-left: 90px !important;background-color: #ffffff !important;}\u00bb][vc_column width=\u00bb1\/3&#8243;][vc_separator color=\u00bbcustom\u00bb accent_color=\u00bb#8e8e8e\u00bb][vc_custom_heading source=\u00bbpost_title\u00bb font_container=\u00bbtag:h1|font_size:1.8em|text_align:left|color:%23f15046|line_height:100%25&#8243; google_fonts=\u00bbfont_family:Roboto%3A100%2C100italic%2C300%2C300italic%2Cregular%2Citalic%2C500%2C500italic%2C700%2C700italic%2C900%2C900italic|font_style:300%20light%20regular%3A300%3Anormal\u00bb][vc_separator color=\u00bbcustom\u00bb accent_color=\u00bb#8e8e8e\u00bb][vc_empty_space][\/vc_column][vc_column width=\u00bb2\/3&#8243;][vc_separator color=\u00bbcustom\u00bb accent_color=\u00bb#8e8e8e\u00bb][vc_column_text]Los manifiestos de los movimientos de vanguardia se convert\u00edan, con frecuencia, en reivindicaciones no solo est\u00e9ticas, sino tambi\u00e9n vitales. Al mismo tiempo que se resum\u00edan los principios que reg\u00edan la creaci\u00f3n art\u00edstica de cada grupo, se expresaban posturas filos\u00f3ficas que, con frecuencia, transgred\u00edan los l\u00edmites creativos y se fund\u00edan con la existencia de sus miembros. Por eso, en el Manifiesto futurista (1909), del escritor italiano Filippo Tommaso Marinetti, se exalta la agresividad y la violencia, incluso la guerra, como motivo de glorificaci\u00f3n y como un modo de luchar contra la cobard\u00eda. En estas declaraciones se aprecia, desde luego, el objetivo de provocar reacciones intensas en el p\u00fablico. Sin embargo, tambi\u00e9n existe en el manifiesto el deseo de reivindicar las novedades tecnol\u00f3gicas, sobre todo vinculadas a las m\u00e1quinas, como fuentes de inspiraci\u00f3n art\u00edstica.[\/vc_column_text][vc_empty_space][vc_media_grid element_width=\u00bb2&#8243; grid_id=\u00bbvc_gid:1727853307492-9b5d1d2b-bcc5-9&#8243; include=\u00bb806,808,807&#8243;][vc_empty_space][vc_column_text]Esta misma combinaci\u00f3n de explicaciones sobre la po\u00e9tica propia y de posturas vitales se aprecia en la Proclama ultra\u00edsta que Jorge Luis Borges, Guillermo Juan, Eduardo Gonz\u00e1lez Lanuza y Guillermo de Torre publicaron en Buenos Aires en 1921 y en Madrid en 1922. El texto comienza con una met\u00e1fora en la que la vida se compara con un mazo de naipes barajados, pero en \u00e9l tambi\u00e9n se reivindica el ultra\u00edsmo como un movimiento con el que \u00abdesanquilosar el arte\u00bb y \u00abdescubrir facetas insospechadas al mundo\u00bb.<\/p>\n<p>Otros manifiestos, en lugar de centrarse en explicar po\u00e9ticas, desarrollan cr\u00edticas furibundas, incluso insultantes, hacia generaciones pasadas que representan un arte que, a ojos de la vanguardia, ha perdido su raz\u00f3n de ser. As\u00ed se observa en el Manifiesto ultra\u00edsta (1919), del autor sevillano Isaac del Vando Villar, donde se califica a la generaci\u00f3n novecentista de \u00abplagiadores conscientes e inconscientes de nuestros cl\u00e1sicos\u00bb. De esta manera, el ultra\u00edsmo se erige en una v\u00eda creativa para llevar nuevos modelos expresivos al lenguaje art\u00edstico.<\/p>\n<p>Los t\u00edtulos de algunos manifiestos ya suponen, en s\u00ed mismos, una proclama reivindicativa de un arte nuevo, como el de Cosas vivas (1930), de Sebasti\u00e1 Gasch. El cr\u00edtico barcelon\u00e9s se refiri\u00f3 con esas palabras a un arte que exterioriza resplandores espirituales. Por eso, exalta obras prehist\u00f3ricas, como el bisonte de Altamira y las esculturas de piedra de la isla de Pascua, que remiten a tradiciones milenarias, al mismo tiempo que destaca la pintura de Pablo Picasso y de Joan Mir\u00f3. Aunque Gasch no explicita su adhesi\u00f3n a ninguna vanguardia concreta, sugiere en el texto su pasi\u00f3n por el cubismo. Este manifiesto, en realidad, corresponde a una defensa personal del arte vanguardista m\u00e1s que a una exposici\u00f3n de principios po\u00e9ticos.<\/p>\n<p>Con estos textos, se comprueba que los manifiestos no siguieron un \u00fanico modelo ni se propusieron un \u00fanico objetivo. La exposici\u00f3n de ideas fundadoras de un movimiento vanguardista es una meta m\u00e1s de estos escritos, pero no la \u00fanica. La cr\u00edtica a generaciones anteriores, la reivindicaci\u00f3n de posturas existenciales rebeldes, la actitud provocadora y las reflexiones individuales sobre el arte conformaron un corpus considerable de textos que, a pesar de su brevedad, contienen la esencia de las vanguardias.[\/vc_column_text][\/vc_column][\/vc_row][vc_row gap=\u00bb30&#8243; css=\u00bb.vc_custom_1727697933407{padding-right: 90px !important;padding-left: 90px !important;background-color: #ffffff !important;}\u00bb][vc_column width=\u00bb1\/3&#8243;][vc_separator color=\u00bbcustom\u00bb accent_color=\u00bb#8e8e8e\u00bb][\/vc_column][vc_column width=\u00bb2\/3&#8243;][vc_separator color=\u00bbcustom\u00bb accent_color=\u00bb#8e8e8e\u00bb][vc_column_text el_class=\u00bbpie\u00bb]<\/p>\n<p style=\"text-align: right\"><em>Fotograf\u00eda superior de Eduardo Westerdahl.<\/em><\/p>\n<p>[\/vc_column_text][\/vc_column][\/vc_row][vc_row gap=\u00bb30&#8243; css=\u00bb.vc_custom_1727697933407{padding-right: 90px !important;padding-left: 90px !important;background-color: #ffffff !important;}\u00bb][vc_column width=\u00bb1\/3&#8243;][vc_separator color=\u00bbcustom\u00bb accent_color=\u00bb#8e8e8e\u00bb][\/vc_column][vc_column width=\u00bb2\/3&#8243;][vc_separator color=\u00bbcustom\u00bb accent_color=\u00bb#8e8e8e\u00bb][\/vc_column][\/vc_row]<\/p>\n","protected":false},"excerpt":{"rendered":"<p>[vc_row gap=\u00bb35&#8243; equal_height=\u00bbyes\u00bb content_placement=\u00bbbottom\u00bb css=\u00bb.vc_custom_1727692271162{background-position: center !important;background-repeat: no-repeat !important;background-size: cover !important;}\u00bb][vc_column width=\u00bb1\/3&#8243;][vc_single_image image=\u00bb826&#8243; img_size=\u00bbmedium\u00bb onclick=\u00bbcustom_link\u00bb link=\u00bbhttps:\/\/www.ull.es\/eventos\/isla-surrealista\u00bb][\/vc_column][vc_column width=\u00bb2\/3&#8243;][\/vc_column][\/vc_row][vc_row gap=\u00bb35&#8243; equal_height=\u00bbyes\u00bb content_placement=\u00bbbottom\u00bb css=\u00bb.vc_custom_1727786184093{background-image: url(http:\/\/www.ull.es\/eventos\/isla-surrealista\/wp-content\/uploads\/sites\/57\/2024\/10\/EW-5124001.jpg?id=835) !important;background-position: center !important;background-repeat: no-repeat !important;background-size: contain !important;}\u00bb][vc_column width=\u00bb1\/3&#8243;][vc_empty_space height=\u00bb600px\u00bb][\/vc_column][vc_column width=\u00bb2\/3&#8243;][\/vc_column][\/vc_row][vc_row gap=\u00bb35&#8243; content_placement=\u00bbtop\u00bb css=\u00bb.vc_custom_1727692820016{padding-right: 90px !important;padding-left: 90px !important;background-color: #ffffff !important;}\u00bb][vc_column width=\u00bb1\/3&#8243;][vc_separator color=\u00bbcustom\u00bb accent_color=\u00bb#8e8e8e\u00bb][vc_custom_heading source=\u00bbpost_title\u00bb font_container=\u00bbtag:h1|font_size:1.8em|text_align:left|color:%23f15046|line_height:100%25&#8243; google_fonts=\u00bbfont_family:Roboto%3A100%2C100italic%2C300%2C300italic%2Cregular%2Citalic%2C500%2C500italic%2C700%2C700italic%2C900%2C900italic|font_style:300%20light%20regular%3A300%3Anormal\u00bb][vc_separator color=\u00bbcustom\u00bb accent_color=\u00bb#8e8e8e\u00bb][vc_empty_space][\/vc_column][vc_column width=\u00bb2\/3&#8243;][vc_separator color=\u00bbcustom\u00bb accent_color=\u00bb#8e8e8e\u00bb][vc_column_text]Los manifiestos de los&#8230;<\/p>\n","protected":false},"author":14,"featured_media":0,"parent":0,"menu_order":0,"comment_status":"closed","ping_status":"closed","template":"","meta":{"footnotes":""},"class_list":["post-831","page","type-page","status-publish","hentry"],"_links":{"self":[{"href":"https:\/\/www.ull.es\/eventos\/isla-surrealista\/wp-json\/wp\/v2\/pages\/831"}],"collection":[{"href":"https:\/\/www.ull.es\/eventos\/isla-surrealista\/wp-json\/wp\/v2\/pages"}],"about":[{"href":"https:\/\/www.ull.es\/eventos\/isla-surrealista\/wp-json\/wp\/v2\/types\/page"}],"author":[{"embeddable":true,"href":"https:\/\/www.ull.es\/eventos\/isla-surrealista\/wp-json\/wp\/v2\/users\/14"}],"replies":[{"embeddable":true,"href":"https:\/\/www.ull.es\/eventos\/isla-surrealista\/wp-json\/wp\/v2\/comments?post=831"}],"version-history":[{"count":6,"href":"https:\/\/www.ull.es\/eventos\/isla-surrealista\/wp-json\/wp\/v2\/pages\/831\/revisions"}],"predecessor-version":[{"id":916,"href":"https:\/\/www.ull.es\/eventos\/isla-surrealista\/wp-json\/wp\/v2\/pages\/831\/revisions\/916"}],"wp:attachment":[{"href":"https:\/\/www.ull.es\/eventos\/isla-surrealista\/wp-json\/wp\/v2\/media?parent=831"}],"curies":[{"name":"wp","href":"https:\/\/api.w.org\/{rel}","templated":true}]}}