{"id":837,"date":"2024-10-01T12:37:30","date_gmt":"2024-10-01T12:37:30","guid":{"rendered":"https:\/\/www.ull.es\/eventos\/isla-surrealista\/?page_id=837"},"modified":"2024-10-02T07:27:16","modified_gmt":"2024-10-02T07:27:16","slug":"tenerife-la-isla-surrealista","status":"publish","type":"page","link":"https:\/\/www.ull.es\/eventos\/isla-surrealista\/tenerife-la-isla-surrealista\/","title":{"rendered":"TENERIFE, LA ISLA SURREALISTA"},"content":{"rendered":"<p>[vc_row gap=\u00bb35&#8243; equal_height=\u00bbyes\u00bb content_placement=\u00bbbottom\u00bb css=\u00bb.vc_custom_1727692271162{background-position: center !important;background-repeat: no-repeat !important;background-size: cover !important;}\u00bb][vc_column width=\u00bb1\/3&#8243;][vc_single_image image=\u00bb826&#8243; img_size=\u00bbmedium\u00bb onclick=\u00bbcustom_link\u00bb link=\u00bbhttps:\/\/www.ull.es\/eventos\/isla-surrealista\u00bb][\/vc_column][vc_column width=\u00bb2\/3&#8243;][\/vc_column][\/vc_row][vc_row gap=\u00bb35&#8243; equal_height=\u00bbyes\u00bb content_placement=\u00bbbottom\u00bb css=\u00bb.vc_custom_1727786562990{background-image: url(http:\/\/www.ull.es\/eventos\/isla-surrealista\/wp-content\/uploads\/sites\/57\/2024\/10\/EW-4766001.jpg?id=840) !important;background-position: center !important;background-repeat: no-repeat !important;background-size: contain !important;}\u00bb][vc_column width=\u00bb1\/3&#8243;][vc_empty_space height=\u00bb600px\u00bb][\/vc_column][vc_column width=\u00bb2\/3&#8243;][\/vc_column][\/vc_row][vc_row gap=\u00bb35&#8243; content_placement=\u00bbtop\u00bb css=\u00bb.vc_custom_1727692820016{padding-right: 90px !important;padding-left: 90px !important;background-color: #ffffff !important;}\u00bb][vc_column width=\u00bb1\/3&#8243;][vc_separator color=\u00bbcustom\u00bb accent_color=\u00bb#8e8e8e\u00bb][vc_custom_heading source=\u00bbpost_title\u00bb font_container=\u00bbtag:h1|font_size:1.8em|text_align:left|color:%23f15046|line_height:100%25&#8243; google_fonts=\u00bbfont_family:Roboto%3A100%2C100italic%2C300%2C300italic%2Cregular%2Citalic%2C500%2C500italic%2C700%2C700italic%2C900%2C900italic|font_style:300%20light%20regular%3A300%3Anormal\u00bb][vc_separator color=\u00bbcustom\u00bb accent_color=\u00bb#8e8e8e\u00bb][vc_empty_space][\/vc_column][vc_column width=\u00bb2\/3&#8243;][vc_separator color=\u00bbcustom\u00bb accent_color=\u00bb#8e8e8e\u00bb][vc_column_text]En la historia internacional del movimiento surrealista, Tenerife ocupa un lugar de primer orden, hecho sobradamente conocido fuera de nuestras fronteras pero, parad\u00f3jicamente, todav\u00eda descuidado en la mayor\u00eda de los panoramas cr\u00edticos realizados en Espa\u00f1a. Lo cierto es que, de todo el territorio nacional, la isla fue el \u00fanico lugar en el que se entendi\u00f3 el surrealismo como una forma de vida y no como una vanguardia m\u00e1s. Mientras en los manuales al uso se sigue hablando de Alberti, Aleixandre o Lorca como representantes del \u201csurrealismo espa\u00f1ol\u201d, se olvida o desconoce que fue en esta peque\u00f1a isla donde un activo grupo de poetas y ensayistas propici\u00f3 una aventura colectiva que situ\u00f3 a Canarias en el centro del movimiento m\u00e1s s\u00f3lido y revulsivo de esa hora rupturista.[\/vc_column_text][vc_empty_space][vc_media_grid element_width=\u00bb2&#8243; grid_id=\u00bbvc_gid:1727853312354-6c91ba55-7b0a-9&#8243; include=\u00bb843,810,812,811&#8243;][vc_empty_space][vc_column_text]La figura de \u00d3scar Dom\u00ednguez, desde Par\u00eds, fue determinante para generar una fascinaci\u00f3n que discurri\u00f3 en dos direcciones: el pintor logr\u00f3 que Andr\u00e9 Breton so\u00f1ara con nuestros paisajes y que nuestros autores se adentraran en las alcantarillas del subconsciente. Mientras el poeta franc\u00e9s evocaba desde la imaginaci\u00f3n las playas de arena negra, fragmentos de Crimen, de Agust\u00edn Espinosa, y Romanticismo y cuenta nueva y Enigma del invitado, de Emeterio Guti\u00e9rrez Albelo, iban apareciendo en la prensa local. Domingo L\u00f3pez Torres y Pedro Garc\u00eda Cabrera redactaron dos obras capitales -Lo imprevisto y D\u00e1rsena con despertadores, respectivamente- in\u00e9ditas hasta los a\u00f1os 80 a causa de la Guerra civil. Domingo P\u00e9rez Minik y Jos\u00e9 Antonio Rojas se sumaron con entusiasmo a esta fiebre renovadora.<\/p>\n<p>La revista Gaceta de Arte actu\u00f3 como agente dinamizador: realiz\u00f3 cuidadas ediciones de estas obras y organiz\u00f3 la visita a Tenerife de Andr\u00e9 Breton, Jacqueline Lamba y Benjamin P\u00e9ret en mayo de 1935.<\/p>\n<p>En este contexto de aut\u00e9ntica efervescencia, la llegada de los visitantes franceses agit\u00f3 el ambiente cultural insular y redefini\u00f3 nuestro paisaje: el mar de nubes, el Teide, el milenario drago, el malpa\u00eds y el Jard\u00edn Bot\u00e1nico se convirtieron en emblemas de la \u00abbelleza convulsiva\u00bb y todas estas vivencias se recogieron en El amor loco, de Andr\u00e9 Breton. Por su parte, los anfitriones insulares hablaban de \u00abla primavera surrealista\u00bb y recibieron a los viajeros con un fervor tal que su presencia en Tenerife se convirti\u00f3 en una fiesta de la poes\u00eda, la subversi\u00f3n y la amistad.<br \/>\nSe organiz\u00f3 una Exposici\u00f3n internacional con obras de Yves Tanguy, Remedios Varo, Giorgio de Chirico, Ren\u00e9 Magritte, Max Ernst, Hans Bellmer y otras figuras fundamentales del movimiento que fue completamente incomprendida.<\/p>\n<p>Se plane\u00f3 una exhibici\u00f3n de La Edad de Oro, de Luis Bu\u00f1uel, una pel\u00edcula para la que tampoco estaba preparada la sociedad tinerfe\u00f1a y que, tras un airado intercambio de escritos en la prensa, acab\u00f3 proyect\u00e1ndose para un peque\u00f1o c\u00edrculo de personas.<\/p>\n<p>Contra viento y marea, nuestros poetas se afanaron por esparcir estos nuevos aires de libertad. La redacci\u00f3n de un Manifiesto confirma, en fin, que la relaci\u00f3n de Tenerife con el surrealismo no fue una moda circunstancial, sino una adhesi\u00f3n consciente que dio lugar a obras que, a\u00fan hoy, siguen constituyendo p\u00e1ginas de oro en nuestra historia cultural.[\/vc_column_text][\/vc_column][\/vc_row][vc_row gap=\u00bb30&#8243; css=\u00bb.vc_custom_1727697933407{padding-right: 90px !important;padding-left: 90px !important;background-color: #ffffff !important;}\u00bb][vc_column width=\u00bb1\/3&#8243;][vc_separator color=\u00bbcustom\u00bb accent_color=\u00bb#8e8e8e\u00bb][\/vc_column][vc_column width=\u00bb2\/3&#8243;][vc_separator color=\u00bbcustom\u00bb accent_color=\u00bb#8e8e8e\u00bb][vc_column_text el_class=\u00bbpie\u00bb]<\/p>\n<p style=\"text-align: right\"><em>Fotograf\u00eda superior de Eduardo Westerdahl.<\/em><\/p>\n<p>[\/vc_column_text][\/vc_column][\/vc_row][vc_row gap=\u00bb30&#8243; css=\u00bb.vc_custom_1727697933407{padding-right: 90px !important;padding-left: 90px !important;background-color: #ffffff !important;}\u00bb][vc_column width=\u00bb1\/3&#8243;][vc_separator color=\u00bbcustom\u00bb accent_color=\u00bb#8e8e8e\u00bb][\/vc_column][vc_column width=\u00bb2\/3&#8243;][vc_separator color=\u00bbcustom\u00bb accent_color=\u00bb#8e8e8e\u00bb][\/vc_column][\/vc_row]<\/p>\n","protected":false},"excerpt":{"rendered":"<p>[vc_row gap=\u00bb35&#8243; equal_height=\u00bbyes\u00bb content_placement=\u00bbbottom\u00bb css=\u00bb.vc_custom_1727692271162{background-position: center !important;background-repeat: no-repeat !important;background-size: cover !important;}\u00bb][vc_column width=\u00bb1\/3&#8243;][vc_single_image image=\u00bb826&#8243; img_size=\u00bbmedium\u00bb onclick=\u00bbcustom_link\u00bb link=\u00bbhttps:\/\/www.ull.es\/eventos\/isla-surrealista\u00bb][\/vc_column][vc_column width=\u00bb2\/3&#8243;][\/vc_column][\/vc_row][vc_row gap=\u00bb35&#8243; equal_height=\u00bbyes\u00bb content_placement=\u00bbbottom\u00bb css=\u00bb.vc_custom_1727786562990{background-image: url(http:\/\/www.ull.es\/eventos\/isla-surrealista\/wp-content\/uploads\/sites\/57\/2024\/10\/EW-4766001.jpg?id=840) !important;background-position: center !important;background-repeat: no-repeat !important;background-size: contain !important;}\u00bb][vc_column width=\u00bb1\/3&#8243;][vc_empty_space height=\u00bb600px\u00bb][\/vc_column][vc_column width=\u00bb2\/3&#8243;][\/vc_column][\/vc_row][vc_row gap=\u00bb35&#8243; content_placement=\u00bbtop\u00bb css=\u00bb.vc_custom_1727692820016{padding-right: 90px !important;padding-left: 90px !important;background-color: #ffffff !important;}\u00bb][vc_column width=\u00bb1\/3&#8243;][vc_separator color=\u00bbcustom\u00bb accent_color=\u00bb#8e8e8e\u00bb][vc_custom_heading source=\u00bbpost_title\u00bb font_container=\u00bbtag:h1|font_size:1.8em|text_align:left|color:%23f15046|line_height:100%25&#8243; google_fonts=\u00bbfont_family:Roboto%3A100%2C100italic%2C300%2C300italic%2Cregular%2Citalic%2C500%2C500italic%2C700%2C700italic%2C900%2C900italic|font_style:300%20light%20regular%3A300%3Anormal\u00bb][vc_separator color=\u00bbcustom\u00bb accent_color=\u00bb#8e8e8e\u00bb][vc_empty_space][\/vc_column][vc_column width=\u00bb2\/3&#8243;][vc_separator color=\u00bbcustom\u00bb accent_color=\u00bb#8e8e8e\u00bb][vc_column_text]En la historia internacional&#8230;<\/p>\n","protected":false},"author":14,"featured_media":0,"parent":0,"menu_order":0,"comment_status":"closed","ping_status":"closed","template":"","meta":{"footnotes":""},"class_list":["post-837","page","type-page","status-publish","hentry"],"_links":{"self":[{"href":"https:\/\/www.ull.es\/eventos\/isla-surrealista\/wp-json\/wp\/v2\/pages\/837"}],"collection":[{"href":"https:\/\/www.ull.es\/eventos\/isla-surrealista\/wp-json\/wp\/v2\/pages"}],"about":[{"href":"https:\/\/www.ull.es\/eventos\/isla-surrealista\/wp-json\/wp\/v2\/types\/page"}],"author":[{"embeddable":true,"href":"https:\/\/www.ull.es\/eventos\/isla-surrealista\/wp-json\/wp\/v2\/users\/14"}],"replies":[{"embeddable":true,"href":"https:\/\/www.ull.es\/eventos\/isla-surrealista\/wp-json\/wp\/v2\/comments?post=837"}],"version-history":[{"count":6,"href":"https:\/\/www.ull.es\/eventos\/isla-surrealista\/wp-json\/wp\/v2\/pages\/837\/revisions"}],"predecessor-version":[{"id":918,"href":"https:\/\/www.ull.es\/eventos\/isla-surrealista\/wp-json\/wp\/v2\/pages\/837\/revisions\/918"}],"wp:attachment":[{"href":"https:\/\/www.ull.es\/eventos\/isla-surrealista\/wp-json\/wp\/v2\/media?parent=837"}],"curies":[{"name":"wp","href":"https:\/\/api.w.org\/{rel}","templated":true}]}}