{"id":846,"date":"2024-10-01T12:45:22","date_gmt":"2024-10-01T12:45:22","guid":{"rendered":"https:\/\/www.ull.es\/eventos\/isla-surrealista\/?page_id=846"},"modified":"2024-10-11T08:47:38","modified_gmt":"2024-10-11T08:47:38","slug":"el-manifiesto-surrealista-de-tenerife","status":"publish","type":"page","link":"https:\/\/www.ull.es\/eventos\/isla-surrealista\/el-manifiesto-surrealista-de-tenerife\/","title":{"rendered":"Seminario"},"content":{"rendered":"<p>[vc_row gap=\u00bb35&#8243; equal_height=\u00bbyes\u00bb content_placement=\u00bbbottom\u00bb css=\u00bb.vc_custom_1727692271162{background-position: center !important;background-repeat: no-repeat !important;background-size: cover !important;}\u00bb][vc_column width=\u00bb1\/3&#8243;][vc_single_image image=\u00bb826&#8243; img_size=\u00bbmedium\u00bb onclick=\u00bbcustom_link\u00bb link=\u00bbhttps:\/\/www.ull.es\/eventos\/isla-surrealista\u00bb][\/vc_column][vc_column width=\u00bb2\/3&#8243;][\/vc_column][\/vc_row][vc_row gap=\u00bb35&#8243; equal_height=\u00bbyes\u00bb content_placement=\u00bbbottom\u00bb css=\u00bb.vc_custom_1728631521581{background-image: url(http:\/\/www.ull.es\/eventos\/isla-surrealista\/wp-content\/uploads\/sites\/57\/2024\/10\/seminario.jpg?id=934) !important;background-position: center !important;background-repeat: no-repeat !important;background-size: contain !important;}\u00bb][vc_column width=\u00bb1\/3&#8243;][vc_empty_space height=\u00bb600px\u00bb][\/vc_column][vc_column width=\u00bb2\/3&#8243;][\/vc_column][\/vc_row][vc_row gap=\u00bb35&#8243; content_placement=\u00bbtop\u00bb css=\u00bb.vc_custom_1727692820016{padding-right: 90px !important;padding-left: 90px !important;background-color: #ffffff !important;}\u00bb][vc_column width=\u00bb1\/3&#8243;][vc_separator color=\u00bbcustom\u00bb accent_color=\u00bb#8e8e8e\u00bb][vc_custom_heading text=\u00bbPO\u00c9TICAS SURREALISTAS: LITERATURA, ARTE Y MANIFIESTOS\u00bb font_container=\u00bbtag:h1|font_size:1.8em|text_align:left|color:%23000000|line_height:100%25&#8243; google_fonts=\u00bbfont_family:Roboto%3A100%2C100italic%2C300%2C300italic%2Cregular%2Citalic%2C500%2C500italic%2C700%2C700italic%2C900%2C900italic|font_style:300%20light%20regular%3A300%3Anormal\u00bb][vc_separator color=\u00bbcustom\u00bb accent_color=\u00bb#8e8e8e\u00bb][vc_empty_space][\/vc_column][vc_column width=\u00bb2\/3&#8243;][vc_separator color=\u00bbcustom\u00bb accent_color=\u00bb#8e8e8e\u00bb][vc_custom_heading text=\u00bb2-4 de octubre de 2024&#8243; font_container=\u00bbtag:h6|text_align:left\u00bb google_fonts=\u00bbfont_family:Roboto%3A100%2C100italic%2C300%2C300italic%2Cregular%2Citalic%2C500%2C500italic%2C700%2C700italic%2C900%2C900italic|font_style:300%20light%20regular%3A300%3Anormal\u00bb][vc_column_text]Las actividades en horario de ma\u00f1ana se celebrar\u00e1n en la Biblioteca General y de Humanidades de la Universidad de La Laguna (Campus Guajara). Las actividades en horario de tarde, desde las 18:00 horas en adelante, se celebrar\u00e1n en el TEA (Santa Cruz de Tenerife).<\/p>\n<p>&nbsp;<\/p>\n<h6>Mi\u00e9rcoles, 2 de octubre<\/h6>\n<p><strong>9:30-10:00.<\/strong> Inauguraci\u00f3n.<br \/>\n<strong>10:00-11:00.<\/strong> Conferencia de Nilo Palenzuela:<br \/>\nHacia el surrealismo. Revistas canarias de vanguardia<\/p>\n<p><strong>11:00-12:00.<\/strong> Conferencia de Roberto Garc\u00eda de Mesa:<br \/>\nSurrealismo y teatro: La casa de T\u00f3came Roque (1934), de Agust\u00edn Espinosa. Estado de la cuesti\u00f3n y an\u00e1lisis<\/p>\n<p><strong>12:00-12:30.<\/strong> Descanso.<\/p>\n<p><strong>12:30-13:30.<\/strong> Conferencia de Jos\u00e9 Manuel Mart\u00edn Fumero:<br \/>\nSurrealismo y expresi\u00f3n po\u00e9tica en los primeros poemarios de posguerra de Jos\u00e9 Mar\u00eda de la Rosa<\/p>\n<p><strong>13:30-18:00.<\/strong> Descanso.<\/p>\n<p><strong>18:00-19:00.<\/strong> Conferencia y visita guiada de Isidro Hern\u00e1ndez Guti\u00e9rrez:<br \/>\n\u00d3scar Dom\u00ednguez: dos que se cruzan<\/p>\n<p><strong>19:00-20:00.<\/strong> Conferencia de Mar\u00eda Jos\u00e9 Gonz\u00e1lez Madrid:<br \/>\nRemedios Varo y \u00d3scar Dom\u00ednguez: surrealismo y amistad<\/p>\n<p>&nbsp;<\/p>\n<h6>Jueves, 3 de octubre<\/h6>\n<p><strong>9:30-10:30.<\/strong> Conferencia de Carlos Alay\u00f3n Galindo:<br \/>\nFacci\u00f3n espa\u00f1ola surrealista de Tenerife (1975), de Domingo P\u00e9rez Minik. Historia, revisi\u00f3n y an\u00e1lisis<\/p>\n<p><strong>10:30-11:30.<\/strong> Conferencia de Beatriz Mart\u00ednez L\u00f3pez:<br \/>\nAu service de la r\u00e9volution y del antifascismo: surrealismo y redes culturales entre Francia y Espa\u00f1a en los a\u00f1os treinta<\/p>\n<p><strong>11:30-12:00.<\/strong> Descanso.<\/p>\n<p><strong>12:00-13:00.<\/strong> Conferencia de M\u00f3nica Monmeneu Gonz\u00e1lez:<br \/>\nReinterpretaciones, relecturas y otredades: destellos surrealistas en los Lyceum de Madrid y La Habana (1926-1945)<\/p>\n<p><strong>13:00-13:30.<\/strong> Visita guiada a la exposici\u00f3n La isla surrealista. Po\u00e9ticas de vanguardia, en la Biblioteca General y de Humanidades de la ULL.<\/p>\n<p><strong>13:30-19:00.<\/strong> Descanso.<\/p>\n<p><strong>19:00-20:00.<\/strong> Conferencia de Eugenio Carmona:<br \/>\n\u00d3scar Dom\u00ednguez y los maestros antiguos<\/p>\n<p>&nbsp;<\/p>\n<h6>Viernes, 4 de octubre<\/h6>\n<p><strong>9:00-10:00.<\/strong> Conferencia de Cristina Jarillot Rodal:<br \/>\nLegitimidad, autoridad y subversi\u00f3n: el manifestantismo de la vanguardia hist\u00f3rica a un siglo de la publicaci\u00f3n del primer manifiesto del Surrealismo de Breton<\/p>\n<p><strong>10:00-11:00.<\/strong> Conferencia de Alejandro Coello Hern\u00e1ndez:<br \/>\nLa danza ante el espejo surrealista: escrituras espa\u00f1olas contra el ballet<\/p>\n<p><strong>11:00-11:30.<\/strong> Descanso.<\/p>\n<p><strong>11:30-12:30.<\/strong> Conferencia de Lourdes Mart\u00ednez:<br \/>\nBellas Damas sin Piedad. Un acercamiento, con profundidad de campo, a las mujeres del surrealismo<\/p>\n<p><strong>12:30-13:30.<\/strong> Representaci\u00f3n de la Agrupaci\u00f3n de Teatro de Filolog\u00eda.<\/p>\n<p><strong>13:30-14:00.<\/strong> Clausura.[\/vc_column_text][\/vc_column][\/vc_row][vc_row gap=\u00bb30&#8243; css=\u00bb.vc_custom_1727697933407{padding-right: 90px !important;padding-left: 90px !important;background-color: #ffffff !important;}\u00bb][vc_column width=\u00bb1\/3&#8243;][vc_separator color=\u00bbcustom\u00bb accent_color=\u00bb#8e8e8e\u00bb][\/vc_column][vc_column width=\u00bb2\/3&#8243;][vc_separator color=\u00bbcustom\u00bb accent_color=\u00bb#8e8e8e\u00bb][\/vc_column][\/vc_row]<\/p>\n","protected":false},"excerpt":{"rendered":"<p>[vc_row gap=\u00bb35&#8243; equal_height=\u00bbyes\u00bb content_placement=\u00bbbottom\u00bb css=\u00bb.vc_custom_1727692271162{background-position: center !important;background-repeat: no-repeat !important;background-size: cover !important;}\u00bb][vc_column width=\u00bb1\/3&#8243;][vc_single_image image=\u00bb826&#8243; img_size=\u00bbmedium\u00bb onclick=\u00bbcustom_link\u00bb link=\u00bbhttps:\/\/www.ull.es\/eventos\/isla-surrealista\u00bb][\/vc_column][vc_column width=\u00bb2\/3&#8243;][\/vc_column][\/vc_row][vc_row gap=\u00bb35&#8243; equal_height=\u00bbyes\u00bb content_placement=\u00bbbottom\u00bb css=\u00bb.vc_custom_1728631521581{background-image: url(http:\/\/www.ull.es\/eventos\/isla-surrealista\/wp-content\/uploads\/sites\/57\/2024\/10\/seminario.jpg?id=934) !important;background-position: center !important;background-repeat: no-repeat !important;background-size: contain !important;}\u00bb][vc_column width=\u00bb1\/3&#8243;][vc_empty_space height=\u00bb600px\u00bb][\/vc_column][vc_column width=\u00bb2\/3&#8243;][\/vc_column][\/vc_row][vc_row gap=\u00bb35&#8243; content_placement=\u00bbtop\u00bb css=\u00bb.vc_custom_1727692820016{padding-right: 90px !important;padding-left: 90px !important;background-color: #ffffff !important;}\u00bb][vc_column width=\u00bb1\/3&#8243;][vc_separator color=\u00bbcustom\u00bb accent_color=\u00bb#8e8e8e\u00bb][vc_custom_heading text=\u00bbPO\u00c9TICAS SURREALISTAS: LITERATURA, ARTE Y MANIFIESTOS\u00bb font_container=\u00bbtag:h1|font_size:1.8em|text_align:left|color:%23000000|line_height:100%25&#8243; google_fonts=\u00bbfont_family:Roboto%3A100%2C100italic%2C300%2C300italic%2Cregular%2Citalic%2C500%2C500italic%2C700%2C700italic%2C900%2C900italic|font_style:300%20light%20regular%3A300%3Anormal\u00bb][vc_separator color=\u00bbcustom\u00bb accent_color=\u00bb#8e8e8e\u00bb][vc_empty_space][\/vc_column][vc_column width=\u00bb2\/3&#8243;][vc_separator&#8230;<\/p>\n","protected":false},"author":14,"featured_media":0,"parent":0,"menu_order":0,"comment_status":"closed","ping_status":"closed","template":"","meta":{"footnotes":""},"class_list":["post-846","page","type-page","status-publish","hentry"],"_links":{"self":[{"href":"https:\/\/www.ull.es\/eventos\/isla-surrealista\/wp-json\/wp\/v2\/pages\/846"}],"collection":[{"href":"https:\/\/www.ull.es\/eventos\/isla-surrealista\/wp-json\/wp\/v2\/pages"}],"about":[{"href":"https:\/\/www.ull.es\/eventos\/isla-surrealista\/wp-json\/wp\/v2\/types\/page"}],"author":[{"embeddable":true,"href":"https:\/\/www.ull.es\/eventos\/isla-surrealista\/wp-json\/wp\/v2\/users\/14"}],"replies":[{"embeddable":true,"href":"https:\/\/www.ull.es\/eventos\/isla-surrealista\/wp-json\/wp\/v2\/comments?post=846"}],"version-history":[{"count":14,"href":"https:\/\/www.ull.es\/eventos\/isla-surrealista\/wp-json\/wp\/v2\/pages\/846\/revisions"}],"predecessor-version":[{"id":901,"href":"https:\/\/www.ull.es\/eventos\/isla-surrealista\/wp-json\/wp\/v2\/pages\/846\/revisions\/901"}],"wp:attachment":[{"href":"https:\/\/www.ull.es\/eventos\/isla-surrealista\/wp-json\/wp\/v2\/media?parent=846"}],"curies":[{"name":"wp","href":"https:\/\/api.w.org\/{rel}","templated":true}]}}