{"id":852,"date":"2024-10-01T12:52:19","date_gmt":"2024-10-01T12:52:19","guid":{"rendered":"https:\/\/www.ull.es\/eventos\/isla-surrealista\/?page_id=852"},"modified":"2024-10-02T07:25:53","modified_gmt":"2024-10-02T07:25:53","slug":"fin-de-fiesta","status":"publish","type":"page","link":"https:\/\/www.ull.es\/eventos\/isla-surrealista\/fin-de-fiesta\/","title":{"rendered":"FIN DE FIESTA"},"content":{"rendered":"<p>[vc_row gap=\u00bb35&#8243; equal_height=\u00bbyes\u00bb content_placement=\u00bbbottom\u00bb css=\u00bb.vc_custom_1727692271162{background-position: center !important;background-repeat: no-repeat !important;background-size: cover !important;}\u00bb][vc_column width=\u00bb1\/3&#8243;][vc_single_image image=\u00bb826&#8243; img_size=\u00bbmedium\u00bb onclick=\u00bbcustom_link\u00bb link=\u00bbhttps:\/\/www.ull.es\/eventos\/isla-surrealista\u00bb][\/vc_column][vc_column width=\u00bb2\/3&#8243;][\/vc_column][\/vc_row][vc_row gap=\u00bb35&#8243; equal_height=\u00bbyes\u00bb content_placement=\u00bbbottom\u00bb css=\u00bb.vc_custom_1727787230339{background-image: url(http:\/\/www.ull.es\/eventos\/isla-surrealista\/wp-content\/uploads\/sites\/57\/2024\/10\/EW-0275001.jpg?id=819) !important;background-position: center !important;background-repeat: no-repeat !important;background-size: contain !important;}\u00bb][vc_column width=\u00bb1\/3&#8243;][vc_empty_space height=\u00bb600px\u00bb][\/vc_column][vc_column width=\u00bb2\/3&#8243;][\/vc_column][\/vc_row][vc_row gap=\u00bb35&#8243; content_placement=\u00bbtop\u00bb css=\u00bb.vc_custom_1727692820016{padding-right: 90px !important;padding-left: 90px !important;background-color: #ffffff !important;}\u00bb][vc_column width=\u00bb1\/3&#8243;][vc_separator color=\u00bbcustom\u00bb accent_color=\u00bb#8e8e8e\u00bb][vc_custom_heading source=\u00bbpost_title\u00bb font_container=\u00bbtag:h1|font_size:1.8em|text_align:left|color:%23f15046|line_height:100%25&#8243; google_fonts=\u00bbfont_family:Roboto%3A100%2C100italic%2C300%2C300italic%2Cregular%2Citalic%2C500%2C500italic%2C700%2C700italic%2C900%2C900italic|font_style:300%20light%20regular%3A300%3Anormal\u00bb][vc_separator color=\u00bbcustom\u00bb accent_color=\u00bb#8e8e8e\u00bb][vc_empty_space][\/vc_column][vc_column width=\u00bb2\/3&#8243;][vc_separator color=\u00bbcustom\u00bb accent_color=\u00bb#8e8e8e\u00bb][vc_column_text]El desarrollo de las vanguardias en Espa\u00f1a implic\u00f3 una efervescencia cultural con un legado que, un siglo despu\u00e9s, a\u00fan despierta la admiraci\u00f3n del p\u00fablico y de la cr\u00edtica. En Canarias, de hecho, estos movimientos contaron con manifestaciones literarias y pict\u00f3ricas excepcionales que dieron lugar a la visita de Andr\u00e9 Breton a Tenerife. Sin embargo, estas redes de colaboraci\u00f3n art\u00edstica y el contexto de libertad creativa terminaron en las islas en 1936 con un abrupto \u00abfin de fiesta\u00bb: la guerra civil espa\u00f1ola. La carta del 15 de julio de ese a\u00f1o de un Breton desconcertado, en el que se lamenta a Eduardo Westerdahl \u2013sin imaginar la cat\u00e1strofe que se desencadenar\u00e1 en Espa\u00f1a\u2013 por no haber recibido noticias de \u00e9l ni de \u00d3scar Dom\u00ednguez en cierto tiempo, simboliza el final de los intensos v\u00ednculos que mantuvo con la vanguardia canaria. A partir de ese momento, los proyectos que hasta entonces se hab\u00edan llevado a cabo en torno al surrealismo y a otros movimientos, como proyecciones cinematogr\u00e1ficas, exposiciones y conferencias, no fueron posibles. La rebeld\u00eda y la transgresi\u00f3n de las vanguardias entraban en conflicto con la dura represi\u00f3n franquista. Adem\u00e1s, la ideolog\u00eda progresista o republicana de creadores adheridos al arte nuevo empeor\u00f3 la situaci\u00f3n personal de varios de ellos.[\/vc_column_text][vc_empty_space][vc_media_grid element_width=\u00bb2&#8243; grid_id=\u00bbvc_gid:1727853941907-0ac3043c-6b39-0&#8243; include=\u00bb821,822&#8243;][vc_empty_space][vc_column_text]Una carta de Agust\u00edn Espinosa durante la guerra revela las penurias por las que pasaron algunos miembros de la vanguardia de Tenerife. En este documento, con sello de la Falange, el autor explica a Eduardo Westerdahl que ya no tiene sueldo, que vive \u00abde prestado\u00bb con su suegra y que existe la posibilidad de que vaya al frente. Las autoridades educativas lo hab\u00edan apartado de su puesto de profesor de Lengua y Literatura en un instituto. Un final a\u00fan m\u00e1s cruel sufri\u00f3 Domingo L\u00f3pez Torres, quien en febrero de 1937, despu\u00e9s de haber estado encarcelado en la prisi\u00f3n tinerfe\u00f1a de Fyffes, fue arrojado al mar en un saco. Su asesinato muestra el horror al que este grupo de escritores y artistas se enfrentaron despu\u00e9s de una intensa actividad creativa.<\/p>\n<p>No obstante, la censura, las ejecuciones y las depuraciones laborales no acabaron con el esp\u00edritu de las vanguardias, que a\u00fan hoy sigue vivo. A pesar de que el origen de estos movimientos responda al contexto sociocultural del primer tercio del siglo XX, su inagotable capacidad de inspiraci\u00f3n, en especial la del surrealismo, se constata en exposiciones, en reediciones literarias y en efem\u00e9rides en las que se conmemora la obra vanguardista de escritores o artistas. Por eso, explorar sus creaciones no solo sirve para conocer mejor una etapa extraordinaria de la historia cultural de Espa\u00f1a y, en particular, de Canarias. Tambi\u00e9n supone una oportunidad para celebrar el esp\u00edritu de rebeld\u00eda, de libertad y de imaginaci\u00f3n desbordante que trajeron consigo las vanguardias y que no ha perdido actualidad en el siglo XXI.[\/vc_column_text][\/vc_column][\/vc_row][vc_row gap=\u00bb30&#8243; css=\u00bb.vc_custom_1727697933407{padding-right: 90px !important;padding-left: 90px !important;background-color: #ffffff !important;}\u00bb][vc_column width=\u00bb1\/3&#8243;][vc_separator color=\u00bbcustom\u00bb accent_color=\u00bb#8e8e8e\u00bb][\/vc_column][vc_column width=\u00bb2\/3&#8243;][vc_separator color=\u00bbcustom\u00bb accent_color=\u00bb#8e8e8e\u00bb][vc_column_text el_class=\u00bbpie\u00bb]<\/p>\n<p style=\"text-align: right\"><em>Fotograf\u00eda superior de Eduardo Westerdahl.<\/em><\/p>\n<p>[\/vc_column_text][\/vc_column][\/vc_row][vc_row gap=\u00bb30&#8243; css=\u00bb.vc_custom_1727697933407{padding-right: 90px !important;padding-left: 90px !important;background-color: #ffffff !important;}\u00bb][vc_column width=\u00bb1\/3&#8243;][vc_separator color=\u00bbcustom\u00bb accent_color=\u00bb#8e8e8e\u00bb][\/vc_column][vc_column width=\u00bb2\/3&#8243;][vc_separator color=\u00bbcustom\u00bb accent_color=\u00bb#8e8e8e\u00bb][\/vc_column][\/vc_row]<\/p>\n","protected":false},"excerpt":{"rendered":"<p>[vc_row gap=\u00bb35&#8243; equal_height=\u00bbyes\u00bb content_placement=\u00bbbottom\u00bb css=\u00bb.vc_custom_1727692271162{background-position: center !important;background-repeat: no-repeat !important;background-size: cover !important;}\u00bb][vc_column width=\u00bb1\/3&#8243;][vc_single_image image=\u00bb826&#8243; img_size=\u00bbmedium\u00bb onclick=\u00bbcustom_link\u00bb link=\u00bbhttps:\/\/www.ull.es\/eventos\/isla-surrealista\u00bb][\/vc_column][vc_column width=\u00bb2\/3&#8243;][\/vc_column][\/vc_row][vc_row gap=\u00bb35&#8243; equal_height=\u00bbyes\u00bb content_placement=\u00bbbottom\u00bb css=\u00bb.vc_custom_1727787230339{background-image: url(http:\/\/www.ull.es\/eventos\/isla-surrealista\/wp-content\/uploads\/sites\/57\/2024\/10\/EW-0275001.jpg?id=819) !important;background-position: center !important;background-repeat: no-repeat !important;background-size: contain !important;}\u00bb][vc_column width=\u00bb1\/3&#8243;][vc_empty_space height=\u00bb600px\u00bb][\/vc_column][vc_column width=\u00bb2\/3&#8243;][\/vc_column][\/vc_row][vc_row gap=\u00bb35&#8243; content_placement=\u00bbtop\u00bb css=\u00bb.vc_custom_1727692820016{padding-right: 90px !important;padding-left: 90px !important;background-color: #ffffff !important;}\u00bb][vc_column width=\u00bb1\/3&#8243;][vc_separator color=\u00bbcustom\u00bb accent_color=\u00bb#8e8e8e\u00bb][vc_custom_heading source=\u00bbpost_title\u00bb font_container=\u00bbtag:h1|font_size:1.8em|text_align:left|color:%23f15046|line_height:100%25&#8243; google_fonts=\u00bbfont_family:Roboto%3A100%2C100italic%2C300%2C300italic%2Cregular%2Citalic%2C500%2C500italic%2C700%2C700italic%2C900%2C900italic|font_style:300%20light%20regular%3A300%3Anormal\u00bb][vc_separator color=\u00bbcustom\u00bb accent_color=\u00bb#8e8e8e\u00bb][vc_empty_space][\/vc_column][vc_column width=\u00bb2\/3&#8243;][vc_separator color=\u00bbcustom\u00bb accent_color=\u00bb#8e8e8e\u00bb][vc_column_text]El desarrollo de las&#8230;<\/p>\n","protected":false},"author":14,"featured_media":0,"parent":0,"menu_order":0,"comment_status":"closed","ping_status":"closed","template":"","meta":{"footnotes":""},"class_list":["post-852","page","type-page","status-publish","hentry"],"_links":{"self":[{"href":"https:\/\/www.ull.es\/eventos\/isla-surrealista\/wp-json\/wp\/v2\/pages\/852"}],"collection":[{"href":"https:\/\/www.ull.es\/eventos\/isla-surrealista\/wp-json\/wp\/v2\/pages"}],"about":[{"href":"https:\/\/www.ull.es\/eventos\/isla-surrealista\/wp-json\/wp\/v2\/types\/page"}],"author":[{"embeddable":true,"href":"https:\/\/www.ull.es\/eventos\/isla-surrealista\/wp-json\/wp\/v2\/users\/14"}],"replies":[{"embeddable":true,"href":"https:\/\/www.ull.es\/eventos\/isla-surrealista\/wp-json\/wp\/v2\/comments?post=852"}],"version-history":[{"count":9,"href":"https:\/\/www.ull.es\/eventos\/isla-surrealista\/wp-json\/wp\/v2\/pages\/852\/revisions"}],"predecessor-version":[{"id":913,"href":"https:\/\/www.ull.es\/eventos\/isla-surrealista\/wp-json\/wp\/v2\/pages\/852\/revisions\/913"}],"wp:attachment":[{"href":"https:\/\/www.ull.es\/eventos\/isla-surrealista\/wp-json\/wp\/v2\/media?parent=852"}],"curies":[{"name":"wp","href":"https:\/\/api.w.org\/{rel}","templated":true}]}}