{"id":931,"date":"2024-10-11T07:14:13","date_gmt":"2024-10-11T07:14:13","guid":{"rendered":"https:\/\/www.ull.es\/eventos\/isla-surrealista\/?page_id=931"},"modified":"2024-10-11T10:07:22","modified_gmt":"2024-10-11T10:07:22","slug":"931-2","status":"publish","type":"page","link":"https:\/\/www.ull.es\/eventos\/isla-surrealista\/931-2\/","title":{"rendered":"EL MANIFIESTO SURREALISTA DE TENERIFE"},"content":{"rendered":"<p>[vc_row gap=\u00bb35&#8243; equal_height=\u00bbyes\u00bb content_placement=\u00bbbottom\u00bb css=\u00bb.vc_custom_1727692271162{background-position: center !important;background-repeat: no-repeat !important;background-size: cover !important;}\u00bb][vc_column width=\u00bb1\/3&#8243;][vc_single_image image=\u00bb826&#8243; img_size=\u00bbmedium\u00bb onclick=\u00bbcustom_link\u00bb link=\u00bbhttps:\/\/www.ull.es\/eventos\/isla-surrealista\u00bb][\/vc_column][vc_column width=\u00bb2\/3&#8243;][\/vc_column][\/vc_row][vc_row gap=\u00bb35&#8243; equal_height=\u00bbyes\u00bb content_placement=\u00bbbottom\u00bb css=\u00bb.vc_custom_1727787016593{background-image: url(http:\/\/www.ull.es\/eventos\/isla-surrealista\/wp-content\/uploads\/sites\/57\/2024\/10\/EW-5109001.jpg?id=850) !important;background-position: center !important;background-repeat: no-repeat !important;background-size: contain !important;}\u00bb][vc_column width=\u00bb1\/3&#8243;][vc_empty_space height=\u00bb600px\u00bb][\/vc_column][vc_column width=\u00bb2\/3&#8243;][\/vc_column][\/vc_row][vc_row gap=\u00bb35&#8243; content_placement=\u00bbtop\u00bb css=\u00bb.vc_custom_1727692820016{padding-right: 90px !important;padding-left: 90px !important;background-color: #ffffff !important;}\u00bb][vc_column width=\u00bb1\/3&#8243;][vc_separator color=\u00bbcustom\u00bb accent_color=\u00bb#8e8e8e\u00bb][vc_custom_heading source=\u00bbpost_title\u00bb font_container=\u00bbtag:h1|font_size:1.8em|text_align:left|color:%23f15046|line_height:100%25&#8243; google_fonts=\u00bbfont_family:Roboto%3A100%2C100italic%2C300%2C300italic%2Cregular%2Citalic%2C500%2C500italic%2C700%2C700italic%2C900%2C900italic|font_style:300%20light%20regular%3A300%3Anormal\u00bb][vc_separator color=\u00bbcustom\u00bb accent_color=\u00bb#8e8e8e\u00bb][vc_empty_space][\/vc_column][vc_column width=\u00bb2\/3&#8243;][vc_separator color=\u00bbcustom\u00bb accent_color=\u00bb#8e8e8e\u00bb][vc_column_text]La redacci\u00f3n de un Manifiesto surrealista en una peque\u00f1a isla de provincias supone un hito en la historia general del movimiento, cuyo af\u00e1n de internacionalizaci\u00f3n no encontr\u00f3 cobijo en ninguna capital espa\u00f1ola. Refleja, adem\u00e1s, el ambiente de cohesi\u00f3n y camarader\u00eda que caracteriz\u00f3 a \u00abla generaci\u00f3n que amaneci\u00f3 en Canarias con La Rosa de los vientos\u00bb, como la defini\u00f3 Agust\u00edn Espinosa.[\/vc_column_text][vc_empty_space][vc_media_grid element_width=\u00bb2&#8243; grid_id=\u00bbvc_gid:1727853587390-92d97c1d-b14d-7&#8243; include=\u00bb816,795&#8243;][vc_empty_space][vc_column_text]Consecuencia evidente de la estancia de Andr\u00e9 Breton, Benjamin P\u00e9ret y Jacqueline Lamba en Tenerife, el Manifiesto demuestra, adem\u00e1s de la incorporaci\u00f3n de los poetas insulares a lo que ellos mismos denominaron la \u00abcruzada surrealista\u00bb, una perfecta asimilaci\u00f3n de sus dos principios fundamentales: \u00abtransformar el mundo y cambiar la vida\u00bb. Con la idea del \u00absurrealismo al servicio de la revoluci\u00f3n\u00bb, el Manifiesto se plantea las relaciones entre la creatividad y la sociedad, entre las necesidades colectivas y la libertad del individuo, y sostiene que la necesaria acci\u00f3n social no debe condicionar la naturaleza del arte, inconcebible sin la intervenci\u00f3n del subconsciente.<\/p>\n<p>Desde esta perspectiva, y rechazando de pleno la figuraci\u00f3n, la b\u00fasqueda de un \u00abmito colectivo\u00bb y la defensa del \u00abcontenido latente\u00bb \u2013aspectos esenciales en la filosof\u00eda surrealista que los canarios conocen a la perfecci\u00f3n\u2013se convierten en los pilares de una revoluci\u00f3n po\u00e9tica alejada de un arte utilitario.<br \/>\nLos firmantes del texto \u2013 Agust\u00edn Espinosa, Pedro Garc\u00eda Cabrera, Domingo L\u00f3pez Torres, Domingo P\u00e9rez Minik y Eduardo Westerdahl, adem\u00e1s de Andr\u00e9 Breton y Benjamin P\u00e9ret\u2013 realizan un diagn\u00f3stico cr\u00edtico y combativo del panorama cultural de su \u00e9poca y reivindican una nueva concepci\u00f3n de la poes\u00eda \u2013entendida como cualquier forma de creaci\u00f3n art\u00edstica\u2013, generando un debate que sigue siendo actual.<\/p>\n<p>Con la redacci\u00f3n de este Manifiesto y la organizaci\u00f3n de las actividades que lo rodearon comprendieron que el movimiento liderado por Breton no es un ismo m\u00e1s y que trasciende, como aventura personal y colectiva, el concepto de \u00abvanguardia\u00bb.<\/p>\n<p>Se trata, por lo tanto, de un Manifiesto combativo y rotundo, que concluye con estas vehementes proclamas:<\/p>\n<p style=\"padding-left: 40px\">Contra la guerra, como una soluci\u00f3n que tiene el capitalismo para resolver sus contradicciones econ\u00f3micas y sociales.<\/p>\n<p style=\"padding-left: 40px\">Contra el fascismo, forma pol\u00edtica que toma la clase burguesa en la \u00faltima etapa de su derrumbamiento definitivo.<\/p>\n<p style=\"padding-left: 40px\">Contra la patria, que divide a los hombres, enfrent\u00e1ndolos como enemigos, en el asesinato de la fraternidad humana.<\/p>\n<p style=\"padding-left: 40px\">Contra la religi\u00f3n, tir\u00e1nica espiritual y econ\u00f3mica, puesta al servicio de los explotadores para dilatar la llegada de una nueva hora colectiva.<\/p>\n<p style=\"padding-left: 40px\">Contra el arte de propaganda, puesto al servicio de cualquier idea pol\u00edtica. El arte tiene revolucionariamente una misi\u00f3n que cumplir dentro de s\u00ed mismo.<\/p>\n<p style=\"padding-left: 40px\">Contra la indiferencia pol\u00edtica y la inercia social de los escritores que contribuyen a esclavizar el hombre, sin tomar posiciones para su liberaci\u00f3n.<\/p>\n<p style=\"padding-left: 40px\">Contra todo arte de resurrecci\u00f3n de valores muertos, los neos y dem\u00e1s motes con que se encubre una indigencia doctrinal.<\/p>\n<p>No es dif\u00edcil suponer que estas posiciones tan arriesgadas influyeron decisivamente en los funestos destinos de sus firmantes despu\u00e9s de la Guerra. Lo indudable es que en pocos lugares del mundo se ha producido esta apropiaci\u00f3n del surrealismo como propuesta de libertad.[\/vc_column_text][\/vc_column][\/vc_row][vc_row gap=\u00bb30&#8243; css=\u00bb.vc_custom_1727853537091{padding-right: 90px !important;padding-left: 90px !important;background-color: #ffffff !important;}\u00bb el_class=\u00bbpie\u00bb][vc_column width=\u00bb1\/3&#8243;][vc_separator color=\u00bbcustom\u00bb accent_color=\u00bb#8e8e8e\u00bb][\/vc_column][vc_column width=\u00bb2\/3&#8243;][vc_separator color=\u00bbcustom\u00bb accent_color=\u00bb#8e8e8e\u00bb][vc_column_text]<\/p>\n<p style=\"text-align: right\"><small><em>Fotograf\u00eda superior de Eduardo Westerdahl.<\/em><\/small><\/p>\n<p>[\/vc_column_text][\/vc_column][\/vc_row][vc_row gap=\u00bb30&#8243; css=\u00bb.vc_custom_1727697933407{padding-right: 90px !important;padding-left: 90px !important;background-color: #ffffff !important;}\u00bb][vc_column width=\u00bb1\/3&#8243;][vc_separator color=\u00bbcustom\u00bb accent_color=\u00bb#8e8e8e\u00bb][\/vc_column][vc_column width=\u00bb2\/3&#8243;][vc_separator color=\u00bbcustom\u00bb accent_color=\u00bb#8e8e8e\u00bb][\/vc_column][\/vc_row]<\/p>\n","protected":false},"excerpt":{"rendered":"<p>[vc_row gap=\u00bb35&#8243; equal_height=\u00bbyes\u00bb content_placement=\u00bbbottom\u00bb css=\u00bb.vc_custom_1727692271162{background-position: center !important;background-repeat: no-repeat !important;background-size: cover !important;}\u00bb][vc_column width=\u00bb1\/3&#8243;][vc_single_image image=\u00bb826&#8243; img_size=\u00bbmedium\u00bb onclick=\u00bbcustom_link\u00bb link=\u00bbhttps:\/\/www.ull.es\/eventos\/isla-surrealista\u00bb][\/vc_column][vc_column width=\u00bb2\/3&#8243;][\/vc_column][\/vc_row][vc_row gap=\u00bb35&#8243; equal_height=\u00bbyes\u00bb content_placement=\u00bbbottom\u00bb css=\u00bb.vc_custom_1727787016593{background-image: url(http:\/\/www.ull.es\/eventos\/isla-surrealista\/wp-content\/uploads\/sites\/57\/2024\/10\/EW-5109001.jpg?id=850) !important;background-position: center !important;background-repeat: no-repeat !important;background-size: contain !important;}\u00bb][vc_column width=\u00bb1\/3&#8243;][vc_empty_space height=\u00bb600px\u00bb][\/vc_column][vc_column width=\u00bb2\/3&#8243;][\/vc_column][\/vc_row][vc_row gap=\u00bb35&#8243; content_placement=\u00bbtop\u00bb css=\u00bb.vc_custom_1727692820016{padding-right: 90px !important;padding-left: 90px !important;background-color: #ffffff !important;}\u00bb][vc_column width=\u00bb1\/3&#8243;][vc_separator color=\u00bbcustom\u00bb accent_color=\u00bb#8e8e8e\u00bb][vc_custom_heading source=\u00bbpost_title\u00bb font_container=\u00bbtag:h1|font_size:1.8em|text_align:left|color:%23f15046|line_height:100%25&#8243; google_fonts=\u00bbfont_family:Roboto%3A100%2C100italic%2C300%2C300italic%2Cregular%2Citalic%2C500%2C500italic%2C700%2C700italic%2C900%2C900italic|font_style:300%20light%20regular%3A300%3Anormal\u00bb][vc_separator color=\u00bbcustom\u00bb accent_color=\u00bb#8e8e8e\u00bb][vc_empty_space][\/vc_column][vc_column width=\u00bb2\/3&#8243;][vc_separator color=\u00bbcustom\u00bb accent_color=\u00bb#8e8e8e\u00bb][vc_column_text]La redacci\u00f3n de un&#8230;<\/p>\n","protected":false},"author":14,"featured_media":0,"parent":0,"menu_order":0,"comment_status":"closed","ping_status":"closed","template":"templates\/template-no-title.php","meta":{"footnotes":""},"class_list":["post-931","page","type-page","status-publish","hentry"],"_links":{"self":[{"href":"https:\/\/www.ull.es\/eventos\/isla-surrealista\/wp-json\/wp\/v2\/pages\/931"}],"collection":[{"href":"https:\/\/www.ull.es\/eventos\/isla-surrealista\/wp-json\/wp\/v2\/pages"}],"about":[{"href":"https:\/\/www.ull.es\/eventos\/isla-surrealista\/wp-json\/wp\/v2\/types\/page"}],"author":[{"embeddable":true,"href":"https:\/\/www.ull.es\/eventos\/isla-surrealista\/wp-json\/wp\/v2\/users\/14"}],"replies":[{"embeddable":true,"href":"https:\/\/www.ull.es\/eventos\/isla-surrealista\/wp-json\/wp\/v2\/comments?post=931"}],"version-history":[{"count":3,"href":"https:\/\/www.ull.es\/eventos\/isla-surrealista\/wp-json\/wp\/v2\/pages\/931\/revisions"}],"predecessor-version":[{"id":969,"href":"https:\/\/www.ull.es\/eventos\/isla-surrealista\/wp-json\/wp\/v2\/pages\/931\/revisions\/969"}],"wp:attachment":[{"href":"https:\/\/www.ull.es\/eventos\/isla-surrealista\/wp-json\/wp\/v2\/media?parent=931"}],"curies":[{"name":"wp","href":"https:\/\/api.w.org\/{rel}","templated":true}]}}