{"id":27,"date":"2023-01-23T14:27:05","date_gmt":"2023-01-23T14:27:05","guid":{"rendered":"https:\/\/www.ull.es\/eventos\/javier-muguerza-carpintier\/?page_id=27"},"modified":"2025-11-19T10:42:00","modified_gmt":"2025-11-19T10:42:00","slug":"presentacion","status":"publish","type":"page","link":"https:\/\/www.ull.es\/eventos\/javier-muguerza-carpintier\/","title":{"rendered":"Presentaci\u00f3n"},"content":{"rendered":"<p>[vc_row equal_height=\u00bbyes\u00bb content_placement=\u00bbbottom\u00bb css=\u00bb.vc_custom_1618472651893{background-position: center !important;background-repeat: no-repeat !important;background-size: cover !important;}\u00bb][vc_column width=\u00bb1\/4&#8243;][vc_empty_space][vc_custom_heading text=\u00bbJavier Muguerza Carpintier\u00bb font_container=\u00bbtag:h1|font_size:3em|text_align:left|color:%23020202|line_height:100%25&#8243; google_fonts=\u00bbfont_family:Playfair%20Display%3Aregular%2Citalic%2C700%2C700italic%2C900%2C900italic|font_style:700%20bold%20italic%3A700%3Aitalic\u00bb][vc_raw_html]JTNDcCUyMGNsYXNzJTNEJTIybGVnYWRvLWRvcyUyMiUzRUNvJUMzJUFEbiUyQyUyME0lQzMlQTFsYWdhJTJDJTIwMTkzNiUyMC0lMjBMYXMlMjBSb3phcyUyQyUyME1hZHJpZCUyQyUyMDIwMTklM0MlMkZzbWFsbCUzRSUzQyUyRnAlM0U=[\/vc_raw_html][\/vc_column][vc_column width=\u00bb3\/4&#8243;][vc_single_image image=\u00bb84&#8243; img_size=\u00bbfull\u00bb css_animation=\u00bbfadeIn\u00bb el_class=\u00bbcabecera\u00bb][\/vc_column][\/vc_row][vc_row][vc_column width=\u00bb1\/4&#8243;][vc_separator color=\u00bbcustom\u00bb accent_color=\u00bb#8e8e8e\u00bb][\/vc_column][vc_column width=\u00bb3\/4&#8243;][vc_separator color=\u00bbcustom\u00bb accent_color=\u00bb#8e8e8e\u00bb][\/vc_column][\/vc_row][vc_row gap=\u00bb30&#8243; content_placement=\u00bbtop\u00bb][vc_column width=\u00bb1\/4&#8243;][vc_btn title=\u00bbFicha de descripci\u00f3n\u00bb style=\u00bboutline-custom\u00bb outline_custom_color=\u00bb#666666&#8243; outline_custom_hover_background=\u00bb#383838&#8243; outline_custom_hover_text=\u00bb#ffffff\u00bb size=\u00bbsm\u00bb i_icon_fontawesome=\u00bbfar fa-address-card\u00bb add_icon=\u00bbtrue\u00bb link=\u00bburl:https%3A%2F%2Fdocs.google.com%2Fdocument%2Fd%2F1QBNqVYl9e-bxnQCacec1asUcHjXGyPtNkDa9gPgjmT8%2Fedit|target:_blank\u00bb][vc_empty_space][\/vc_column][vc_column width=\u00bb3\/4&#8243;][vc_row_inner][vc_column_inner width=\u00bb1\/6&#8243;][\/vc_column_inner][vc_column_inner width=\u00bb4\/6&#8243;][vc_empty_space][vc_custom_heading text=\u00bb\u00abMientras quede tanto por hacer con ideales como la paz, la justicia o la democracia, as\u00ed como con tantos otros `{`\u2026`}`, no creo que nos hallemos en situaci\u00f3n de jubilar al pensamiento ut\u00f3pico \u2026\u00bb\u00bb font_container=\u00bbtag:p|font_size:1.3em|text_align:left|color:%23020202|line_height:140%25&#8243; google_fonts=\u00bbfont_family:Playfair%20Display%3Aregular%2Citalic%2C700%2C700italic%2C900%2C900italic|font_style:400%20regular%3A400%3Anormal\u00bb][vc_column_text css=\u00bb.vc_custom_1763546992706{margin-left: 35px !important;}\u00bb]<small>J. Muguerza (2006).\u00a0\u201cLa vigencia del pensamiento ut\u00f3pico\u201d, en Aramayo y Aus\u00edn (eds.), <a href=\"https:\/\/absysnet.bbtk.ull.es\/cgi-bin\/abnetopac?TITN=587295\" target=\"_blank\" rel=\"noopener\" target=\"_blank\" rel=\"noopener\"><i>Valores e historia en la Europa del Siglo XXI<\/i><\/a>.<\/small>[\/vc_column_text][vc_empty_space][\/vc_column_inner][vc_column_inner width=\u00bb1\/6&#8243;][\/vc_column_inner][\/vc_row_inner][vc_column_text]<a href=\"https:\/\/es.wikipedia.org\/wiki\/Javier_Muguerza\" target=\"_blank\" rel=\"noopener\" target=\"_blank\" rel=\"noopener\">Javier Muguerza Carpintier<\/a> es considerado uno de los pensadores m\u00e1s relevantes de la <a href=\"https:\/\/es.wikipedia.org\/wiki\/Transici%C3%B3n_espa%C3%B1ola\" target=\"_blank\" rel=\"noopener\" target=\"_blank\" rel=\"noopener\">Transici\u00f3n<\/a> y una de las grandes figuras de la filosof\u00eda contempor\u00e1nea que se hace en espa\u00f1ol.<\/p>\n<p>El archivo personal Javier Muguerza Carpintier fue donado por \u00e9l y su familia en 2018 a la <a href=\"https:\/\/es.wikipedia.org\/wiki\/Universidad_de_La_Laguna\" target=\"_blank\" rel=\"noopener\" target=\"_blank\" rel=\"noopener\">Universidad de La Laguna<\/a> (<a href=\"https:\/\/es.wikipedia.org\/wiki\/Tenerife\" target=\"_blank\" rel=\"noopener\">Tenerife<\/a>). Contiene su biblioteca privada y un extenso archivo que refleja una vida dedicada a la labor docente e investigadora, as\u00ed como la consolidaci\u00f3n de importantes proyectos acad\u00e9micos, filos\u00f3ficos e institucionales impulsados desde\u00a0 ambas orillas del Atl\u00e1ntico.[\/vc_column_text][vc_empty_space][\/vc_column][\/vc_row][vc_row gap=\u00bb30&#8243;][vc_column width=\u00bb1\/4&#8243;][vc_separator color=\u00bbcustom\u00bb accent_color=\u00bb#8e8e8e\u00bb][\/vc_column][vc_column width=\u00bb3\/4&#8243;][vc_separator color=\u00bbcustom\u00bb accent_color=\u00bb#8e8e8e\u00bb][\/vc_column][\/vc_row][vc_row gap=\u00bb30&#8243; content_placement=\u00bbtop\u00bb][vc_column width=\u00bb1\/4&#8243;][vc_btn title=\u00bbPortal de archivos personales\u00bb style=\u00bboutline-custom\u00bb outline_custom_color=\u00bb#666666&#8243; outline_custom_hover_background=\u00bb#383838&#8243; outline_custom_hover_text=\u00bb#ffffff\u00bb size=\u00bbxs\u00bb align=\u00bbleft\u00bb button_block=\u00bbtrue\u00bb link=\u00bburl:https%3A%2F%2Fwww.ull.es%2Fservicios%2Fbiblioteca%2Farchivos-personales%2F\u00bb][vc_btn title=\u00bbBiblioteca de la Universidad de La Laguna\u00bb style=\u00bboutline-custom\u00bb outline_custom_color=\u00bb#666666&#8243; outline_custom_hover_background=\u00bb#383838&#8243; outline_custom_hover_text=\u00bb#ffffff\u00bb size=\u00bbxs\u00bb align=\u00bbleft\u00bb button_block=\u00bbtrue\u00bb link=\u00bburl:https%3A%2F%2Fwww.ull.es%2Fservicios%2Fbiblioteca%2F\u00bb][\/vc_column][vc_column width=\u00bb3\/4&#8243;][vc_tta_tabs style=\u00bbmodern\u00bb shape=\u00bbsquare\u00bb spacing=\u00bb3&#8243; active_section=\u00bb0&#8243; no_fill_content_area=\u00bbtrue\u00bb][vc_tta_section title=\u00bbC\u00f3mo citar estos documentos\u00bb tab_id=\u00bb1618318806297-453b0e75-29f5&#8243;][vc_column_text]<span style=\"color: #3d3d3d;\"><b>Cita\u00a0 del archivo completo<\/b><\/span><\/p>\n<p>Biblioteca ULL. Archivo personal de Javier Muguerza Carpintier<br \/>\nBiblioteca ULL. AP JMC<\/p>\n<p><b>Cita de un documento concreto<\/b><\/p>\n<p>Biblioteca ULL. [Signatura del documento]<br \/>\nEj.: Biblioteca ULL. JMC 1\/1[\/vc_column_text][\/vc_tta_section][vc_tta_section title=\u00bbLocalizaci\u00f3n\u00bb tab_id=\u00bb1618318806275-e9e734b7-9219&#8243;][vc_column_text]Biblioteca General y de Humanidades, planta 1\u00aa [Sala de Legados]<br \/>\nCamino de la Hornera, s\/n<br \/>\nCampus de Guajara<br \/>\n38200 La Laguna (Santa Cruz de Tenerife). Espa\u00f1a[\/vc_column_text][\/vc_tta_section][vc_tta_section title=\u00bbDatos de contacto\u00bb tab_id=\u00bb1618318832595-5d7c9212-98ec\u00bb][vc_column_text]<span style=\"color: #3d3d3d;\">Ana Guti\u00e9rrez<\/span><span style=\"color: #333333;\"><br \/>\n<a href=\"mailto:agutiba@ull.edu.es\" target=\"_blank\" rel=\"noopener\">agutibar@ull.edu.es<\/a><\/span>[\/vc_column_text][\/vc_tta_section][\/vc_tta_tabs][\/vc_column][\/vc_row][vc_row][vc_column][vc_separator color=\u00bbcustom\u00bb accent_color=\u00bb#8e8e8e\u00bb][vc_empty_space][\/vc_column][\/vc_row]<\/p>\n","protected":false},"excerpt":{"rendered":"<p>[vc_row equal_height=\u00bbyes\u00bb content_placement=\u00bbbottom\u00bb css=\u00bb.vc_custom_1618472651893{background-position: center !important;background-repeat: no-repeat !important;background-size: cover !important;}\u00bb][vc_column width=\u00bb1\/4&#8243;][vc_empty_space][vc_custom_heading text=\u00bbJavier Muguerza Carpintier\u00bb font_container=\u00bbtag:h1|font_size:3em|text_align:left|color:%23020202|line_height:100%25&#8243; google_fonts=\u00bbfont_family:Playfair%20Display%3Aregular%2Citalic%2C700%2C700italic%2C900%2C900italic|font_style:700%20bold%20italic%3A700%3Aitalic\u00bb][vc_raw_html]JTNDcCUyMGNsYXNzJTNEJTIybGVnYWRvLWRvcyUyMiUzRUNvJUMzJUFEbiUyQyUyME0lQzMlQTFsYWdhJTJDJTIwMTkzNiUyMC0lMjBMYXMlMjBSb3phcyUyQyUyME1hZHJpZCUyQyUyMDIwMTklM0MlMkZzbWFsbCUzRSUzQyUyRnAlM0U=[\/vc_raw_html][\/vc_column][vc_column width=\u00bb3\/4&#8243;][vc_single_image image=\u00bb84&#8243; img_size=\u00bbfull\u00bb css_animation=\u00bbfadeIn\u00bb el_class=\u00bbcabecera\u00bb][\/vc_column][\/vc_row][vc_row][vc_column width=\u00bb1\/4&#8243;][vc_separator color=\u00bbcustom\u00bb accent_color=\u00bb#8e8e8e\u00bb][\/vc_column][vc_column width=\u00bb3\/4&#8243;][vc_separator color=\u00bbcustom\u00bb accent_color=\u00bb#8e8e8e\u00bb][\/vc_column][\/vc_row][vc_row gap=\u00bb30&#8243; content_placement=\u00bbtop\u00bb][vc_column width=\u00bb1\/4&#8243;][vc_btn title=\u00bbFicha de descripci\u00f3n\u00bb style=\u00bboutline-custom\u00bb outline_custom_color=\u00bb#666666&#8243; outline_custom_hover_background=\u00bb#383838&#8243; outline_custom_hover_text=\u00bb#ffffff\u00bb size=\u00bbsm\u00bb i_icon_fontawesome=\u00bbfar fa-address-card\u00bb add_icon=\u00bbtrue\u00bb link=\u00bburl:https%3A%2F%2Fdocs.google.com%2Fdocument%2Fd%2F1QBNqVYl9e-bxnQCacec1asUcHjXGyPtNkDa9gPgjmT8%2Fedit|target:_blank\u00bb][vc_empty_space][\/vc_column][vc_column width=\u00bb3\/4&#8243;][vc_row_inner][vc_column_inner width=\u00bb1\/6&#8243;][\/vc_column_inner][vc_column_inner width=\u00bb4\/6&#8243;][vc_empty_space][vc_custom_heading text=\u00bb\u00abMientras quede tanto por hacer con ideales como la paz,&#8230;<\/p>\n","protected":false},"author":14,"featured_media":0,"parent":0,"menu_order":0,"comment_status":"closed","ping_status":"closed","template":"templates\/template-no-title.php","meta":{"footnotes":""},"class_list":["post-27","page","type-page","status-publish","hentry"],"_links":{"self":[{"href":"https:\/\/www.ull.es\/eventos\/javier-muguerza-carpintier\/wp-json\/wp\/v2\/pages\/27"}],"collection":[{"href":"https:\/\/www.ull.es\/eventos\/javier-muguerza-carpintier\/wp-json\/wp\/v2\/pages"}],"about":[{"href":"https:\/\/www.ull.es\/eventos\/javier-muguerza-carpintier\/wp-json\/wp\/v2\/types\/page"}],"author":[{"embeddable":true,"href":"https:\/\/www.ull.es\/eventos\/javier-muguerza-carpintier\/wp-json\/wp\/v2\/users\/14"}],"replies":[{"embeddable":true,"href":"https:\/\/www.ull.es\/eventos\/javier-muguerza-carpintier\/wp-json\/wp\/v2\/comments?post=27"}],"version-history":[{"count":22,"href":"https:\/\/www.ull.es\/eventos\/javier-muguerza-carpintier\/wp-json\/wp\/v2\/pages\/27\/revisions"}],"predecessor-version":[{"id":241,"href":"https:\/\/www.ull.es\/eventos\/javier-muguerza-carpintier\/wp-json\/wp\/v2\/pages\/27\/revisions\/241"}],"wp:attachment":[{"href":"https:\/\/www.ull.es\/eventos\/javier-muguerza-carpintier\/wp-json\/wp\/v2\/media?parent=27"}],"curies":[{"name":"wp","href":"https:\/\/api.w.org\/{rel}","templated":true}]}}