{"id":43,"date":"2023-01-24T11:16:46","date_gmt":"2023-01-24T11:16:46","guid":{"rendered":"https:\/\/www.ull.es\/eventos\/javier-muguerza-carpintier\/?page_id=43"},"modified":"2025-11-20T14:38:56","modified_gmt":"2025-11-20T14:38:56","slug":"archivo","status":"publish","type":"page","link":"https:\/\/www.ull.es\/eventos\/javier-muguerza-carpintier\/archivo\/","title":{"rendered":"Archivo"},"content":{"rendered":"<p>[vc_row][vc_column width=\u00bb1\/4&#8243;][vc_empty_space][vc_custom_heading text=\u00bbJavier Muguerza Carpintier\u00bb font_container=\u00bbtag:h1|font_size:3em|text_align:left|color:%23020202|line_height:100%25&#8243; google_fonts=\u00bbfont_family:Playfair%20Display%3Aregular%2Citalic%2C700%2C700italic%2C900%2C900italic|font_style:700%20bold%20italic%3A700%3Aitalic\u00bb link=\u00bburl:https%3A%2F%2Fwww.ull.es%2Feventos%2Fjavier-muguerza-carpintier%2F\u00bb][vc_empty_space][\/vc_column][vc_column width=\u00bb3\/4&#8243;][\/vc_column][\/vc_row][vc_row][vc_column width=\u00bb1\/4&#8243;][vc_separator color=\u00bbcustom\u00bb accent_color=\u00bb#8e8e8e\u00bb][vc_empty_space][vc_custom_heading source=\u00bbpost_title\u00bb font_container=\u00bbtag:h2|text_align:left|color:%23020202&#8243; google_fonts=\u00bbfont_family:Playfair%20Display%3Aregular%2Citalic%2C700%2C700italic%2C900%2C900italic|font_style:400%20italic%3A400%3Aitalic\u00bb][\/vc_column][vc_column width=\u00bb3\/4&#8243;][vc_separator color=\u00bbcustom\u00bb accent_color=\u00bb#8e8e8e\u00bb][vc_empty_space][vc_media_grid element_width=\u00bb2&#8243; gap=\u00bb0&#8243; grid_id=\u00bbvc_gid:1763644087733-5d650ed7-1a84-4&#8243; include=\u00bb254,257,251,252,253,255&#8243;][vc_empty_space][vc_column_text]El archivo de Javier Muguerza, junto con la biblioteca, fue donado a la <a href=\"https:\/\/es.wikipedia.org\/wiki\/Biblioteca_de_la_Universidad_de_La_Laguna\" target=\"_blank\" rel=\"noopener\" target=\"_blank\" rel=\"noopener\">Biblioteca de la Universidad de La Laguna<\/a> por \u00e9l y por Concepci\u00f3n L\u00f3pez Noguera en 2018.<\/p>\n<p>Recoge la documentaci\u00f3n que reuni\u00f3 a lo largo de su trayectoria acad\u00e9mica e investigadora, repartida en m\u00e1s de 1000 carpetas de trabajo y 100 archivadores.<\/p>\n<p>Entre el conjunto destacan los textos preparatorios de su obra publicada, notas manuscritas y trabajos que quedaron en prensa o in\u00e9ditos, as\u00ed como una amplia correspondencia con destacados intelectuales, entre los que se encuentran sus maestros Jos\u00e9 Luis L\u00f3pez Aranguren y Jos\u00e9 Ferrater Mora.<\/p>\n<p>Adem\u00e1s de documentaci\u00f3n personal, familiar y profesional, alberga recortes de prensa, dibujos, fotograf\u00edas, carteles, programas de mano, as\u00ed como obra ajena.<\/p>\n<p>El archivo est\u00e1 compuesto por las siguientes series documentales:<\/p>\n<ol>\n<li>Documentaci\u00f3n personal y familiar. \u2014 2. Documentaci\u00f3n profesional. \u2014 3. Obra de creaci\u00f3n. \u2014 4. Correspondencia. \u2014\u00a0 5. <a href=\"https:\/\/absysnetweb.bbtk.ull.es\/cgi-bin\/abnetopac?ACC=DOSEARCH&amp;xsqf99=633859 .titn.\" target=\"_blank\" rel=\"noopener\" target=\"_blank\" rel=\"noopener\">Documentaci\u00f3n gr\u00e1fica<\/a>. \u2014 6.<a href=\"https:\/\/absysnetweb.bbtk.ull.es\/cgi-bin\/abnetopac?ACC=DOSEARCH&amp;xsqf99=635367.titn.\" target=\"_blank\" rel=\"noopener\" target=\"_blank\" rel=\"noopener\"> Recortes de prensa<\/a>. \u2014\u00a0 7. Obra ajena. \u2014\u00a0 8.<a href=\"https:\/\/absysnetweb.bbtk.ull.es\/cgi-bin\/abnetopac?ACC=DOSEARCH&amp;xsqf99=633861.titn.\" target=\"_blank\" rel=\"noopener\" target=\"_blank\" rel=\"noopener\">Varia. Programas de mano<\/a>. \u2014\u00a0 9. Documentaci\u00f3n generada por el propio archivo.<\/li>\n<\/ol>\n<p>Localizaci\u00f3n: Sala de Legados (planta 1\u00aa) de la <a href=\"https:\/\/www.ull.es\/servicios\/biblioteca\/sede\/biblioteca-general-y-de-humanidades\/\" target=\"_blank\" rel=\"noopener\" target=\"_blank\" rel=\"noopener\">Biblioteca General y de Humanidades del Campus de Guajara.<\/a>[\/vc_column_text][vc_empty_space][vc_row_inner][vc_column_inner width=\u00bb1\/2&#8243;][vc_btn title=\u00bbAcceso al Archivo y Biblioteca de Javier Muguerza Carpintier en el cat\u00e1logo de la ULL.\u00bb size=\u00bblg\u00bb i_icon_fontawesome=\u00bbfas fa-arrow-right\u00bb add_icon=\u00bbtrue\u00bb link=\u00bburl:http%3A%2F%2Fabsysnetweb.bbtk.ull.es%2Fcgi-bin%2Fabnetopac%3FTITN%3D614799|target:_blank\u00bb][\/vc_column_inner][vc_column_inner width=\u00bb1\/2&#8243;][\/vc_column_inner][\/vc_row_inner][vc_separator color=\u00bbcustom\u00bb accent_color=\u00bb#8e8e8e\u00bb][\/vc_column][\/vc_row]<\/p>\n","protected":false},"excerpt":{"rendered":"<p>[vc_row][vc_column width=\u00bb1\/4&#8243;][vc_empty_space][vc_custom_heading text=\u00bbJavier Muguerza Carpintier\u00bb font_container=\u00bbtag:h1|font_size:3em|text_align:left|color:%23020202|line_height:100%25&#8243; google_fonts=\u00bbfont_family:Playfair%20Display%3Aregular%2Citalic%2C700%2C700italic%2C900%2C900italic|font_style:700%20bold%20italic%3A700%3Aitalic\u00bb link=\u00bburl:https%3A%2F%2Fwww.ull.es%2Feventos%2Fjavier-muguerza-carpintier%2F\u00bb][vc_empty_space][\/vc_column][vc_column width=\u00bb3\/4&#8243;][\/vc_column][\/vc_row][vc_row][vc_column width=\u00bb1\/4&#8243;][vc_separator color=\u00bbcustom\u00bb accent_color=\u00bb#8e8e8e\u00bb][vc_empty_space][vc_custom_heading source=\u00bbpost_title\u00bb font_container=\u00bbtag:h2|text_align:left|color:%23020202&#8243; google_fonts=\u00bbfont_family:Playfair%20Display%3Aregular%2Citalic%2C700%2C700italic%2C900%2C900italic|font_style:400%20italic%3A400%3Aitalic\u00bb][\/vc_column][vc_column width=\u00bb3\/4&#8243;][vc_separator color=\u00bbcustom\u00bb accent_color=\u00bb#8e8e8e\u00bb][vc_empty_space][vc_media_grid element_width=\u00bb2&#8243; gap=\u00bb0&#8243; grid_id=\u00bbvc_gid:1763644087733-5d650ed7-1a84-4&#8243; include=\u00bb254,257,251,252,253,255&#8243;][vc_empty_space][vc_column_text]El archivo de Javier Muguerza, junto con la biblioteca, fue donado a la Biblioteca de la Universidad de La Laguna por \u00e9l y por Concepci\u00f3n L\u00f3pez Noguera en 2018. Recoge la documentaci\u00f3n que reuni\u00f3&#8230;<\/p>\n","protected":false},"author":14,"featured_media":0,"parent":0,"menu_order":0,"comment_status":"closed","ping_status":"closed","template":"templates\/template-no-title.php","meta":{"footnotes":""},"class_list":["post-43","page","type-page","status-publish","hentry"],"_links":{"self":[{"href":"https:\/\/www.ull.es\/eventos\/javier-muguerza-carpintier\/wp-json\/wp\/v2\/pages\/43"}],"collection":[{"href":"https:\/\/www.ull.es\/eventos\/javier-muguerza-carpintier\/wp-json\/wp\/v2\/pages"}],"about":[{"href":"https:\/\/www.ull.es\/eventos\/javier-muguerza-carpintier\/wp-json\/wp\/v2\/types\/page"}],"author":[{"embeddable":true,"href":"https:\/\/www.ull.es\/eventos\/javier-muguerza-carpintier\/wp-json\/wp\/v2\/users\/14"}],"replies":[{"embeddable":true,"href":"https:\/\/www.ull.es\/eventos\/javier-muguerza-carpintier\/wp-json\/wp\/v2\/comments?post=43"}],"version-history":[{"count":13,"href":"https:\/\/www.ull.es\/eventos\/javier-muguerza-carpintier\/wp-json\/wp\/v2\/pages\/43\/revisions"}],"predecessor-version":[{"id":327,"href":"https:\/\/www.ull.es\/eventos\/javier-muguerza-carpintier\/wp-json\/wp\/v2\/pages\/43\/revisions\/327"}],"wp:attachment":[{"href":"https:\/\/www.ull.es\/eventos\/javier-muguerza-carpintier\/wp-json\/wp\/v2\/media?parent=43"}],"curies":[{"name":"wp","href":"https:\/\/api.w.org\/{rel}","templated":true}]}}