{"id":689,"date":"2026-04-24T13:26:27","date_gmt":"2026-04-24T11:26:27","guid":{"rendered":"https:\/\/www.ull.es\/eventos\/jesus-sanchez-navarro\/?page_id=689"},"modified":"2026-04-24T14:50:19","modified_gmt":"2026-04-24T12:50:19","slug":"biblioteca","status":"publish","type":"page","link":"https:\/\/www.ull.es\/eventos\/jesus-sanchez-navarro\/biblioteca\/","title":{"rendered":"Biblioteca"},"content":{"rendered":"<p>[vc_row][vc_column width=\u00bb1\/4&#8243;][vc_empty_space][vc_custom_heading source=\u00bbpost_title\u00bb font_container=\u00bbtag:h1|font_size:3em|text_align:left|color:%23020202|line_height:100%25&#8243; google_fonts=\u00bbfont_family:Playfair%20Display%3Aregular%2Citalic%2C700%2C700italic%2C900%2C900italic|font_style:700%20bold%20italic%3A700%3Aitalic\u00bb link=\u00bburl:https%3A%2F%2Fwww.ull.es%2Feventos%2Fjavier-muguerza-carpintier%2Fpresentacion%2F\u00bb][vc_empty_space][\/vc_column][vc_column width=\u00bb3\/4&#8243;][\/vc_column][\/vc_row][vc_row][vc_column width=\u00bb1\/4&#8243;][vc_separator color=\u00bbcustom\u00bb accent_color=\u00bb#8e8e8e\u00bb][vc_empty_space][vc_custom_heading source=\u00bbpost_title\u00bb font_container=\u00bbtag:h2|text_align:left|color:%23020202&#8243; google_fonts=\u00bbfont_family:Playfair%20Display%3Aregular%2Citalic%2C700%2C700italic%2C900%2C900italic|font_style:400%20italic%3A400%3Aitalic\u00bb][\/vc_column][vc_column width=\u00bb3\/4&#8243;][vc_separator color=\u00bbcustom\u00bb accent_color=\u00bb#8e8e8e\u00bb][vc_empty_space][vc_column_text]<span style=\"font-weight: 400;\">La biblioteca est\u00e1 compuesta por unas 5.800 obras, as\u00ed como por revistas cient\u00edficas, folletos, separatas y tesis, adem\u00e1s de su obra de creaci\u00f3n y sus documentos de trabajo. Fue donada a la Universidad de La Laguna a trav\u00e9s de Mar\u00eda Asunci\u00f3n As\u00edn el<\/span><a href=\"https:\/\/www.ull.es\/portal\/noticias\/2021\/biblioteca-fondos-jesus-sanchez-navarro-colectivo-harimaguada\/\" target=\"_blank\" rel=\"noopener\"><span style=\"font-weight: 400;\"> 23 de abril de 2021<\/span><\/a><span style=\"font-weight: 400;\">, cumpli\u00e9ndo as\u00ed uno de sus mayores deseos: que la colecci\u00f3n bibliogr\u00e1fica formara parte del patrimonio de la Universidad de La Laguna.\u00a0<\/span><\/p>\n<p><span style=\"font-weight: 400;\">En su conjunto posee una gran calidad bibliogr\u00e1fica y cient\u00edfica, lo que facilitar\u00e1 a estudiosos e investigadores el acceso a numerosas y valiosas fuentes originales en Historia de la Ciencia y Filosof\u00eda de la Ciencia. El profesor Jes\u00fas S\u00e1nchez adquiri\u00f3 muchas de esas obras valiosas en librer\u00edas especializadas y en anticuarios.<\/span>[\/vc_column_text][vc_empty_space][vc_btn title=\u00bbAcceso a la biblioteca de Jes\u00fas S\u00e1nchez Navarro\u00bb style=\u00bbflat\u00bb link=\u00bburl:https%3A%2F%2Fabsysnet.bbtk.ull.es%2Fcgi-bin%2Fabnetopac%3FTITN%3D679813|target:_blank\u00bb][vc_empty_space][vc_media_grid grid_id=\u00bbvc_gid:1777035010135-de58b9ed-21e6-8&#8243; include=\u00bb700,699&#8243;][vc_empty_space][vc_separator color=\u00bbcustom\u00bb accent_color=\u00bb#8e8e8e\u00bb][\/vc_column][\/vc_row][vc_row][vc_column][\/vc_column][\/vc_row]<\/p>\n","protected":false},"excerpt":{"rendered":"<p>[vc_row][vc_column width=\u00bb1\/4&#8243;][vc_empty_space][vc_custom_heading source=\u00bbpost_title\u00bb font_container=\u00bbtag:h1|font_size:3em|text_align:left|color:%23020202|line_height:100%25&#8243; google_fonts=\u00bbfont_family:Playfair%20Display%3Aregular%2Citalic%2C700%2C700italic%2C900%2C900italic|font_style:700%20bold%20italic%3A700%3Aitalic\u00bb link=\u00bburl:https%3A%2F%2Fwww.ull.es%2Feventos%2Fjavier-muguerza-carpintier%2Fpresentacion%2F\u00bb][vc_empty_space][\/vc_column][vc_column width=\u00bb3\/4&#8243;][\/vc_column][\/vc_row][vc_row][vc_column width=\u00bb1\/4&#8243;][vc_separator color=\u00bbcustom\u00bb accent_color=\u00bb#8e8e8e\u00bb][vc_empty_space][vc_custom_heading source=\u00bbpost_title\u00bb font_container=\u00bbtag:h2|text_align:left|color:%23020202&#8243; google_fonts=\u00bbfont_family:Playfair%20Display%3Aregular%2Citalic%2C700%2C700italic%2C900%2C900italic|font_style:400%20italic%3A400%3Aitalic\u00bb][\/vc_column][vc_column width=\u00bb3\/4&#8243;][vc_separator color=\u00bbcustom\u00bb accent_color=\u00bb#8e8e8e\u00bb][vc_empty_space][vc_column_text]La biblioteca est\u00e1 compuesta por unas 5.800 obras, as\u00ed como por revistas cient\u00edficas, folletos, separatas y tesis, adem\u00e1s de su obra de creaci\u00f3n y sus documentos de trabajo. Fue donada a la Universidad de La Laguna a trav\u00e9s de Mar\u00eda&#8230;<\/p>\n","protected":false},"author":14,"featured_media":0,"parent":0,"menu_order":0,"comment_status":"closed","ping_status":"closed","template":"templates\/template-no-title.php","meta":{"footnotes":""},"class_list":["post-689","page","type-page","status-publish","hentry"],"_links":{"self":[{"href":"https:\/\/www.ull.es\/eventos\/jesus-sanchez-navarro\/wp-json\/wp\/v2\/pages\/689"}],"collection":[{"href":"https:\/\/www.ull.es\/eventos\/jesus-sanchez-navarro\/wp-json\/wp\/v2\/pages"}],"about":[{"href":"https:\/\/www.ull.es\/eventos\/jesus-sanchez-navarro\/wp-json\/wp\/v2\/types\/page"}],"author":[{"embeddable":true,"href":"https:\/\/www.ull.es\/eventos\/jesus-sanchez-navarro\/wp-json\/wp\/v2\/users\/14"}],"replies":[{"embeddable":true,"href":"https:\/\/www.ull.es\/eventos\/jesus-sanchez-navarro\/wp-json\/wp\/v2\/comments?post=689"}],"version-history":[{"count":8,"href":"https:\/\/www.ull.es\/eventos\/jesus-sanchez-navarro\/wp-json\/wp\/v2\/pages\/689\/revisions"}],"predecessor-version":[{"id":732,"href":"https:\/\/www.ull.es\/eventos\/jesus-sanchez-navarro\/wp-json\/wp\/v2\/pages\/689\/revisions\/732"}],"wp:attachment":[{"href":"https:\/\/www.ull.es\/eventos\/jesus-sanchez-navarro\/wp-json\/wp\/v2\/media?parent=689"}],"curies":[{"name":"wp","href":"https:\/\/api.w.org\/{rel}","templated":true}]}}