{"id":124,"date":"2021-04-16T08:28:00","date_gmt":"2021-04-16T08:28:00","guid":{"rendered":"https:\/\/www.ull.es\/eventos\/jose-agustin-alvarez-rixo\/?page_id=124"},"modified":"2021-04-21T12:00:11","modified_gmt":"2021-04-21T12:00:11","slug":"ediciones-de-sus-obras","status":"publish","type":"page","link":"https:\/\/www.ull.es\/eventos\/jose-agustin-alvarez-rixo\/ediciones-de-sus-obras\/","title":{"rendered":"Ediciones de sus obras"},"content":{"rendered":"<p>[vc_row equal_height=\u00bbyes\u00bb content_placement=\u00bbbottom\u00bb css=\u00bb.vc_custom_1618822444780{background-position: center !important;background-repeat: no-repeat !important;background-size: cover !important;}\u00bb][vc_column width=\u00bb1\/4&#8243;][vc_empty_space][vc_custom_heading text=\u00bbJos\u00e9 Agust\u00edn \u00c1lvarez Rixo\u00bb font_container=\u00bbtag:h1|font_size:3em|text_align:left|color:%23020202|line_height:100%25&#8243; google_fonts=\u00bbfont_family:Playfair%20Display%3Aregular%2Citalic%2C700%2C700italic%2C900%2C900italic|font_style:700%20bold%20italic%3A700%3Aitalic\u00bb link=\u00bburl:https%3A%2F%2Fwww.ull.es%2Feventos%2Fjose-agustin-alvarez-rixo%2F\u00bb][\/vc_column][vc_column width=\u00bb3\/4&#8243;][\/vc_column][\/vc_row][vc_row][vc_column width=\u00bb1\/4&#8243;][vc_separator color=\u00bbcustom\u00bb accent_color=\u00bb#8e8e8e\u00bb][vc_custom_heading text=\u00bbBibliograf\u00eda:\u00bb font_container=\u00bbtag:h2|text_align:left|color:%23020202&#8243; google_fonts=\u00bbfont_family:Playfair%20Display%3Aregular%2Citalic%2C700%2C700italic%2C900%2C900italic|font_style:400%20italic%3A400%3Aitalic\u00bb css=\u00bb.vc_custom_1618562590211{border-bottom-width: 1px !important;border-bottom-style: solid !important;}\u00bb][vc_custom_heading source=\u00bbpost_title\u00bb font_container=\u00bbtag:h4|text_align:left|color:%23020202&#8243; google_fonts=\u00bbfont_family:Playfair%20Display%3Aregular%2Citalic%2C700%2C700italic%2C900%2C900italic|font_style:400%20italic%3A400%3Aitalic\u00bb][\/vc_column][vc_column width=\u00bb3\/4&#8243;][vc_separator color=\u00bbcustom\u00bb accent_color=\u00bb#8e8e8e\u00bb][vc_column_text]<a href=\"http:\/\/absysnetweb.bbtk.ull.es\/cgi-bin\/abnetopac?TITN=79610\" target=\"_blank\" rel=\"noopener\"><i>Anales del Puerto de la Cruz de la Orotava: 1701-1872<\/i><\/a><i>. <\/i>Introducci\u00f3n M\u00aa Teresa Nore\u00f1a Salto. Tenerife: Cabildo Insular; Puerto de la Cruz: Ayuntamiento, 1994.<\/p>\n<p>[Biograf\u00eda de Mar\u00eda Joaquina Viera y Clavijo] En Viera y Clavijo, Mar\u00eda Joaquina. <a href=\"http:\/\/absysnetweb.bbtk.ull.es\/cgi-bin\/abnetopac?TITN=255791\" target=\"_blank\" rel=\"noopener\"><i>Poes\u00eda<\/i><\/a>. Santa Cruz de Tenerife: Idea: Instituto Canario de la Mujer, 2003.<\/p>\n<p><a href=\"http:\/\/absysnetweb.bbtk.ull.es\/cgi-bin\/abnetopac?TITN=149336\" target=\"_blank\" rel=\"noopener\"><i>Cuadro hist\u00f3rico de estas Islas Canarias durante cuatro a\u00f1os, de 1808 a 1812<\/i>.<\/a> Pr\u00f3logo de S. Ben\u00edtez Padilla. Las Palmas de Gran Canaria: Gabinete Literario, 1955.<\/p>\n<p><a href=\"http:\/\/absysnetweb.bbtk.ull.es\/cgi-bin\/abnetopac?TITN=292045\" target=\"_blank\" rel=\"noopener\"><i>Cuentos de la Torre del \u00c1guila: recuerdo de las 48 horas de alojamiento en ella, en el mes de mayo de 1815, escrita por uno de los alojados<\/i>.<\/a> Lanzarote: Cabildo, Servicio de Publicaciones, 2003.<\/p>\n<p><a href=\"http:\/\/absysnetweb.bbtk.ull.es\/cgi-bin\/abnetopac?TITN=256892\" target=\"_blank\" rel=\"noopener\"><i>Historia de dos puertos canarios<\/i>.<\/a> Estudio, introducci\u00f3n y notas Manuel Torres Stinga. Arrecife: Ayuntamiento: Cabildo de Lanzarote, 2003.<\/p>\n<p><a href=\"http:\/\/absysnetweb.bbtk.ull.es\/cgi-bin\/abnetopac?TITN=77020\" target=\"_blank\" rel=\"noopener\"><i>Historia del Puerto de Arrecife en la Isla de Lanzarote, una de las Canarias<\/i>.<\/a> Pr\u00f3logo de Enrique Romeu Palazuelos. Santa Cruz de Tenerife: Cabildo Insular de Tenerife, Aula de Cultura, 1982.<\/p>\n<p><a href=\"http:\/\/absysnetweb.bbtk.ull.es\/cgi-bin\/abnetopac?TITN=103016\" target=\"_blank\" rel=\"noopener\"><i>Lenguaje de los antiguos isle\u00f1os.<\/i><\/a> Edici\u00f3n con estudio y notas por Carmen D\u00edaz Alay\u00f3n y Antonio Tejera Gaspar. Puerto de la Cruz: Ayuntamiento; La Laguna: Centro de la Cultura Popular Canaria, 1991.<\/p>\n<p><a href=\"http:\/\/absysnetweb.bbtk.ull.es\/cgi-bin\/abnetopac?TITN=415447\" target=\"_blank\" rel=\"noopener\"><i>M\u00e1scaras<\/i><\/a>. Edici\u00f3n e introducci\u00f3n de Jos\u00e9 Antonio Ramos Arteaga; edici\u00f3n del facs\u00edmile al cuidado de Ferm\u00edn Dom\u00ednguez Santana. La Laguna: Seminario de Estudios Teatrales de la Universidad de La Laguna, 2009.<\/p>\n<p><a href=\"http:\/\/absysnetweb.bbtk.ull.es\/cgi-bin\/abnetopac?TITN=392877\" target=\"_blank\" rel=\"noopener\"><i>Noticias biogr\u00e1ficas de algunos isle\u00f1os canarios<\/i><\/a>. Estudio cr\u00edtico Manuel Hern\u00e1ndez Gonz\u00e1lez. Santa Cruz de Tenerife: Idea, 2008.<\/p>\n<p><a href=\"http:\/\/absysnetweb.bbtk.ull.es\/cgi-bin\/abnetopac?TITN=78887\" target=\"_blank\" rel=\"noopener\"><i>Voces, frases y proverbios provinciales de nuestras Islas Canarias con sus derivaciones, significados y aplicaciones.<\/i><\/a> Edici\u00f3n con estudio introductorio, notas e \u00edndice por Carmen D\u00edaz Alay\u00f3n y Francisco Javier Castillo. La Laguna : Instituto de Estudios Canarios, 1992.[\/vc_column_text][vc_separator color=\u00bbcustom\u00bb accent_color=\u00bb#8e8e8e\u00bb][\/vc_column][\/vc_row]<\/p>\n","protected":false},"excerpt":{"rendered":"<p>[vc_row equal_height=\u00bbyes\u00bb content_placement=\u00bbbottom\u00bb css=\u00bb.vc_custom_1618822444780{background-position: center !important;background-repeat: no-repeat !important;background-size: cover !important;}\u00bb][vc_column width=\u00bb1\/4&#8243;][vc_empty_space][vc_custom_heading text=\u00bbJos\u00e9 Agust\u00edn \u00c1lvarez Rixo\u00bb font_container=\u00bbtag:h1|font_size:3em|text_align:left|color:%23020202|line_height:100%25&#8243; google_fonts=\u00bbfont_family:Playfair%20Display%3Aregular%2Citalic%2C700%2C700italic%2C900%2C900italic|font_style:700%20bold%20italic%3A700%3Aitalic\u00bb link=\u00bburl:https%3A%2F%2Fwww.ull.es%2Feventos%2Fjose-agustin-alvarez-rixo%2F\u00bb][\/vc_column][vc_column width=\u00bb3\/4&#8243;][\/vc_column][\/vc_row][vc_row][vc_column width=\u00bb1\/4&#8243;][vc_separator color=\u00bbcustom\u00bb accent_color=\u00bb#8e8e8e\u00bb][vc_custom_heading text=\u00bbBibliograf\u00eda:\u00bb font_container=\u00bbtag:h2|text_align:left|color:%23020202&#8243; google_fonts=\u00bbfont_family:Playfair%20Display%3Aregular%2Citalic%2C700%2C700italic%2C900%2C900italic|font_style:400%20italic%3A400%3Aitalic\u00bb css=\u00bb.vc_custom_1618562590211{border-bottom-width: 1px !important;border-bottom-style: solid !important;}\u00bb][vc_custom_heading source=\u00bbpost_title\u00bb font_container=\u00bbtag:h4|text_align:left|color:%23020202&#8243; google_fonts=\u00bbfont_family:Playfair%20Display%3Aregular%2Citalic%2C700%2C700italic%2C900%2C900italic|font_style:400%20italic%3A400%3Aitalic\u00bb][\/vc_column][vc_column width=\u00bb3\/4&#8243;][vc_separator color=\u00bbcustom\u00bb accent_color=\u00bb#8e8e8e\u00bb][vc_column_text]Anales del Puerto de la Cruz de la Orotava: 1701-1872. Introducci\u00f3n M\u00aa Teresa Nore\u00f1a Salto. Tenerife: Cabildo Insular; Puerto de&#8230;<\/p>\n","protected":false},"author":14,"featured_media":0,"parent":0,"menu_order":0,"comment_status":"closed","ping_status":"closed","template":"templates\/template-no-title.php","meta":{"footnotes":""},"class_list":["post-124","page","type-page","status-publish","hentry"],"_links":{"self":[{"href":"https:\/\/www.ull.es\/eventos\/jose-agustin-alvarez-rixo\/wp-json\/wp\/v2\/pages\/124"}],"collection":[{"href":"https:\/\/www.ull.es\/eventos\/jose-agustin-alvarez-rixo\/wp-json\/wp\/v2\/pages"}],"about":[{"href":"https:\/\/www.ull.es\/eventos\/jose-agustin-alvarez-rixo\/wp-json\/wp\/v2\/types\/page"}],"author":[{"embeddable":true,"href":"https:\/\/www.ull.es\/eventos\/jose-agustin-alvarez-rixo\/wp-json\/wp\/v2\/users\/14"}],"replies":[{"embeddable":true,"href":"https:\/\/www.ull.es\/eventos\/jose-agustin-alvarez-rixo\/wp-json\/wp\/v2\/comments?post=124"}],"version-history":[{"count":9,"href":"https:\/\/www.ull.es\/eventos\/jose-agustin-alvarez-rixo\/wp-json\/wp\/v2\/pages\/124\/revisions"}],"predecessor-version":[{"id":199,"href":"https:\/\/www.ull.es\/eventos\/jose-agustin-alvarez-rixo\/wp-json\/wp\/v2\/pages\/124\/revisions\/199"}],"wp:attachment":[{"href":"https:\/\/www.ull.es\/eventos\/jose-agustin-alvarez-rixo\/wp-json\/wp\/v2\/media?parent=124"}],"curies":[{"name":"wp","href":"https:\/\/api.w.org\/{rel}","templated":true}]}}